{"id":28355,"date":"2025-11-03T09:27:18","date_gmt":"2025-11-03T08:27:18","guid":{"rendered":"https:\/\/montreux-vieux.net\/?page_id=28355"},"modified":"2025-11-03T09:27:18","modified_gmt":"2025-11-03T08:27:18","slug":"un-club-de-judo","status":"publish","type":"page","link":"https:\/\/montreux-vieux.net\/?page_id=28355","title":{"rendered":"Un club de Judo"},"content":{"rendered":"\n<p>Un club de Judo<\/p>\n\n\n\n<p>Personne n\u2019en parle jamais, mais il y avait au village, dans les ann\u00e9es 1970, un club de judo qui \u00e9voluait \u00e0 la salle des f\u00eates ou il avait install\u00e9, tapis et autres.<\/p>\n\n\n\n<p>De nombreuses personnes suivaient les entra\u00eenements qui avaient &nbsp;lieu chaque semaine, en soir\u00e9e.<\/p>\n\n\n\n<p>En octobre 1977, le conseil municipal avait d\u00e9cid\u00e9, compte tenu du d\u00e9ficit de la salle, que le club pourra l\u2019utiliser pour ses s\u00e9ances mais avec une participation aux frais. L\u2019assembl\u00e9e municipale avait \u00e9galement d\u00e9cid\u00e9e lors de cette s\u00e9ance, que le apis devra \u00eatre enlev\u00e9 apr\u00e8s chaque s\u00e9ance afin que la municipalit\u00e9 puisse en disposer \u00e0 tout moment.<\/p>\n","protected":false},"excerpt":{"rendered":"<p>Un club de Judo Personne n\u2019en parle jamais, mais il y avait au village, dans les ann\u00e9es 1970, un club de judo qui \u00e9voluait \u00e0 la salle des f\u00eates ou il avait install\u00e9, tapis et autres. De nombreuses personnes suivaient &hellip; <a href=\"https:\/\/montreux-vieux.net\/?page_id=28355\">Continuer la lecture <span class=\"meta-nav\">&rarr;<\/span><\/a><\/p>\n","protected":false},"author":1,"featured_media":0,"parent":12804,"menu_order":0,"comment_status":"open","ping_status":"closed","template":"","meta":{"footnotes":""},"class_list":["post-28355","page","type-page","status-publish","hentry"],"_links":{"self":[{"href":"https:\/\/montreux-vieux.net\/index.php?rest_route=\/wp\/v2\/pages\/28355","targetHints":{"allow":["GET"]}}],"collection":[{"href":"https:\/\/montreux-vieux.net\/index.php?rest_route=\/wp\/v2\/pages"}],"about":[{"href":"https:\/\/montreux-vieux.net\/index.php?rest_route=\/wp\/v2\/types\/page"}],"author":[{"embeddable":true,"href":"https:\/\/montreux-vieux.net\/index.php?rest_route=\/wp\/v2\/users\/1"}],"replies":[{"embeddable":true,"href":"https:\/\/montreux-vieux.net\/index.php?rest_route=%2Fwp%2Fv2%2Fcomments&post=28355"}],"version-history":[{"count":1,"href":"https:\/\/montreux-vieux.net\/index.php?rest_route=\/wp\/v2\/pages\/28355\/revisions"}],"predecessor-version":[{"id":28356,"href":"https:\/\/montreux-vieux.net\/index.php?rest_route=\/wp\/v2\/pages\/28355\/revisions\/28356"}],"up":[{"embeddable":true,"href":"https:\/\/montreux-vieux.net\/index.php?rest_route=\/wp\/v2\/pages\/12804"}],"wp:attachment":[{"href":"https:\/\/montreux-vieux.net\/index.php?rest_route=%2Fwp%2Fv2%2Fmedia&parent=28355"}],"curies":[{"name":"wp","href":"https:\/\/api.w.org\/{rel}","templated":true}]}}