{"id":28363,"date":"2025-11-05T13:33:03","date_gmt":"2025-11-05T12:33:03","guid":{"rendered":"https:\/\/montreux-vieux.net\/?page_id=28363"},"modified":"2025-11-05T14:18:21","modified_gmt":"2025-11-05T13:18:21","slug":"le-ramassage-des-ordures-menageres-autrefois","status":"publish","type":"page","link":"https:\/\/montreux-vieux.net\/?page_id=28363","title":{"rendered":"Le ramassage des ordures m\u00e9nag\u00e8res autrefois."},"content":{"rendered":"\n<p>Le ramassage des ordures m\u00e9nag\u00e8res autrefois.<\/p>\n\n\n<div class=\"wp-block-image\">\n<figure class=\"aligncenter size-full\"><img loading=\"lazy\" decoding=\"async\" width=\"670\" height=\"960\" src=\"https:\/\/montreux-vieux.net\/montreux-vieux.net\/wp-content\/uploads\/2025\/11\/92000301_2726625567435014_8506315427037577216_n-1.jpg\" alt=\"\" class=\"wp-image-28364\" srcset=\"https:\/\/montreux-vieux.net\/montreux-vieux.net\/wp-content\/uploads\/2025\/11\/92000301_2726625567435014_8506315427037577216_n-1.jpg 670w, https:\/\/montreux-vieux.net\/montreux-vieux.net\/wp-content\/uploads\/2025\/11\/92000301_2726625567435014_8506315427037577216_n-1-209x300.jpg 209w\" sizes=\"auto, (max-width: 670px) 100vw, 670px\" \/><\/figure>\n<\/div>\n\n\n<p>Jusqu\u2019au 31 d\u00e9cembre 1974,&nbsp; les administr\u00e9s se d\u00e9barrassaient de leurs ordures m\u00e9nag\u00e8res en allant &nbsp;les d\u00e9poser eux-m\u00eames dans un endroit appel\u00e9 \u00ab&nbsp;d\u00e9charge&nbsp;ou Coucrouri\u00bb pr\u00e8s du \u00abchemin creux&nbsp;\u00bb, &nbsp;apr\u00e8s le terrain de tennis.<\/p>\n\n\n\n<p>Tout y \u00e9tait m\u00e9lang\u00e9 y compris les d\u00e9chets industriels (coton qui br\u00fblait jours et nuits, d\u00e9chets de la boucherie, etc)<\/p>\n\n\n\n<p>A partir du 1<sup>er<\/sup> janvier 1975, il y a donc 50 ans, la commune a mis en place un service de ramassage g\u00e9r\u00e9 par Monsieur Roger Lalev\u00e9e qui utilisait son tracteur personnel ainsi que ses remorques, la commune ne disposait d\u2019aucun v\u00e9hicule \u00e0 l\u2019\u00e9poque.<\/p>\n\n\n\n<p>En 1979, le ramassage co\u00fbtait 20 francs par an et par personne.<\/p>\n\n\n\n<p>En juillet 1980 un contrat de ramassage provisoire a \u00e9t\u00e9 sign\u00e9 avec la Soci\u00e9t\u00e9 Ordures Services de Kingersheim. Le tarif \u00e9tait alors de 43 F HT par an et par personne.<\/p>\n\n\n\n<p>Pour les services commerciaux et industriels un prix de 500F a \u00e9t\u00e9 fix\u00e9 par \u00e9tablissement en avril 1980.<\/p>\n\n\n\n<p>En 1981 un contrat a \u00e9t\u00e9 sign\u00e9 avec le Syndicat intercommunal de Ramassage des Ordures M\u00e9nag\u00e8res de la R\u00e9gion de Dannemarie qui lui-m\u00eame avait sign\u00e9 un contrat avec la Soci\u00e9t\u00e9 Vidor de Kingersheim. Le tarif annuel \u00e9tait alors fix\u00e9 \u00e0 55 F par personne et par an. Pour b\u00e9n\u00e9ficier de ce tarif la commune a d\u00fb adh\u00e9rer au Syndicat.<\/p>\n\n\n\n<p>En 1984 le prix est pass\u00e9 de 55 F \u00e0 72, 50F par personne et par an.<\/p>\n\n\n\n<p>Il a ensuite \u00e9t\u00e9 cr\u00e9\u00e9 le Syndicat Intercommunal \u00e0 Vocations Multiples qui a h\u00e9rit\u00e9 de la comp\u00e9tence du ramassage des ordures. Vient ensuite la Communaut\u00e9 de Communes qui l\u2019a englob\u00e9.<\/p>\n\n\n\n<p>Durant quelques temps il y avait \u00e9galement les agriculteurs du village qui participaient au ramassage chacun leur tour.<\/p>\n","protected":false},"excerpt":{"rendered":"<p>Le ramassage des ordures m\u00e9nag\u00e8res autrefois. Jusqu\u2019au 31 d\u00e9cembre 1974,&nbsp; les administr\u00e9s se d\u00e9barrassaient de leurs ordures m\u00e9nag\u00e8res en allant &nbsp;les d\u00e9poser eux-m\u00eames dans un endroit appel\u00e9 \u00ab&nbsp;d\u00e9charge&nbsp;ou Coucrouri\u00bb pr\u00e8s du \u00abchemin creux&nbsp;\u00bb, &nbsp;apr\u00e8s le terrain de tennis. Tout y &hellip; <a href=\"https:\/\/montreux-vieux.net\/?page_id=28363\">Continuer la lecture <span class=\"meta-nav\">&rarr;<\/span><\/a><\/p>\n","protected":false},"author":1,"featured_media":0,"parent":12824,"menu_order":0,"comment_status":"open","ping_status":"closed","template":"","meta":{"footnotes":""},"class_list":["post-28363","page","type-page","status-publish","hentry"],"_links":{"self":[{"href":"https:\/\/montreux-vieux.net\/index.php?rest_route=\/wp\/v2\/pages\/28363","targetHints":{"allow":["GET"]}}],"collection":[{"href":"https:\/\/montreux-vieux.net\/index.php?rest_route=\/wp\/v2\/pages"}],"about":[{"href":"https:\/\/montreux-vieux.net\/index.php?rest_route=\/wp\/v2\/types\/page"}],"author":[{"embeddable":true,"href":"https:\/\/montreux-vieux.net\/index.php?rest_route=\/wp\/v2\/users\/1"}],"replies":[{"embeddable":true,"href":"https:\/\/montreux-vieux.net\/index.php?rest_route=%2Fwp%2Fv2%2Fcomments&post=28363"}],"version-history":[{"count":3,"href":"https:\/\/montreux-vieux.net\/index.php?rest_route=\/wp\/v2\/pages\/28363\/revisions"}],"predecessor-version":[{"id":28367,"href":"https:\/\/montreux-vieux.net\/index.php?rest_route=\/wp\/v2\/pages\/28363\/revisions\/28367"}],"up":[{"embeddable":true,"href":"https:\/\/montreux-vieux.net\/index.php?rest_route=\/wp\/v2\/pages\/12824"}],"wp:attachment":[{"href":"https:\/\/montreux-vieux.net\/index.php?rest_route=%2Fwp%2Fv2%2Fmedia&parent=28363"}],"curies":[{"name":"wp","href":"https:\/\/api.w.org\/{rel}","templated":true}]}}