{"id":28398,"date":"2025-11-18T15:31:52","date_gmt":"2025-11-18T14:31:52","guid":{"rendered":"https:\/\/montreux-vieux.net\/?page_id=28398"},"modified":"2025-11-18T15:51:00","modified_gmt":"2025-11-18T14:51:00","slug":"il-y-a-80-ans-difficile-de-se-loger-comme-pour-m-albino-bonato-a-la-recherche-dune-maison-au-village","status":"publish","type":"page","link":"https:\/\/montreux-vieux.net\/?page_id=28398","title":{"rendered":"Il y a 80 ans, difficile de se loger comme pour M. Albino Bonato \u00e0 la recherche d\u2019une maison au village."},"content":{"rendered":"\n<p>Expuls\u00e9 comme plus de 20&nbsp;000 alsaciens le 12 d\u00e9cembre 1940, avec ses cinq enfants et sa femme, M. Bonato Albino a comme beaucoup de personne trouv\u00e9 un village d\u2019accueil dans le Gers nomm\u00e9 Tillac. &nbsp;&nbsp;A cette \u00e9poque la majorit\u00e9 des alsaciens se sont r\u00e9fugi\u00e9s dans les communes des d\u00e9partements des Landes et du Gers.<\/p>\n\n\n\n<p>A la fin des hostilit\u00e9s, il voulait revenir mais face \u00e0 la crise du logement il a du effectuer de nombreuses recherches. A la suite d\u2019un courrier qu\u2019il a adress\u00e9 \u00e0 un notaire de Dannemarie, le 26 septembre 1945 il a obtenu satisfaction et d\u00e9velopp\u00e9 l\u2019importante entreprise qu\u2019il avait fond\u00e9e.<\/p>\n","protected":false},"excerpt":{"rendered":"<p>Expuls\u00e9 comme plus de 20&nbsp;000 alsaciens le 12 d\u00e9cembre 1940, avec ses cinq enfants et sa femme, M. Bonato Albino a comme beaucoup de personne trouv\u00e9 un village d\u2019accueil dans le Gers nomm\u00e9 Tillac. &nbsp;&nbsp;A cette \u00e9poque la majorit\u00e9 des &hellip; <a href=\"https:\/\/montreux-vieux.net\/?page_id=28398\">Continuer la lecture <span class=\"meta-nav\">&rarr;<\/span><\/a><\/p>\n","protected":false},"author":1,"featured_media":0,"parent":1502,"menu_order":0,"comment_status":"open","ping_status":"closed","template":"","meta":{"footnotes":""},"class_list":["post-28398","page","type-page","status-publish","hentry"],"_links":{"self":[{"href":"https:\/\/montreux-vieux.net\/index.php?rest_route=\/wp\/v2\/pages\/28398","targetHints":{"allow":["GET"]}}],"collection":[{"href":"https:\/\/montreux-vieux.net\/index.php?rest_route=\/wp\/v2\/pages"}],"about":[{"href":"https:\/\/montreux-vieux.net\/index.php?rest_route=\/wp\/v2\/types\/page"}],"author":[{"embeddable":true,"href":"https:\/\/montreux-vieux.net\/index.php?rest_route=\/wp\/v2\/users\/1"}],"replies":[{"embeddable":true,"href":"https:\/\/montreux-vieux.net\/index.php?rest_route=%2Fwp%2Fv2%2Fcomments&post=28398"}],"version-history":[{"count":1,"href":"https:\/\/montreux-vieux.net\/index.php?rest_route=\/wp\/v2\/pages\/28398\/revisions"}],"predecessor-version":[{"id":28400,"href":"https:\/\/montreux-vieux.net\/index.php?rest_route=\/wp\/v2\/pages\/28398\/revisions\/28400"}],"up":[{"embeddable":true,"href":"https:\/\/montreux-vieux.net\/index.php?rest_route=\/wp\/v2\/pages\/1502"}],"wp:attachment":[{"href":"https:\/\/montreux-vieux.net\/index.php?rest_route=%2Fwp%2Fv2%2Fmedia&parent=28398"}],"curies":[{"name":"wp","href":"https:\/\/api.w.org\/{rel}","templated":true}]}}