{"id":28412,"date":"2025-11-25T14:26:22","date_gmt":"2025-11-25T13:26:22","guid":{"rendered":"https:\/\/montreux-vieux.net\/?page_id=28412"},"modified":"2025-11-25T14:26:22","modified_gmt":"2025-11-25T13:26:22","slug":"leglise-actuelle","status":"publish","type":"page","link":"https:\/\/montreux-vieux.net\/?page_id=28412","title":{"rendered":"L\u2019Eglise actuelle"},"content":{"rendered":"\n<p><\/p>\n\n\n\n<p>Selon un article paru dans le journal l\u2019Alsace du 18 juin 1999, (sources Joseph Quiquerez, ancien notaire), l\u2019\u00e9glise actuelle serait la cinqui\u00e8me \u00e9rig\u00e9e dans le village.<\/p>\n\n\n\n<p>D\u2019apr\u00e8s Me Quiquerez, un hameau se serait form\u00e9 vers 500 ou 600 du c\u00f4t\u00e9 de Cuneli\u00e8res, sous l\u2019impulsion d\u2019un moine Irlandais, avec un petit \u00e9dicule, genre chapelle.<\/p>\n\n\n\n<p>Apr\u00e8s avoir \u00e9t\u00e9 d\u00e9vast\u00e9 par le passage des Armagnacs en 1840, le village s\u2019est reconstruit plus \u00e0 l\u2019Est, avec une minuscule \u00e9glise.<\/p>\n\n\n\n<h4 class=\"wp-block-heading\">Il \u00e9voque une \u00e9glise de 1680, remplac\u00e9e par celle construite \u00e0 partir de 1782 entre la maison de Monsieur Th\u00e9ophile Huggenberger (actuellement Guy Lambert), qui n\u2019est que l\u2019ancien presbyt\u00e8re &nbsp;et le cimeti\u00e8re, rue de Belfort. Pour sa construction il a fallut une autorisation sp\u00e9ciale \u00e0 un abattage d\u2019arbres dans les for\u00eats environnantes pour le paiement de l\u2019\u00e9difice.<\/h4>\n\n\n\n<p>Cette \u00e9glise avait 45 pieds de long, 28 de large et 18 de haut. Au pourtour du plafond il y avait une imp\u00e9riale gypse, de 15 pouces de haut et 2 pieds de large. L\u2019adjudication des travaux eut lieu le 30 Juillet 1781 et \u00e0 l\u2019extinction des feux. Ce fut M. Georges Vickert, entrepreneur de Retzwiller, qui avait la mise pour 3.915 livres.<\/p>\n\n\n\n<p>Les mat\u00e9riaux de construction (pierre etc..) provenaient de P\u00e9rouse et Saint Germain (90) et les dalles d\u2019Offemont. (90). La construction fut achev\u00e9e en 1787, et l\u2019\u00e9glise b\u00e9nie, le 20 mai 1787, avec la permission de l\u2019archev\u00eaque de Besan\u00e7on, par Pierre Noblat, cur\u00e9 de Lucelle, desservant la paroisse. Dans le m\u00eame temps a eu lieu le bapt\u00eame des cloches.&nbsp; Les parrains et marraines de la grosse cloche \u00e9taient Louis Cuenin et Agathe P\u00e9tri de Delle Pour la petite cloche J.P. Patat&nbsp; et Anne Pr\u00e9vost. Les 4 cloches \u00e9taient \u00e2g\u00e9es de 300 ans. L\u2019\u00e9glise fut d\u00e9molie&nbsp;le 21 juin&nbsp; 1899. Elle n\u2019avait que 112 ans.<\/p>\n\n\n\n<p>Un projet de construction d\u2019une nouvelle \u00e9glise a vu le jour quelques ann\u00e9es avant sa d\u00e9molition, sous l\u2019impulsion du Cur\u00e9 Triponney. C\u2019est ainsi que lors de&nbsp; sa s\u00e9ance du conseil municipal du 25 mars 1897, alors pr\u00e9sid\u00e9 par le maire Laible, l\u2019assembl\u00e9e a approuv\u00e9 l\u2019achat du terrain de construction de la nouvelle \u00e9glise situ\u00e9 \u00e0 l\u2019emplacement de la propri\u00e9t\u00e9 &nbsp;de l\u2019ancien cordonnier du village,&nbsp; C\u00e9lestin Eichinger, &nbsp;pr\u00e8s de la bascule (pont-bascule). Le 25 mai 1897 \u00e0 13 heures une procession \u00e0 eu lieu de l\u2019ancienne \u00e9glise \u00e0 l\u2019emplacement de la nouvelle.<\/p>\n\n\n\n<p>La pose de la premi\u00e8re pierre de la construction de l\u2019\u00e9glise a \u00e9t\u00e9 effectu\u00e9e le 27 mai 1897<\/p>\n\n\n\n<p>Apr\u00e8s 1871, Montreux-Vieux est devenu Allemand. Les autorit\u00e9s du Kaiser &nbsp;ont voulu en faire une carte de visite ou une vitrine du Reich Imp\u00e9rial pour les visiteurs passant la fronti\u00e8re \u00e0 cet endroit. L\u2019Abb\u00e9 Triponney, alors cur\u00e9 depuis 1883 a exploit\u00e9 au maximum cette h\u00e9g\u00e9monie germanique en mettant \u00e0 de nombreuses reprises, l\u2019accord sur ce point sensible des autorit\u00e9s allemandes. C\u2019est ainsi que son \u00e9glise a pu \u00eatre associ\u00e9e \u00e0 l\u2019image que l\u2019Allemagne imp\u00e9riale voulait de Montreux-Vieux (Altmunsterol).<\/p>\n\n\n\n<p>&nbsp;Elle fut achev\u00e9e en 1899 et le montant de sa construction s\u2019est \u00e9lev\u00e9 \u00e0 la somme de 57&nbsp;215 marks. Celle-ci fut b\u00e9nie le 21 juin 1899. Sa construction a b\u00e9n\u00e9fici\u00e9 d\u2019un don personnel de 5.000 marks de l\u2019Empereur d\u2019Allemagne.<\/p>\n","protected":false},"excerpt":{"rendered":"<p>Selon un article paru dans le journal l\u2019Alsace du 18 juin 1999, (sources Joseph Quiquerez, ancien notaire), l\u2019\u00e9glise actuelle serait la cinqui\u00e8me \u00e9rig\u00e9e dans le village. D\u2019apr\u00e8s Me Quiquerez, un hameau se serait form\u00e9 vers 500 ou 600 du c\u00f4t\u00e9 &hellip; <a href=\"https:\/\/montreux-vieux.net\/?page_id=28412\">Continuer la lecture <span class=\"meta-nav\">&rarr;<\/span><\/a><\/p>\n","protected":false},"author":1,"featured_media":0,"parent":12667,"menu_order":0,"comment_status":"open","ping_status":"closed","template":"","meta":{"footnotes":""},"class_list":["post-28412","page","type-page","status-publish","hentry"],"_links":{"self":[{"href":"https:\/\/montreux-vieux.net\/index.php?rest_route=\/wp\/v2\/pages\/28412","targetHints":{"allow":["GET"]}}],"collection":[{"href":"https:\/\/montreux-vieux.net\/index.php?rest_route=\/wp\/v2\/pages"}],"about":[{"href":"https:\/\/montreux-vieux.net\/index.php?rest_route=\/wp\/v2\/types\/page"}],"author":[{"embeddable":true,"href":"https:\/\/montreux-vieux.net\/index.php?rest_route=\/wp\/v2\/users\/1"}],"replies":[{"embeddable":true,"href":"https:\/\/montreux-vieux.net\/index.php?rest_route=%2Fwp%2Fv2%2Fcomments&post=28412"}],"version-history":[{"count":1,"href":"https:\/\/montreux-vieux.net\/index.php?rest_route=\/wp\/v2\/pages\/28412\/revisions"}],"predecessor-version":[{"id":28413,"href":"https:\/\/montreux-vieux.net\/index.php?rest_route=\/wp\/v2\/pages\/28412\/revisions\/28413"}],"up":[{"embeddable":true,"href":"https:\/\/montreux-vieux.net\/index.php?rest_route=\/wp\/v2\/pages\/12667"}],"wp:attachment":[{"href":"https:\/\/montreux-vieux.net\/index.php?rest_route=%2Fwp%2Fv2%2Fmedia&parent=28412"}],"curies":[{"name":"wp","href":"https:\/\/api.w.org\/{rel}","templated":true}]}}