{"id":28671,"date":"2026-05-07T14:14:01","date_gmt":"2026-05-07T13:14:01","guid":{"rendered":"https:\/\/montreux-vieux.net\/?page_id=28671"},"modified":"2026-05-07T14:23:50","modified_gmt":"2026-05-07T13:23:50","slug":"les-70-ans-de-la-salle-des-fetes-de-montreux-vieux","status":"publish","type":"page","link":"https:\/\/montreux-vieux.net\/?page_id=28671","title":{"rendered":"Les 70 ans de la salle des f\u00eates de Montreux-Vieux."},"content":{"rendered":"\n<p>Il y a 70 ans, en 1955, le village de Montreux-Vieux se lan\u00e7ait dans un projet d&rsquo;envergure: la construction de la salle des f\u00eates communale. Sous l&rsquo;impulsion du maire, Monsieur Seiler Auguste, le Conseil Municipal approuvait les plans de l&rsquo;architecte L\u00e9on Schlegel, de Lutterbach. Ce b\u00e2timent multifonctionnel offrait non seulement une vaste salle, mais \u00e9galement des bains-douches et un logement \u00e0 l&rsquo;\u00e9tage.<\/p>\n\n\n\n<p>L&rsquo;entreprise Bonato de Montreux-Vieux, dirig\u00e9e par Monsieur Pellegrini Crefcentino, a r\u00e9alis\u00e9 les travaux. Une anecdote amusante : l&rsquo;architecte avait oubli\u00e9 de pr\u00e9voir l&rsquo;acc\u00e8s \u00e0 l&rsquo;\u00e9tage, ce qui a n\u00e9cessit\u00e9 de percer la dalle pour installer un escalier en colima\u00e7on !<\/p>\n\n\n\n<p>La salle des f\u00eates a \u00e9t\u00e9 inaugur\u00e9e en f\u00e9vrier 1958 et a accueilli de nombreuses projections cin\u00e9matographiques. Avant sa construction, les \u00e9v\u00e9nements se d\u00e9roulaient dans la salle situ\u00e9e derri\u00e8re l&rsquo;ancien caf\u00e9 Benhalima, autrefois la salle Munch puis Heinis.<\/p>\n\n\n<div class=\"wp-block-image\">\n<figure class=\"aligncenter size-full\"><img loading=\"lazy\" decoding=\"async\" width=\"412\" height=\"435\" src=\"https:\/\/montreux-vieux.net\/montreux-vieux.net\/wp-content\/uploads\/2026\/05\/652526741_34789205404060823_1793750993285714820_n_InPixio.jpg\" alt=\"\" class=\"wp-image-28674\" srcset=\"https:\/\/montreux-vieux.net\/montreux-vieux.net\/wp-content\/uploads\/2026\/05\/652526741_34789205404060823_1793750993285714820_n_InPixio.jpg 412w, https:\/\/montreux-vieux.net\/montreux-vieux.net\/wp-content\/uploads\/2026\/05\/652526741_34789205404060823_1793750993285714820_n_InPixio-284x300.jpg 284w\" sizes=\"auto, (max-width: 412px) 100vw, 412px\" \/><\/figure>\n<\/div>\n\n<div class=\"wp-block-image\">\n<figure class=\"aligncenter size-full\"><img loading=\"lazy\" decoding=\"async\" width=\"646\" height=\"560\" src=\"https:\/\/montreux-vieux.net\/montreux-vieux.net\/wp-content\/uploads\/2026\/05\/651759718_34789205634060800_4331800295149818761_n.jpg\" alt=\"\" class=\"wp-image-28676\" srcset=\"https:\/\/montreux-vieux.net\/montreux-vieux.net\/wp-content\/uploads\/2026\/05\/651759718_34789205634060800_4331800295149818761_n.jpg 646w, https:\/\/montreux-vieux.net\/montreux-vieux.net\/wp-content\/uploads\/2026\/05\/651759718_34789205634060800_4331800295149818761_n-300x260.jpg 300w\" sizes=\"auto, (max-width: 646px) 100vw, 646px\" \/><\/figure>\n<\/div>\n\n\n<figure class=\"wp-block-image size-full\"><img loading=\"lazy\" decoding=\"async\" width=\"654\" height=\"557\" src=\"https:\/\/montreux-vieux.net\/montreux-vieux.net\/wp-content\/uploads\/2026\/05\/652366591_34789205650727465_7874405720709192740_n.jpg\" alt=\"\" class=\"wp-image-28678\" srcset=\"https:\/\/montreux-vieux.net\/montreux-vieux.net\/wp-content\/uploads\/2026\/05\/652366591_34789205650727465_7874405720709192740_n.jpg 654w, https:\/\/montreux-vieux.net\/montreux-vieux.net\/wp-content\/uploads\/2026\/05\/652366591_34789205650727465_7874405720709192740_n-300x256.jpg 300w\" sizes=\"auto, (max-width: 654px) 100vw, 654px\" \/><\/figure>\n\n\n\n<figure class=\"wp-block-image size-full\"><img loading=\"lazy\" decoding=\"async\" width=\"843\" height=\"524\" src=\"https:\/\/montreux-vieux.net\/montreux-vieux.net\/wp-content\/uploads\/2026\/05\/83421381_3968399696568131_4264239996157820928_n.jpg\" alt=\"\" class=\"wp-image-28679\" srcset=\"https:\/\/montreux-vieux.net\/montreux-vieux.net\/wp-content\/uploads\/2026\/05\/83421381_3968399696568131_4264239996157820928_n.jpg 843w, https:\/\/montreux-vieux.net\/montreux-vieux.net\/wp-content\/uploads\/2026\/05\/83421381_3968399696568131_4264239996157820928_n-300x186.jpg 300w, https:\/\/montreux-vieux.net\/montreux-vieux.net\/wp-content\/uploads\/2026\/05\/83421381_3968399696568131_4264239996157820928_n-768x477.jpg 768w\" sizes=\"auto, (max-width: 843px) 100vw, 843px\" \/><\/figure>\n\n\n\n<figure class=\"wp-block-image size-large\"><img loading=\"lazy\" decoding=\"async\" width=\"1024\" height=\"647\" src=\"https:\/\/montreux-vieux.net\/montreux-vieux.net\/wp-content\/uploads\/2026\/05\/651221427_34797191743262189_2711261805921951398_n-1024x647.jpg\" alt=\"\" class=\"wp-image-28680\" srcset=\"https:\/\/montreux-vieux.net\/montreux-vieux.net\/wp-content\/uploads\/2026\/05\/651221427_34797191743262189_2711261805921951398_n-1024x647.jpg 1024w, https:\/\/montreux-vieux.net\/montreux-vieux.net\/wp-content\/uploads\/2026\/05\/651221427_34797191743262189_2711261805921951398_n-300x189.jpg 300w, https:\/\/montreux-vieux.net\/montreux-vieux.net\/wp-content\/uploads\/2026\/05\/651221427_34797191743262189_2711261805921951398_n-768x485.jpg 768w, https:\/\/montreux-vieux.net\/montreux-vieux.net\/wp-content\/uploads\/2026\/05\/651221427_34797191743262189_2711261805921951398_n-1536x970.jpg 1536w, https:\/\/montreux-vieux.net\/montreux-vieux.net\/wp-content\/uploads\/2026\/05\/651221427_34797191743262189_2711261805921951398_n.jpg 2008w\" sizes=\"auto, (max-width: 1024px) 100vw, 1024px\" \/><\/figure>\n\n\n\n<figure class=\"wp-block-image size-full\"><img loading=\"lazy\" decoding=\"async\" width=\"665\" height=\"431\" src=\"https:\/\/montreux-vieux.net\/montreux-vieux.net\/wp-content\/uploads\/2026\/05\/651750766_34789205500727480_2934442543389870486_n.jpg\" alt=\"\" class=\"wp-image-28681\" srcset=\"https:\/\/montreux-vieux.net\/montreux-vieux.net\/wp-content\/uploads\/2026\/05\/651750766_34789205500727480_2934442543389870486_n.jpg 665w, https:\/\/montreux-vieux.net\/montreux-vieux.net\/wp-content\/uploads\/2026\/05\/651750766_34789205500727480_2934442543389870486_n-300x194.jpg 300w\" sizes=\"auto, (max-width: 665px) 100vw, 665px\" \/><\/figure>\n\n\n\n<figure class=\"wp-block-image size-large\"><img loading=\"lazy\" decoding=\"async\" width=\"768\" height=\"1024\" src=\"https:\/\/montreux-vieux.net\/montreux-vieux.net\/wp-content\/uploads\/2026\/05\/652408891_34797191483262215_8685715323478469961_n-768x1024.jpg\" alt=\"\" class=\"wp-image-28682\" srcset=\"https:\/\/montreux-vieux.net\/montreux-vieux.net\/wp-content\/uploads\/2026\/05\/652408891_34797191483262215_8685715323478469961_n-768x1024.jpg 768w, https:\/\/montreux-vieux.net\/montreux-vieux.net\/wp-content\/uploads\/2026\/05\/652408891_34797191483262215_8685715323478469961_n-225x300.jpg 225w, https:\/\/montreux-vieux.net\/montreux-vieux.net\/wp-content\/uploads\/2026\/05\/652408891_34797191483262215_8685715323478469961_n-1152x1536.jpg 1152w, https:\/\/montreux-vieux.net\/montreux-vieux.net\/wp-content\/uploads\/2026\/05\/652408891_34797191483262215_8685715323478469961_n.jpg 1536w\" sizes=\"auto, (max-width: 768px) 100vw, 768px\" \/><\/figure>\n\n\n\n<figure class=\"wp-block-image size-large\"><img loading=\"lazy\" decoding=\"async\" width=\"1024\" height=\"675\" src=\"https:\/\/montreux-vieux.net\/montreux-vieux.net\/wp-content\/uploads\/2026\/05\/653456844_34797191836595513_1455196935598342674_n-1024x675.jpg\" alt=\"\" class=\"wp-image-28683\" srcset=\"https:\/\/montreux-vieux.net\/montreux-vieux.net\/wp-content\/uploads\/2026\/05\/653456844_34797191836595513_1455196935598342674_n-1024x675.jpg 1024w, https:\/\/montreux-vieux.net\/montreux-vieux.net\/wp-content\/uploads\/2026\/05\/653456844_34797191836595513_1455196935598342674_n-300x198.jpg 300w, https:\/\/montreux-vieux.net\/montreux-vieux.net\/wp-content\/uploads\/2026\/05\/653456844_34797191836595513_1455196935598342674_n-768x506.jpg 768w, https:\/\/montreux-vieux.net\/montreux-vieux.net\/wp-content\/uploads\/2026\/05\/653456844_34797191836595513_1455196935598342674_n-1536x1012.jpg 1536w, https:\/\/montreux-vieux.net\/montreux-vieux.net\/wp-content\/uploads\/2026\/05\/653456844_34797191836595513_1455196935598342674_n.jpg 2035w\" sizes=\"auto, (max-width: 1024px) 100vw, 1024px\" \/><\/figure>\n\n\n\n<figure class=\"wp-block-image size-full\"><img loading=\"lazy\" decoding=\"async\" width=\"843\" height=\"516\" src=\"https:\/\/montreux-vieux.net\/montreux-vieux.net\/wp-content\/uploads\/2026\/05\/87272896_4050474715027295_4160299206319276032_n.jpg\" alt=\"\" class=\"wp-image-28684\" srcset=\"https:\/\/montreux-vieux.net\/montreux-vieux.net\/wp-content\/uploads\/2026\/05\/87272896_4050474715027295_4160299206319276032_n.jpg 843w, https:\/\/montreux-vieux.net\/montreux-vieux.net\/wp-content\/uploads\/2026\/05\/87272896_4050474715027295_4160299206319276032_n-300x184.jpg 300w, https:\/\/montreux-vieux.net\/montreux-vieux.net\/wp-content\/uploads\/2026\/05\/87272896_4050474715027295_4160299206319276032_n-768x470.jpg 768w\" sizes=\"auto, (max-width: 843px) 100vw, 843px\" \/><\/figure>\n","protected":false},"excerpt":{"rendered":"<p>Il y a 70 ans, en 1955, le village de Montreux-Vieux se lan\u00e7ait dans un projet d&rsquo;envergure: la construction de la salle des f\u00eates communale. Sous l&rsquo;impulsion du maire, Monsieur Seiler Auguste, le Conseil Municipal approuvait les plans de l&rsquo;architecte &hellip; <a href=\"https:\/\/montreux-vieux.net\/?page_id=28671\">Continuer la lecture <span class=\"meta-nav\">&rarr;<\/span><\/a><\/p>\n","protected":false},"author":1,"featured_media":0,"parent":13036,"menu_order":0,"comment_status":"open","ping_status":"closed","template":"","meta":{"footnotes":""},"class_list":["post-28671","page","type-page","status-publish","hentry"],"_links":{"self":[{"href":"https:\/\/montreux-vieux.net\/index.php?rest_route=\/wp\/v2\/pages\/28671","targetHints":{"allow":["GET"]}}],"collection":[{"href":"https:\/\/montreux-vieux.net\/index.php?rest_route=\/wp\/v2\/pages"}],"about":[{"href":"https:\/\/montreux-vieux.net\/index.php?rest_route=\/wp\/v2\/types\/page"}],"author":[{"embeddable":true,"href":"https:\/\/montreux-vieux.net\/index.php?rest_route=\/wp\/v2\/users\/1"}],"replies":[{"embeddable":true,"href":"https:\/\/montreux-vieux.net\/index.php?rest_route=%2Fwp%2Fv2%2Fcomments&post=28671"}],"version-history":[{"count":5,"href":"https:\/\/montreux-vieux.net\/index.php?rest_route=\/wp\/v2\/pages\/28671\/revisions"}],"predecessor-version":[{"id":28686,"href":"https:\/\/montreux-vieux.net\/index.php?rest_route=\/wp\/v2\/pages\/28671\/revisions\/28686"}],"up":[{"embeddable":true,"href":"https:\/\/montreux-vieux.net\/index.php?rest_route=\/wp\/v2\/pages\/13036"}],"wp:attachment":[{"href":"https:\/\/montreux-vieux.net\/index.php?rest_route=%2Fwp%2Fv2%2Fmedia&parent=28671"}],"curies":[{"name":"wp","href":"https:\/\/api.w.org\/{rel}","templated":true}]}}