{"id":28687,"date":"2026-05-08T14:31:34","date_gmt":"2026-05-08T13:31:34","guid":{"rendered":"https:\/\/montreux-vieux.net\/?page_id=28687"},"modified":"2026-05-08T14:38:26","modified_gmt":"2026-05-08T13:38:26","slug":"lancienne-salle-des-fetes-de-montreux-vieux","status":"publish","type":"page","link":"https:\/\/montreux-vieux.net\/?page_id=28687","title":{"rendered":"L\u2019Ancienne salle des f\u00eates de Montreux-Vieux"},"content":{"rendered":"\n<p>L&rsquo;ancienne salle des f\u00eates de Montreux-Vieux, construite avant 1900, se trouvait \u00e0 l&rsquo;arri\u00e8re du b\u00e2timent de Monsieur. Benhalima, anciennement Munch, Heinis, etc.<\/p>\n\n\n\n<p>&nbsp;Avant l&rsquo;inauguration de la salle actuelle en 1958, cet endroit accueillait de nombreux \u00e9v\u00e9nements, notamment la f\u00eate de No\u00ebl des enfants des \u00e9coles, o\u00f9 le maire distribuait des friandises et des livres apr\u00e8s la prestation des \u00e9coliers.<\/p>\n\n\n\n<p>C&rsquo;\u00e9tait \u00e9galement un lieu de cin\u00e9ma, de bals, de concerts, de mariages et de banquets.<\/p>\n\n\n\n<p>Voici quelques \u00e9v\u00e9nements marquants qui y ont eu lieu :<\/p>\n\n\n\n<ul class=\"wp-block-list\">\n<li><strong>Distribution d&rsquo;\u00e9trennes<\/strong> (31 d\u00e9cembre 1914) : Madame Poincar\u00e9, \u00e9pouse du Pr\u00e9sident de la R\u00e9publique, a envoy\u00e9 des \u00e9trennes aux enfants de Montreux-Vieux.<\/li>\n\n\n\n<li><strong>F\u00eate de No\u00ebl<\/strong> (25 d\u00e9cembre 1916) : une belle f\u00eate de No\u00ebl a \u00e9t\u00e9 organis\u00e9e \u00e0 la salle Munch.<\/li>\n\n\n\n<li><strong>Remise des prix<\/strong> (2 ao\u00fbt 1917) : le g\u00e9n\u00e9ral Hirschhauer a remis des prix aux \u00e9l\u00e8ves m\u00e9ritants de Montreux-Vieux.<\/li>\n\n\n\n<li><strong>D\u00eener de la Manufacture de coton<\/strong> (25 novembre 1925) : la direction a offert un copieux d\u00eener aux ouvriers et ma\u00e7ons \u00e0 l&rsquo;occasion de l&rsquo;agrandissement de la manufacture.<\/li>\n\n\n\n<li><strong>Banquet des Anciens Engag\u00e9s Volontaires<\/strong> (2 mai 1926) : un banquet a eu lieu \u00e0 la salle Heinis.<\/li>\n\n\n\n<li><strong>F\u00eate de l&rsquo;arbre de No\u00ebl<\/strong> (5 janvier 1929) : une f\u00eate de <strong>l&rsquo;arbre de No\u00ebl a \u00e9t\u00e9 organis\u00e9e.<\/strong><\/li>\n\n\n\n<li><strong>Concert et bal<\/strong> (28 d\u00e9cembre 1929) : la Musique municipale a donn\u00e9 un concert, suivi d&rsquo;un bal avec la Soci\u00e9t\u00e9 de trompes de chasse de Luxeuil.<\/li>\n\n\n\n<li><strong>Inauguration du Stade de Foot<\/strong> (19 ao\u00fbt 1934) : un banquet et un bal ont eu lieu \u00e0 la salle Heinis pour c\u00e9l\u00e9brer l&rsquo;inauguration du stade<\/li>\n<\/ul>\n\n\n<div class=\"wp-block-image\">\n<figure class=\"aligncenter size-full\"><img loading=\"lazy\" decoding=\"async\" width=\"473\" height=\"312\" src=\"https:\/\/montreux-vieux.net\/montreux-vieux.net\/wp-content\/uploads\/2026\/05\/652914773_34809228538725176_5045253017934902547_n_InPixio.jpg\" alt=\"\" class=\"wp-image-28688\" srcset=\"https:\/\/montreux-vieux.net\/montreux-vieux.net\/wp-content\/uploads\/2026\/05\/652914773_34809228538725176_5045253017934902547_n_InPixio.jpg 473w, https:\/\/montreux-vieux.net\/montreux-vieux.net\/wp-content\/uploads\/2026\/05\/652914773_34809228538725176_5045253017934902547_n_InPixio-300x198.jpg 300w\" sizes=\"auto, (max-width: 473px) 100vw, 473px\" \/><\/figure>\n<\/div>\n\n<div class=\"wp-block-image\">\n<figure class=\"aligncenter size-full\"><img loading=\"lazy\" decoding=\"async\" width=\"1019\" height=\"664\" src=\"https:\/\/montreux-vieux.net\/montreux-vieux.net\/wp-content\/uploads\/2026\/05\/133911436_5361345293940224_5255971623789579510_n.jpg\" alt=\"\" class=\"wp-image-28689\" srcset=\"https:\/\/montreux-vieux.net\/montreux-vieux.net\/wp-content\/uploads\/2026\/05\/133911436_5361345293940224_5255971623789579510_n.jpg 1019w, https:\/\/montreux-vieux.net\/montreux-vieux.net\/wp-content\/uploads\/2026\/05\/133911436_5361345293940224_5255971623789579510_n-300x195.jpg 300w, https:\/\/montreux-vieux.net\/montreux-vieux.net\/wp-content\/uploads\/2026\/05\/133911436_5361345293940224_5255971623789579510_n-768x500.jpg 768w\" sizes=\"auto, (max-width: 1019px) 100vw, 1019px\" \/><\/figure>\n<\/div>\n\n<div class=\"wp-block-image\">\n<figure class=\"aligncenter size-large\"><img loading=\"lazy\" decoding=\"async\" width=\"1024\" height=\"657\" src=\"https:\/\/montreux-vieux.net\/montreux-vieux.net\/wp-content\/uploads\/2026\/05\/525d472b-b2e6-4a43-8436-d221ce780d23_InPixio1-1024x657.jpg\" alt=\"\" class=\"wp-image-28690\" srcset=\"https:\/\/montreux-vieux.net\/montreux-vieux.net\/wp-content\/uploads\/2026\/05\/525d472b-b2e6-4a43-8436-d221ce780d23_InPixio1-1024x657.jpg 1024w, https:\/\/montreux-vieux.net\/montreux-vieux.net\/wp-content\/uploads\/2026\/05\/525d472b-b2e6-4a43-8436-d221ce780d23_InPixio1-300x193.jpg 300w, https:\/\/montreux-vieux.net\/montreux-vieux.net\/wp-content\/uploads\/2026\/05\/525d472b-b2e6-4a43-8436-d221ce780d23_InPixio1-768x493.jpg 768w, https:\/\/montreux-vieux.net\/montreux-vieux.net\/wp-content\/uploads\/2026\/05\/525d472b-b2e6-4a43-8436-d221ce780d23_InPixio1.jpg 1513w\" sizes=\"auto, (max-width: 1024px) 100vw, 1024px\" \/><\/figure>\n<\/div>\n\n<div class=\"wp-block-image\">\n<figure class=\"aligncenter size-full\"><img loading=\"lazy\" decoding=\"async\" width=\"742\" height=\"627\" src=\"https:\/\/montreux-vieux.net\/montreux-vieux.net\/wp-content\/uploads\/2026\/05\/ScreenShot015.jpg\" alt=\"\" class=\"wp-image-28692\" srcset=\"https:\/\/montreux-vieux.net\/montreux-vieux.net\/wp-content\/uploads\/2026\/05\/ScreenShot015.jpg 742w, https:\/\/montreux-vieux.net\/montreux-vieux.net\/wp-content\/uploads\/2026\/05\/ScreenShot015-300x254.jpg 300w\" sizes=\"auto, (max-width: 742px) 100vw, 742px\" \/><figcaption class=\"wp-element-caption\">Apr\u00e8s la remise de prix devant l&rsquo;ancienne salle des f\u00eates<\/figcaption><\/figure>\n<\/div>\n\n\n<p><\/p>\n\n\n\n<figure class=\"wp-block-image size-full\"><img loading=\"lazy\" decoding=\"async\" width=\"790\" height=\"540\" src=\"https:\/\/montreux-vieux.net\/montreux-vieux.net\/wp-content\/uploads\/2026\/05\/163071140_5726140030794080_4568480857872286172_n.jpg\" alt=\"\" class=\"wp-image-28695\" srcset=\"https:\/\/montreux-vieux.net\/montreux-vieux.net\/wp-content\/uploads\/2026\/05\/163071140_5726140030794080_4568480857872286172_n.jpg 790w, https:\/\/montreux-vieux.net\/montreux-vieux.net\/wp-content\/uploads\/2026\/05\/163071140_5726140030794080_4568480857872286172_n-300x205.jpg 300w, https:\/\/montreux-vieux.net\/montreux-vieux.net\/wp-content\/uploads\/2026\/05\/163071140_5726140030794080_4568480857872286172_n-768x525.jpg 768w\" sizes=\"auto, (max-width: 790px) 100vw, 790px\" \/><figcaption class=\"wp-element-caption\">Un groupe e personnes devant l&rsquo;entr\u00e9e du cin\u00e9ma.<\/figcaption><\/figure>\n\n\n\n<p><\/p>\n\n\n<div class=\"wp-block-image\">\n<figure class=\"aligncenter size-full\"><img loading=\"lazy\" decoding=\"async\" width=\"925\" height=\"608\" src=\"https:\/\/montreux-vieux.net\/montreux-vieux.net\/wp-content\/uploads\/2026\/05\/485735746_29356851813962903_83154825225206938_n.jpg\" alt=\"\" class=\"wp-image-28694\" srcset=\"https:\/\/montreux-vieux.net\/montreux-vieux.net\/wp-content\/uploads\/2026\/05\/485735746_29356851813962903_83154825225206938_n.jpg 925w, https:\/\/montreux-vieux.net\/montreux-vieux.net\/wp-content\/uploads\/2026\/05\/485735746_29356851813962903_83154825225206938_n-300x197.jpg 300w, https:\/\/montreux-vieux.net\/montreux-vieux.net\/wp-content\/uploads\/2026\/05\/485735746_29356851813962903_83154825225206938_n-768x505.jpg 768w\" sizes=\"auto, (max-width: 925px) 100vw, 925px\" \/><figcaption class=\"wp-element-caption\">Le programme de la f\u00eate de l&rsquo;Arbre de No\u00ebl de 1916.<\/figcaption><\/figure>\n<\/div>\n\n\n<p><\/p>\n","protected":false},"excerpt":{"rendered":"<p>L&rsquo;ancienne salle des f\u00eates de Montreux-Vieux, construite avant 1900, se trouvait \u00e0 l&rsquo;arri\u00e8re du b\u00e2timent de Monsieur. Benhalima, anciennement Munch, Heinis, etc. &nbsp;Avant l&rsquo;inauguration de la salle actuelle en 1958, cet endroit accueillait de nombreux \u00e9v\u00e9nements, notamment la f\u00eate de &hellip; <a href=\"https:\/\/montreux-vieux.net\/?page_id=28687\">Continuer la lecture <span class=\"meta-nav\">&rarr;<\/span><\/a><\/p>\n","protected":false},"author":1,"featured_media":0,"parent":13036,"menu_order":0,"comment_status":"open","ping_status":"closed","template":"","meta":{"footnotes":""},"class_list":["post-28687","page","type-page","status-publish","hentry"],"_links":{"self":[{"href":"https:\/\/montreux-vieux.net\/index.php?rest_route=\/wp\/v2\/pages\/28687","targetHints":{"allow":["GET"]}}],"collection":[{"href":"https:\/\/montreux-vieux.net\/index.php?rest_route=\/wp\/v2\/pages"}],"about":[{"href":"https:\/\/montreux-vieux.net\/index.php?rest_route=\/wp\/v2\/types\/page"}],"author":[{"embeddable":true,"href":"https:\/\/montreux-vieux.net\/index.php?rest_route=\/wp\/v2\/users\/1"}],"replies":[{"embeddable":true,"href":"https:\/\/montreux-vieux.net\/index.php?rest_route=%2Fwp%2Fv2%2Fcomments&post=28687"}],"version-history":[{"count":5,"href":"https:\/\/montreux-vieux.net\/index.php?rest_route=\/wp\/v2\/pages\/28687\/revisions"}],"predecessor-version":[{"id":28700,"href":"https:\/\/montreux-vieux.net\/index.php?rest_route=\/wp\/v2\/pages\/28687\/revisions\/28700"}],"up":[{"embeddable":true,"href":"https:\/\/montreux-vieux.net\/index.php?rest_route=\/wp\/v2\/pages\/13036"}],"wp:attachment":[{"href":"https:\/\/montreux-vieux.net\/index.php?rest_route=%2Fwp%2Fv2%2Fmedia&parent=28687"}],"curies":[{"name":"wp","href":"https:\/\/api.w.org\/{rel}","templated":true}]}}