{"id":4255,"date":"2015-02-05T13:45:47","date_gmt":"2015-02-05T12:45:47","guid":{"rendered":"http:\/\/montreux-vieux.net\/?page_id=4255"},"modified":"2016-01-27T16:29:01","modified_gmt":"2016-01-27T15:29:01","slug":"la-seigneurie-de-montreux","status":"publish","type":"page","link":"https:\/\/montreux-vieux.net\/?page_id=4255","title":{"rendered":"La Seigneurie de Montreux"},"content":{"rendered":"<p style=\"text-align: center;\"><strong>La Seigneurie de Montreux<\/strong><\/p>\n<h4 style=\"text-align: justify;\">La Seigneurie de Montreux \u00e9tait situ\u00e9e \u00e0\u00a0\u00a0 Montreux-Ch\u00e2teau et compos\u00e9e des villages de Montreux-Ch\u00e2teau, Montreux-Vieux, Montreux-Jeune, Valdieu, Magny, Cuneli\u00e8res, Fontaine, Foussemagne, Lutran,\u00a0 Chavannes -sur -l\u2019Etang, Chavannes- Les- Grands,\u00a0\u00a0 Romagny,\u00a0\u00a0 Bretagne, Brebotte , en partie Petit-Croix. Le plan ci-dessous donne en un clin d\u2019\u0153il un aper\u00e7u de son importance.<\/h4>\n<p style=\"text-align: center;\"><a href=\"http:\/\/montreux-vieux.net\/montreux-vieux.net\/wp-content\/uploads\/2015\/02\/ScreenShot324.jpg\" target=\"_blank\"><img loading=\"lazy\" decoding=\"async\" class=\"aligncenter wp-image-4259 size-medium\" src=\"http:\/\/montreux-vieux.net\/montreux-vieux.net\/wp-content\/uploads\/2015\/02\/ScreenShot324-245x300.jpg\" alt=\"PLAN DE LA SEIGNEURIE DE MONTREUX\" width=\"245\" height=\"300\" srcset=\"https:\/\/montreux-vieux.net\/montreux-vieux.net\/wp-content\/uploads\/2015\/02\/ScreenShot324-245x300.jpg 245w, https:\/\/montreux-vieux.net\/montreux-vieux.net\/wp-content\/uploads\/2015\/02\/ScreenShot324.jpg 437w\" sizes=\"auto, (max-width: 245px) 100vw, 245px\" \/><\/a><\/p>\n<h4 style=\"text-align: center;\">PLAN DE LA SEIGNEURIE DE MONTREUX<\/h4>\n","protected":false},"excerpt":{"rendered":"<p>La Seigneurie de Montreux La Seigneurie de Montreux \u00e9tait situ\u00e9e \u00e0\u00a0\u00a0 Montreux-Ch\u00e2teau et compos\u00e9e des villages de Montreux-Ch\u00e2teau, Montreux-Vieux, Montreux-Jeune, Valdieu, Magny, Cuneli\u00e8res, Fontaine, Foussemagne, Lutran,\u00a0 Chavannes -sur -l\u2019Etang, Chavannes- Les- Grands,\u00a0\u00a0 Romagny,\u00a0\u00a0 Bretagne, Brebotte , en partie Petit-Croix. Le &hellip; <a href=\"https:\/\/montreux-vieux.net\/?page_id=4255\">Continuer la lecture <span class=\"meta-nav\">&rarr;<\/span><\/a><\/p>\n","protected":false},"author":1,"featured_media":0,"parent":4103,"menu_order":1,"comment_status":"open","ping_status":"open","template":"","meta":{"footnotes":""},"class_list":["post-4255","page","type-page","status-publish","hentry"],"_links":{"self":[{"href":"https:\/\/montreux-vieux.net\/index.php?rest_route=\/wp\/v2\/pages\/4255","targetHints":{"allow":["GET"]}}],"collection":[{"href":"https:\/\/montreux-vieux.net\/index.php?rest_route=\/wp\/v2\/pages"}],"about":[{"href":"https:\/\/montreux-vieux.net\/index.php?rest_route=\/wp\/v2\/types\/page"}],"author":[{"embeddable":true,"href":"https:\/\/montreux-vieux.net\/index.php?rest_route=\/wp\/v2\/users\/1"}],"replies":[{"embeddable":true,"href":"https:\/\/montreux-vieux.net\/index.php?rest_route=%2Fwp%2Fv2%2Fcomments&post=4255"}],"version-history":[{"count":6,"href":"https:\/\/montreux-vieux.net\/index.php?rest_route=\/wp\/v2\/pages\/4255\/revisions"}],"predecessor-version":[{"id":6761,"href":"https:\/\/montreux-vieux.net\/index.php?rest_route=\/wp\/v2\/pages\/4255\/revisions\/6761"}],"up":[{"embeddable":true,"href":"https:\/\/montreux-vieux.net\/index.php?rest_route=\/wp\/v2\/pages\/4103"}],"wp:attachment":[{"href":"https:\/\/montreux-vieux.net\/index.php?rest_route=%2Fwp%2Fv2%2Fmedia&parent=4255"}],"curies":[{"name":"wp","href":"https:\/\/api.w.org\/{rel}","templated":true}]}}