{"id":4262,"date":"2015-02-05T14:22:48","date_gmt":"2015-02-05T13:22:48","guid":{"rendered":"http:\/\/montreux-vieux.net\/?page_id=4262"},"modified":"2021-07-30T13:35:46","modified_gmt":"2021-07-30T12:35:46","slug":"les-armoiries-dune-seigneurie","status":"publish","type":"page","link":"https:\/\/montreux-vieux.net\/?page_id=4262","title":{"rendered":"Les Armoiries d&rsquo;une Seigneurie"},"content":{"rendered":"<h4 style=\"text-align: center;\"><strong>LES ARMOIRIES D\u2019UNE SEIGNEURIE<\/strong><\/h4>\n<p style=\"text-align: center;\"><a href=\"http:\/\/montreux-vieux.net\/montreux-vieux.net\/wp-content\/uploads\/2015\/02\/ScreenShot325.jpg\" target=\"_blank\" rel=\"noopener\"><img loading=\"lazy\" decoding=\"async\" class=\"aligncenter wp-image-4263 size-thumbnail\" src=\"http:\/\/montreux-vieux.net\/montreux-vieux.net\/wp-content\/uploads\/2015\/02\/ScreenShot325-150x150.jpg\" alt=\" Les armoirie de la Famille De Reinach\" width=\"150\" height=\"150\" \/><\/a><\/p>\n<h4 style=\"text-align: center;\">\u00a0Famille De Reinach<\/h4>\n<h4 style=\"text-align: justify;\">Les armoiries sont \u201cd\u2019or au lion rampant de sable \u00e0 la queue fourchue, lampass\u00e9 de gueules \u00e0 la bordure engr\u00eal\u00e9e de gueules \u00bb telles sont les armoiries officielles de Montreux-Vieux telles qu\u2019elles ont \u00e9t\u00e9 \u00e9tablies par la commission d\u00e9partementale d\u2019h\u00e9raldique pr\u00e9sid\u00e9e par M. Charles Wilsdorf, directeur des Archives d\u00e9partementales charg\u00e9 de l\u2019armorial des communes du d\u00e9partement du Haut-Rhin. Ainsi le village de Montreux-Vieux a \u00e9t\u00e9, en 1971, dot\u00e9 d\u2019armoiries officielles , celles-ci lui faisant encore d\u00e9faut.<\/h4>\n<h4 style=\"text-align: justify;\">Les armoiries retenues par la commission s\u2019expliquent par l\u2019appartenance du village aux sires de Montreux depuis le 12\u00e8 si\u00e8cle. Le lion dress\u00e9 sortant ses griffes et tirant la langue figure en effet, en bonne place dans le blason des comtes de Reinach, anciens seigneurs de Montreux- desquels on parle pour la premi\u00e8re fois en 1170.<\/h4>\n<h4 style=\"text-align: justify;\">C\u2019est en effet \u00e0 cette date qu\u2019Alb\u00e9ric de Munst\u00e9rol est chef de m\u00e9tairie selon un acte de vente de Rambold de Spechbach \u00e0 l\u2019abbaye de Bailla. En 1188 Werner de Montueux signe comme t\u00e9moin une charte d\u2019Henri ber \u00e9v\u00eaque de B\u00e2le par laquelle ce pr\u00e9lat exempte le monast\u00e8re de Lieu-Croissant de tout p\u00e9age dans l\u2019\u00e9v\u00each\u00e9. En 1194, Hugues de Montreux \u00e9tait chanoine de l\u2019Eglise de B\u00e2le.<\/h4>\n<h4 style=\"text-align: justify;\">En 1281, Werner de Montreux sert d\u2019arbitre dans une composition entre l\u2019\u00e9v\u00eaque de B\u00e2le Henri d\u2019Isny et Thi\u00e9baut Comte de Ferrette de leurs pr\u00e9tentions r\u00e9ciproques sur Florimont.<\/h4>\n<h4 style=\"text-align: justify;\">En 1291, Othon de Montreux figure comme t\u00e9moin dans une vente faite par le pr\u00e9v\u00f4t d\u2019Oelenberg \u00e0 l\u2019abbaye de Lucelle.<\/h4>\n<h4 style=\"text-align: justify;\">Au 13\u00e8me si\u00e8cle dame Louise de Montreux meurt au couvent d\u2019Unterlinden \u00e0 Colmar.<\/h4>\n<h4 style=\"text-align: justify;\">En 1333, F\u00e9ry de Montreux \u00e9tait investi de ce fief. Il rend foi et hommage au marquis de Bade \u00e9poux de Jeanne de Montb\u00e9liard, veuve d\u2019Urlric II, comte de Ferrette et de laquelle le fief de Montreux relevait apr\u00e8s la mort d\u2019Ulric<\/h4>\n<h4 style=\"text-align: justify;\">En 1347, le fief de Montreux \u00e9choit en partage \u00e0 Ursule de Ferrette, comtesse de Hohenberg-Monfort. Le fief \u00e9tait alors tenu par Jean de Montreux qui \u00e9tait le\u00a0 fils de Guillaume.<\/h4>\n<h4 style=\"text-align: justify;\">\u00a0En 1350, Albert d\u2019Autriche \u00e9poux de Jeannette de Ferrette, rach\u00e8te de celle-ci le domaine de Montreux. C\u2019est de cette ann\u00e9e que date la d\u00e9pendance du fief de Montreux du ch\u00e2teau de Delle, relevant directement de l\u2019Empire et possession de la maison d\u2019Autriche.<\/h4>\n<h4 style=\"text-align: justify;\">Le 24 Juillet 1351 Jean de Montreux, qualifi\u00e9 du titre de baron donne en fief h\u00e9r\u00e9ditaire \u00e0 un bourgeois de B\u00e2le, le village de Willer pr\u00e8s de Saint-L\u00e9ger.<\/h4>\n<h4 style=\"text-align: justify;\">Le 9 Juillet 1386, Fr\u00e9d\u00e9ric de Montreux p\u00e9rit \u00e0 la bataille de Sempach avec de nombreux gentilshommes alsaciens.<\/h4>\n<h4 style=\"text-align: justify;\">En 1453, Georges de Montreux est institu\u00e9 pr\u00e9v\u00f4t de Belfort mais en 1458 le fief est partag\u00e9 entre les deux fils de Jean de Montreux, l\u2019un recevant Foussemagne, Montreux-Vieux, Montreux-Jeune, Bretagne et Fontaine et l\u2019ain\u00e9 Fr\u00e9d\u00e9ric, Chavannes-sur-l\u2019Etang, Lutran, Magny, Romagny, Valdieu, Chavannes les Grands, Cuneli\u00e8res et Frais.<\/h4>\n<h4 style=\"text-align: justify;\">Mais en 1474, Antoine de Montreux qui avait pris parti pour Charles le T\u00e9m\u00e9raire contre l\u2019archiduc Sigismond est d\u00e9poss\u00e9d\u00e9 de son fief.<\/h4>\n<h4 style=\"text-align: justify;\">En 1585, le domaine de Fr\u00e9d\u00e9ric devait revenir aux enfants de Louis de Reinach Montreux<\/h4>\n<h4 style=\"text-align: justify;\">Mais d\u00e8s 1560, Ferdinand 1 er avait substitu\u00e9 une autre branche des Reinach \u00e0 celle de Louis de Reinach-Montreux, la branche de Henri dont les descendants form\u00e8rent les Reinach-Foussemagne, Muntzingen et Hirtzbach. Les Reinach-Montreux s\u2019\u00e9teignirent en 1704<\/h4>\n<p>(Facebook) <span class=\"\"><span class=\"nc684nl6\"><a class=\"oajrlxb2 g5ia77u1 qu0x051f esr5mh6w e9989ue4 r7d6kgcz rq0escxv nhd2j8a9 nc684nl6 p7hjln8o kvgmc6g5 cxmmr5t8 oygrvhab hcukyx3x jb3vyjys rz4wbd8a qt6c0cv9 a8nywdso i1ao9s8h esuyzwwr f1sip0of lzcic4wl gmql0nx0 gpro0wi8\" tabindex=\"0\" role=\"link\" href=\"https:\/\/www.facebook.com\/groups\/186739191349503\/user\/100069689865230\/?__cft__[0]=AZX-7RteXoNY00kuDJZGpfDkbICqW2hs-045F5QDDUkzadqBfR21T_GAbYIXinKcPxvg_oGRF5Zjb-eVI49tOBe89g-BJwvD4S1jUz0EChSGabUxgP5qX4kjjoyv8XYI1oQDocIAblXgoWo0aP9U3u41BQ-vApo0Ol4uYuUGqXpMgy00AvW7gTQ5g2CTdPHJPy0&amp;__tn__=R]-R\"><span class=\"pq6dq46d\"><span class=\"d2edcug0 hpfvmrgz qv66sw1b c1et5uql lr9zc1uh a8c37x1j keod5gw0 nxhoafnm aigsh9s9 d9wwppkn fe6kdd0r mau55g9w c8b282yb mdeji52x e9vueds3 j5wam9gi lrazzd5p oo9gr5id\" dir=\"auto\">Daniel Lougnot<\/span><\/span><\/a><\/span><\/span><\/p>\n<div class=\"q9uorilb\">\n<div class=\"bp9cbjyn jk6sbkaj kdgqqoy6 ihh4hy1g qttc61fc pq6dq46d jnigpg78 ph5uu5jm b3onmgus tdjehn4e\"><span class=\"soycq5t1\"><img decoding=\"async\" class=\"hu5pjgll bixrwtb6\" src=\"https:\/\/static.xx.fbcdn.net\/rsrc.php\/v3\/y3\/r\/ju-gPvlJAey.png\" alt=\"\" \/><\/span><\/div>\n<\/div>\n<div class=\"ecm0bbzt e5nlhep0 a8c37x1j\">\n<div class=\"kvgmc6g5 cxmmr5t8 oygrvhab hcukyx3x c1et5uql\">\n<div dir=\"auto\">Tr\u00e8s int\u00e9ressante \u00e9vocation d&rsquo;un personnage important qui a marqu\u00e9 l&rsquo;histoire de la seigneurie de Montreux.<\/div>\n<\/div>\n<div class=\"o9v6fnle cxmmr5t8 oygrvhab hcukyx3x c1et5uql\">\n<div dir=\"auto\">Le document original conserv\u00e9 aux ADHR sous la cote 1 C 8454 et dat\u00e9 de la f\u00eate de Saint Jacques (25 juillet) 1351, indique que Jean de Montreux, freiherr, avait donn\u00e9 en fief \u00e0 Johan Meiger von Huningen, bourgeois de B\u00e2le, le village de Wilr proche de Sant Luggert ainsi que le village de Mendelach et le hameau voisin nomm\u00e9 Bongarten.<\/div>\n<\/div>\n<div class=\"o9v6fnle cxmmr5t8 oygrvhab hcukyx3x c1et5uql\">\n<div dir=\"auto\">Le village d\u00e9sign\u00e9 ici sous le nom de Wilr, connu pendant toute la p\u00e9riode autrichienne comme Willer ou Willern, est aujourd&rsquo;hui le village de Romagny ; Sant Luggert ou Sankt Ledogar correspondent \u00e0 Saint L\u00e9ger, le nom ancien de la partie Nord de l&rsquo;actuel village de Manspach, proche du viaduc. De m\u00eame, Mendelach aussi d\u00e9sign\u00e9 \u00e0 l&rsquo;\u00e9poque m\u00e9di\u00e9vale sous le nom de Menglatt, n&rsquo;est autre que Magny.<\/div>\n<\/div>\n<div class=\"o9v6fnle cxmmr5t8 oygrvhab hcukyx3x c1et5uql\">\n<div dir=\"auto\">Bongarten que l&rsquo;on rencontre \u00e9galement orthographi\u00e9 Baumgarten, \u00e9tait un \u00e9cart du village de Magny mentionn\u00e9 aux 14e et 15e si\u00e8cles. Plus tard, il fut d\u00e9sign\u00e9 sous le nom de Baumerfeld ou en fran\u00e7ais Pommerats ou Pommerait. Ce hameau se trouvait sur la rive gauche de la Suarcine dans le secteur de la rue de Bretagne.<\/div>\n<\/div>\n<div class=\"o9v6fnle cxmmr5t8 oygrvhab hcukyx3x c1et5uql\">\n<div dir=\"auto\">Ce Jean de Montreux, connu comme Jean I pour le distinguer de ses quatre homonymes, \u00e9tait un puissant seigneur du comt\u00e9 de Ferrette. Il \u00e9tait n\u00e9 \u00e0 la fin du 13e si\u00e8cle et il avait \u00e9pous\u00e9 Jeanne de Faucogney, d&rsquo;une famille de haute noblesse du comt\u00e9 de Bourgogne. Il se trouvait ainsi \u00eatre le beau fr\u00e8re de Jean de Faucogney, lequel avait \u00e9pous\u00e9 Isabelle de France, la fille du roi de France, Philippe V le Long. Malheureusement, plusieurs de ses fils \u00e9taient d\u00e9c\u00e9d\u00e9s avant lui sans laisser de post\u00e9rit\u00e9 masculine. En 1351, pour assurer la d\u00e9fense de la seigneurie de Montreux qu&rsquo;il partageait avec son neveu Dietrich, il fut contraint de donner en fief une partie de ses possessions \u00e0 un puissant bourgeois sundgauvien, Jean Meier (Meiger) de Huningue. Il d\u00e9c\u00e9da vers 1260 \u00e0 un grand \u00e2ge et malheureusement, son fils Fr\u00e9d\u00e9ric II qui lui avait succ\u00e9d\u00e9, trouva la mort en 1386 \u00e0 la fameuse bataille de Sempach (que vous avez \u00e9voqu\u00e9e r\u00e9cemment). Cette lign\u00e9e antique des Montreux s&rsquo;\u00e9teignit donc avec ce dernier<\/div>\n<\/div>\n<\/div>\n\n\n<p><\/p>\n","protected":false},"excerpt":{"rendered":"<p>LES ARMOIRIES D\u2019UNE SEIGNEURIE \u00a0Famille De Reinach Les armoiries sont \u201cd\u2019or au lion rampant de sable \u00e0 la queue fourchue, lampass\u00e9 de gueules \u00e0 la bordure engr\u00eal\u00e9e de gueules \u00bb telles sont les armoiries officielles de Montreux-Vieux telles qu\u2019elles ont &hellip; <a href=\"https:\/\/montreux-vieux.net\/?page_id=4262\">Continuer la lecture <span class=\"meta-nav\">&rarr;<\/span><\/a><\/p>\n","protected":false},"author":1,"featured_media":0,"parent":4103,"menu_order":2,"comment_status":"open","ping_status":"open","template":"","meta":{"footnotes":""},"class_list":["post-4262","page","type-page","status-publish","hentry"],"_links":{"self":[{"href":"https:\/\/montreux-vieux.net\/index.php?rest_route=\/wp\/v2\/pages\/4262","targetHints":{"allow":["GET"]}}],"collection":[{"href":"https:\/\/montreux-vieux.net\/index.php?rest_route=\/wp\/v2\/pages"}],"about":[{"href":"https:\/\/montreux-vieux.net\/index.php?rest_route=\/wp\/v2\/types\/page"}],"author":[{"embeddable":true,"href":"https:\/\/montreux-vieux.net\/index.php?rest_route=\/wp\/v2\/users\/1"}],"replies":[{"embeddable":true,"href":"https:\/\/montreux-vieux.net\/index.php?rest_route=%2Fwp%2Fv2%2Fcomments&post=4262"}],"version-history":[{"count":8,"href":"https:\/\/montreux-vieux.net\/index.php?rest_route=\/wp\/v2\/pages\/4262\/revisions"}],"predecessor-version":[{"id":23806,"href":"https:\/\/montreux-vieux.net\/index.php?rest_route=\/wp\/v2\/pages\/4262\/revisions\/23806"}],"up":[{"embeddable":true,"href":"https:\/\/montreux-vieux.net\/index.php?rest_route=\/wp\/v2\/pages\/4103"}],"wp:attachment":[{"href":"https:\/\/montreux-vieux.net\/index.php?rest_route=%2Fwp%2Fv2%2Fmedia&parent=4262"}],"curies":[{"name":"wp","href":"https:\/\/api.w.org\/{rel}","templated":true}]}}