{"id":4271,"date":"2015-02-05T14:33:46","date_gmt":"2015-02-05T13:33:46","guid":{"rendered":"http:\/\/montreux-vieux.net\/?page_id=4271"},"modified":"2015-02-05T14:46:01","modified_gmt":"2015-02-05T13:46:01","slug":"le-chateau","status":"publish","type":"page","link":"https:\/\/montreux-vieux.net\/?page_id=4271","title":{"rendered":"Le Ch\u00e2teau"},"content":{"rendered":"<h3 style=\"text-align: center;\">Le Ch\u00e2teau<\/h3>\n<h4 style=\"text-align: justify;\">Au Moyen Age d\u00e9j\u00e0 alors que le village faisait partie de la \u00ab seigneurie de Montreux \u00bb un ch\u00e2teau barrait le passage constitu\u00e9 par ce couloir trac\u00e9 par la nature qui relie la vall\u00e9e du Rhin \u00e0 la vall\u00e9e du Rh\u00f4ne. Au cours de la premi\u00e8re moiti\u00e9 du 19\u00e8 si\u00e8cle, cette situation g\u00e9ographique unique du seuil de Montreux, plac\u00e9 au niveau le plus haut de la ligne de partage des eaux entre Vosges et Jura a \u00e9t\u00e9 mise \u00e0 profit \u00e0 2 reprises. Au si\u00e8cle de Louis XIV Montreux figurait d\u00e9j\u00e0 en bonne place entre Belfort et Altkirch sur la carte \u00e9tablie en 1683 par Mr DU VAL g\u00e9ographe du roi. Le nom de Munsterol d\u00e9rive comme le nom de Montreux du latin monast\u00e9rium (ce qui signifie monast\u00e8re ou \u00e9glise). Montreux-Vieux commande le \u00ab seuil de Montreux \u00bb qui jouit d\u2019une importance g\u00e9ographique exceptionnelle puisque c\u2019est le couloir de passage naturel entre les r\u00e9gions d\u2019Alsace et de Franche Comt\u00e9.<\/h4>\n<h4 style=\"text-align: justify;\">Montreux a, tout d\u2019abord, \u00e9t\u00e9 choisi pour le passage du Canal du Rh\u00f4ne au Rhin, ouvert au trafic d\u00e8s 1833. Pour les m\u00eames raisons, il a \u00e9t\u00e9 retenu pour le passage de la ligne de chemin de fer sur laquelle se croisent 2 trafics importants du Nord au Sud : de Strasbourg \u00e0 Lyon et Marseille d\u2019Ouest en Est : de Paris \u00e0 B\u00e2le<\/h4>\n<h4 style=\"text-align: justify;\">Il fut construit aux environs du 12 \u00e8me si\u00e8cle dans les m\u00e9andres et mar\u00e9cages de la Saint-Nicolas, entour\u00e9 d\u2019eau et de boue. Il tombe en ruines vers 1750, son propri\u00e9taire M. Reinach, Comte de Foussemagne-Grandvelle ne l\u2019a pas fait r\u00e9parer et l\u2019abandonna. Les \u00e9curies ainsi que les granges furent d\u00e9truites vers 1789 par un incendie.<\/h4>\n<h4 style=\"text-align: justify;\">Il n\u2019existe aujourd&rsquo;hui \u00e0 l\u2019empla4cement de la forteresse qu\u2019un petit monticule de terre.<\/h4>\n","protected":false},"excerpt":{"rendered":"<p>Le Ch\u00e2teau Au Moyen Age d\u00e9j\u00e0 alors que le village faisait partie de la \u00ab seigneurie de Montreux \u00bb un ch\u00e2teau barrait le passage constitu\u00e9 par ce couloir trac\u00e9 par la nature qui relie la vall\u00e9e du Rhin \u00e0 la &hellip; <a href=\"https:\/\/montreux-vieux.net\/?page_id=4271\">Continuer la lecture <span class=\"meta-nav\">&rarr;<\/span><\/a><\/p>\n","protected":false},"author":1,"featured_media":0,"parent":4103,"menu_order":3,"comment_status":"open","ping_status":"open","template":"","meta":{"footnotes":""},"class_list":["post-4271","page","type-page","status-publish","hentry"],"_links":{"self":[{"href":"https:\/\/montreux-vieux.net\/index.php?rest_route=\/wp\/v2\/pages\/4271","targetHints":{"allow":["GET"]}}],"collection":[{"href":"https:\/\/montreux-vieux.net\/index.php?rest_route=\/wp\/v2\/pages"}],"about":[{"href":"https:\/\/montreux-vieux.net\/index.php?rest_route=\/wp\/v2\/types\/page"}],"author":[{"embeddable":true,"href":"https:\/\/montreux-vieux.net\/index.php?rest_route=\/wp\/v2\/users\/1"}],"replies":[{"embeddable":true,"href":"https:\/\/montreux-vieux.net\/index.php?rest_route=%2Fwp%2Fv2%2Fcomments&post=4271"}],"version-history":[{"count":6,"href":"https:\/\/montreux-vieux.net\/index.php?rest_route=\/wp\/v2\/pages\/4271\/revisions"}],"predecessor-version":[{"id":4279,"href":"https:\/\/montreux-vieux.net\/index.php?rest_route=\/wp\/v2\/pages\/4271\/revisions\/4279"}],"up":[{"embeddable":true,"href":"https:\/\/montreux-vieux.net\/index.php?rest_route=\/wp\/v2\/pages\/4103"}],"wp:attachment":[{"href":"https:\/\/montreux-vieux.net\/index.php?rest_route=%2Fwp%2Fv2%2Fmedia&parent=4271"}],"curies":[{"name":"wp","href":"https:\/\/api.w.org\/{rel}","templated":true}]}}