{"id":4276,"date":"2015-02-05T14:43:35","date_gmt":"2015-02-05T13:43:35","guid":{"rendered":"http:\/\/montreux-vieux.net\/?page_id=4276"},"modified":"2018-12-26T09:59:55","modified_gmt":"2018-12-26T08:59:55","slug":"la-religion","status":"publish","type":"page","link":"https:\/\/montreux-vieux.net\/?page_id=4276","title":{"rendered":"La Religion"},"content":{"rendered":"<h3 style=\"text-align: center;\"><strong>La Religion<\/strong><\/h3>\n<h4 style=\"text-align: justify;\">Montreux-Vieux \u00e9tait ind\u00e9pendant et d\u00e9pendait des B\u00e9n\u00e9dictins de l\u2019Abba4ye de Valdieu depuis 1260 et aux J\u00e9suites de Valdieu, de St Morand et d\u2019 Ensisheim \u00e0 partir de 1636.<\/h4>\n<h4 style=\"text-align: justify;\">Le 11 d\u00e9cembre 1819 le Conseil Municipal d\u00e9cide de donner 4 st\u00e8res de bois de chauffage au Cur\u00e9.<\/h4>\n<h4 style=\"text-align: justify;\">Le 10 ao\u00fbt 1822 le Conseil Municipal d\u00e9cide d\u2019achter un fourneau pour le desservant M. Gully.<\/h4>\n<h4 style=\"text-align: justify;\">Le 14 mars 1824 pour la construction d\u2019un presbyt\u00e8re la commune vend un terrain pour environ 2 970F . Une partie de celui-ci se situe dans le r\u00e9servoir du Canal Monsieur.<\/h4>\n<h4 style=\"text-align: justify;\">Le 17 mai 1824 Les mat\u00e9riaux de l\u2019ancien presbyt\u00e8re ont \u00e9t\u00e9 vendus par adjudication publique sauf quelques pi\u00e8rres qui seront employ\u00e9es \u00e0 la construction d\u2019une maison curiale.<\/h4>\n<h4 style=\"text-align: justify;\">Le 27 mai 1824 le Conseil Municipal d\u00e9cide de verser un suppl\u00e9ment de traitement de 300 F au Vicaire Stahl&nbsp; notre digne cur\u00e9.<\/h4>\n<h4 style=\"text-align: justify;\">Le 16 avril 1828 une nouvelle recette est inscrite au budget pour la construction du presbyt\u00e8re de 2 280F financ\u00e9e par la cession de terrain et la vente de bois.<\/h4>\n<h4 style=\"text-align: justify;\">&nbsp;Le 16 avril 1828&nbsp; une nouvelle coupe de bois d\u2019un montant de 6 060 F est d\u00e9cid\u00e9e pour financer la construction du presbyt\u00e8re.<\/h4>\n<h4 style=\"text-align: justify;\">Le 9 f\u00e9vrier 1829 Lea commune propose \u00e0 l\u2019administration un nouveau plan de financement du presbyt\u00e8re s\u2019\u00e9levant \u00e0 7 080F par la vente et la location de terrains.<\/h4>\n<h4 style=\"text-align: justify;\">Le 16 mars 1830 d\u2019autres moyens sont propos\u00e9s au Pr\u00e9fet pour la construction du presbyt\u00e8re :<\/h4>\n<ul style=\"text-align: justify;\">\n<li>\n<h5>La vente de 40 ares de pr\u00e9 lieu-dit \u201cAu Baitay\u201d d\u00e9limit\u00e9 de levant et midi par la rivi\u00e8re et plusieurs particuliers de minuit estim\u00e9 \u00e0 la somme de 1 200 F<\/h5>\n<\/li>\n<li>\n<h5>La cession de 16 ares de champs lieu-dit \u201cLes Planches du Breuleux\u201d profond de midi par Henri Cuenin et jeune et Henri Schalie de minuit estim\u00e9 \u00e0 350F<\/h5>\n<\/li>\n<li>\n<h5>La vente d\u2019environ 5 ares de terrain lieu-dit \u201cLes Planches\u201d enclav\u00e9 entre le chemin communal de levant \u00e0 midi Andr\u00e9 Greber et couchant Gaspard Denis Jolidon de minuit estim\u00e9 \u00e0 156 F.<\/h5>\n<\/li>\n<\/ul>\n<h4 style=\"text-align: justify;\">Le montant total s\u2019\u00e9l\u00e8ve \u00e0 1 706 F plus 4 221 F en caisse&nbsp; et lire: qui devraient suffire pour la construction d\u2019un \u201cm\u00e9diocre\u201d presbyt\u00e8re selon nos petits moyens.<\/h4>\n<h4 style=\"text-align: justify;\">Le 3 mars 1831 Le Conseil Municipal d\u00e9lib\u00e8re sur l\u2019acquisition d\u2019une maison appartenant au sieur Jean Baptise Roy et \u00e0 sa femme, domicili\u00e9s dans la commune de R\u00e9ch\u00e9sy. La proposition est convenable pour le logement d\u2019un desservant, L\u2019immeuble des construit en tr\u00e8s bon bois de ch\u00eane et torchie. Le maire est charg\u00e9 de l\u2019acquisition et sera indemnis\u00e9 pour ses d\u00e9penses et voyages.<\/h4>\n<h4 style=\"text-align: justify;\">Le 10 avril 1832 Le maire est autoris\u00e9 \u00e0 inscrire au budget de 1832 un cr\u00e9dit de 1 405.16F pour la construction de la maison curiale<\/h4>\n<h4 style=\"text-align: justify;\">Le 19 octobre 1833 D\u00e9c\u00e8s du p\u00e8re Genevois. L\u2019allocation qui lui \u00e9tait attribu\u00e9e est vers\u00e9e pour des r\u00e9parations de la Sous-Pr\u00e9fecture de Belfort.<\/h4>\n<h4 style=\"text-align: justify;\">Le 10 f\u00e9vrier 1834 M. Jacques Kuen de Massevaux est d\u00e9sign\u00e9 par le Conseil Municipal pour la reconstruction du b\u00e2timent destin\u00e9 au pr\u00e9sbyt\u00e8re<\/h4>\n<h4 style=\"text-align: justify;\">Le 6 mai 1839 Le Conseil Municipal a d\u00e9cid\u00e9 d\u2019acheter une nouvelle cloche de 400 kg, l\u2019ancienne ne pouvant retentir dans toute la commune et produit des inconv\u00e9nients pour les habitants les plus \u00e9loign\u00e9s qui ne peuvent se rendre aux offices faute d\u2019\u00eatre pr\u00e9alablement averti par le son de la cloche<\/h4>\n<h4 style=\"text-align: justify;\">Le 2 mai 1840 Vu le z\u00e8le empress\u00e9 qu\u2019apporte notre desservant dans l\u2019exercice de son minist\u00e8re et le fruit merveilleux produit depuis l\u2019\u00e9poque qu\u2019il administre la paroisse, le Conseil Municipal voulant et devant donner une preuve de satisfaction et de reconnaissance \u00e0 Monsieur le Cur\u00e9 vote une cr\u00e9dit de 100F et sera maintenu dans les budgets suivants<\/h4>\n<h4 style=\"text-align: justify;\">Le 2 mai 1840 Pour r\u00e9gler les travaux de remplacement de dif\u00e9rents ornements \u00e0 l\u2019\u00e9glise le Conseil Municipal d\u00e9cide de couper 40 ch\u00eanes du canton de la \u201cBry\u00e8re\u201d pour les exploiter.<\/h4>\n<h4 style=\"text-align: justify;\">Le 1<sup>er<\/sup> novembre 1840 le Conseil Municipal accorde au Cur\u00e9 la jouissance d\u2019un pr\u00e9 lieu-dit \u201cBetay\u201d estim\u00e9 \u00e0 un revenu de 40F<\/h4>\n<h4 style=\"text-align: justify;\">Le 2 mai 1841 recouverture int\u00e9grale de l\u2019\u00e9glise, du clocher, renouvellement \u00e0 neuf des autels collat\u00e9raux us\u00e9s de v\u00e9tust\u00e9s. Co\u00fbt des travaux plus de 2 000F pr\u00e9vus par la coupe extraordinaire de 1ha 60 dans le \u201cHaut Bois\u201d<\/h4>\n<h4 style=\"text-align: justify;\">Le 28 novembre 1841 Les travaux de l\u2019\u00e9glise sont effectu\u00e9s en partie par Martin Couttin doreur et peintre.<\/h4>\n<h4 style=\"text-align: justify;\">Ce n\u2019est qu\u2019apr\u00e8s la R\u00e9volution le 12 juillet 1790 que furent cr\u00e9\u00e9s les \u00e9v\u00each\u00e9s l\u2019un \u00e0 Colmar l\u2019autre \u00e0 Strasbourg. Les cur\u00e9s \u00e9taient alors \u00e9lus par les fid\u00e8les. Apr\u00e8s le Concordat de Napol\u00e9on I naissent les doyenn\u00e9s. En 1874 les paroisses incorpor\u00e9es \u00e0 l\u2019Empire Allemand rest\u00e8rent \u00e0 Strasbourg.Le 19 octobre 1833 D\u00e9c\u00e8s du p\u00e8re Genevois. L\u2019allocation qui lui \u00e9tait attribu\u00e9e est vers\u00e9e pour des r\u00e9parations de la Sous-Pr\u00e9fecture de Belfort<\/h4>\n","protected":false},"excerpt":{"rendered":"<p>La Religion Montreux-Vieux \u00e9tait ind\u00e9pendant et d\u00e9pendait des B\u00e9n\u00e9dictins de l\u2019Abba4ye de Valdieu depuis 1260 et aux J\u00e9suites de Valdieu, de St Morand et d\u2019 Ensisheim \u00e0 partir de 1636. Le 11 d\u00e9cembre 1819 le Conseil Municipal d\u00e9cide de donner &hellip; <a href=\"https:\/\/montreux-vieux.net\/?page_id=4276\">Continuer la lecture <span class=\"meta-nav\">&rarr;<\/span><\/a><\/p>\n","protected":false},"author":1,"featured_media":0,"parent":13028,"menu_order":2,"comment_status":"open","ping_status":"open","template":"","meta":{"footnotes":""},"class_list":["post-4276","page","type-page","status-publish","hentry"],"_links":{"self":[{"href":"https:\/\/montreux-vieux.net\/index.php?rest_route=\/wp\/v2\/pages\/4276","targetHints":{"allow":["GET"]}}],"collection":[{"href":"https:\/\/montreux-vieux.net\/index.php?rest_route=\/wp\/v2\/pages"}],"about":[{"href":"https:\/\/montreux-vieux.net\/index.php?rest_route=\/wp\/v2\/types\/page"}],"author":[{"embeddable":true,"href":"https:\/\/montreux-vieux.net\/index.php?rest_route=\/wp\/v2\/users\/1"}],"replies":[{"embeddable":true,"href":"https:\/\/montreux-vieux.net\/index.php?rest_route=%2Fwp%2Fv2%2Fcomments&post=4276"}],"version-history":[{"count":6,"href":"https:\/\/montreux-vieux.net\/index.php?rest_route=\/wp\/v2\/pages\/4276\/revisions"}],"predecessor-version":[{"id":12741,"href":"https:\/\/montreux-vieux.net\/index.php?rest_route=\/wp\/v2\/pages\/4276\/revisions\/12741"}],"up":[{"embeddable":true,"href":"https:\/\/montreux-vieux.net\/index.php?rest_route=\/wp\/v2\/pages\/13028"}],"wp:attachment":[{"href":"https:\/\/montreux-vieux.net\/index.php?rest_route=%2Fwp%2Fv2%2Fmedia&parent=4276"}],"curies":[{"name":"wp","href":"https:\/\/api.w.org\/{rel}","templated":true}]}}