{"id":4289,"date":"2015-02-05T15:42:41","date_gmt":"2015-02-05T14:42:41","guid":{"rendered":"http:\/\/montreux-vieux.net\/?page_id=4289"},"modified":"2015-02-05T15:43:00","modified_gmt":"2015-02-05T14:43:00","slug":"les-notariats-de-montreux","status":"publish","type":"page","link":"https:\/\/montreux-vieux.net\/?page_id=4289","title":{"rendered":"Les Notariats de Montreux"},"content":{"rendered":"<h3 style=\"text-align: center;\"><strong>Les notariats de Montreux<\/strong><\/h3>\n<h4 style=\"text-align: justify;\">Montreux avait son Notariat , les localit\u00e9s qui y \u00e9taient attach\u00e9es \u00e9taient celles du fief de Montreux.<\/h4>\n<h4 style=\"text-align: justify;\">Du 1-11-1685 au\u00a0 29-3-1750 JOBIN Jean-Pierre<\/h4>\n<h4 style=\"text-align: justify;\">Du 19-4-1750 au 26-8-1760 THEVENOT<\/h4>\n<h4 style=\"text-align: justify;\">Du 19-8-1752 au\u00a0 03-9-1760 JOBIN<\/h4>\n<h4 style=\"text-align: justify;\">Du 06-9-1760 AU 26-2-1794 PERONNE P.<\/h4>\n","protected":false},"excerpt":{"rendered":"<p>Les notariats de Montreux Montreux avait son Notariat , les localit\u00e9s qui y \u00e9taient attach\u00e9es \u00e9taient celles du fief de Montreux. Du 1-11-1685 au\u00a0 29-3-1750 JOBIN Jean-Pierre Du 19-4-1750 au 26-8-1760 THEVENOT Du 19-8-1752 au\u00a0 03-9-1760 JOBIN Du 06-9-1760 AU &hellip; <a href=\"https:\/\/montreux-vieux.net\/?page_id=4289\">Continuer la lecture <span class=\"meta-nav\">&rarr;<\/span><\/a><\/p>\n","protected":false},"author":1,"featured_media":0,"parent":4103,"menu_order":6,"comment_status":"open","ping_status":"open","template":"","meta":{"footnotes":""},"class_list":["post-4289","page","type-page","status-publish","hentry"],"_links":{"self":[{"href":"https:\/\/montreux-vieux.net\/index.php?rest_route=\/wp\/v2\/pages\/4289","targetHints":{"allow":["GET"]}}],"collection":[{"href":"https:\/\/montreux-vieux.net\/index.php?rest_route=\/wp\/v2\/pages"}],"about":[{"href":"https:\/\/montreux-vieux.net\/index.php?rest_route=\/wp\/v2\/types\/page"}],"author":[{"embeddable":true,"href":"https:\/\/montreux-vieux.net\/index.php?rest_route=\/wp\/v2\/users\/1"}],"replies":[{"embeddable":true,"href":"https:\/\/montreux-vieux.net\/index.php?rest_route=%2Fwp%2Fv2%2Fcomments&post=4289"}],"version-history":[{"count":1,"href":"https:\/\/montreux-vieux.net\/index.php?rest_route=\/wp\/v2\/pages\/4289\/revisions"}],"predecessor-version":[{"id":4290,"href":"https:\/\/montreux-vieux.net\/index.php?rest_route=\/wp\/v2\/pages\/4289\/revisions\/4290"}],"up":[{"embeddable":true,"href":"https:\/\/montreux-vieux.net\/index.php?rest_route=\/wp\/v2\/pages\/4103"}],"wp:attachment":[{"href":"https:\/\/montreux-vieux.net\/index.php?rest_route=%2Fwp%2Fv2%2Fmedia&parent=4289"}],"curies":[{"name":"wp","href":"https:\/\/api.w.org\/{rel}","templated":true}]}}