{"id":4291,"date":"2015-02-05T15:45:53","date_gmt":"2015-02-05T14:45:53","guid":{"rendered":"http:\/\/montreux-vieux.net\/?page_id=4291"},"modified":"2015-02-05T15:45:53","modified_gmt":"2015-02-05T14:45:53","slug":"le-premier-emprunt-de-la-communaute-de-montreux-vieux","status":"publish","type":"page","link":"https:\/\/montreux-vieux.net\/?page_id=4291","title":{"rendered":"Le premier emprunt de la communaut\u00e9 de Montreux-Vieux"},"content":{"rendered":"<h3 style=\"text-align: center;\"><strong>Le premier emprunt de la communaut\u00e9 de Montreux-Vieux<\/strong><\/h3>\n<h4 style=\"text-align: justify;\">C\u2019est en 1526 que la Communaut\u00e9 de Montreux-Vieux a fait son premier emprunt. Le montant s\u2019\u00e9levait \u00e0 50 livres, les int\u00e9r\u00eats \u00e9taient de 31\/2 livres Stebler par an et payables \u00e0 la Chandeleur. Le pr\u00eateur \u00e9tait le Seigneur Jean Hess, pr\u00eatre chanoine de Saint Thi\u00e9baut de Thann Chapelain de la Chapelle Saint Antoine de Saint L\u00e9ger de Masevaux. Tous les biens de la communaut\u00e9 furent engag\u00e9s. C\u2019est Jean de Montreux Seigneur de Montreux-Vieux et Bernardin de Reinach qui ont confirm\u00e9 l\u2019emprunt et appos\u00e9s leur sceau.<\/h4>\n<h4 style=\"text-align: justify;\">L\u2019acte r\u00e9dig\u00e9 sur parchemin a \u00e9t\u00e9 encadr\u00e9 depuis et visible en mairie de Montreux-Vieux.<\/h4>\n<p>&nbsp;<\/p>\n","protected":false},"excerpt":{"rendered":"<p>Le premier emprunt de la communaut\u00e9 de Montreux-Vieux C\u2019est en 1526 que la Communaut\u00e9 de Montreux-Vieux a fait son premier emprunt. Le montant s\u2019\u00e9levait \u00e0 50 livres, les int\u00e9r\u00eats \u00e9taient de 31\/2 livres Stebler par an et payables \u00e0 la &hellip; <a href=\"https:\/\/montreux-vieux.net\/?page_id=4291\">Continuer la lecture <span class=\"meta-nav\">&rarr;<\/span><\/a><\/p>\n","protected":false},"author":1,"featured_media":0,"parent":4103,"menu_order":7,"comment_status":"open","ping_status":"open","template":"","meta":{"footnotes":""},"class_list":["post-4291","page","type-page","status-publish","hentry"],"_links":{"self":[{"href":"https:\/\/montreux-vieux.net\/index.php?rest_route=\/wp\/v2\/pages\/4291","targetHints":{"allow":["GET"]}}],"collection":[{"href":"https:\/\/montreux-vieux.net\/index.php?rest_route=\/wp\/v2\/pages"}],"about":[{"href":"https:\/\/montreux-vieux.net\/index.php?rest_route=\/wp\/v2\/types\/page"}],"author":[{"embeddable":true,"href":"https:\/\/montreux-vieux.net\/index.php?rest_route=\/wp\/v2\/users\/1"}],"replies":[{"embeddable":true,"href":"https:\/\/montreux-vieux.net\/index.php?rest_route=%2Fwp%2Fv2%2Fcomments&post=4291"}],"version-history":[{"count":1,"href":"https:\/\/montreux-vieux.net\/index.php?rest_route=\/wp\/v2\/pages\/4291\/revisions"}],"predecessor-version":[{"id":4292,"href":"https:\/\/montreux-vieux.net\/index.php?rest_route=\/wp\/v2\/pages\/4291\/revisions\/4292"}],"up":[{"embeddable":true,"href":"https:\/\/montreux-vieux.net\/index.php?rest_route=\/wp\/v2\/pages\/4103"}],"wp:attachment":[{"href":"https:\/\/montreux-vieux.net\/index.php?rest_route=%2Fwp%2Fv2%2Fmedia&parent=4291"}],"curies":[{"name":"wp","href":"https:\/\/api.w.org\/{rel}","templated":true}]}}