{"id":4426,"date":"2015-02-12T09:45:17","date_gmt":"2015-02-12T08:45:17","guid":{"rendered":"http:\/\/montreux-vieux.net\/?page_id=4426"},"modified":"2018-12-25T15:56:30","modified_gmt":"2018-12-25T14:56:30","slug":"lenseignement","status":"publish","type":"page","link":"https:\/\/montreux-vieux.net\/?page_id=4426","title":{"rendered":"L&rsquo;Enseignement"},"content":{"rendered":"<h3 style=\"text-align: center;\"><strong>L&rsquo;Enseignement<\/strong><\/h3>\n<h4 style=\"text-align: justify;\">Vers 1812, la commune comptait alors 10 \u00e9l\u00e8ves indigents faisant un 5 \u00e8me de la classe. L\u2019instruction \u00e9tait gratis pour cette cat\u00e9gorie mais l\u2019instituteur par contre touchait&nbsp; 20 F pour ces \u00e9l\u00e8ves.<\/h4>\n<h4 style=\"text-align: justify;\">En &nbsp;1819&nbsp;&nbsp; l\u2019instituteur percevait 50 cts&nbsp; par \u00e9l\u00e8ve et par semaine. A titre de traitement la commune lui versait annuellement&nbsp; 50 F . Il \u00e9tait \u00e9galement r\u00e9tribu\u00e9 pour faire le sacristain \u00e0 l\u2019\u00e9glise et percevait annuellement 100 F. Il occupait \u00e0 la mairie-\u00e9cole un logement de&nbsp; 4 pi\u00e8ces dont le loyer \u00e9tait estim\u00e9 \u00e0 50 F. Il avait \u00e9galement droit \u00e0 4 st\u00e8res de bois de chauffage par an. Apr\u00e8s chaque modification du salaire l\u2019assembl\u00e9e inscrivait au registre la mention suivante \u201c<strong><em>somme reconnue suffisante pour r\u00e9tribuer un instituteur et faire jouir les enfants d\u2019un bon enseignemen<\/em><\/strong><em>t<\/em>\u201d.<\/h4>\n<h4 style=\"text-align: justify;\">Le Budget de la commune de la m\u00eame ann\u00e9e s\u2019\u00e9levait \u00e0 701.32 F.&nbsp; Le salaire du secr\u00e9taire \u00e9tait de 60 F par an, celui du garde champ\u00eatre de 48 F&nbsp; les fournitures de bureau et d\u00e9placement du maire \u00e0 49 F.<\/h4>\n<h4 style=\"text-align: justify;\">Le 23 ao\u00fbt 1830 le salaire de l\u2019instituteur a \u00e9t\u00e9 fix\u00e9 comme suit :<\/h4>\n<ul style=\"text-align: justify;\">\n<li>\n<h5>\u00e9valuation du logement 60 F<\/h5>\n<\/li>\n<li>\n<h5>par enfant 10 cts par semaine sauf pour les indigents<\/h5>\n<\/li>\n<li>\n<h5>il jouira d\u2019un coin de terre \u00e9valu\u00e9 \u00e0 10 F<\/h5>\n<\/li>\n<li>\n<h5>Il recevra annuellement sur le produit de la taxe d\u2019affouage 200 F \u00e0 titre de traitement<\/h5>\n<\/li>\n<li>\n<h5>Il doit faire le service d\u2019organiste pour 30 F<\/h5>\n<\/li>\n<li>\n<h5>Il aura droit \u00e0 4 st\u00e8res de bois.<\/h5>\n<\/li>\n<\/ul>\n<h4 style=\"text-align: justify;\">&nbsp;En 1836 le salaire de l\u2019instituteur est de 350 F<\/h4>\n<h4 style=\"text-align: justify;\">Le 18 mai 1846 d\u00e9c\u00e8s de l\u2019instituteur, la commune cherche alors un rempla\u00e7ant. Elle&nbsp;traite provisoirement avec le sieur Erhard Jean d\u2019Ueberstrass non brevet\u00e9, et pauvre.<\/h4>\n<h4 style=\"text-align: justify;\">Le 2 d\u00e9cembre de la m\u00eame ann\u00e9e l\u2019on proc\u00e9da \u00e0 l\u2019installation d\u2019un comit\u00e9 d\u2019instruction primaire. Sa composition \u00e9tait la suivante : Gevrier Fran\u00e7ois Charbonnier Jean Pierre et Patat Jean Pierre.<\/h4>\n<h4 style=\"text-align: justify;\">Le 24 d\u00e9cembre 1848 une carte g\u00e9ographique a \u00e9t\u00e9 achet\u00e9e pour la salle de l\u2019\u00e9cole pour 14.15 F<\/h4>\n<h4 style=\"text-align: justify;\">Le traitement de l\u2019instituteur a \u00e9t\u00e9 modifi\u00e9 le 10 mai 1850 et port\u00e9 \u00e0 600 F<\/h4>\n<h4 style=\"text-align: justify;\">Le 2 f\u00e9vrier 1851 une indemnit\u00e9 de 12 F est allou\u00e9e \u00e0 l\u2019instituteur alors \u00e9galement sacristain pour sonner la retraite les jours de f\u00eates et dimanches.<\/h4>\n<h4 style=\"text-align: justify;\">En 1855 le ma\u00e7on Greber proc\u00e8de \u00e0 des travaux \u00e0 l\u2019\u00e9cole pour 44.45 F<\/h4>\n<h4 style=\"text-align: justify;\">Le 24 juillet 1855 le salaire de l\u2019instituteur est fix\u00e9 \u00e0 852.55 F<\/h4>\n<h4 style=\"text-align: justify;\">Le 10 mai 1862 Le sieur Boly fut nomm\u00e9 par l\u2019Inspection d\u2019Acad\u00e9mie en tant qu\u2019instituteur public . Ce dernier accepte le poste sous conditions 600 F plus la fourniture de bois de chauffage, sacristain et sonnera la retraite 150 F. Il n\u2019est accord\u00e9 aucun Casuel obligatoire que pour la messe de fondations.<\/h4>\n<h4 style=\"text-align: justify;\">Le salaire de l\u2019instituteur a \u00e9t\u00e9 fix\u00e9 en 1872 \u00e0 700F le 23 f\u00e9vrier&nbsp; 1873 \u00e0 900F et le 11 d\u00e9cembre 1873 \u00e0 1200 F<\/h4>\n<h4 style=\"text-align: justify;\">Le 21 d\u00e9cembre 1875 un projet de construction d\u2019une maison d\u2019\u00e9cole est discut\u00e9 au conseil municipal ainsi que&nbsp; sur des travaux de&nbsp; r\u00e9paration \u00e0 l\u2019\u00e9glise. Un cr\u00e9dit de 10 000 M et 15cts additionnels aux 4 contributions pendant 20 ans \u00e0 partir de 1877 sont vot\u00e9s.<\/h4>\n<h4 style=\"text-align: justify;\">Le 14 mai 1876 la demande de Grosjean Edouard concernant l\u2019admission gratuite de ses&nbsp;enfants \u00e0 l\u2019\u00e9cole est accept\u00e9e et de lire: <strong>\u201c<em>Vu l\u2019\u00e9tat presque complet d\u2019indigence dans lequel se trouve le nomm\u00e9 Grosjean est d\u2019avis \u00e0 faire droit \u00e0 sa demande<\/em><em>\u201d.<\/em><\/strong><\/h4>\n<h4 style=\"text-align: justify;\">Le 4 f\u00e9vrier 1877 le taux de r\u00e9tribution scolaire est fix\u00e9 pour 1878 \u00e0 4 M 80 pf par \u00e9l\u00e8ve.<\/h4>\n<h4 style=\"text-align: justify;\">En parcourant&nbsp; le budget de 1877 on peut lire qu\u2019une recette de 1.45 M a \u00e9t\u00e9 per\u00e7ue pour absence \u00e0 l\u2019\u00e9cole.<\/h4>\n<h4 style=\"text-align: justify;\">Le 19 f\u00e9vrier 1881&nbsp; les habitants demandent que la nouvelle maison d\u2019\u00e9cole n\u2019atteigne pas la route mais qu\u2019elle soit recul\u00e9e.&nbsp;S\u2019\u00e9tant rendu sur place le conseil municipal a jug\u00e9 que le coup d\u2019oeil serait plus beau, que des arbres peuvent \u00eatre plant\u00e9s dans la cour au Sud.<\/h4>\n","protected":false},"excerpt":{"rendered":"<p>L&rsquo;Enseignement Vers 1812, la commune comptait alors 10 \u00e9l\u00e8ves indigents faisant un 5 \u00e8me de la classe. L\u2019instruction \u00e9tait gratis pour cette cat\u00e9gorie mais l\u2019instituteur par contre touchait&nbsp; 20 F pour ces \u00e9l\u00e8ves. En &nbsp;1819&nbsp;&nbsp; l\u2019instituteur percevait 50 cts&nbsp; par &hellip; <a href=\"https:\/\/montreux-vieux.net\/?page_id=4426\">Continuer la lecture <span class=\"meta-nav\">&rarr;<\/span><\/a><\/p>\n","protected":false},"author":1,"featured_media":0,"parent":12826,"menu_order":2,"comment_status":"open","ping_status":"open","template":"","meta":{"footnotes":""},"class_list":["post-4426","page","type-page","status-publish","hentry"],"_links":{"self":[{"href":"https:\/\/montreux-vieux.net\/index.php?rest_route=\/wp\/v2\/pages\/4426","targetHints":{"allow":["GET"]}}],"collection":[{"href":"https:\/\/montreux-vieux.net\/index.php?rest_route=\/wp\/v2\/pages"}],"about":[{"href":"https:\/\/montreux-vieux.net\/index.php?rest_route=\/wp\/v2\/types\/page"}],"author":[{"embeddable":true,"href":"https:\/\/montreux-vieux.net\/index.php?rest_route=\/wp\/v2\/users\/1"}],"replies":[{"embeddable":true,"href":"https:\/\/montreux-vieux.net\/index.php?rest_route=%2Fwp%2Fv2%2Fcomments&post=4426"}],"version-history":[{"count":2,"href":"https:\/\/montreux-vieux.net\/index.php?rest_route=\/wp\/v2\/pages\/4426\/revisions"}],"predecessor-version":[{"id":12828,"href":"https:\/\/montreux-vieux.net\/index.php?rest_route=\/wp\/v2\/pages\/4426\/revisions\/12828"}],"up":[{"embeddable":true,"href":"https:\/\/montreux-vieux.net\/index.php?rest_route=\/wp\/v2\/pages\/12826"}],"wp:attachment":[{"href":"https:\/\/montreux-vieux.net\/index.php?rest_route=%2Fwp%2Fv2%2Fmedia&parent=4426"}],"curies":[{"name":"wp","href":"https:\/\/api.w.org\/{rel}","templated":true}]}}