{"id":4430,"date":"2015-02-12T10:10:56","date_gmt":"2015-02-12T09:10:56","guid":{"rendered":"http:\/\/montreux-vieux.net\/?page_id=4430"},"modified":"2015-02-12T10:10:56","modified_gmt":"2015-02-12T09:10:56","slug":"liste-des-gardes-champetres-de-1821-a-1866","status":"publish","type":"page","link":"https:\/\/montreux-vieux.net\/?page_id=4430","title":{"rendered":"Liste des gardes champ\u00eatres de  1821  \u00e0 1866"},"content":{"rendered":"<h3 style=\"text-align: center;\">Liste des gardes champ\u00eatres de 1821 \u00e0 1866<\/h3>\n<h4 style=\"text-align: center;\">24\/1\/1821 Le Garde Champ\u00eatre\u00a0 Fran\u00e7ois Xavier Patat est remplac\u00e9 par Jean Pierre Cuenin fils de Jacques\u00a0 qui a perdu la confiance de l\u2019administration par des actes r\u00e9pr\u00e9hensibles et par n\u00e9gligence<\/h4>\n<h4 style=\"text-align: center;\">21\/1\/1822 Patat Jean Pierre Modeste remplace Patat\u00a0 Fran\u00e7ois Xavier d\u00e9missionnaire<\/h4>\n<h4 style=\"text-align: center;\">\u00a019\/4\/1827 Remplacement du Garde Champ\u00eatre Jean Claude Patat par Serre Joseph domicili\u00e9 \u00e0 Chaux ancien militaire retrait\u00e9<\/h4>\n<h4 style=\"text-align: center;\">\u00a0Le choix du garde chasse se porte sur Charles Joseph Cuenin en remplacement de Poure Fran\u00e7ois Xavier d\u00e9missionnaire<\/h4>\n<h4 style=\"text-align: center;\">\u00a014\/7\/1832 Garde Champ\u00eatre Grosjean Louis remplace\u00a0 Cuenin Claude Joseph d\u00e9missionnaire<\/h4>\n<h4 style=\"text-align: center;\">\u00a022\/2\/1834 Garde champ\u00eatre Jean Claude Patat\u00a0\u00a0 salaire annuel 35F<\/h4>\n<h4 style=\"text-align: center;\">\u00a02\/1\/1836 d\u00e9mission de Jean Claude Patat remplac\u00e9 par Grosjean Joseph , salaire annuel\u00a0 37f<\/h4>\n<h4 style=\"text-align: center;\">\u00a01\/2\/1837\u00a0 Grosjean Joseph D\u00e9missionne rempl.ac\u00e9 par Jean Claude Bocoud\u00a0 pour 37f an<\/h4>\n<h4 style=\"text-align: center;\">1\/5\/1838 d\u00e9mission de Jean Claude Beroud remplac\u00e9 par Louis Grosjean fils de Joseph , salaire annuel 35F<\/h4>\n<h4 style=\"text-align: center;\">18\/11\/1838 d\u00e9mission de Grosjean Louis remplac\u00e9 par\u00a0 Patat Pierre Mickel, salaire annuel\u00a0 38F<\/h4>\n<h4 style=\"text-align: center;\">28\/4\/1844 d\u00e9mission\u00a0 de Patat Michel remplac\u00e9 par Grosjean Joseph\u00a0 fils de Jacques, salaire annuel\u00a0 40f<\/h4>\n<h4 style=\"text-align: center;\">\u00a01\/8\/1850 d\u00e9mission de Grosjean Joseph nomm\u00e9 Patat Pierre Michel , salaire annuel 40f<\/h4>\n<h4 style=\"text-align: justify;\">15\/5\/1866 Le salaire du garde champ\u00eatre pour 1857 a \u00e9t\u00e9 augment\u00e9 de 3 cts sp\u00e9ciaux, les plus impos\u00e9s ont refus\u00e9 de signer all\u00e9guant que la commune avait des ressources suffisantes pour faire face \u00e0 cette d\u00e9pense.<\/h4>\n","protected":false},"excerpt":{"rendered":"<p>Liste des gardes champ\u00eatres de 1821 \u00e0 1866 24\/1\/1821 Le Garde Champ\u00eatre\u00a0 Fran\u00e7ois Xavier Patat est remplac\u00e9 par Jean Pierre Cuenin fils de Jacques\u00a0 qui a perdu la confiance de l\u2019administration par des actes r\u00e9pr\u00e9hensibles et par n\u00e9gligence 21\/1\/1822 Patat &hellip; <a href=\"https:\/\/montreux-vieux.net\/?page_id=4430\">Continuer la lecture <span class=\"meta-nav\">&rarr;<\/span><\/a><\/p>\n","protected":false},"author":1,"featured_media":0,"parent":4103,"menu_order":11,"comment_status":"open","ping_status":"open","template":"","meta":{"footnotes":""},"class_list":["post-4430","page","type-page","status-publish","hentry"],"_links":{"self":[{"href":"https:\/\/montreux-vieux.net\/index.php?rest_route=\/wp\/v2\/pages\/4430","targetHints":{"allow":["GET"]}}],"collection":[{"href":"https:\/\/montreux-vieux.net\/index.php?rest_route=\/wp\/v2\/pages"}],"about":[{"href":"https:\/\/montreux-vieux.net\/index.php?rest_route=\/wp\/v2\/types\/page"}],"author":[{"embeddable":true,"href":"https:\/\/montreux-vieux.net\/index.php?rest_route=\/wp\/v2\/users\/1"}],"replies":[{"embeddable":true,"href":"https:\/\/montreux-vieux.net\/index.php?rest_route=%2Fwp%2Fv2%2Fcomments&post=4430"}],"version-history":[{"count":1,"href":"https:\/\/montreux-vieux.net\/index.php?rest_route=\/wp\/v2\/pages\/4430\/revisions"}],"predecessor-version":[{"id":4431,"href":"https:\/\/montreux-vieux.net\/index.php?rest_route=\/wp\/v2\/pages\/4430\/revisions\/4431"}],"up":[{"embeddable":true,"href":"https:\/\/montreux-vieux.net\/index.php?rest_route=\/wp\/v2\/pages\/4103"}],"wp:attachment":[{"href":"https:\/\/montreux-vieux.net\/index.php?rest_route=%2Fwp%2Fv2%2Fmedia&parent=4430"}],"curies":[{"name":"wp","href":"https:\/\/api.w.org\/{rel}","templated":true}]}}