{"id":4434,"date":"2015-02-12T10:51:59","date_gmt":"2015-02-12T09:51:59","guid":{"rendered":"http:\/\/montreux-vieux.net\/?page_id=4434"},"modified":"2015-02-12T10:51:59","modified_gmt":"2015-02-12T09:51:59","slug":"terrains-et-forets","status":"publish","type":"page","link":"https:\/\/montreux-vieux.net\/?page_id=4434","title":{"rendered":"Terrains et for\u00eats"},"content":{"rendered":"<h3 style=\"text-align: center;\"><strong>Terrains et for\u00eats<\/strong><\/h3>\n<h4 style=\"text-align: justify;\">Le 2 juin 1819 le Conseil Municipal consid\u00e9rant qu\u2019il existait un terrain communal \u00ab\u00a0\u00a0au levant et midi\u00a0\u00bb de l\u2019habitation du sieur Louis Kleinendions lequel avait adress\u00e9 une p\u00e9tition au Pr\u00e9fet de Belfort a d\u00e9cid\u00e9 de lui c\u00e9der \u00e0 la condition que le prix soit fix\u00e9 par deux experts nomm\u00e9s l\u2019un par la commune l\u2019autre par l\u2019acheteur.<\/h4>\n<h4 style=\"text-align: justify;\">Le 11 d\u00e9cembre 1819\u00a0 la coupe de bois annuelle a \u00e9t\u00e9 arr\u00eat\u00e9e comme suit : 4 st\u00e8res pour l\u2019\u00e9cole, 4 st\u00e8res pour M. le Cur\u00e9, 19 st\u00e8res pour le Corps de Garde et 4 st\u00e8res pour la commune.<\/h4>\n<h4 style=\"text-align: justify;\">Le 10 novembre 1820 la for\u00eat du Breuleux est mis en vente en 16 \u201cportions\u201d par la famille Reinach de Foussemagne. La vente fut annul\u00e9e, le Conseil Municipal en date du 10 novembre 1820 s\u2019\u00e9tant oppos\u00e9\u00a0 \u00e0 celle-ci consid\u00e9rant que cette for\u00eat \u00e9tait investie par la commune d\u2019un droit de \u201cp\u00e2turage\u201d.<\/h4>\n<h4 style=\"text-align: justify;\">Le 25 mai 1822 Joseph Cuenin le vieux accepte un terrain de la commune. L\u2019acte de vente a \u00e9t\u00e9 sign\u00e9 devant Me Charbonnier, Notaire Royal \u00e0 Foussemagne.<\/h4>\n<h4 style=\"text-align: justify;\">\u00a0Le 12 ao\u00fbt 1822 le Conseil Municipal a nomm\u00e9 2 experts pour le bornage d\u2019un \u201ccanton\u201d de champs que c\u00e8de Jean Pierre Charbonnier \u00e0 la commune\u00a0 en terre \u201cvague et vaine de midi et minuit\u201d jouxtant la for\u00eat\u00a0 \u201cLe Jeune Bois\u201d \u201cde levant et le ruisseau la Grubaine de couchant\u201d.<\/h4>\n<h4 style=\"text-align: justify;\">Le 27 janvier 1830 un trait\u00e9 fut sign\u00e9 pour le r\u00e8glement des frais de fa\u00e7onnage de bois entre les b\u00fbcherons, la commune et le garde g\u00e9n\u00e9ral<\/h4>\n<h4 style=\"text-align: justify;\">Le 30 ao\u00fbt 1830 le salaire\u00a0 du sieur Fran\u00e7ois Xavier Patat, journalier a \u00e9t\u00e9 fix\u00e9 \u00e0 2F, 45 par 4 st\u00e8res de bois fa\u00e7onn\u00e9 , empil\u00e9 et autant par cent de fagots . Il lui fut demand\u00e9 de s\u2019engager \u00e9galement \u00e0 planter 6 000 \u201cracines\u201d arbres.<\/h4>\n<h4 style=\"text-align: justify;\">Le 26 f\u00e9vrier 1831 Le Sous-Pr\u00e9fet demande \u00e0 la commune de couper et vendre 8 ch\u00eanes pour \u00e9quiper la garde nationale.<\/h4>\n<h4 style=\"text-align: justify;\">Le 12 septembre 1831 le sieur Cuenin et Heck Georges D\u00e9sir\u00e9 b\u00e9n\u00e9ficient d\u2019un contrat de travaux de fa\u00e7onnage de bois. Ils devront \u00e9galement planter 6 000 bois apr\u00e8s avoir extirp\u00e9 les bruy\u00e8res avant la plantation et creuser 251 m de foss\u00e9s.<\/h4>\n<h4 style=\"text-align: justify;\">Le 10 avril 1832 le Conseil Municipal a d\u00e9cid\u00e9 de mettre en culture par voie de fermage un terrain communal inculte\u00a0 situ\u00e9 entre la for\u00eat dite \u201cLa Bri\u00e8re\u00a0 de levant \u201c\u00a0 et la chauss\u00e9e de \u201cLa Grande Route\u00a0 de couchant\u201d\u00a0 La longueur de celiui-ci \u00e9tant de 420 m sur environ 20 m de largeur.<\/h4>\n<h4 style=\"text-align: justify;\">Le 20 janvier 1835 a \u00e9t\u00e9 d\u00e9cid\u00e9 que la totalit\u00e9 de la coupe de bois sera\u00a0 r\u00e9serv\u00e9e aux habitants de la commune compte tenu qu\u2019il est tr\u00e8s difficile de se procurer du bois.<\/h4>\n<h4 style=\"text-align: justify;\">Le 1<sup>er<\/sup> f\u00e9vrier\u00a0 1835 il a \u00e9t\u00e9 d\u00e9cid\u00e9 qu\u2019une plantation de bois se fera de chaque cot\u00e9 des chemins afin de les rendre plus visibles. Une demande a \u00e9t\u00e9 adress\u00e9e au Pr\u00e9fet afin que les habitants puissent cr\u00e9er de jeunes for\u00eats. Une distance de 5 m s\u00e9parera les plantations.<\/h4>\n<h4 style=\"text-align: justify;\">Le 4 f\u00e9vrier 1836 suite \u00e0 plusieurs plaintes le maire a r\u00e9dig\u00e9 un r\u00e8glement imposant aux propri\u00e9taires de champs en jach\u00e8res qui les s\u00e8meront de laisser un passage afin que les troupeaux\u00a0 puisent aller et venir au lieu-dit \u201cLes longues raies\u201d<\/h4>\n<h4 style=\"text-align: justify;\">Le 4 f\u00e9vrier 1836 les terrains ou \u00e9taient extraits les mat\u00e9riaux \u201csur le vernois\u201d \u00e9taient mis en affermage pendant 9 ans, charge au locataire de les combler, les niveler et les ensemencer.<\/h4>\n<h4 style=\"text-align: justify;\">Le 6 mai 1836 le Conseil Municipal demande au Pr\u00e9fet l\u2019autorisation\u00a0 d\u2019\u00e9claircir un canton de bois du Breuleux dont la commune est propri\u00e9taire.<\/h4>\n<h4 style=\"text-align: justify;\">Le 8 mai 1855 la coupe de bois pour l\u2019ann\u00e9e est fix\u00e9e comme suit : 6 st\u00e8res et 100 fagots pour la salle de l\u2019\u00e9cole et 3 billes ch\u00eanes pour les services communaux.<\/h4>\n<h4 style=\"text-align: justify;\">Le 5 ao\u00fbt 1855 Gerber Pierre Louis fut charg\u00e9 de la plantation de 5 000 ch\u00eanes au \u201cJeune Bois\u201d<\/h4>\n<h4 style=\"text-align: justify;\">Le 10 juin 1856 le Conseil Municipal vote un cr\u00e9dit de 10 f pour frais d\u2019habillement et d\u2019\u00e9quipement du garde forestier local.<\/h4>\n<h4 style=\"text-align: justify;\">Le 3 ao\u00fbt 1857\u00a0 un nouveau cr\u00e9dit de 10 f a \u00e9t\u00e9 vot\u00e9 pour l\u2019habillement du garde forestier local<\/h4>\n<h4 style=\"text-align: justify;\">\u00a0Le 2 avril 1876 M. Roess est nomm\u00e9 garde forestier.<\/h4>\n<h4 style=\"text-align: justify;\">Le 23 juin 1856 le Conseil Municipal demande que le d\u00e9ficit provoqu\u00e9 par le passage du chemin de fer dans le Breuleur soit compens\u00e9 par la r\u00e9int\u00e9gration en for\u00eat communale de la parcelle dit du \u201cBois Jur\u00e9\u201d<\/h4>\n<h4 style=\"text-align: justify;\">Le 23 juin 1858 la superficie de la for\u00eat communale est de 53 ha surface \u00e9tant la m\u00eame en 2003.<\/h4>\n<h4 style=\"text-align: justify;\">Le 13 avril 1862 la commune est oblig\u00e9e de verser au Pr\u00e9fet la somme de 10 f pour le contingent des frais de nourriture des d\u00e9linquants forestiers insolvables.<\/h4>\n<h4 style=\"text-align: justify;\">Le 11 janvier 1863 le Conseil Municipal d\u00e9cide de sortir des for\u00eats pendant 3 ans de suite, 120 cerisiers pour les planter le long des chemins 32 et 38.<\/h4>\n<h4 style=\"text-align: justify;\">Le 10 f\u00e9vrier 1863 le Conseil Municipal vote un cr\u00e9dit \u00e0 titre de gratification au garde forestier Pelletier de 10 f pour lui prouver sa gratitude.<\/h4>\n<h4 style=\"text-align: justify;\"><\/h4>\n","protected":false},"excerpt":{"rendered":"<p>Terrains et for\u00eats Le 2 juin 1819 le Conseil Municipal consid\u00e9rant qu\u2019il existait un terrain communal \u00ab\u00a0\u00a0au levant et midi\u00a0\u00bb de l\u2019habitation du sieur Louis Kleinendions lequel avait adress\u00e9 une p\u00e9tition au Pr\u00e9fet de Belfort a d\u00e9cid\u00e9 de lui c\u00e9der &hellip; <a href=\"https:\/\/montreux-vieux.net\/?page_id=4434\">Continuer la lecture <span class=\"meta-nav\">&rarr;<\/span><\/a><\/p>\n","protected":false},"author":1,"featured_media":0,"parent":4103,"menu_order":12,"comment_status":"open","ping_status":"open","template":"","meta":{"footnotes":""},"class_list":["post-4434","page","type-page","status-publish","hentry"],"_links":{"self":[{"href":"https:\/\/montreux-vieux.net\/index.php?rest_route=\/wp\/v2\/pages\/4434","targetHints":{"allow":["GET"]}}],"collection":[{"href":"https:\/\/montreux-vieux.net\/index.php?rest_route=\/wp\/v2\/pages"}],"about":[{"href":"https:\/\/montreux-vieux.net\/index.php?rest_route=\/wp\/v2\/types\/page"}],"author":[{"embeddable":true,"href":"https:\/\/montreux-vieux.net\/index.php?rest_route=\/wp\/v2\/users\/1"}],"replies":[{"embeddable":true,"href":"https:\/\/montreux-vieux.net\/index.php?rest_route=%2Fwp%2Fv2%2Fcomments&post=4434"}],"version-history":[{"count":1,"href":"https:\/\/montreux-vieux.net\/index.php?rest_route=\/wp\/v2\/pages\/4434\/revisions"}],"predecessor-version":[{"id":4435,"href":"https:\/\/montreux-vieux.net\/index.php?rest_route=\/wp\/v2\/pages\/4434\/revisions\/4435"}],"up":[{"embeddable":true,"href":"https:\/\/montreux-vieux.net\/index.php?rest_route=\/wp\/v2\/pages\/4103"}],"wp:attachment":[{"href":"https:\/\/montreux-vieux.net\/index.php?rest_route=%2Fwp%2Fv2%2Fmedia&parent=4434"}],"curies":[{"name":"wp","href":"https:\/\/api.w.org\/{rel}","templated":true}]}}