{"id":4558,"date":"2015-02-16T11:52:28","date_gmt":"2015-02-16T10:52:28","guid":{"rendered":"http:\/\/montreux-vieux.net\/?page_id=4558"},"modified":"2021-07-24T15:25:50","modified_gmt":"2021-07-24T14:25:50","slug":"les-services-administratifs","status":"publish","type":"page","link":"https:\/\/montreux-vieux.net\/?page_id=4558","title":{"rendered":"Les Services Administratifs"},"content":{"rendered":"<h3 style=\"text-align: center;\"><strong>\u00a0<span style=\"color: #800000;\">Services administratifs<\/span><\/strong><\/h3>\n<h4 style=\"text-align: center;\"><span style=\"color: #333333;\"><strong>Mairie et\u00a0Agence Postale<\/strong><\/span><\/h4>\n<div id=\"attachment_4466\" style=\"width: 595px\" class=\"wp-caption aligncenter\"><a href=\"http:\/\/montreux-vieux.net\/montreux-vieux.net\/wp-content\/uploads\/2015\/01\/ScreenShot334.jpg\" target=\"_blank\" rel=\"noopener\"><img loading=\"lazy\" decoding=\"async\" aria-describedby=\"caption-attachment-4466\" class=\"wp-image-4466 size-full\" src=\"http:\/\/montreux-vieux.net\/montreux-vieux.net\/wp-content\/uploads\/2015\/01\/ScreenShot334.jpg\" alt=\"Mairie et Poste\" width=\"585\" height=\"353\" srcset=\"https:\/\/montreux-vieux.net\/montreux-vieux.net\/wp-content\/uploads\/2015\/01\/ScreenShot334.jpg 585w, https:\/\/montreux-vieux.net\/montreux-vieux.net\/wp-content\/uploads\/2015\/01\/ScreenShot334-300x181.jpg 300w\" sizes=\"auto, (max-width: 585px) 100vw, 585px\" \/><\/a><p id=\"caption-attachment-4466\" class=\"wp-caption-text\">Mairie et Agence Postale 1, rue des Vosges Ouvert du lundi au samedi de 9h \u00e0 12h T\u00e9l\u00e9phone : 03 89 25 20 87 Adresse e-mail : montreux-vieux@wanadoo.fr<\/p><\/div>\n<h5 style=\"text-align: center;\"><\/h5>\n","protected":false},"excerpt":{"rendered":"<p>\u00a0Services administratifs Mairie et\u00a0Agence Postale<\/p>\n","protected":false},"author":1,"featured_media":0,"parent":4099,"menu_order":1,"comment_status":"open","ping_status":"open","template":"","meta":{"footnotes":""},"class_list":["post-4558","page","type-page","status-publish","hentry"],"_links":{"self":[{"href":"https:\/\/montreux-vieux.net\/index.php?rest_route=\/wp\/v2\/pages\/4558","targetHints":{"allow":["GET"]}}],"collection":[{"href":"https:\/\/montreux-vieux.net\/index.php?rest_route=\/wp\/v2\/pages"}],"about":[{"href":"https:\/\/montreux-vieux.net\/index.php?rest_route=\/wp\/v2\/types\/page"}],"author":[{"embeddable":true,"href":"https:\/\/montreux-vieux.net\/index.php?rest_route=\/wp\/v2\/users\/1"}],"replies":[{"embeddable":true,"href":"https:\/\/montreux-vieux.net\/index.php?rest_route=%2Fwp%2Fv2%2Fcomments&post=4558"}],"version-history":[{"count":5,"href":"https:\/\/montreux-vieux.net\/index.php?rest_route=\/wp\/v2\/pages\/4558\/revisions"}],"predecessor-version":[{"id":23785,"href":"https:\/\/montreux-vieux.net\/index.php?rest_route=\/wp\/v2\/pages\/4558\/revisions\/23785"}],"up":[{"embeddable":true,"href":"https:\/\/montreux-vieux.net\/index.php?rest_route=\/wp\/v2\/pages\/4099"}],"wp:attachment":[{"href":"https:\/\/montreux-vieux.net\/index.php?rest_route=%2Fwp%2Fv2%2Fmedia&parent=4558"}],"curies":[{"name":"wp","href":"https:\/\/api.w.org\/{rel}","templated":true}]}}