{"id":4560,"date":"2015-02-16T11:53:01","date_gmt":"2015-02-16T10:53:01","guid":{"rendered":"http:\/\/montreux-vieux.net\/?page_id=4560"},"modified":"2016-09-02T15:17:50","modified_gmt":"2016-09-02T14:17:50","slug":"les-services-sociaux","status":"publish","type":"page","link":"https:\/\/montreux-vieux.net\/?page_id=4560","title":{"rendered":"Les Services Sociaux"},"content":{"rendered":"<h3 style=\"text-align: center;\"><a href=\"http:\/\/montreux-vieux.net\/montreux-vieux.net\/wp-content\/uploads\/2015\/02\/ScreenShot339.jpg\" target=\"_blank\"><img loading=\"lazy\" decoding=\"async\" class=\"aligncenter wp-image-4576 size-full\" src=\"http:\/\/montreux-vieux.net\/montreux-vieux.net\/wp-content\/uploads\/2015\/02\/ScreenShot339.jpg\" alt=\"ScreenShot339\" width=\"207\" height=\"163\" \/><\/a><\/h3>\n<h3 style=\"text-align: center;\"><strong>D\u00e9finition du Centre communal d&rsquo;action sociale<\/strong><\/h3>\n<h4 style=\"text-align: justify;\">Le CCAS est une structure de proximit\u00e9 au service de tous les habitants de la commune, de la petite enfance aux personnes \u00e2g\u00e9es .<\/h4>\n<h4 style=\"text-align: justify;\">Le CCAS anime une action g\u00e9n\u00e9rale de pr\u00e9vention et de d\u00e9veloppement social dans la commune. Le CCAS participe aussi \u00e0 la lutte contre l&rsquo;exclusion et la pauvret\u00e9, en oeuvrant de concert avec les institutions menant des actions de d\u00e9veloppement social.<\/h4>\n<h4 style=\"text-align: justify;\">Le Centre Communal d\u2019Action Sociale (CCAS) de Montreux Vieux a \u00e9t\u00e9 cr\u00e9\u00e9 le 24 novembre 2008. Il est administr\u00e9 par un conseil d&rsquo;administration pr\u00e9sid\u00e9 par le Maire. 11 membres, (6 membres du conseil municipal et 5 membres issus d\u2019associations locales (repr\u00e9sentants des familles, de l\u2019enfance, des personnes \u00e2g\u00e9es, des personnes handicap\u00e9es,\u2026)<\/h4>\n<h4 style=\"text-align: justify;\">Il convient de souligner que <b>tous les membres du C.C.A.S sont soumis \u00e0 la plus parfaite r\u00e9serve, et \u00e0 la plus grande confidentialit\u00e9<\/b>.<\/h4>\n<h3 style=\"text-align: center;\">Les missions du C.C.A.S<\/h3>\n<h4 style=\"text-align: justify;\">Lorsque les familles sont \u00e0 la recherche d\u2019informations, lorsqu\u2019une personne ne sait pas \u00e0 quelle aide elle a droit ni comment la solliciter, si elle est en souffrance et a besoin d\u2019\u00eatre \u00e9cout\u00e9e, conseill\u00e9e, si elle se sent seule\u2026. le Centre Communal d&rsquo;Action Sociale (.CC.A.S) est souvent la meilleure adresse.<\/h4>\n<h4 style=\"text-align: justify;\">A Montreux Vieux, le CCAS ne se substitue pas \u00e0 l\u2019association PSR (Partage solidarit\u00e9 Regroupement) qui agit sur 6 communes. Cette association effectue un travail admirable dans le domaine de la pr\u00e9carit\u00e9 (banque alimentaire, v\u00eatements\u2026.) en liaison avec les assistantes sociales de secteur.<\/h4>\n<h4 style=\"text-align: justify;\">Le CCAS de Montreux Vieux se veut \u00eatre compl\u00e9mentaire sur la commune.<\/h4>\n<h3 style=\"text-align: center;\">Contact<\/h3>\n<h4 style=\"text-align: justify;\">Pour toutes vos demandes, contactez le C.CA.S :<\/h4>\n<h4 style=\"text-align: justify;\">Mairie<\/h4>\n<h4 style=\"text-align: justify;\">1, Rue des Vosges<\/h4>\n<h4 style=\"text-align: justify;\">68210 MONTREUX-VIEUX<\/h4>\n<h4 style=\"text-align: justify;\">Tel 03 89 25 20 87. \u00a0N\u2019 h\u00e9sitez pas \u00e0 laisser un message sur le r\u00e9pondeur de ce portable<\/h4>\n<h4 style=\"text-align: justify;\">Fax : 03 89 25 22 59<\/h4>\n<h4 style=\"text-align: justify;\">montreux-vieux@wanadoo.fr<\/h4>\n<h4 style=\"text-align: justify;\">Horaires d&rsquo;ouverture des bureaux<\/h4>\n<h4 style=\"text-align: justify;\">Les bureaux \u00a0sont ouverts du lundi au samedi de 9h \u00e0 12 h<\/h4>\n","protected":false},"excerpt":{"rendered":"<p>D\u00e9finition du Centre communal d&rsquo;action sociale Le CCAS est une structure de proximit\u00e9 au service de tous les habitants de la commune, de la petite enfance aux personnes \u00e2g\u00e9es . Le CCAS anime une action g\u00e9n\u00e9rale de pr\u00e9vention et de &hellip; <a href=\"https:\/\/montreux-vieux.net\/?page_id=4560\">Continuer la lecture <span class=\"meta-nav\">&rarr;<\/span><\/a><\/p>\n","protected":false},"author":1,"featured_media":0,"parent":4099,"menu_order":2,"comment_status":"open","ping_status":"open","template":"","meta":{"footnotes":""},"class_list":["post-4560","page","type-page","status-publish","hentry"],"_links":{"self":[{"href":"https:\/\/montreux-vieux.net\/index.php?rest_route=\/wp\/v2\/pages\/4560","targetHints":{"allow":["GET"]}}],"collection":[{"href":"https:\/\/montreux-vieux.net\/index.php?rest_route=\/wp\/v2\/pages"}],"about":[{"href":"https:\/\/montreux-vieux.net\/index.php?rest_route=\/wp\/v2\/types\/page"}],"author":[{"embeddable":true,"href":"https:\/\/montreux-vieux.net\/index.php?rest_route=\/wp\/v2\/users\/1"}],"replies":[{"embeddable":true,"href":"https:\/\/montreux-vieux.net\/index.php?rest_route=%2Fwp%2Fv2%2Fcomments&post=4560"}],"version-history":[{"count":4,"href":"https:\/\/montreux-vieux.net\/index.php?rest_route=\/wp\/v2\/pages\/4560\/revisions"}],"predecessor-version":[{"id":7712,"href":"https:\/\/montreux-vieux.net\/index.php?rest_route=\/wp\/v2\/pages\/4560\/revisions\/7712"}],"up":[{"embeddable":true,"href":"https:\/\/montreux-vieux.net\/index.php?rest_route=\/wp\/v2\/pages\/4099"}],"wp:attachment":[{"href":"https:\/\/montreux-vieux.net\/index.php?rest_route=%2Fwp%2Fv2%2Fmedia&parent=4560"}],"curies":[{"name":"wp","href":"https:\/\/api.w.org\/{rel}","templated":true}]}}