{"id":4562,"date":"2015-02-16T11:53:53","date_gmt":"2015-02-16T10:53:53","guid":{"rendered":"http:\/\/montreux-vieux.net\/?page_id=4562"},"modified":"2016-11-01T11:28:06","modified_gmt":"2016-11-01T10:28:06","slug":"les-services-medicaux","status":"publish","type":"page","link":"https:\/\/montreux-vieux.net\/?page_id=4562","title":{"rendered":"Les Services M\u00e9dicaux"},"content":{"rendered":"<h3 style=\"text-align: center;\"><strong><span style=\"color: #800000;\">Services M\u00e9dicaux<\/span><\/strong><\/h3>\n<h4 style=\"text-align: center;\"><span style=\"color: #333333;\"><strong>\u00a0Cabinet m\u00e9dical<\/strong><\/span><\/h4>\n<h4 style=\"text-align: center;\"><\/h4>\n<p><a href=\"http:\/\/montreux-vieux.net\/montreux-vieux.net\/wp-content\/uploads\/2012\/11\/Medecin.jpg\" target=\"_blank\"><img loading=\"lazy\" decoding=\"async\" class=\" size-thumbnail wp-image-3104 aligncenter\" src=\"http:\/\/montreux-vieux.net\/montreux-vieux.net\/wp-content\/uploads\/2012\/11\/Medecin-150x150.jpg\" alt=\"Medecin\" width=\"150\" height=\"150\" \/><\/a><\/p>\n<h5 style=\"text-align: center;\">\u00a0<span style=\"color: #333333;\"> \u00a017, \u00a0Rue de la Gare<\/span><\/h5>\n<h5 style=\"text-align: center;\"><span style=\"color: #333333;\">\u00a0 68210 Montreux-Vieux<\/span><\/h5>\n<h5 style=\"text-align: center;\"><span style=\"color: #333333;\">\u00a0 \u00a0 T\u00e9l\u00e9phone: <span class=\"_Xbe _ZWk kno-fv\"><span data-dtype=\"d3ph\">03 89 25 24 65<\/span><\/span><\/span><\/h5>\n<hr \/>\n<p>&nbsp;<\/p>\n<h4 style=\"text-align: center;\"><span style=\"color: #333333;\"><strong>La pharmacie<\/strong><\/span><\/h4>\n<h5 style=\"text-align: left;\"><strong><a href=\"http:\/\/montreux-vieux.net\/montreux-vieux.net\/wp-content\/uploads\/2012\/11\/pharmacie.jpg\" target=\"_blank\"><img loading=\"lazy\" decoding=\"async\" class=\" size-thumbnail wp-image-3106 aligncenter\" src=\"http:\/\/montreux-vieux.net\/montreux-vieux.net\/wp-content\/uploads\/2012\/11\/pharmacie-150x150.jpg\" alt=\"pharmacie\" width=\"150\" height=\"150\" \/><\/a><\/strong><\/h5>\n<h5><\/h5>\n<h5 style=\"text-align: center;\"><span style=\"color: #333333;\">La Pharmacie Mme Mr Bitsch Jean<\/span><\/h5>\n<h5 style=\"text-align: center;\">1, rue d&rsquo;Alsace<\/h5>\n<h5 style=\"text-align: center;\"><span style=\"color: #333333;\">T\u00e9l\u00e9phone\u00a0: 03 89 25 24 65<\/span><\/h5>\n<hr \/>\n<p>&nbsp;<\/p>\n<h4 style=\"text-align: center;\"><span style=\"color: #333333;\"><strong>Le Cabinet dentaire<\/strong><\/span><\/h4>\n<p><a href=\"http:\/\/montreux-vieux.net\/montreux-vieux.net\/wp-content\/uploads\/2014\/11\/00024.jpg\" target=\"_blank\"><img loading=\"lazy\" decoding=\"async\" class=\"aligncenter size-thumbnail wp-image-3959\" src=\"http:\/\/montreux-vieux.net\/montreux-vieux.net\/wp-content\/uploads\/2014\/11\/00024-150x150.jpg\" alt=\"00024\" width=\"150\" height=\"150\" \/><\/a><\/p>\n<h5 style=\"text-align: center;\"><span style=\"color: #333333;\">Cabinet Dentaire<\/span><\/h5>\n<h5 style=\"text-align: center;\"><span style=\"color: #333333;\">26, bis, rue des Vosges<\/span><\/h5>\n<h5 style=\"text-align: center;\"><span style=\"color: #333333;\">\u00a0<\/span>T\u00e9l\u00e9phone\u00a0: 03 89 25 23 39<\/h5>\n<hr \/>\n<h4 style=\"text-align: center;\"><\/h4>\n<h4 style=\"text-align: center;\"><span style=\"color: #333333;\"><strong>\u00a0Le Kin\u00e9<\/strong><\/span><\/h4>\n<p style=\"text-align: center;\"><a href=\"http:\/\/montreux-vieux.net\/montreux-vieux.net\/wp-content\/uploads\/2012\/11\/kin\u00e9.jpg\" target=\"_blank\"><img loading=\"lazy\" decoding=\"async\" class=\"aligncenter size-thumbnail wp-image-3107\" src=\"http:\/\/montreux-vieux.net\/montreux-vieux.net\/wp-content\/uploads\/2012\/11\/kin\u00e9-150x150.jpg\" alt=\"kin\u00e9\" width=\"150\" height=\"150\" \/><\/a><\/p>\n<h5 style=\"text-align: center;\"><span style=\"color: #333333;\">Kin\u00e9sith\u00e9rapeutes<\/span><\/h5>\n<h5 style=\"text-align: center;\"><span style=\"color: #333333;\">4, Grand Rue<\/span><\/h5>\n<h5 style=\"text-align: center;\"><span style=\"color: #333333;\">\u00a0T\u00e9l\u00e9phone\u00a0: 03 89 25 22 95<\/span><\/h5>\n<hr \/>\n<p>&nbsp;<\/p>\n","protected":false},"excerpt":{"rendered":"<p>Services M\u00e9dicaux \u00a0Cabinet m\u00e9dical \u00a0 \u00a017, \u00a0Rue de la Gare \u00a0 68210 Montreux-Vieux \u00a0 \u00a0 T\u00e9l\u00e9phone: 03 89 25 24 65 &nbsp; La pharmacie La Pharmacie Mme Mr Bitsch Jean 1, rue d&rsquo;Alsace T\u00e9l\u00e9phone\u00a0: 03 89 25 24 65 &nbsp; &hellip; <a href=\"https:\/\/montreux-vieux.net\/?page_id=4562\">Continuer la lecture <span class=\"meta-nav\">&rarr;<\/span><\/a><\/p>\n","protected":false},"author":1,"featured_media":0,"parent":4099,"menu_order":3,"comment_status":"open","ping_status":"open","template":"","meta":{"footnotes":""},"class_list":["post-4562","page","type-page","status-publish","hentry"],"_links":{"self":[{"href":"https:\/\/montreux-vieux.net\/index.php?rest_route=\/wp\/v2\/pages\/4562","targetHints":{"allow":["GET"]}}],"collection":[{"href":"https:\/\/montreux-vieux.net\/index.php?rest_route=\/wp\/v2\/pages"}],"about":[{"href":"https:\/\/montreux-vieux.net\/index.php?rest_route=\/wp\/v2\/types\/page"}],"author":[{"embeddable":true,"href":"https:\/\/montreux-vieux.net\/index.php?rest_route=\/wp\/v2\/users\/1"}],"replies":[{"embeddable":true,"href":"https:\/\/montreux-vieux.net\/index.php?rest_route=%2Fwp%2Fv2%2Fcomments&post=4562"}],"version-history":[{"count":5,"href":"https:\/\/montreux-vieux.net\/index.php?rest_route=\/wp\/v2\/pages\/4562\/revisions"}],"predecessor-version":[{"id":8324,"href":"https:\/\/montreux-vieux.net\/index.php?rest_route=\/wp\/v2\/pages\/4562\/revisions\/8324"}],"up":[{"embeddable":true,"href":"https:\/\/montreux-vieux.net\/index.php?rest_route=\/wp\/v2\/pages\/4099"}],"wp:attachment":[{"href":"https:\/\/montreux-vieux.net\/index.php?rest_route=%2Fwp%2Fv2%2Fmedia&parent=4562"}],"curies":[{"name":"wp","href":"https:\/\/api.w.org\/{rel}","templated":true}]}}