{"id":4564,"date":"2015-02-16T11:54:21","date_gmt":"2015-02-16T10:54:21","guid":{"rendered":"http:\/\/montreux-vieux.net\/?page_id=4564"},"modified":"2016-11-01T11:22:16","modified_gmt":"2016-11-01T10:22:16","slug":"les-services-financiers","status":"publish","type":"page","link":"https:\/\/montreux-vieux.net\/?page_id=4564","title":{"rendered":"Les Services Financiers"},"content":{"rendered":"<h3 style=\"text-align: center;\"><strong><span style=\"color: #800000;\">\u00a0<span style=\"color: #993300;\">Services Financiers<\/span><\/span><\/strong><\/h3>\n<h4 style=\"text-align: center;\"><span style=\"color: #333333;\"><strong>Cr\u00e9dit Mutuel<\/strong><\/span><\/h4>\n<p style=\"text-align: center;\"><a href=\"http:\/\/montreux-vieux.net\/montreux-vieux.net\/wp-content\/uploads\/2012\/11\/cmdp.jpg\" target=\"_blank\"><img loading=\"lazy\" decoding=\"async\" class=\"aligncenter wp-image-3105 size-full\" src=\"http:\/\/montreux-vieux.net\/montreux-vieux.net\/wp-content\/uploads\/2012\/11\/cmdp.jpg\" alt=\"cmdp\" width=\"200\" height=\"150\" \/><\/a><\/p>\n<p style=\"text-align: center;\"><a href=\"http:\/\/montreux-vieux.net\/montreux-vieux.net\/wp-content\/uploads\/2015\/01\/ScreenShot335.jpg\" target=\"_blank\"><img loading=\"lazy\" decoding=\"async\" class=\"aligncenter wp-image-4471 size-full\" src=\"http:\/\/montreux-vieux.net\/montreux-vieux.net\/wp-content\/uploads\/2015\/01\/ScreenShot335.jpg\" alt=\"ScreenShot335\" width=\"867\" height=\"208\" \/><\/a><\/p>\n<h3 style=\"text-align: center;\">La Banque Postale<\/h3>\n<div id=\"attachment_3101\" style=\"width: 250px\" class=\"wp-caption aligncenter\"><a href=\"http:\/\/montreux-vieux.net\/montreux-vieux.net\/wp-content\/uploads\/2012\/11\/mairie.jpg\" target=\"_blank\"><img loading=\"lazy\" decoding=\"async\" aria-describedby=\"caption-attachment-3101\" class=\"wp-image-3101 size-full\" src=\"http:\/\/montreux-vieux.net\/montreux-vieux.net\/wp-content\/uploads\/2012\/11\/mairie.jpg\" alt=\"mairie\" width=\"240\" height=\"175\" \/><\/a><p id=\"caption-attachment-3101\" class=\"wp-caption-text\">Mairie et Agence Postale 1, rue des Vosges Ouvert du lundi au samedi de 9h \u00e0 12h T\u00e9l\u00e9phone : 03 89 25 20 87 Adresse e-mail : montreux-vieux@wanadoo.fr<\/p><\/div>\n<hr \/>\n<h3 style=\"text-align: center;\"><\/h3>\n","protected":false},"excerpt":{"rendered":"<p>\u00a0Services Financiers Cr\u00e9dit Mutuel La Banque Postale<\/p>\n","protected":false},"author":1,"featured_media":0,"parent":4099,"menu_order":4,"comment_status":"open","ping_status":"open","template":"","meta":{"footnotes":""},"class_list":["post-4564","page","type-page","status-publish","hentry"],"_links":{"self":[{"href":"https:\/\/montreux-vieux.net\/index.php?rest_route=\/wp\/v2\/pages\/4564","targetHints":{"allow":["GET"]}}],"collection":[{"href":"https:\/\/montreux-vieux.net\/index.php?rest_route=\/wp\/v2\/pages"}],"about":[{"href":"https:\/\/montreux-vieux.net\/index.php?rest_route=\/wp\/v2\/types\/page"}],"author":[{"embeddable":true,"href":"https:\/\/montreux-vieux.net\/index.php?rest_route=\/wp\/v2\/users\/1"}],"replies":[{"embeddable":true,"href":"https:\/\/montreux-vieux.net\/index.php?rest_route=%2Fwp%2Fv2%2Fcomments&post=4564"}],"version-history":[{"count":5,"href":"https:\/\/montreux-vieux.net\/index.php?rest_route=\/wp\/v2\/pages\/4564\/revisions"}],"predecessor-version":[{"id":8321,"href":"https:\/\/montreux-vieux.net\/index.php?rest_route=\/wp\/v2\/pages\/4564\/revisions\/8321"}],"up":[{"embeddable":true,"href":"https:\/\/montreux-vieux.net\/index.php?rest_route=\/wp\/v2\/pages\/4099"}],"wp:attachment":[{"href":"https:\/\/montreux-vieux.net\/index.php?rest_route=%2Fwp%2Fv2%2Fmedia&parent=4564"}],"curies":[{"name":"wp","href":"https:\/\/api.w.org\/{rel}","templated":true}]}}