{"id":4568,"date":"2015-02-16T11:55:34","date_gmt":"2015-02-16T10:55:34","guid":{"rendered":"http:\/\/montreux-vieux.net\/?page_id=4568"},"modified":"2019-02-03T10:53:42","modified_gmt":"2019-02-03T09:53:42","slug":"les-artisans","status":"publish","type":"page","link":"https:\/\/montreux-vieux.net\/?page_id=4568","title":{"rendered":"Les Artisans"},"content":{"rendered":"<p>6<br>\n<\/p><h3 style=\"text-align: center;\"><strong><span style=\"color: #800000;\">Artisans<\/span><\/strong><\/h3>\n<h4 style=\"text-align: center;\"><span style=\"color: #333333;\"><strong>Eb\u00e9niste<\/strong><\/span><\/h4>\n<p style=\"text-align: center;\"><a href=\"http:\/\/montreux-vieux.net\/montreux-vieux.net\/wp-content\/uploads\/2015\/01\/ScreenShot336.jpg\" target=\"_blank\" rel=\"noopener noreferrer\"><img loading=\"lazy\" decoding=\"async\" class=\"aligncenter size-thumbnail wp-image-4517\" src=\"http:\/\/montreux-vieux.net\/montreux-vieux.net\/wp-content\/uploads\/2015\/01\/ScreenShot336-150x150.jpg\" alt=\"ScreenShot336\" width=\"150\" height=\"150\"><\/a><\/p>\n<h5 style=\"text-align: center;\"><span style=\"color: #333333;\">Vincent MAGNY<\/span><\/h5>\n<h5 style=\"text-align: center;\"><span style=\"color: #333333;\">8, Rue d&rsquo;Alsace&nbsp;<\/span>68210 Montreux-Vieux<\/h5>\n<h5 style=\"text-align: center;\">T\u00e9l: 03 89 25 25 76 ou 06 76 96 26 49<\/h5>\n<h5 style=\"text-align: center;\"><span style=\"color: #333333;\">Adresse mail: ebenisteriemagny@aol.com<\/span><\/h5>\n<hr>\n<p>&nbsp;<br>\n<\/p><h4 style=\"text-align: center;\"><span style=\"color: #333333;\"><strong>B\u00fbcheron<\/strong><\/span><\/h4>\n<p style=\"text-align: center;\"><a href=\"http:\/\/montreux-vieux.net\/montreux-vieux.net\/wp-content\/uploads\/2014\/12\/ScreenShot303.jpg\" target=\"_blank\" rel=\"noopener noreferrer\"><img loading=\"lazy\" decoding=\"async\" class=\"aligncenter size-thumbnail wp-image-3983\" src=\"http:\/\/montreux-vieux.net\/montreux-vieux.net\/wp-content\/uploads\/2014\/12\/ScreenShot303-150x150.jpg\" alt=\"ScreenShot303\" width=\"150\" height=\"150\"><\/a><\/p>\n<h5 style=\"text-align: center;\"><span style=\"color: #333333;\">Allume Feu<\/span><\/h5>\n<h5 style=\"text-align: center;\"><span style=\"color: #333333;\">Thierry Bischoff<\/span><\/h5>\n<h5 style=\"text-align: center;\"><span style=\"color: #333333;\">15, rue des Jardins<\/span><\/h5>\n<h5 style=\"text-align: center;\"><span style=\"color: #333333;\">68210 Montreux-Vieux<\/span><\/h5>\n<h5 style=\"text-align: center;\"><span style=\"color: #333333;\">T\u00e9l: 06 68 11 24 55<\/span><\/h5>\n<hr>\n<h4 style=\"text-align: center;\"><span style=\"color: #333333;\"><strong>&nbsp;Paysagiste<\/strong><\/span><\/h4>\n<p style=\"text-align: center;\"><a href=\"http:\/\/montreux-vieux.net\/montreux-vieux.net\/wp-content\/uploads\/2015\/01\/10967034_1603301916555048_1232922703_n.jpg\" target=\"_blank\" rel=\"noopener noreferrer\"><img loading=\"lazy\" decoding=\"async\" class=\"aligncenter size-thumbnail wp-image-4521\" src=\"http:\/\/montreux-vieux.net\/montreux-vieux.net\/wp-content\/uploads\/2015\/01\/10967034_1603301916555048_1232922703_n-150x150.jpg\" alt=\"10967034_1603301916555048_1232922703_n\" width=\"150\" height=\"150\"><\/a><\/p>\n<h5 style=\"text-align: center;\"><span style=\"color: #333333;\">TIANA JARDINS<\/span><\/h5>\n<h5 style=\"text-align: center;\"><span style=\"color: #333333;\">Entrepreneur paysagiste<\/span><\/h5>\n<h5 style=\"text-align: center;\"><span style=\"color: #333333;\">Adresse : 1 Rue du Moulin, 68210 Montreux-Vieux<\/span><\/h5>\n<h5 style=\"text-align: center;\"><span style=\"color: #333333;\">T\u00e9l\u00e9phone :03 89 25 27 43<\/span><\/h5>\n<h5 style=\"text-align: center;\"><span style=\"color: #333333;\">Horaires d&rsquo;ouverture : Ouvert aujourd&rsquo;hui \u00b7 08:00 \u2013 18:00<\/span><\/h5>\n\n\n<p style=\"text-align:center\"><strong>Peintre<\/strong><\/p>\n\n\n\n<h3 class=\"wp-block-heading\" style=\"text-align:center\">Bient\u00f4t \u00e0 Montreux-Vieux l&rsquo;Entreprise de peinture Sontag &amp; Fils<\/h3>\n\n\n\n<h4 class=\"wp-block-heading\">A l&rsquo;instant une bonne nouvelle pour Montreux-Vieux La municipalit\u00e9 et la SNCF ont permis \u00e0 l&rsquo;Entreprise de peinture Sontag &amp; Fils de venir s&rsquo;installer dans les anciens b\u00e2timents de la SNCF rue de la Gare.<\/h4>\n\n\n\n<figure class=\"wp-block-image\"><img decoding=\"async\" src=\"http:\/\/montreux-vieux.net\/montreux-vieux.net\/wp-content\/uploads\/2017\/04\/Bient%C3%B4t-ici-lEntreprise-de-peinture-Sontag-et-fils.jpg\" alt=\"Bient\u00f4t \u00e0 Montreux-Vieux l'Entreprise Sontag &amp; Fils\"\/><\/figure>\n","protected":false},"excerpt":{"rendered":"<p>6 Artisans Eb\u00e9niste Vincent MAGNY 8, Rue d&rsquo;Alsace&nbsp;68210 Montreux-Vieux T\u00e9l: 03 89 25 25 76 ou 06 76 96 26 49 Adresse mail: ebenisteriemagny@aol.com &nbsp; B\u00fbcheron Allume Feu Thierry Bischoff 15, rue des Jardins 68210 Montreux-Vieux T\u00e9l: 06 68 11 &hellip; <a href=\"https:\/\/montreux-vieux.net\/?page_id=4568\">Continuer la lecture <span class=\"meta-nav\">&rarr;<\/span><\/a><\/p>\n","protected":false},"author":1,"featured_media":0,"parent":4099,"menu_order":6,"comment_status":"open","ping_status":"open","template":"","meta":{"footnotes":""},"class_list":["post-4568","page","type-page","status-publish","hentry"],"_links":{"self":[{"href":"https:\/\/montreux-vieux.net\/index.php?rest_route=\/wp\/v2\/pages\/4568","targetHints":{"allow":["GET"]}}],"collection":[{"href":"https:\/\/montreux-vieux.net\/index.php?rest_route=\/wp\/v2\/pages"}],"about":[{"href":"https:\/\/montreux-vieux.net\/index.php?rest_route=\/wp\/v2\/types\/page"}],"author":[{"embeddable":true,"href":"https:\/\/montreux-vieux.net\/index.php?rest_route=\/wp\/v2\/users\/1"}],"replies":[{"embeddable":true,"href":"https:\/\/montreux-vieux.net\/index.php?rest_route=%2Fwp%2Fv2%2Fcomments&post=4568"}],"version-history":[{"count":5,"href":"https:\/\/montreux-vieux.net\/index.php?rest_route=\/wp\/v2\/pages\/4568\/revisions"}],"predecessor-version":[{"id":14509,"href":"https:\/\/montreux-vieux.net\/index.php?rest_route=\/wp\/v2\/pages\/4568\/revisions\/14509"}],"up":[{"embeddable":true,"href":"https:\/\/montreux-vieux.net\/index.php?rest_route=\/wp\/v2\/pages\/4099"}],"wp:attachment":[{"href":"https:\/\/montreux-vieux.net\/index.php?rest_route=%2Fwp%2Fv2%2Fmedia&parent=4568"}],"curies":[{"name":"wp","href":"https:\/\/api.w.org\/{rel}","templated":true}]}}