{"id":4602,"date":"2015-02-16T15:30:29","date_gmt":"2015-02-16T14:30:29","guid":{"rendered":"http:\/\/montreux-vieux.net\/?page_id=4602"},"modified":"2019-02-05T13:42:14","modified_gmt":"2019-02-05T12:42:14","slug":"association-les-mesanges","status":"publish","type":"page","link":"https:\/\/montreux-vieux.net\/?page_id=4602","title":{"rendered":"Association les M\u00e9sanges"},"content":{"rendered":"<h3 style=\"text-align: center;\">Association \u00ab\u00a0Les M\u00e9sanges\u00a0\u00bb<\/h3>\n<h5 style=\"text-align: center;\">Marie-Louise BITTIGHOFFER<\/h5>\n<h5 style=\"text-align: center;\">03 89 08 59 51<\/h5>\n<h3 style=\"text-align: center;\">Association Les M\u00e9sanges<\/h3>\n<p>Constitu\u00e9e le 2 D\u00e9cembre 1976, son but est l\u2019entraide, la lutte contre l\u2019isolement des personnes \u00e2g\u00e9es, les loisirs; avec 52 membres.<\/p>\n<h4 style=\"text-align: justify;\"><span class=\"textePagePlus\">Ont \u00e9t\u00e9 \u00e9lus le 2 D\u00e9cembre 1976: Pr\u00e9sident: WIDEMANN Etienne, Vice-Pr\u00e9sident: HUGGENBERGER Th\u00e9ophile, Tr\u00e9sorier: KAH Fran\u00e7ois, Secr\u00e9taire: SCHOTT Marthe 25 F\u00e9vrier 1984: d\u00e9mission de M. WIDEMANN pour raison de sant\u00e9.<\/span><\/h4>\n<h4 style=\"text-align: justify;\"><span class=\"textePagePlus\">Elections du 28 F\u00e9vrier 1984 Pr\u00e9sidente: BELTZ Madeleine, Vice-Pr\u00e9sidente et secr\u00e9taire: LANGE Madeleine,Tr\u00e9sorier: GARGOET Paul<\/span><\/h4>\n<h4 style=\"text-align: justify;\"><span class=\"textePagePlus\">Elections du 6 F\u00e9vrier 1990 Pr\u00e9sidente: BELTZ Madeleine, Vice-Pr\u00e9sidente MULLNER Anne, Secr\u00e9taire: FINCK Odile, Tr\u00e9sorier: ANDRIOT Marthe, Tr\u00e9sorier-Adjoint: FINCK Odile<\/span><\/h4>\n<h4 style=\"text-align: justify;\"><span class=\"textePagePlus\">Elections du 26 Septembre 1995: Renouvellement du Comit\u00e9 Nombre de membres \u00e0 ce jour: 102 Elections du 16 D\u00e9cembre 1996 Pr\u00e9sident: M. KIEFFER Jean, Secr\u00e9taire: FINCK Odile, Membres du bureau: MULLNER Anne, ANDRIOT Marthe, ZINCK Marlyse<\/span><\/h4>\n<h4 style=\"text-align: justify;\"><span class=\"textePagePlus\">Activit\u00e9s: F\u00eates: Carnaval, Saint-nicolas, No\u00ebl (confection des costumes et des arrangements de No\u00ebl) Sorties: Carpes frites, excursions diverses, vin nouveau<\/span><\/h4>\n<h4 style=\"text-align: justify;\"><span class=\"textePagePlus\">Repas de l\u2019ACREDA et r\u00e9unions.<\/span><\/h4>\n<h4 style=\"text-align: justify;\"><span class=\"textePagePlus\">Conf\u00e9rences, projections de diapositives.<\/span><\/h4>\n<p style=\"text-align: justify;\"><span class=\"textePagePlus\">Cure de mouvements, p\u00e9tanque<\/span><\/p>\n<p style=\"text-align: justify;\"><span class=\"textePagePlus\">Grands anniversaires: 80, 85, 90, 95 ans<\/span><\/p>\n<p style=\"text-align: justify;\"><span class=\"textePagePlus\">Visite des malades, des hospitalis\u00e9s, maison de retraite.<\/span><\/p>\n<div>\n<h4 style=\"text-align: center;\">Carnaval des M\u00e9sanges 2012<\/h4>\n<div>\u00a0<\/div>\n<div><iframe loading=\"lazy\" src=\"http:\/\/www.youtube.com\/embed\/ciZumjGYEyA\" width=\"420\" height=\"315\" frameborder=\"0\" allowfullscreen=\"allowfullscreen\"><\/iframe><\/div>\n<\/div>\n<p>\u00a0<\/p>\n\n\n<h3 class=\"wp-block-heading\" style=\"text-align:center\">Le club des M\u00e9sanges a f\u00eat\u00e9 ses 35 ann\u00e9es d&rsquo;existence en janvier 2012<\/h3>\n\n\n\n<p>Le club de retraite et Loisirs \u00ab&nbsp;Les M\u00e9sanges&nbsp;\u00bb de Montreux-Vieux a f\u00eat\u00e9 ses 35 ann\u00e9es d&rsquo;existence avec un somptueuse r\u00e9ception. La matin\u00e9e a d\u00e9but\u00e9 dans le recueillement lors de la messe \u00e0 l&rsquo;intention des membres disparus au cours de laquelle le P\u00e8re Piotr Kopitzra, cur\u00e9 du village, a, dans son hom\u00e9lie marqu\u00e9 avec insistance l&rsquo;importance du club pour les a\u00een\u00e9s et lui a souhait\u00e9 un bon anniversaire et une longue vie. La messe a \u00e9t\u00e9 ponctu\u00e9e par des interpr\u00e9tations musicales de l&rsquo;Harmonie de Montreux-Ch\u00e2teau. Ensuite, \u00e0 la salle des f\u00eates, un repas festif et une ambiance de joie et d&rsquo;amiti\u00e9 ont dur\u00e9 jusqu&rsquo;\u00e0 la tomb\u00e9e de la nuit. Marie-Louise Bittighofer, l&rsquo;actuelle pr\u00e9sidente a salu\u00e9 les efforts des pr\u00e9sidents successifs depuis la cr\u00e9ation du club, \u00e0 savoir&nbsp;: Etienne Widemann, Madeleine Beltz, Jean Kieffer. Le club compte 115 membres. Dans l&rsquo;assembl\u00e9e, le doyen \u00e9tait Charles BEAUD, 86 ans et la plus jeune Fabienne Althuser, 55 ans. Preuve en est qu&rsquo;il n&rsquo;y a pas d&rsquo;\u00e2ge pour s&rsquo;amuser. Le club propose des excursions au printemps et \u00e0 l&rsquo;automne, des repas \u00e0 carnaval et de No\u00ebl. Des apr\u00e8s-midis de d\u00e9tente autour des jeux de cartes, scrabble et belotte. Sans oublier la section th\u00e9\u00e2tre, qui d&rsquo;ann\u00e9e en ann\u00e9e conna\u00eet un succ\u00e8s grandissant lors de ses repr\u00e9sentations. Celles-ci sont d\u00e9j\u00e0 en r\u00e9p\u00e9tition et fix\u00e9es pour le 22 f\u00e9vrier \u00e0 14 h pour les a\u00een\u00e9s du secteur, les 24, 25 f\u00e9vrier et 03 mars \u00e0 20 h 30. Bon anniversaire au club et bonne continuation.<\/p>\n\n\n\n<p>David Poinsatte<\/p>\n","protected":false},"excerpt":{"rendered":"<p>Association \u00ab\u00a0Les M\u00e9sanges\u00a0\u00bb Marie-Louise BITTIGHOFFER 03 89 08 59 51 Association Les M\u00e9sanges Constitu\u00e9e le 2 D\u00e9cembre 1976, son but est l\u2019entraide, la lutte contre l\u2019isolement des personnes \u00e2g\u00e9es, les loisirs; avec 52 membres. Ont \u00e9t\u00e9 \u00e9lus le 2 D\u00e9cembre &hellip; <a href=\"https:\/\/montreux-vieux.net\/?page_id=4602\">Continuer la lecture <span class=\"meta-nav\">&rarr;<\/span><\/a><\/p>\n","protected":false},"author":1,"featured_media":0,"parent":12802,"menu_order":24,"comment_status":"open","ping_status":"open","template":"","meta":{"footnotes":""},"class_list":["post-4602","page","type-page","status-publish","hentry"],"_links":{"self":[{"href":"https:\/\/montreux-vieux.net\/index.php?rest_route=\/wp\/v2\/pages\/4602","targetHints":{"allow":["GET"]}}],"collection":[{"href":"https:\/\/montreux-vieux.net\/index.php?rest_route=\/wp\/v2\/pages"}],"about":[{"href":"https:\/\/montreux-vieux.net\/index.php?rest_route=\/wp\/v2\/types\/page"}],"author":[{"embeddable":true,"href":"https:\/\/montreux-vieux.net\/index.php?rest_route=\/wp\/v2\/users\/1"}],"replies":[{"embeddable":true,"href":"https:\/\/montreux-vieux.net\/index.php?rest_route=%2Fwp%2Fv2%2Fcomments&post=4602"}],"version-history":[{"count":11,"href":"https:\/\/montreux-vieux.net\/index.php?rest_route=\/wp\/v2\/pages\/4602\/revisions"}],"predecessor-version":[{"id":14779,"href":"https:\/\/montreux-vieux.net\/index.php?rest_route=\/wp\/v2\/pages\/4602\/revisions\/14779"}],"up":[{"embeddable":true,"href":"https:\/\/montreux-vieux.net\/index.php?rest_route=\/wp\/v2\/pages\/12802"}],"wp:attachment":[{"href":"https:\/\/montreux-vieux.net\/index.php?rest_route=%2Fwp%2Fv2%2Fmedia&parent=4602"}],"curies":[{"name":"wp","href":"https:\/\/api.w.org\/{rel}","templated":true}]}}