{"id":4606,"date":"2015-02-16T15:32:58","date_gmt":"2015-02-16T14:32:58","guid":{"rendered":"http:\/\/montreux-vieux.net\/?page_id=4606"},"modified":"2018-12-25T14:58:22","modified_gmt":"2018-12-25T13:58:22","slug":"union-nationale-des-combattants","status":"publish","type":"page","link":"https:\/\/montreux-vieux.net\/?page_id=4606","title":{"rendered":"Union Nationale des Combattants"},"content":{"rendered":"<h2 style=\"text-align: center;\">Union Nationale des &nbsp;Combattants<\/h2>\n<p style=\"text-align: center;\"><a href=\"http:\/\/montreux-vieux.net\/montreux-vieux.net\/wp-content\/uploads\/2015\/01\/drapeau.jpg\" target=\"_blank\"><img loading=\"lazy\" decoding=\"async\" class=\"aligncenter size-thumbnail wp-image-4196\" src=\"http:\/\/montreux-vieux.net\/montreux-vieux.net\/wp-content\/uploads\/2015\/01\/drapeau-150x150.jpg\" alt=\"drapeau\" width=\"150\" height=\"150\"><\/a><\/p>\n<h5 style=\"text-align: center;\">Claude REVERCHON<\/h5>\n<h5 style=\"text-align: center;\">03 89 25 22 08<\/h5>\n<h3 style=\"text-align: center;\">LES ANCIENS COMBATTANTS<\/h3>\n<h4 style=\"text-align: justify;\">La Section des Anciens Combattants de Montreux-Vieux a \u00e9t\u00e9 cr\u00e9\u00e9e le 15 Mars 1973, regroupant les Communes de Chavannes Sur l&rsquo;Etang, Valdieu Lutran, Romagny, Magny et Montreux-Jeune. La pr\u00e9sidence \u00e9tait assur\u00e9e par M. P\u00e9r\u00e9al Stanislas jusqu&rsquo;au 3 Septembre 1978.<\/h4>\n<h4 style=\"text-align: justify;\">A compter de cette date, Montreux-Vieux reste seule. La section est dot\u00e9e d&rsquo;un nouveau drapeau et M. P\u00e9r\u00e9al assura la pr\u00e9sidence jusqu&rsquo;au 28 Septembre 1979.<\/h4>\n<h4 style=\"text-align: justify;\">Succ\u00e8dent ensuite : M.BIHR Charles \u00e0 la pr\u00e9sidence, M.REVERCHON Claude Vice-Pr\u00e9sident d\u00e9l\u00e9gu\u00e9 AFN, jusqu&rsquo;au 29 Ao\u00fbt 1987<\/h4>\n<h4 style=\"text-align: justify;\">Le Comit\u00e9, dans sa s\u00e9ance du 29 Ao\u00fbt 1987 \u00e9lit : M.REVERCHON Claude Pr\u00e9sident, M.KIEFFER Jean Vice-Pr\u00e9sident, M.DESARD Jean Tr\u00e9sorier Secr\u00e9taire, Mme CALMELET Yvonne D\u00e9l\u00e9gu\u00e9e \u00e0 l&rsquo;Action Sociale, Mrs DANY Roger et DIDIER Jean Porte-drapeau.<\/h4>\n<h4 style=\"text-align: justify;\">Sont nomm\u00e9s assesseurs : M.HERVEAU Jean-Paul, BUTTET Pierre, CLEMENT No\u00ebl, SAITER Raymond et TURCI No\u00ebl.. et dans sa s\u00e9ance du 27 mars 1999 l&rsquo;assembl\u00e9e \u00e9lit: M; REVERCHON Claude Pr\u00e9sident, HERVEAU Jean-Paul Vice Pr\u00e9sident, KIEFFER Jean Vice-Pr\u00e9sident, DESARD Jean Tr\u00e9sorier-secr\u00e9taire,CLEMENT No\u00ebl Tr\u00e9sorier Adjoint, MERENT Joseph, Secr\u00e9taire adjoint, CALMELET Yvonne,D\u00e9l\u00e9gu\u00e9e \u00e0 l&rsquo;action sociale, DIDIER Jean Porte Drapeau, DANY Jean Porte Drapeau, BUTTET Pierre Assesseur,TURCI No\u00ebl Assesseur, SAITER R aymond Assesseur,PERU Pierre, Assesseur.<\/h4>\n<h4 style=\"text-align: justify;\">But Le but de l&rsquo;organisation d\u00e9partementale UNC UNC AFN est d&rsquo;assurer la coh\u00e9sion entre le monde combattant en amalgamant toutes les g\u00e9n\u00e9rations du feu dans le cadre des sections et du promouvoir du soldat de France.<\/h4>\n<h4 style=\"text-align: justify;\">Organisation du groupe<\/h4>\n<h4 style=\"text-align: justify;\"><span class=\"textePagePlus\">Les g\u00e9n\u00e9rations du Feu 14\/18 et 39\/45 TOE INDOCHINE, AFN sont unies en associations reconnues d&rsquo;utilit\u00e9 publique. D\u00e9cret du 20 Mai 1920 sous le nom d&rsquo;Union Nationale des Combattants dont le r\u00f4le est de maintenir le culte du souvenir d\u00fb aux tu\u00e9s, d&rsquo;exalter le patriotisme et le civisme de ses membres dont elles d\u00e9fendent les droits sociaux et moraux, en ce qui concerne particuli\u00e8rement les victimes de la guerre (veuves, orphelins, invalides, etc&#8230;<\/span>).<\/h4>\n","protected":false},"excerpt":{"rendered":"<p>Union Nationale des &nbsp;Combattants Claude REVERCHON 03 89 25 22 08 LES ANCIENS COMBATTANTS La Section des Anciens Combattants de Montreux-Vieux a \u00e9t\u00e9 cr\u00e9\u00e9e le 15 Mars 1973, regroupant les Communes de Chavannes Sur l&rsquo;Etang, Valdieu Lutran, Romagny, Magny et &hellip; <a href=\"https:\/\/montreux-vieux.net\/?page_id=4606\">Continuer la lecture <span class=\"meta-nav\">&rarr;<\/span><\/a><\/p>\n","protected":false},"author":1,"featured_media":0,"parent":12802,"menu_order":3,"comment_status":"open","ping_status":"open","template":"","meta":{"footnotes":""},"class_list":["post-4606","page","type-page","status-publish","hentry"],"_links":{"self":[{"href":"https:\/\/montreux-vieux.net\/index.php?rest_route=\/wp\/v2\/pages\/4606","targetHints":{"allow":["GET"]}}],"collection":[{"href":"https:\/\/montreux-vieux.net\/index.php?rest_route=\/wp\/v2\/pages"}],"about":[{"href":"https:\/\/montreux-vieux.net\/index.php?rest_route=\/wp\/v2\/types\/page"}],"author":[{"embeddable":true,"href":"https:\/\/montreux-vieux.net\/index.php?rest_route=\/wp\/v2\/users\/1"}],"replies":[{"embeddable":true,"href":"https:\/\/montreux-vieux.net\/index.php?rest_route=%2Fwp%2Fv2%2Fcomments&post=4606"}],"version-history":[{"count":5,"href":"https:\/\/montreux-vieux.net\/index.php?rest_route=\/wp\/v2\/pages\/4606\/revisions"}],"predecessor-version":[{"id":12807,"href":"https:\/\/montreux-vieux.net\/index.php?rest_route=\/wp\/v2\/pages\/4606\/revisions\/12807"}],"up":[{"embeddable":true,"href":"https:\/\/montreux-vieux.net\/index.php?rest_route=\/wp\/v2\/pages\/12802"}],"wp:attachment":[{"href":"https:\/\/montreux-vieux.net\/index.php?rest_route=%2Fwp%2Fv2%2Fmedia&parent=4606"}],"curies":[{"name":"wp","href":"https:\/\/api.w.org\/{rel}","templated":true}]}}