{"id":4608,"date":"2015-02-16T15:34:03","date_gmt":"2015-02-16T14:34:03","guid":{"rendered":"http:\/\/montreux-vieux.net\/?page_id=4608"},"modified":"2019-02-05T13:34:09","modified_gmt":"2019-02-05T12:34:09","slug":"association-montreux-sports","status":"publish","type":"page","link":"https:\/\/montreux-vieux.net\/?page_id=4608","title":{"rendered":"Association Montreux-Sports"},"content":{"rendered":"\n<p><\/p>\n\n\n<h2 style=\"text-align: center;\">Montreux-Sports<\/h2>\n<h5 style=\"text-align: center;\">David MICHEL<\/h5>\n<h5 style=\"text-align: center;\">03 84 19 42 10<\/h5>\n<h4 style=\"text-align: justify;\"><span class=\"textePagePlus\">A Montreux-Vieux, la pratique du football remonte avant la grande guerre de 1914-18. Le jeu du ballon rond avait, en effet fait son apparition d\u00e8s 1910 dans cette importante cit\u00e9 frontali\u00e8re qu\u2019\u00e9tait Montreux-Vieux. C\u2019est par souci scrupuleux de la v\u00e9rit\u00e9 que les dirigeants de Montreux-Sports n\u2019ont pas voulu \u00e9pingler un jubil\u00e9 plus flatteur \u00e0 la t\u00eate du programme; car le cluba \u00e9t\u00e9 refondu vers 1930 et maintenu, depuis, dans sa structure actuelle.<\/span><\/h4>\n<h4 style=\"text-align: justify;\"><span class=\"textePagePlus\">La soci\u00e9t\u00e9 connue sous le nom de \u00ab Sportverein \u00bb alignait \u00e0 cette \u00e9poque d\u00e9j\u00e0 trois \u00e9quipes dont une de jeunes. Le championnat n\u2019existant pas, les \u00e9quipes rencontraient des soci\u00e9t\u00e9s d\u2019Altkirch, de Mulhouse, de Fribourg-en-Brisgau, mais aussi de Montreux-Ch\u00e2teau et de Belfort, etc&#8230;<\/span><\/h4>\n<h4 style=\"text-align: justify;\"><span class=\"textePagePlus\">A la d\u00e9claration de la grande guerre, les \u00e9quipes \u00ab seniors \u00bb disparaissaient et il ne restait plus que les juniors, qui donnaient naissance \u00e0 l\u2019\u00e9quipe historique de 1914-1919. Dans cette formation, on rel\u00e8ve les noms de MM. Thi\u00e9baut, Laurent, Armand, Ackermann, Auguste Seiler (ancien Maire de Montreux-Vieux), Th\u00e9ophile Huggenberger (ancien capitaine des sapeurs-pompiers),Charles Schoelhammer, Aloyse Peter, Paul Chaxel, Louis Widemann, Jules et Charles L\u00e9dy, Georges Martin et des plus jeunes comme Albert Birgy, Charles Bihler, Martin L\u00e9on, Munsch L\u00e9on, Braunstedter Paul, Meyer Louis, Widemann Etienne et Robert, Schott Emile, etc&#8230;Plac\u00e9s sous la direction de M. Ackermann Alfred, pr\u00e9sident-arbitre et par la suite aussi de M. Nys, professeur d\u2019\u00e9ducation physique \u00e0 l\u2019\u00e9cole sup\u00e9rieure de Montreux-Vieux, ces joueurs \u00e9taient oppos\u00e9s tous les dimanches \u00e0 des formations militaires au hasard des cantonnements, Montreux-Vieux \u00e9tant \u00e0 l\u2019\u00e9poque le si\u00e8ge de l\u2019Etat-Major du Front d\u2019Alsace Sud. La renomm\u00e9e de cette \u00e9quipe \u00e9tait telle qu\u2019elle a \u00e9t\u00e9 oppos\u00e9e \u00e0 une s\u00e9lection militaire interarm\u00e9es.<\/span><\/h4>\n<h4 style=\"text-align: justify;\"><span class=\"textePagePlus\">Apr\u00e8s les hostilit\u00e9s, Montreux-Vieux perdit beaucoup de son importance par suite du d\u00e9part de nombreux fonctionnaires &#8211; douanes, chemin de fer &#8211; et employ\u00e9s des maisons de transport. La soci\u00e9t\u00e9 connue alors sous le nom de Football-Club Montreux-Vieux tomba dans une p\u00e9riode de sommeil. On note la fondation d\u2019un club chez nos voisins \u00e0 Montreux-Jeune qui fonctionna de 1922 \u00e0 1924, et des jeunes vont pratiquer sous les couleurs du F.C. Montreux-Ch\u00e2teau. Cette p\u00e9riode trouble prit fin vers 1929. Sous l\u2019impulsion d\u2019un noyau de fervents qui avaient l\u2019amour du sport, la pr\u00e9sente soci\u00e9t\u00e9 a pris naissance. D\u2019abord connue sous le nom d\u2019Union Sportive, l\u2019association adopta la d\u00e9nomination Montreux-Sports; les couleurs noir et blanc, qui \u00e9taient celles de leurs a\u00een\u00e9s \u00e9taient d\u00e9fendues pendant de longues saisons par MM. Schacherer Eug\u00e8ne, Kah Fran\u00e7ois, Zimmermann Albert et Antoine, Sutter Marcel, Schott Gustave et Fran\u00e7ois Daller, Quiquerez Ren\u00e9, Grosjean Marcel et Ernest, M\u00e9n\u00e9tr\u00e9 Paul et Joseph, Schultz Georges, Haebig Louis et Henri, Wamster J., Wiest Charles, Hastatt Georges, Schnoebelen F., Kleiber, Neyer Marcel, Scherrer louis, Barbier Marcel, Holbein Albert et Lucien, Calmelet Virgile, Widemann Andr\u00e9, Hertel Charles, Harrer Arthur, Schlienger Eug\u00e8ne, Peuget, Ambiehl, B\u00e9ha, Bordes, Liebert Charles, Wilhelm Marcel, etc, etc&#8230;<\/span><\/h4>\n<h4 style=\"text-align: justify;\"><span class=\"textePagePlus\">Gr\u00e2ce \u00e0 la bonne pers\u00e9v\u00e9rance et \u00e0 l\u2019esprit de bonne camaraderie l\u2019\u00e9quipe remporta d\u00e8s 1934 le championnat du Haut-Rhin de la 4\u00b0 division et en 1937 celui de la 3\u00b0 division. Au cours de la p\u00e9riode 1940-1944, continuant son activit\u00e9, elle s\u2019\u00e9tait class\u00e9e premi\u00e8re de l\u2019arrondissement. L\u2019\u00e9quipe R\u00e9serves remporta le championnat du Haut-Rhin en 1949; celle des jeunes, \u00e0 l\u2019issue de sa cr\u00e9ation, 1955, le championnat des juniors du groupe Sundgau.<\/span><\/h4>\n<h4 style=\"text-align: justify;\"><span class=\"textePagePlus\">Apr\u00e8s la guerre, une section d\u2019athl\u00e9tisme comprenant des \u00e9l\u00e9ments masculins et f\u00e9minins a vu le jour. Apr\u00e8s 4 saisons de vitalit\u00e9, cette section a du \u00eatre mise en sommeil faute d\u2019un moniteur comp\u00e9tent et surtout d\u2019installations sans lesquelles aucune performance valable<\/span><\/h4>\n<h4 style=\"text-align: justify;\"><span class=\"textePagePlus\">Pourtant relevons les noms de quelques performers: MM. Moser Joseph, Coquerille Pierre, Sutter G\u00e9rard, Buttet Pierre, Braunstedter Richard et Melles Storrer Huguette, Braunstedter Germaine.<\/span><\/h4>\n<h4 style=\"text-align: justify;\"><span class=\"textePagePlus\">Montreux-sports est \u00e9galement une p\u00e9pini\u00e8re d\u2019arbitres. En effet gr\u00e2ce au recrutement et aux cours prodigu\u00e9s par M. V. Calmelet, arbitre de Ligue, onze arbitres ont \u00e9t\u00e9 form\u00e9s depuis 1950 et mis \u00e0 la disposition de la CRA.<\/span><\/h4>\n<h4 style=\"text-align: justify;\"><span class=\"textePagePlus\">Apr\u00e8s avoir dispos\u00e9 longtemps de terrains de fortune, la soci\u00e9t\u00e9 a am\u00e9nag\u00e9 a ses propres frais un terrain vague situ\u00e9 entre le canal du Rh\u00f4ne au Rhin et l\u2019ancien canal. Ce terrain a \u00e9t\u00e9 inaugur\u00e9 en 1934 au cours d\u2019une manifestation plac\u00e9e sous la pr\u00e9sidence de M. le Sous-Pr\u00e9fet Neff d\u2019Altkirch. Ce terrain s\u2019av\u00e9rant trop petit, la soci\u00e9t\u00e9 a investi des fonds importants en 1959 pour son aplanissement et son agrandissement. Ces travaux d\u2019am\u00e9nagement seront poursuivis par l\u2019implantation d\u2019une piste et d\u2019un vestiaire-douches ainsi que d\u2019un \u00e9clairage pour l\u2019entra\u00eenement. Signalons que le stade est utilis\u00e9 par les enfants des \u00e9coles communales pour lesquels il sert de plateau \u00e9ducatif.<\/span><\/h4>\n<h4 style=\"text-align: justify;\"><span class=\"textePagePlus\">Le but des dirigeants, donner \u00e0 chacun la possibilit\u00e9 de pratiquer le sport, a \u00e9t\u00e9 atteint. En lisant ces souvenirs, les anciens se rem\u00e9moreront leurs ann\u00e9es de jeunesse alors qu\u2019ils pratiquaient le football, les jeunes apprendront bien des d\u00e9tails qu\u2019ils ignorent et y tireront d\u2019utiles exemples.<\/span><\/h4>\n<h4 style=\"text-align: justify;\"><span class=\"textePagePlus\">Ainsi donc on pourra manifester une reconnaissance pour le pass\u00e9, marquer un enthousiasme pour le pr\u00e9sent et faire enti\u00e8re confiance en l\u2019avenir. Montreux-Sports a \u00e9t\u00e9 de 1930 \u00e0 1973 sous la pr\u00e9sidence de M. Schott Emile<\/span><\/h4>\n<h4 style=\"text-align: justify;\"><span class=\"textePagePlus\">de 1974 \u00e0 1995 sous la pr\u00e9sidence de Barthoneuf Jean et depuis sous la pr\u00e9sidence de M. Stemmelin Christian avec comme Pr\u00e9sident d&rsquo;Honneur M. Grosjean Ernest.<\/span><\/h4>\n<h4 style=\"text-align: justify;\"><span class=\"textePagePlus\">A l&rsquo;heure actuelle, le Comit\u00e9 est le suivant: -Pr\u00e9sident: Stemmelin Christian et entra\u00eeneur des jeunes -Vice-Pr\u00e9sident: Conedera Orlando &#8211; Secr\u00e9taire: Bertrand Rinner -Tr\u00e9sorier: Roth Patrick -Entraineurs : Garessus Jean Paul, Ralim Oudane -Equipe r\u00e9serve: Corsini Marc auquel succ\u00e9dera G\u00e9rald Richard -Resp.buvette: Lardellier Michel &amp; Jean-Paul Thuet -Poussins : Nathalie Chalier et Claude Sturm -autres membres: Labrelle Raymond, Wilhelm Patrick, David Michel; Bernadete Gassmann (responsable et tr\u00e9sori\u00e8re de Montreux-Sports pour l&rsquo;ann\u00e9e EPA).<\/span><\/h4>","protected":false},"excerpt":{"rendered":"<p>Montreux-Sports David MICHEL 03 84 19 42 10 A Montreux-Vieux, la pratique du football remonte avant la grande guerre de 1914-18. Le jeu du ballon rond avait, en effet fait son apparition d\u00e8s 1910 dans cette importante cit\u00e9 frontali\u00e8re qu\u2019\u00e9tait &hellip; <a href=\"https:\/\/montreux-vieux.net\/?page_id=4608\">Continuer la lecture <span class=\"meta-nav\">&rarr;<\/span><\/a><\/p>\n","protected":false},"author":1,"featured_media":0,"parent":12802,"menu_order":5,"comment_status":"open","ping_status":"open","template":"","meta":{"footnotes":""},"class_list":["post-4608","page","type-page","status-publish","hentry"],"_links":{"self":[{"href":"https:\/\/montreux-vieux.net\/index.php?rest_route=\/wp\/v2\/pages\/4608","targetHints":{"allow":["GET"]}}],"collection":[{"href":"https:\/\/montreux-vieux.net\/index.php?rest_route=\/wp\/v2\/pages"}],"about":[{"href":"https:\/\/montreux-vieux.net\/index.php?rest_route=\/wp\/v2\/types\/page"}],"author":[{"embeddable":true,"href":"https:\/\/montreux-vieux.net\/index.php?rest_route=\/wp\/v2\/users\/1"}],"replies":[{"embeddable":true,"href":"https:\/\/montreux-vieux.net\/index.php?rest_route=%2Fwp%2Fv2%2Fcomments&post=4608"}],"version-history":[{"count":6,"href":"https:\/\/montreux-vieux.net\/index.php?rest_route=\/wp\/v2\/pages\/4608\/revisions"}],"predecessor-version":[{"id":14771,"href":"https:\/\/montreux-vieux.net\/index.php?rest_route=\/wp\/v2\/pages\/4608\/revisions\/14771"}],"up":[{"embeddable":true,"href":"https:\/\/montreux-vieux.net\/index.php?rest_route=\/wp\/v2\/pages\/12802"}],"wp:attachment":[{"href":"https:\/\/montreux-vieux.net\/index.php?rest_route=%2Fwp%2Fv2%2Fmedia&parent=4608"}],"curies":[{"name":"wp","href":"https:\/\/api.w.org\/{rel}","templated":true}]}}