{"id":4610,"date":"2015-02-16T15:34:54","date_gmt":"2015-02-16T14:34:54","guid":{"rendered":"http:\/\/montreux-vieux.net\/?page_id=4610"},"modified":"2020-01-25T10:27:55","modified_gmt":"2020-01-25T09:27:55","slug":"amicale-des-donneurs-de-sang","status":"publish","type":"page","link":"https:\/\/montreux-vieux.net\/?page_id=4610","title":{"rendered":"Amicale des Donneurs de Sang"},"content":{"rendered":"<h2 style=\"text-align: center;\">Amicale des Donneurs de Sang<\/h2>\n<p style=\"text-align: center;\"><a href=\"http:\/\/montreux-vieux.net\/montreux-vieux.net\/wp-content\/uploads\/2012\/12\/P1050436.jpg\" target=\"_blank\" rel=\"noopener noreferrer\"><img loading=\"lazy\" decoding=\"async\" class=\"aligncenter wp-image-3680 size-medium\" src=\"http:\/\/montreux-vieux.net\/montreux-vieux.net\/wp-content\/uploads\/2012\/12\/P1050436-300x225.jpg\" alt=\"une photo des donneurs de sang\" width=\"300\" height=\"225\" srcset=\"https:\/\/montreux-vieux.net\/montreux-vieux.net\/wp-content\/uploads\/2012\/12\/P1050436-300x225.jpg 300w, https:\/\/montreux-vieux.net\/montreux-vieux.net\/wp-content\/uploads\/2012\/12\/P1050436.jpg 640w\" sizes=\"auto, (max-width: 300px) 100vw, 300px\" \/><\/a><\/p>\n<h5 style=\"text-align: center;\">Ren\u00e9 Bauler<\/h5>\n<h5 style=\"text-align: center;\">03 89 25 25 89<\/h5>\n<h3 style=\"text-align: center;\">LES DONNEURS DE SANG<\/h3>\n<h4 style=\"text-align: justify;\">Constitu\u00e9e le 6 juillet 1979, l\u2019association a pour but de s\u2019occuper et d\u2019organiser dans l\u2019int\u00e9r\u00eat de tous, toutes manifestations susceptibles d\u2019entretenir et de resserrer les liens de camaraderie et d\u2019organiser des collectes de sang.<\/h4>\n<h4 style=\"text-align: justify;\">Ont \u00e9t\u00e9 \u00e9lus : Pr\u00e9sident: PFIRSCH Jean-Pierre, Vice-pr\u00e9sident: BAEHLER Christian, Tr\u00e9sorier: THURLINGUE Louis, Assesseurs: BREFIE Jean-Paul, WITTMANN Roland, PFIRSCH Nadine Le 21 Novembre 1979, le Comit\u00e9 passe de 8 membres au lieu de 7 et Mme BAEHLER Marie-Christine prend les fonctions de Secr\u00e9taire<\/h4>\n<h4 style=\"text-align: justify;\">Le 25 Octobre 1991, le nouveau comit\u00e9 s\u2019\u00e9tant r\u00e9uni pour la r\u00e9partition des diff\u00e9rents postes, d\u00e9cide de la nouvelle constitution du bureau directeur: Pr\u00e9sident: BOEHM Serge, Vice-pr\u00e9sident: PFIRSCH Jean-Pierre, Tr\u00e9sorier: DORGET Daniel, Secr\u00e9taire: ZINCK Emmanuel, Assesseurs: REIN Joseph, BITTIGHOFFER Delphine, LALEVEE Claude, BAULER Ren\u00e9, LAURENT Denise.<\/h4>\n<h4 style=\"text-align: justify;\">Diff\u00e9rentes manifestations ont \u00e9t\u00e9 organis\u00e9es notamment \u00ab la f\u00eate des rues \u00bb, \u00ab le march\u00e9 aux puces \u00bb, \u00ab la vente de muguet \u00bb, etc\u2026 ainsi que diff\u00e9rentes collectes de sang pendant la pr\u00e9sidence de M. BOEHM Serge, d\u00e9missionnaire en date du 1er f\u00e9vrier 1996.<\/h4>\n<h4 style=\"text-align: justify;\">Octobre 2003&nbsp;:&nbsp;M.VIOTTI Jean Paul d\u00e9missionne et un comit\u00e9 restreint&nbsp;: compos\u00e9 de M.DORGET Daniel, M.Bauler Ren\u00e9 et M.BEAUD Michel assure les collectes de sang et permet de garder les donneurs sur le secteur<\/h4>\n<h4 style=\"text-align: justify;\">Mars 2004&nbsp;: \u2013 un nouveau comit\u00e9 se forme et nomme le pr\u00e9sident actuel M .BOUVET Eric, vice pr\u00e9sident BAULER Ren\u00e9, tr\u00e9sorier M.DORGET Daniel, secr\u00e9taire M.MOREIRA G\u00e9rard, accesseur Me BOUVET Chantal, M.BEAUD Michel, M.RICHERT Robert&nbsp;; de cette nouvelle \u00e9quipe une dynamique se cr\u00e9e et recherche de nouvelles activit\u00e9s.<\/h4>\n<h4 style=\"text-align: justify;\">D\u00e9cembre 2004&nbsp;: le 1er March\u00e9 de Noel \u00e0 Montreux-Vieux apporte un \u00e9lan pour les futurs donneurs (300 visiteurs, un encouragement fort pour l\u2019amicale).<\/h4>\n<h4 style=\"text-align: justify;\">En 2005&nbsp;: l\u2019amicale adh\u00e8re \u00e0 la F\u00e9d\u00e9ration Fran\u00e7aise des Donneur de Sang B\u00e9n\u00e9voles avec un soutien par le relais de l\u2019Union D\u00e9partementale et le Groupement Haut Rhin Sud de Mulhouse<\/h4>\n<h4 style=\"text-align: justify;\">L\u2019Etablissement Fran\u00e7ais du. Sang coordonne les collectes du sang, et informe les amicales les collectes de sang \u00e9voluent sur l\u2019accueil, la collation, la fid\u00e9lisation, remise de dipl\u00f4mes et m\u00e9dailles encouragent les donneurs assidus<\/h4>\n<h4 style=\"text-align: justify;\">Mai 2006&nbsp;: Partenariat avec les amicales du canton de Danemarie de la Marche pour la Vie avec Jean Pierre NOEPPEL, 1000km en 41 \u00e9tapes&nbsp;d\u2019ENTZHIEM \u00e0 NICE<\/h4>\n<h4 style=\"text-align: justify;\">De 2006 \u00e0 2011&nbsp;:c\u2019est aussi 6 ann\u00e9es de parrainage \u00e0 la soir\u00e9e chorale lors de la semaine culturelle \u00e0 Montreux-Vieux<\/h4>\n<h4 style=\"text-align: justify;\">2007 : soutien \u00e0 l\u2019association HELI-SECOURS (don financier)<\/h4>\n<h4 style=\"text-align: justify;\">Janvier 2011- renouvellement du comit\u00e9 suite au d\u00e9part du secr\u00e9taire M.MOREIRA G\u00e9rard remplac\u00e9 par Me BEZILLE Marie-Jos\u00e9e et renfort de deux membres Me. LEGAC Anita et Me RUBINO Lydia<\/h4>\n<h4 style=\"text-align: justify;\">Mars 2011&nbsp;:- reprise de l\u2019op\u00e9ration Tulipes \u00e0 C\u0153ur, vente de tulipes sur le march\u00e9 du vendredi \u00e0 Montreux-Vieux<\/h4>\n\n\n<p class=\"has-text-align-center\"> Le 200e don r\u00e9compens\u00e9 <\/p>\n\n\n\n<p>La premi\u00e8re collecte de sang de l\u2019ann\u00e9e \u00e0 Altkirch a eu lieu dans la salle des piliers de la Halle au bl\u00e9. La premi\u00e8re sous l\u2019\u00e9gide du nouveau pr\u00e9sident Christian Zimmermann.<\/p>\n\n\n\n<div class=\"wp-block-image\"><figure class=\"aligncenter\"><img decoding=\"async\" src=\"http:\/\/montreux-vieux.net\/montreux-vieux.net\/wp-content\/uploads\/2019\/01\/ScreenShot1511.jpg\" alt=\"L\u2019attribut alt de cette image est vide, son nom de fichier est ScreenShot1511.jpg.\"\/><\/figure><\/div>\n\n\n\n<p> Pour la premi\u00e8re collecte de sang de l\u2019ann\u00e9e \u00e0 Altkirch, le pr\u00e9sident de l\u2019association locale des donneurs de sang, Christian Zimmermann, a eu \u00e0 c\u0153ur de r\u00e9compenser un fid\u00e8le, Fr\u00e9d\u00e9ric Pfirsch, pour ses 200 dons. <\/p>\n\n\n\n<p> Ce donneur avait effectu\u00e9 son premier don dans le cadre de son travail chez Peugeot MTC, \u00e0 Dannemarie, le 4\u00a0janvier 1990. Il a depuis accumul\u00e9 les dons aupr\u00e8s de plusieurs amicales. Il allait au gr\u00e9 des dates de collectes, de Montreux-Vieux \u00e0 Dannemarie, de Ballersdorf \u00e0 Altkirch, o\u00f9 il avait ses habitudes, appr\u00e9ciant la gastronomie d\u2019apr\u00e8s collecte initi\u00e9e par l\u2019ancien pr\u00e9sident Bernard Moreth.  <\/p>\n\n\n\n<p> De surcro\u00eet, il a effectu\u00e9 de nombreux dons de plasma \u00e0 Mulhouse. Il dit aussi avoir la chance d\u2019\u00eatre en bonne sant\u00e9 et de pouvoir se rendre disponible. <\/p>\n\n\n\n<p> Le pr\u00e9sident Christian Zimmermann et son vice-pr\u00e9sident, Fernand Dandlo, lui ont remis sa m\u00e9daille et son dipl\u00f4me certifiant son septi\u00e8me niveau au sommet de la hi\u00e9rarchie du don de sang. Ils l\u2019ont vivement f\u00e9licit\u00e9 et ont insist\u00e9 pour que son exemple d\u2019engagement serve d\u2019exemple aux jeunes g\u00e9n\u00e9rations. Les besoins sont toujours aussi importants et l\u2019engagement b\u00e9n\u00e9vole \u00e0 la fran\u00e7aise permet d\u2019y subvenir. C\u2019est un geste humanitaire envers les accident\u00e9s et les malades et nul n\u2019est \u00e0 l\u2019abri de ces al\u00e9as de la vie. <\/p>\n\n\n\n<p>  Texte et photo l&rsquo;Alsace <\/p>\n","protected":false},"excerpt":{"rendered":"<p>Amicale des Donneurs de Sang Ren\u00e9 Bauler 03 89 25 25 89 LES DONNEURS DE SANG Constitu\u00e9e le 6 juillet 1979, l\u2019association a pour but de s\u2019occuper et d\u2019organiser dans l\u2019int\u00e9r\u00eat de tous, toutes manifestations susceptibles d\u2019entretenir et de resserrer &hellip; <a href=\"https:\/\/montreux-vieux.net\/?page_id=4610\">Continuer la lecture <span class=\"meta-nav\">&rarr;<\/span><\/a><\/p>\n","protected":false},"author":1,"featured_media":0,"parent":12802,"menu_order":7,"comment_status":"open","ping_status":"open","template":"","meta":{"footnotes":""},"class_list":["post-4610","page","type-page","status-publish","hentry"],"_links":{"self":[{"href":"https:\/\/montreux-vieux.net\/index.php?rest_route=\/wp\/v2\/pages\/4610","targetHints":{"allow":["GET"]}}],"collection":[{"href":"https:\/\/montreux-vieux.net\/index.php?rest_route=\/wp\/v2\/pages"}],"about":[{"href":"https:\/\/montreux-vieux.net\/index.php?rest_route=\/wp\/v2\/types\/page"}],"author":[{"embeddable":true,"href":"https:\/\/montreux-vieux.net\/index.php?rest_route=\/wp\/v2\/users\/1"}],"replies":[{"embeddable":true,"href":"https:\/\/montreux-vieux.net\/index.php?rest_route=%2Fwp%2Fv2%2Fcomments&post=4610"}],"version-history":[{"count":6,"href":"https:\/\/montreux-vieux.net\/index.php?rest_route=\/wp\/v2\/pages\/4610\/revisions"}],"predecessor-version":[{"id":18743,"href":"https:\/\/montreux-vieux.net\/index.php?rest_route=\/wp\/v2\/pages\/4610\/revisions\/18743"}],"up":[{"embeddable":true,"href":"https:\/\/montreux-vieux.net\/index.php?rest_route=\/wp\/v2\/pages\/12802"}],"wp:attachment":[{"href":"https:\/\/montreux-vieux.net\/index.php?rest_route=%2Fwp%2Fv2%2Fmedia&parent=4610"}],"curies":[{"name":"wp","href":"https:\/\/api.w.org\/{rel}","templated":true}]}}