{"id":4612,"date":"2015-02-16T15:36:11","date_gmt":"2015-02-16T14:36:11","guid":{"rendered":"http:\/\/montreux-vieux.net\/?page_id=4612"},"modified":"2018-12-25T15:02:35","modified_gmt":"2018-12-25T14:02:35","slug":"partage-regroupement-solidarite","status":"publish","type":"page","link":"https:\/\/montreux-vieux.net\/?page_id=4612","title":{"rendered":"Partage Regroupement Solidarit\u00e9"},"content":{"rendered":"<h2 style=\"text-align: center;\">Partage Solidarit\u00e9 Regroupement<\/h2>\n<p style=\"text-align: center;\"><a href=\"http:\/\/montreux-vieux.net\/montreux-vieux.net\/wp-content\/uploads\/2011\/03\/Solidarit%C3%A9.jpg\" target=\"_blank\" rel=\"noopener\"><img loading=\"lazy\" decoding=\"async\" class=\"aligncenter wp-image-3336 size-thumbnail\" src=\"http:\/\/montreux-vieux.net\/montreux-vieux.net\/wp-content\/uploads\/2011\/03\/Solidarit%C3%A9-150x150.jpg\" alt=\"Solidarit\u00e9\" width=\"150\" height=\"150\"><\/a><\/p>\n<h5 style=\"text-align: center;\">Bernadette GASSMANN<\/h5>\n<h5 style=\"text-align: center;\">03 89 25 28 01<\/h5>\n<h3 style=\"text-align: center;\">PARTAGE SOLIDARITE REGROUPEMENT<\/h3>\n<h4 style=\"text-align: justify;\"><span class=\"textePagePlus\">Constitu\u00e9e le 8 f\u00e9vrier 1995 elle a pour but de permettre \u00e0 ses membres d\u2019apporter des aides aux personnes les plus d\u00e9munies. Oeuvrant dans le domaine humanitaire elle a son si\u00e8ge social au Presbyt\u00e8re de Montreux-Vieux 1 rue de la Tour.<\/span><\/h4>\n<h4 style=\"text-align: justify;\"><span class=\"textePagePlus\">Les membres fondateurs sont: Mmes GEILLER Liliane, VIENNOT Nelly, HODAPP Rose-Marie, BART Andr\u00e9e, BARNABE Yvonne. MM. GOEPFERT Joseph, BOUVIER Joseph, HODAPP Lucien, LALEVEE Claude, BARNABE Daniel.<\/span><\/h4>\n<h4 style=\"text-align: justify;\"><span class=\"textePagePlus\">Ont \u00e9t\u00e9 \u00e9lus: Pr\u00e9sident: Joseph GOEPFERT, Secr\u00e9taire: Daniel BARNABE, Tr\u00e9sorier: Lucien HODAPP Assesseurs: Mme Andr\u00e9e BARAT, Mme Yvonne BARNABE, Mme Liliane GEILLER, Mme Rose-Marie HODAPP, Mme Nelly VIENOT, M. Claude LALEVEE, M.Joseph BOUVIER<\/span><\/h4>\n<h4 style=\"text-align: justify;\"><span class=\"textePagePlus\">Election des Commissaires aux comptes sont \u00e9lus : Mme Yvonne BARNABE, M.Joseph BOUVIER<\/span><\/h4>\n<h4 style=\"text-align: justify;\"><span class=\"textePagePlus\">P.S.R. apporte une aide essentiellement alimentaire deux fois par mois aux personnes les plus d\u00e9munies du secteur de Montreux-Vieux. L&rsquo;Association est \u00e0 l&rsquo;\u00e9coute de toutes les situations difficiles qui lui sont soumises.<\/span><\/h4>\n<h4 style=\"text-align: justify;\"><span class=\"textePagePlus\">Renseignements<\/span><span class=\"textePagePlus\">: Bernadette Gassmann<\/span><\/h4>\n<h4 style=\"text-align: justify;\"><span class=\"textePagePlus\">T\u00e9l: 03 89 25 28 01 ou 06 80 03 47 17<\/span><\/h4>\n<h4 style=\"text-align: justify;\"><span class=\"textePagePlus\">E-mail : jean-marie.gassmann@wanadoo.fr<\/span><\/h4>\n<h4 style=\"text-align: justify;\">Compl\u00e9ment 27 octobre 2018<\/h4>\n<h4 style=\"text-align: justify;\">Partage Regroupement Solidarit\u00e9.<\/h4>\n<h4 style=\"text-align: justify;\">La constitution de l\u2019association a eu lieu le 08 f\u00e9vrier 1995 sous l\u2019impulsion de &nbsp;Madame Andr\u00e9e Barat qui avait d\u00e9couvert au d\u00e9but de l\u2019hiver 1994 qu\u2019une famille vivait encore dans un hangar sur de la terre battue, ou un fourneau \u00e9tait install\u00e9 mais qui enfumait plus les personnes pr\u00e9sentes qu\u2019il ne chauffait. Tout le monde se souvient de ce pauvre gars qui venait de se marier, A\u00efssa Charik, qui n\u2019a pas profit\u00e9 longtemps du logement obtenu alors par l\u2019association pour lui et son \u00e9pouse car il est d\u00e9c\u00e9d\u00e9 quelques mois plus tard.. L\u2019association s\u2019est depuis &nbsp;\u00e9largie aux communes de Chavannes-sur l\u2019Etang, Magny, Valdieu-Lutran, Romagny et Montreux-Jeune.. Install\u00e9e dans l\u2019ancien presbyt\u00e8re protestant (la poste) l\u2019association aide environ une trentaine de familles, soit environ 130 personnes et distribue plus de 32 tonnes d\u2019aliments chaque ann\u00e9es.<\/h4>\n","protected":false},"excerpt":{"rendered":"<p>Partage Solidarit\u00e9 Regroupement Bernadette GASSMANN 03 89 25 28 01 PARTAGE SOLIDARITE REGROUPEMENT Constitu\u00e9e le 8 f\u00e9vrier 1995 elle a pour but de permettre \u00e0 ses membres d\u2019apporter des aides aux personnes les plus d\u00e9munies. Oeuvrant dans le domaine humanitaire &hellip; <a href=\"https:\/\/montreux-vieux.net\/?page_id=4612\">Continuer la lecture <span class=\"meta-nav\">&rarr;<\/span><\/a><\/p>\n","protected":false},"author":1,"featured_media":0,"parent":12802,"menu_order":9,"comment_status":"open","ping_status":"open","template":"","meta":{"footnotes":""},"class_list":["post-4612","page","type-page","status-publish","hentry"],"_links":{"self":[{"href":"https:\/\/montreux-vieux.net\/index.php?rest_route=\/wp\/v2\/pages\/4612","targetHints":{"allow":["GET"]}}],"collection":[{"href":"https:\/\/montreux-vieux.net\/index.php?rest_route=\/wp\/v2\/pages"}],"about":[{"href":"https:\/\/montreux-vieux.net\/index.php?rest_route=\/wp\/v2\/types\/page"}],"author":[{"embeddable":true,"href":"https:\/\/montreux-vieux.net\/index.php?rest_route=\/wp\/v2\/users\/1"}],"replies":[{"embeddable":true,"href":"https:\/\/montreux-vieux.net\/index.php?rest_route=%2Fwp%2Fv2%2Fcomments&post=4612"}],"version-history":[{"count":5,"href":"https:\/\/montreux-vieux.net\/index.php?rest_route=\/wp\/v2\/pages\/4612\/revisions"}],"predecessor-version":[{"id":12810,"href":"https:\/\/montreux-vieux.net\/index.php?rest_route=\/wp\/v2\/pages\/4612\/revisions\/12810"}],"up":[{"embeddable":true,"href":"https:\/\/montreux-vieux.net\/index.php?rest_route=\/wp\/v2\/pages\/12802"}],"wp:attachment":[{"href":"https:\/\/montreux-vieux.net\/index.php?rest_route=%2Fwp%2Fv2%2Fmedia&parent=4612"}],"curies":[{"name":"wp","href":"https:\/\/api.w.org\/{rel}","templated":true}]}}