{"id":4614,"date":"2015-02-16T15:37:08","date_gmt":"2015-02-16T14:37:08","guid":{"rendered":"http:\/\/montreux-vieux.net\/?page_id=4614"},"modified":"2018-12-25T15:03:36","modified_gmt":"2018-12-25T14:03:36","slug":"chorale-sainte-cecile","status":"publish","type":"page","link":"https:\/\/montreux-vieux.net\/?page_id=4614","title":{"rendered":"Chorale Sainte C\u00e9cile"},"content":{"rendered":"<h2 style=\"text-align: center;\">Chorale Sainte-C\u00e9cile<\/h2>\n<p style=\"text-align: center;\"><a href=\"http:\/\/montreux-vieux.net\/montreux-vieux.net\/wp-content\/uploads\/2015\/01\/Num%C3%A9riser0011.jpg\" target=\"_blank\"><img loading=\"lazy\" decoding=\"async\" class=\"aligncenter wp-image-4202 size-medium\" src=\"http:\/\/montreux-vieux.net\/montreux-vieux.net\/wp-content\/uploads\/2015\/01\/Num\u00e9riser0011-300x205.jpg\" alt=\"La chorale Sainte C\u00e9cile de Montreux-Vieux\" width=\"300\" height=\"205\" srcset=\"https:\/\/montreux-vieux.net\/montreux-vieux.net\/wp-content\/uploads\/2015\/01\/Num\u00e9riser0011-300x205.jpg 300w, https:\/\/montreux-vieux.net\/montreux-vieux.net\/wp-content\/uploads\/2015\/01\/Num\u00e9riser0011-1024x698.jpg 1024w, https:\/\/montreux-vieux.net\/montreux-vieux.net\/wp-content\/uploads\/2015\/01\/Num\u00e9riser0011-600x409.jpg 600w, https:\/\/montreux-vieux.net\/montreux-vieux.net\/wp-content\/uploads\/2015\/01\/Num\u00e9riser0011.jpg 1810w\" sizes=\"auto, (max-width: 300px) 100vw, 300px\" \/><\/a><\/p>\n<h5 style=\"text-align: center;\">Andr\u00e9e BARAT<\/h5>\n<h5 style=\"text-align: center;\">03 89 25 20 78<\/h5>\n<h3 style=\"text-align: center;\">CHORALE SAINTE-CECILE<\/h3>\n<h4 style=\"text-align: justify;\"><span class=\"textePagePlus\">Constitu\u00e9e le 3 Novembre 1988, la nouvelle chorale Ste-C\u00e9cile occupe une place de choix dans les actions liturgiques.<\/span><span class=\"textePagePlus\">Elle donne aux c\u00e9l\u00e9brations un caract\u00e8re plus festif et plus joyeux au moyen de musique vocale et instrumentale.<\/span><\/h4>\n<h4 style=\"text-align: justify;\"><span class=\"textePagePlus\">Elle est affili\u00e9e \u00e0 l\u2019Union Sainte C\u00e9cile des chorales d\u2019Alsace dont le si\u00e8ge est \u00e0 Strasbourg.<\/span><span class=\"textePagePlus\">La chorale Ste-C\u00e9cile assure toute l\u2019ann\u00e9e l\u2019animation par le chant liturgique durant les messes dominicales, les grandes f\u00eates religieuses, les mariages, les enterrements et certains concerts. Elle fait \u00e9galement partie de la chorale inter-paroissiale du secteur de Montreux-Vieux.<\/span><\/h4>\n<h4 style=\"text-align: justify;\"><span class=\"textePagePlus\">Le Comit\u00e9 se compose comme suit : Membres \u00e9lus : Pr\u00e9sident: M. G\u00e9rard SINNIGER, Vice-Pr\u00e9sidente: Mme Andr\u00e9e BARAT, Secr\u00e9taire: Melle Nadine REISET, Tr\u00e9sorier : M. Pol BARAT, Assesseurs: Mr Charles BIHR, Melle Delphine BITTIGHOFFER.<\/span><\/h4>\n<h4 style=\"text-align: justify;\"><span class=\"textePagePlus\">Membres de droit: Cur\u00e9: Abb\u00e9 Joseph GOEPFERT, Chef de Choeur: M. G\u00e9rard SINNIGER, Organistes: M. Luc DANGEL, M. Emmanuel ZINCK.<\/span><\/h4>\n","protected":false},"excerpt":{"rendered":"<p>Chorale Sainte-C\u00e9cile Andr\u00e9e BARAT 03 89 25 20 78 CHORALE SAINTE-CECILE Constitu\u00e9e le 3 Novembre 1988, la nouvelle chorale Ste-C\u00e9cile occupe une place de choix dans les actions liturgiques.Elle donne aux c\u00e9l\u00e9brations un caract\u00e8re plus festif et plus joyeux au &hellip; <a href=\"https:\/\/montreux-vieux.net\/?page_id=4614\">Continuer la lecture <span class=\"meta-nav\">&rarr;<\/span><\/a><\/p>\n","protected":false},"author":1,"featured_media":0,"parent":12802,"menu_order":11,"comment_status":"open","ping_status":"open","template":"","meta":{"footnotes":""},"class_list":["post-4614","page","type-page","status-publish","hentry"],"_links":{"self":[{"href":"https:\/\/montreux-vieux.net\/index.php?rest_route=\/wp\/v2\/pages\/4614","targetHints":{"allow":["GET"]}}],"collection":[{"href":"https:\/\/montreux-vieux.net\/index.php?rest_route=\/wp\/v2\/pages"}],"about":[{"href":"https:\/\/montreux-vieux.net\/index.php?rest_route=\/wp\/v2\/types\/page"}],"author":[{"embeddable":true,"href":"https:\/\/montreux-vieux.net\/index.php?rest_route=\/wp\/v2\/users\/1"}],"replies":[{"embeddable":true,"href":"https:\/\/montreux-vieux.net\/index.php?rest_route=%2Fwp%2Fv2%2Fcomments&post=4614"}],"version-history":[{"count":6,"href":"https:\/\/montreux-vieux.net\/index.php?rest_route=\/wp\/v2\/pages\/4614\/revisions"}],"predecessor-version":[{"id":28352,"href":"https:\/\/montreux-vieux.net\/index.php?rest_route=\/wp\/v2\/pages\/4614\/revisions\/28352"}],"up":[{"embeddable":true,"href":"https:\/\/montreux-vieux.net\/index.php?rest_route=\/wp\/v2\/pages\/12802"}],"wp:attachment":[{"href":"https:\/\/montreux-vieux.net\/index.php?rest_route=%2Fwp%2Fv2%2Fmedia&parent=4614"}],"curies":[{"name":"wp","href":"https:\/\/api.w.org\/{rel}","templated":true}]}}