{"id":4616,"date":"2015-02-16T15:38:22","date_gmt":"2015-02-16T14:38:22","guid":{"rendered":"http:\/\/montreux-vieux.net\/?page_id=4616"},"modified":"2019-02-05T13:40:15","modified_gmt":"2019-02-05T12:40:15","slug":"association-au-bonheur-des-enfants","status":"publish","type":"page","link":"https:\/\/montreux-vieux.net\/?page_id=4616","title":{"rendered":"Association Au Bonheur des Enfants"},"content":{"rendered":"\n\n<h2 style=\"text-align: center;\">Au Bonheur des Enfants<\/h2>\n<h5 style=\"text-align: center;\">Marianne STALDER<\/h5>\n<h5 style=\"text-align: center;\">03 89 25 25 49<\/h5>\n<h3 style=\"text-align: center;\">AU BONHEUR DES ENFANTS<\/h3>\n<h4 style=\"text-align: justify;\">Constitu\u00e9e le 07 d\u00e9cembre 1984, elle a pour but d\u2019organiser des activit\u00e9s pour financer des sorties et diff\u00e9rentes animations pour oeuvrer \u00e0 l\u2019\u00e9panouissement des enfants des \u00e9coles de Montreux-Vieux.<\/h4>\n<div>\n<h4 style=\"text-align: justify;\"><span class=\"textePagePlus\">Le si\u00e8ge social est situ\u00e9 5 rue des Vosges \u00e0 Montreux-Vieux. L&rsquo;association s&rsquo;intitule \u00ab\u00a0Les Amis de l&rsquo;Ecole\u00a0\u00bb<\/span><\/h4>\n<h4 style=\"text-align: justify;\"><span class=\"textePagePlus\">Ont \u00e9t\u00e9 \u00e9lus : Pr\u00e9sident: M. RACINE Georges, Vice-Pr\u00e9sidente: Mme HERNANDEZ R\u00e9gine, Tr\u00e9sorier: M. LIOTE R\u00e9gis, Tr\u00e9sori\u00e8re Adjointe: Mme PICARD Marie-Odile, Secr\u00e9taire: Mme CLAR Solange, Secr\u00e9taire Adjointe: Mme BOSTVIRONNOIS B\u00e9atrice, Assesseurs: M. BERTIN Philippe, M. BLONDE Christian, Mme CONEDERA , Mme MERCIER , Mme RACINE Arlette.<\/span><\/h4>\n<h4 style=\"text-align: justify;\"><span class=\"textePagePlus\">Les principales activit\u00e9s de l\u2019Association (lavages de voitures, soir\u00e9es familiales, ventes de manalas, etc&#8230;) ont permis depuis sa cr\u00e9ation d\u2019effectuer plusieurs voyages \u00e0 Paris pour les CM\u00b2, de participer au financement de classes vertes et d\u2019amener au cin\u00e9ma les enfants des \u00e9coles de toutes les classes.<\/span><\/h4>\n<h4 style=\"text-align: justify;\"><span class=\"textePagePlus\">En place en 1996: Pr\u00e9sidente: Mme Allemann Martine, Vice-Pr\u00e9sident: M. Thiault Bernard, Tr\u00e9sorier: M. Messerlin Yves, Secr\u00e9taire: Mme Thiault Dani\u00e8le, Assesseurs: Mme Boisson Nadine, M. Allemann Marc, Mme Messerlin Sylvie.<\/span><\/h4>\n<h4 style=\"text-align: justify;\"><span class=\"textePagePlus\">Association<\/span>\u00a0<span class=\"textePagePlus\">dissoute le 21\/01\/2000<\/span><\/h4>\n<h4 style=\"text-align: justify;\"><span class=\"textePagePlus\">En 2004 l&rsquo;association est reprise par Marianne Stalder et prend la d\u00e9nomination \u00a0\u00ab\u00a0Au Bonheur des Enfants\u00a0\u00bb\u00a0<\/span><\/h4>\n<h4 style=\"text-align: justify;\"><span class=\"textePagePlus\">L&rsquo;association participe ainsi \u00e0 apporter joie et d\u00e9couverte aussi bien aux parents qu&rsquo;aux enfants.<\/span><\/h4>\n<table id=\"origine\" border=\"0\" cellspacing=\"0\" cellpadding=\"0\" align=\"center\">\n<tbody>\n<tr>\n<td class=\"cadre2\" colspan=\"3\">\n<table width=\"90%\" cellspacing=\"0\" cellpadding=\"0\" align=\"center\">\n<tbody>\n<tr>\n<td>\n<div id=\"contenusurligne\">\n<h4 style=\"text-align: center;\">Carnaval des enfants en 2011<\/h4>\n<div>\u00a0<\/div>\n<div><iframe loading=\"lazy\" src=\"http:\/\/www.youtube.com\/embed\/CjU8bF9pRYY\" width=\"420\" height=\"315\" frameborder=\"0\" allowfullscreen=\"allowfullscreen\"><\/iframe><\/div>\n<div>\u00a0<\/div>\n<div>\u00a0<\/div>\n<div>\u00a0<\/div>\n<h4 style=\"text-align: center;\">Carnaval des enfants en 2011<\/h4>\n<div>\u00a0<\/div>\n<div><iframe loading=\"lazy\" src=\"http:\/\/www.youtube.com\/embed\/dB5Lk2oHM3k\" width=\"420\" height=\"315\" frameborder=\"0\" allowfullscreen=\"allowfullscreen\"><\/iframe><\/div>\n<div>\u00a0<\/div>\n<div>\u00a0<\/div>\n<div>\u00a0<\/div>\n<h4 style=\"text-align: center;\">Soir\u00e9e des enfants en 2012<\/h4>\n<div>\u00a0<\/div>\n<div><iframe loading=\"lazy\" src=\"http:\/\/www.youtube.com\/embed\/QrATIxP0-S4\" width=\"420\" height=\"315\" frameborder=\"0\" allowfullscreen=\"allowfullscreen\"><\/iframe><\/div>\n<div>\u00a0<\/div>\n<\/div>\n<div>\u00a0<\/div>\n<\/td>\n<\/tr>\n<tr>\n<td align=\"center\">\n<h2 style=\"text-align: center;\"><span style=\"color: #003300;\">L&rsquo;Association Au Bonheur des Enfants<\/span><\/h2>\n<p>Ancien article du 7 f\u00e9vrier 2011<\/p>\n<p style=\"text-align: justify;\">Tout d\u2019abord un peu d\u2019histoire. L\u2019Association \u00ab Au Bonheur des Enfants \u00bb est n\u00e9e de \u00ab l\u2019Association des Amis de l\u2019Ecoles \u00bb alors constitu\u00e9e le 07 d\u00e9cembre 1984. Elle avait pour but d\u2019organiser des activit\u00e9s pour financer des sorties et diff\u00e9rentes animations pour \u0153uvrer \u00e0 l\u2019\u00e9panouissement des enfants des \u00e9coles de Montreux-Vieux.<\/p>\n<p>Le si\u00e8ge social \u00e9tait alors situ\u00e9 5 rue des Vosges \u00e0 Montreux-Vieux.<\/p>\n<p style=\"text-align: justify;\">Avaient \u00e9t\u00e9 \u00e9lus : Pr\u00e9sident: M. Racine Georges, Vice-pr\u00e9sidente: Mme Hernandez R\u00e9gine, Tr\u00e9sorier: M. Liot\u00e9 R\u00e9gis, Tr\u00e9sori\u00e8re Adjointe: Mme Picard Marie-Odile, Secr\u00e9taire: Mme Clar Solange, Secr\u00e9taire Adjointe: Mme Bostvironnois B\u00e9atrice, Assesseurs: M. Bertin Philippe, M. Blond\u00e9 Christian, Mme Con\u00e9d\u00e9ra , Mme Mercier, Mme Racine Arlette.<\/p>\n<p style=\"text-align: justify;\">Les principales activit\u00e9s de l\u2019Association \u00e9taient le lavage de voitures, les soir\u00e9es familiales, les ventes de manalas, etc&#8230;Les b\u00e9n\u00e9fices ont permis depuis sa cr\u00e9ation \u00e0 l\u2019\u00e9poque d\u2019effectuer plusieurs voyages \u00e0 Paris pour les CM\u00b2, de participer au financement de classes vertes et d\u2019amener au cin\u00e9ma les enfants des \u00e9coles de toutes les classes.<\/p>\n<p style=\"text-align: justify;\">En 1996 fut nomm\u00e9s : Pr\u00e9sidente: Mme Allemann Martine, Vice-pr\u00e9sident: M. Thiault Bernard, Tr\u00e9sorier: M. Messerlin Yves, Secr\u00e9taire: Mme Thiault Dani\u00e8le, Assesseurs: Mme Boisson Nadine, M. Allemann Marc, Mme Messerlin Sylvie.<\/p>\n<p>Cette Soci\u00e9t\u00e9 a \u00e9t\u00e9 dissoute le 21\/01\/2000<\/p>\n<p style=\"text-align: justify;\">Sous l\u2019impulsion de Marianne Stalder cette association a revue le jour en 2004 sous la d\u00e9nomination actuelle \u00ab Au Bonheur des Enfants \u00bb Le but est de donner du bonheur \u00e0 tous les enfants.<\/p>\n<p>L\u2019Association compte environ 60 enfants<\/p>\n<p>Elle organise chaque ann\u00e9e :<\/p>\n<ul>\n<li>Deux lotos<\/li>\n<li>Un repas \u00ab carpes-frites \u00bb pr\u00e9vu le 09 avril 2011<\/li>\n<li>Le carnaval des enfants en mars 2011<\/li>\n<li>La Saint-Nicolas<\/li>\n<li>Et cette ann\u00e9e un gala de danses.<\/li>\n<\/ul>\n<p style=\"text-align: justify;\">Le b\u00e9n\u00e9fice des diff\u00e9rentes activit\u00e9s servira \u00e0 financer une sortie r\u00e9cr\u00e9ative en fin d\u2019ann\u00e9e ainsi qu\u2019une partie des classes vertes.<\/p>\n<p style=\"text-align: justify;\">A pr\u00e9ciser aussi que les lots destin\u00e9s aux gagnants des lotos ont \u00e9t\u00e9 distribu\u00e9s sous la forme de bons d\u2019achat en alimentation ou en v\u00eatements.<\/p>\n<p style=\"text-align: justify;\">A noter \u00e9galement qu\u2019il est pr\u00e9vu cette ann\u00e9e en juillet ou en ao\u00fbt une sortie d\u2019un jour pour tous les enfants ce qui permettra aux plus d\u00e9favoris\u00e9s de pouvoir partir ne serait-ce qu\u2019une journ\u00e9e.<\/p>\n<p style=\"text-align: justify;\">Un grand bravo \u00e0 cette association et \u00e0 Marianne qui malgr\u00e9 ses ennuis de sant\u00e9 l\u2019anime avec son c\u0153ur.<\/p>\n<\/td>\n<\/tr>\n<\/tbody>\n<\/table>\n<\/td>\n<\/tr>\n<tr>\n<td class=\"cadre2\" valign=\"top\" width=\"32\" height=\"32\"><object id=\"01coin\" width=\"32\" height=\"32\" classid=\"clsid:d27cdb6e-ae6d-11cf-96b8-444553540000\" codebase=\"http:\/\/fpdownload.macromedia.com\/pub\/shockwave\/cabs\/flash\/swflash.cab#version=7,0,0,0\" align=\"left\"><embed src=\"http:\/\/montreux-vieux.info\/03coin.swf?color=ffffff&amp;direction=BG&amp;bgcolor=d8e1fc\" quality=\"high\" bgcolor=\"000000\" width=\"32\" height=\"32\" align=\"left\" allowscriptaccess=\"sameDomain\" type=\"application\/x-shockwave-flash\" pluginspage=\"http:\/\/www.macromedia.com\/go\/getflashplayer\" \/><\/object><\/td>\n<td class=\"cadre2\" valign=\"top\" width=\"667\">\u00a0<\/td>\n<td class=\"cadre2\" valign=\"top\" width=\"32\"><object id=\"01coin2\" width=\"32\" height=\"32\" classid=\"clsid:d27cdb6e-ae6d-11cf-96b8-444553540000\" codebase=\"http:\/\/fpdownload.macromedia.com\/pub\/shockwave\/cabs\/flash\/swflash.cab#version=7,0,0,0\" align=\"right\"><\/object><\/td>\n<\/tr>\n<\/tbody>\n<\/table>\n<\/div>","protected":false},"excerpt":{"rendered":"<p>Au Bonheur des Enfants Marianne STALDER 03 89 25 25 49 AU BONHEUR DES ENFANTS Constitu\u00e9e le 07 d\u00e9cembre 1984, elle a pour but d\u2019organiser des activit\u00e9s pour financer des sorties et diff\u00e9rentes animations pour oeuvrer \u00e0 l\u2019\u00e9panouissement des enfants &hellip; <a href=\"https:\/\/montreux-vieux.net\/?page_id=4616\">Continuer la lecture <span class=\"meta-nav\">&rarr;<\/span><\/a><\/p>\n","protected":false},"author":1,"featured_media":0,"parent":12802,"menu_order":13,"comment_status":"open","ping_status":"open","template":"","meta":{"footnotes":""},"class_list":["post-4616","page","type-page","status-publish","hentry"],"_links":{"self":[{"href":"https:\/\/montreux-vieux.net\/index.php?rest_route=\/wp\/v2\/pages\/4616","targetHints":{"allow":["GET"]}}],"collection":[{"href":"https:\/\/montreux-vieux.net\/index.php?rest_route=\/wp\/v2\/pages"}],"about":[{"href":"https:\/\/montreux-vieux.net\/index.php?rest_route=\/wp\/v2\/types\/page"}],"author":[{"embeddable":true,"href":"https:\/\/montreux-vieux.net\/index.php?rest_route=\/wp\/v2\/users\/1"}],"replies":[{"embeddable":true,"href":"https:\/\/montreux-vieux.net\/index.php?rest_route=%2Fwp%2Fv2%2Fcomments&post=4616"}],"version-history":[{"count":10,"href":"https:\/\/montreux-vieux.net\/index.php?rest_route=\/wp\/v2\/pages\/4616\/revisions"}],"predecessor-version":[{"id":14777,"href":"https:\/\/montreux-vieux.net\/index.php?rest_route=\/wp\/v2\/pages\/4616\/revisions\/14777"}],"up":[{"embeddable":true,"href":"https:\/\/montreux-vieux.net\/index.php?rest_route=\/wp\/v2\/pages\/12802"}],"wp:attachment":[{"href":"https:\/\/montreux-vieux.net\/index.php?rest_route=%2Fwp%2Fv2%2Fmedia&parent=4616"}],"curies":[{"name":"wp","href":"https:\/\/api.w.org\/{rel}","templated":true}]}}