{"id":4618,"date":"2015-02-16T15:40:08","date_gmt":"2015-02-16T14:40:08","guid":{"rendered":"http:\/\/montreux-vieux.net\/?page_id=4618"},"modified":"2023-07-21T09:56:33","modified_gmt":"2023-07-21T08:56:33","slug":"amicale-des-sapeurs-pompiers","status":"publish","type":"page","link":"https:\/\/montreux-vieux.net\/?page_id=4618","title":{"rendered":"Amicale des Sapeurs-Pompiers"},"content":{"rendered":"<h2 style=\"text-align: center;\">Amicale des Sapeurs-Pompiers<\/h2>\n<p style=\"text-align: center;\"><a href=\"http:\/\/montreux-vieux.net\/montreux-vieux.net\/wp-content\/uploads\/2014\/12\/ScreenShot302.jpg\" target=\"_blank\" rel=\"noopener\"><img loading=\"lazy\" decoding=\"async\" class=\"aligncenter wp-image-3984 size-full\" src=\"http:\/\/montreux-vieux.net\/montreux-vieux.net\/wp-content\/uploads\/2014\/12\/ScreenShot302.jpg\" alt=\"ScreenShot302\" width=\"161\" height=\"118\" \/><\/a><\/p>\n<h5 style=\"text-align: center;\"><strong>Anne Thiault n\u00e9e Freyburger.<\/strong><\/h5>\n<h3 style=\"text-align: center;\">Amicale des Sapeurs-Pompiers<\/h3>\n<h4 style=\"text-align: justify;\"><span class=\"textePagePlus\">Cr\u00e9\u00e9e le 8 juin 1974 elle a pour but de subvenir aux frais de concours et manifestations diverses tendant au perfectionnement de l\u2019instruction des membres du Corps de Sapeurs-Pompiers.<\/span><\/h4>\n<h4 style=\"text-align: justify;\"><span class=\"textePagePlus\">Elle organise chaque ann\u00e9e la Kermesse ainsi qu\u2019une soir\u00e9e choucroute, dont le b\u00e9n\u00e9fice sert, entre autre, \u00e0 l\u2019acquisition de mat\u00e9riel pour le Centre de Secours.<\/span><\/h4>\n<h4 style=\"text-align: justify;\"><span class=\"textePagePlus\">L\u2019Amicale est actuellement pr\u00e9sid\u00e9e par Madame Thiault n\u00e9e Freyburger Anne.<\/span><\/h4>\n","protected":false},"excerpt":{"rendered":"<p>Amicale des Sapeurs-Pompiers Anne Thiault n\u00e9e Freyburger. Amicale des Sapeurs-Pompiers Cr\u00e9\u00e9e le 8 juin 1974 elle a pour but de subvenir aux frais de concours et manifestations diverses tendant au perfectionnement de l\u2019instruction des membres du Corps de Sapeurs-Pompiers. Elle &hellip; <a href=\"https:\/\/montreux-vieux.net\/?page_id=4618\">Continuer la lecture <span class=\"meta-nav\">&rarr;<\/span><\/a><\/p>\n","protected":false},"author":1,"featured_media":0,"parent":12802,"menu_order":15,"comment_status":"open","ping_status":"open","template":"","meta":{"footnotes":""},"class_list":["post-4618","page","type-page","status-publish","hentry"],"_links":{"self":[{"href":"https:\/\/montreux-vieux.net\/index.php?rest_route=\/wp\/v2\/pages\/4618","targetHints":{"allow":["GET"]}}],"collection":[{"href":"https:\/\/montreux-vieux.net\/index.php?rest_route=\/wp\/v2\/pages"}],"about":[{"href":"https:\/\/montreux-vieux.net\/index.php?rest_route=\/wp\/v2\/types\/page"}],"author":[{"embeddable":true,"href":"https:\/\/montreux-vieux.net\/index.php?rest_route=\/wp\/v2\/users\/1"}],"replies":[{"embeddable":true,"href":"https:\/\/montreux-vieux.net\/index.php?rest_route=%2Fwp%2Fv2%2Fcomments&post=4618"}],"version-history":[{"count":7,"href":"https:\/\/montreux-vieux.net\/index.php?rest_route=\/wp\/v2\/pages\/4618\/revisions"}],"predecessor-version":[{"id":26059,"href":"https:\/\/montreux-vieux.net\/index.php?rest_route=\/wp\/v2\/pages\/4618\/revisions\/26059"}],"up":[{"embeddable":true,"href":"https:\/\/montreux-vieux.net\/index.php?rest_route=\/wp\/v2\/pages\/12802"}],"wp:attachment":[{"href":"https:\/\/montreux-vieux.net\/index.php?rest_route=%2Fwp%2Fv2%2Fmedia&parent=4618"}],"curies":[{"name":"wp","href":"https:\/\/api.w.org\/{rel}","templated":true}]}}