{"id":4620,"date":"2015-02-16T15:41:06","date_gmt":"2015-02-16T14:41:06","guid":{"rendered":"http:\/\/montreux-vieux.net\/?page_id=4620"},"modified":"2018-12-25T15:06:09","modified_gmt":"2018-12-25T14:06:09","slug":"association-meli-melo","status":"publish","type":"page","link":"https:\/\/montreux-vieux.net\/?page_id=4620","title":{"rendered":"Association M\u00e9li M\u00e9lo"},"content":{"rendered":"<h2 style=\"text-align: center;\">M\u00e9li-M\u00e9lo<\/h2>\n<p style=\"text-align: center;\"><a href=\"http:\/\/montreux-vieux.net\/montreux-vieux.net\/wp-content\/uploads\/2015\/01\/Melimelo.gif\" target=\"_blank\"><img loading=\"lazy\" decoding=\"async\" class=\"aligncenter wp-image-4195 size-full\" src=\"http:\/\/montreux-vieux.net\/montreux-vieux.net\/wp-content\/uploads\/2015\/01\/Melimelo.gif\" alt=\"Melimelo\" width=\"152\" height=\"115\"><\/a><\/p>\n<h5 style=\"text-align: center;\">Jean Paul BIHR<\/h5>\n<h5 style=\"text-align: center;\">03 89 25 27 41<\/h5>\n<h5 style=\"text-align: center;\">MELI MELO<\/h5>\n<h4>&nbsp;&nbsp;L&rsquo;association M\u00e9li M\u00e9lo a \u00e9t\u00e9 cr\u00e9\u00e9e &nbsp;le 11 mai 2001<\/h4>\n<h4>Liste des menbres fondateurs : Allemann &nbsp; Marc &#8211; Batenko Angeline &#8211; Bihr Jean Paul &#8211; Eeggenspiller Brigitte &#8211; Gaum\u00e9 V\u00e9ronique &#8211; Jjeanvoine Benoit &#8211; Lair Jacqueline &#8211; Nacci Alexandre<\/h4>\n<h5><\/h5>\n","protected":false},"excerpt":{"rendered":"<p>M\u00e9li-M\u00e9lo Jean Paul BIHR 03 89 25 27 41 MELI MELO &nbsp;&nbsp;L&rsquo;association M\u00e9li M\u00e9lo a \u00e9t\u00e9 cr\u00e9\u00e9e &nbsp;le 11 mai 2001 Liste des menbres fondateurs : Allemann &nbsp; Marc &#8211; Batenko Angeline &#8211; Bihr Jean Paul &#8211; Eeggenspiller Brigitte &#8211; &hellip; <a href=\"https:\/\/montreux-vieux.net\/?page_id=4620\">Continuer la lecture <span class=\"meta-nav\">&rarr;<\/span><\/a><\/p>\n","protected":false},"author":1,"featured_media":0,"parent":12802,"menu_order":18,"comment_status":"open","ping_status":"open","template":"","meta":{"footnotes":""},"class_list":["post-4620","page","type-page","status-publish","hentry"],"_links":{"self":[{"href":"https:\/\/montreux-vieux.net\/index.php?rest_route=\/wp\/v2\/pages\/4620","targetHints":{"allow":["GET"]}}],"collection":[{"href":"https:\/\/montreux-vieux.net\/index.php?rest_route=\/wp\/v2\/pages"}],"about":[{"href":"https:\/\/montreux-vieux.net\/index.php?rest_route=\/wp\/v2\/types\/page"}],"author":[{"embeddable":true,"href":"https:\/\/montreux-vieux.net\/index.php?rest_route=\/wp\/v2\/users\/1"}],"replies":[{"embeddable":true,"href":"https:\/\/montreux-vieux.net\/index.php?rest_route=%2Fwp%2Fv2%2Fcomments&post=4620"}],"version-history":[{"count":3,"href":"https:\/\/montreux-vieux.net\/index.php?rest_route=\/wp\/v2\/pages\/4620\/revisions"}],"predecessor-version":[{"id":12814,"href":"https:\/\/montreux-vieux.net\/index.php?rest_route=\/wp\/v2\/pages\/4620\/revisions\/12814"}],"up":[{"embeddable":true,"href":"https:\/\/montreux-vieux.net\/index.php?rest_route=\/wp\/v2\/pages\/12802"}],"wp:attachment":[{"href":"https:\/\/montreux-vieux.net\/index.php?rest_route=%2Fwp%2Fv2%2Fmedia&parent=4620"}],"curies":[{"name":"wp","href":"https:\/\/api.w.org\/{rel}","templated":true}]}}