{"id":4622,"date":"2015-02-16T15:42:03","date_gmt":"2015-02-16T14:42:03","guid":{"rendered":"http:\/\/montreux-vieux.net\/?page_id=4622"},"modified":"2018-12-25T15:06:57","modified_gmt":"2018-12-25T14:06:57","slug":"conseil-de-fabrique","status":"publish","type":"page","link":"https:\/\/montreux-vieux.net\/?page_id=4622","title":{"rendered":"Conseil de Fabrique"},"content":{"rendered":"<h2 style=\"text-align: center;\">Conseil de Fabrique<\/h2>\n<p style=\"text-align: center;\"><a href=\"http:\/\/montreux-vieux.net\/montreux-vieux.net\/wp-content\/uploads\/2012\/11\/Eglise.jpg\" target=\"_blank\" rel=\"noopener noreferrer\"><img loading=\"lazy\" decoding=\"async\" class=\"aligncenter wp-image-3115 size-full\" src=\"http:\/\/montreux-vieux.net\/montreux-vieux.net\/wp-content\/uploads\/2012\/11\/Eglise.jpg\" alt=\"L'Eglise de Montreux-Vieux\" width=\"235\" height=\"175\"><\/a><\/p>\n<h5 style=\"text-align: center;\">Nicole DARCQ<\/h5>\n<h5 style=\"text-align: center;\">03 89 25 27 18<\/h5>\n<h3 style=\"text-align: center;\">Le Conseil de Fabrique<\/h3>\n<h4 style=\"text-align: justify;\">Beaucoup de personnes se posent la question :<\/h4>\n<h4 style=\"text-align: justify;\">&nbsp;Un Conseil de Fabrique, c&rsquo;est quoi ?<\/h4>\n<h4 style=\"text-align: justify;\">A quoi \u00e7a sert ? Comment fonctionne-t-il ?<\/h4>\n<h4 style=\"text-align: justify;\">Et pourquoi s&rsquo;appelle-il comme cela ?<\/h4>\n<h4 style=\"text-align: justify;\"><b>ORIGINE<\/b><\/h4>\n<h4 style=\"text-align: justify;\">Le Conseil de Fabrique a \u00e9t\u00e9 cr\u00e9\u00e9 par un d\u00e9cret de Napol\u00e9on 1er, le 30 d\u00e9cembre 1809. Ce d\u00e9cret fait suite au Concordat de 1805, sign\u00e9 par l&#8217;empereur et le pape, qui a r\u00e9gl\u00e9 les rapports entre le Vatican et l&rsquo;Etat.<\/h4>\n<h4 style=\"text-align: justify;\">Par suite de la s\u00e9paration de l&rsquo;Eglise et de l&rsquo;Etat intervenue un si\u00e8cle plus tard en 1905 (lois sur la la\u00efcit\u00e9 de&nbsp;la R\u00e9publique), le Conseil de Fabrique est supprim\u00e9.<\/h4>\n<h4 style=\"text-align: justify;\">Or \u00e0 cette date, l&rsquo;Alsace-Moselle est annex\u00e9e \u00e0 l&rsquo;Allemagne depuis 1871. Le Conseil de Fabrique continuera donc d&rsquo;exister dans ces trois d\u00e9partements pendant l&rsquo;annexion allemande et sera confirm\u00e9 en 1919 lors de leur retour \u00e0&nbsp;la France&nbsp;par le trait\u00e9 de Versailles, dans le cadre de ce qu&rsquo;on a appel\u00e9 \u00ab\u00a0le statut local\u00a0\u00bb.<\/h4>\n<h4 style=\"text-align: justify;\"><b>NATURE<\/b><\/h4>\n<h4 style=\"text-align: justify;\">Le Conseil de Fabrique est donc, en Moselle et en Alsace, un organisme de droit public (et non une association) ; il a pour mission de g\u00e9rer les biens des paroisses.<\/h4>\n<h4 style=\"text-align: justify;\">Rappel : un organisme de droit public existe lorsqu\u2019il s\u2019agit de satisfaire des besoins d\u2019int\u00e9r\u00eat g\u00e9n\u00e9ral, non industriels et non commerciaux. Il est dot\u00e9 d\u2019une personnalit\u00e9 juridique et peut recevoir des financements de l\u2019Etat et des collectivit\u00e9s territoriales. C\u2019est pourquoi, sa gestion est soumise au contr\u00f4le actif de l\u2019Ev\u00each\u00e9 et des pouvoirs publics.<\/h4>\n<h4 style=\"text-align: justify;\">Le mot \u00ab\u00a0fabrique\u00a0\u00bb trouve ses origines au 14\u00e8me si\u00e8cle lors de la construction des nouvelles \u00e9glises de paroisse (faber = artisan, en latin).<\/h4>\n<h4 style=\"text-align: justify;\">Dans le reste de&nbsp;la France, c&rsquo;est un Conseil Economique Paroissial, de droit associatif, qui s&rsquo;occupe de la gestion des paroisses.<\/h4>\n<h4 style=\"text-align: justify;\"><b>COMPOSITION<\/b><\/h4>\n<h4 style=\"text-align: justify;\">Un Conseil de Fabrique est compos\u00e9 de 5 \u00e0 9 membres la\u00efcs, pratiquants et b\u00e9n\u00e9voles (5 dans les petites paroisses) qui sont coopt\u00e9s et agr\u00e9\u00e9s par l&rsquo;\u00e9v\u00eaque. Le mandat est de 6 ans renouvelable 2 fois (soit 18 ans maximum). De plus, sont membres de droit le Cur\u00e9 de la paroisse et, compte tenu de son caract\u00e8re public, le Maire de la commune.<\/h4>\n<h4 style=\"text-align: justify;\">Les membres \u00e9lisent pour un an renouvelable, un(e) pr\u00e9sident(e), un(e) secr\u00e9taire et un(e) tr\u00e9sorier(e).<\/h4>\n<h4 style=\"text-align: justify;\"><b>FONCTIONNEMENT<\/b><\/h4>\n<h4 style=\"text-align: justify;\">Le Conseil de Fabrique se r\u00e9unit ordinairement 4 fois par an. Il encaisse les recettes : les qu\u00eates des messes, les droits pour les mariages et les obs\u00e8ques, les dons (d\u00e9ductibles des imp\u00f4ts \u00e0 hauteur de 66%) et legs, les produits d&rsquo;activit\u00e9s (f\u00eates, kermesses \u2026).<\/h4>\n<h4 style=\"text-align: justify;\">Il r\u00e8gle les d\u00e9penses courantes : celles li\u00e9es au culte (hosties, vin de messe, v\u00eatements sacerdotaux, livres de chant, mobiliers, formations diverses \u2026), mais aussi le chauffage, l&rsquo;\u00e9lectricit\u00e9, le fleurissement, l&rsquo;entretien des cloches, les vacations (modestes) servies \u00e0 l&rsquo;organiste, au sacristain et au pr\u00eatre (qui per\u00e7oit, tout comme les pasteurs et les rabbins, un traitement de l&rsquo;Etat en Alsace-Moselle), ainsi que les versements pour le fonctionnement de&nbsp;la Communaut\u00e9&nbsp;de Paroisses et de l&rsquo;\u00e9v\u00each\u00e9.<\/h4>\n<h4 style=\"text-align: justify;\">Bien que la commune soit propri\u00e9taire du presbyt\u00e8re et des lieux de culte, c&rsquo;est le Conseil de Fabrique qui est juridiquement responsable de l&rsquo;entretien des b\u00e2timents ; cependant, pour les grosses d\u00e9penses, les ressources propres du Conseil de Fabrique ne suffisent pas et c&rsquo;est la commune qui assume l&rsquo;essentiel.<\/h4>\n<h4 style=\"text-align: justify;\">Un budget annuel, soumis \u00e0 l&rsquo;approbation des services de l&rsquo;\u00e9v\u00eaque, est \u00e9tabli lors de la r\u00e9union qui pr\u00e9c\u00e8de la f\u00eate de P\u00e2ques. Un inventaire de l&rsquo;ensemble des biens est effectu\u00e9 lors de la nomination d&rsquo;un nouveau pr\u00eatre.<\/h4>\n<h4 style=\"text-align: justify;\"><b>&nbsp;EN R\u00c9SUM\u00c9<\/b><\/h4>\n<h4 style=\"text-align: justify;\">Le Conseil de Fabrique :&nbsp;&nbsp;&nbsp; 1\u00b0 &#8211; G\u00e8re les biens de&nbsp;la Paroisse<\/h4>\n<h4 style=\"text-align: justify;\">&nbsp;&nbsp;&nbsp;&nbsp;&nbsp;&nbsp;&nbsp;&nbsp;&nbsp;&nbsp;&nbsp;&nbsp;&nbsp;&nbsp;&nbsp;&nbsp;&nbsp;&nbsp;&nbsp;&nbsp;&nbsp;&nbsp;&nbsp;&nbsp;&nbsp;&nbsp;&nbsp;&nbsp;&nbsp;&nbsp;&nbsp;&nbsp;&nbsp;&nbsp;&nbsp;&nbsp;&nbsp;&nbsp;&nbsp;&nbsp;&nbsp;&nbsp;&nbsp; 2\u00b0 &#8211; Met \u00e0 disposition les moyens n\u00e9cessaires \u00e0 son fonctionnement<\/h4>\n<h4 style=\"text-align: justify;\">&nbsp;&nbsp;&nbsp;&nbsp;&nbsp;&nbsp;&nbsp;&nbsp;&nbsp;&nbsp;&nbsp;&nbsp;&nbsp;&nbsp;&nbsp;&nbsp;&nbsp;&nbsp;&nbsp;&nbsp;&nbsp;&nbsp;&nbsp;&nbsp;&nbsp;&nbsp;&nbsp;&nbsp;&nbsp;&nbsp;&nbsp;&nbsp;&nbsp;&nbsp;&nbsp;&nbsp;&nbsp;&nbsp;&nbsp;&nbsp;&nbsp;&nbsp;&nbsp; 3\u00b0 &#8211; Est un organisme de droit public<\/h4>\n<h4 style=\"text-align: justify;\"><b>VOTRE CONSEIL DE FABRIQUE :<\/b>&nbsp;M. le Cur\u00e9 Piotr Kopitzara, Andr\u00e9 Trabold, maire, Nicole Darcq, pr\u00e9sidente, Helga Moreth, tr\u00e9sori\u00e8re, Daniel Dorget, secr\u00e9taire, Lalev\u00e9e Guy, William Toussaint<\/h4>\n","protected":false},"excerpt":{"rendered":"<p>Conseil de Fabrique Nicole DARCQ 03 89 25 27 18 Le Conseil de Fabrique Beaucoup de personnes se posent la question : &nbsp;Un Conseil de Fabrique, c&rsquo;est quoi ? A quoi \u00e7a sert ? Comment fonctionne-t-il ? Et pourquoi s&rsquo;appelle-il &hellip; <a href=\"https:\/\/montreux-vieux.net\/?page_id=4622\">Continuer la lecture <span class=\"meta-nav\">&rarr;<\/span><\/a><\/p>\n","protected":false},"author":1,"featured_media":0,"parent":12802,"menu_order":20,"comment_status":"open","ping_status":"open","template":"","meta":{"footnotes":""},"class_list":["post-4622","page","type-page","status-publish","hentry"],"_links":{"self":[{"href":"https:\/\/montreux-vieux.net\/index.php?rest_route=\/wp\/v2\/pages\/4622","targetHints":{"allow":["GET"]}}],"collection":[{"href":"https:\/\/montreux-vieux.net\/index.php?rest_route=\/wp\/v2\/pages"}],"about":[{"href":"https:\/\/montreux-vieux.net\/index.php?rest_route=\/wp\/v2\/types\/page"}],"author":[{"embeddable":true,"href":"https:\/\/montreux-vieux.net\/index.php?rest_route=\/wp\/v2\/users\/1"}],"replies":[{"embeddable":true,"href":"https:\/\/montreux-vieux.net\/index.php?rest_route=%2Fwp%2Fv2%2Fcomments&post=4622"}],"version-history":[{"count":6,"href":"https:\/\/montreux-vieux.net\/index.php?rest_route=\/wp\/v2\/pages\/4622\/revisions"}],"predecessor-version":[{"id":12815,"href":"https:\/\/montreux-vieux.net\/index.php?rest_route=\/wp\/v2\/pages\/4622\/revisions\/12815"}],"up":[{"embeddable":true,"href":"https:\/\/montreux-vieux.net\/index.php?rest_route=\/wp\/v2\/pages\/12802"}],"wp:attachment":[{"href":"https:\/\/montreux-vieux.net\/index.php?rest_route=%2Fwp%2Fv2%2Fmedia&parent=4622"}],"curies":[{"name":"wp","href":"https:\/\/api.w.org\/{rel}","templated":true}]}}