{"id":4732,"date":"2015-02-17T12:04:37","date_gmt":"2015-02-17T11:04:37","guid":{"rendered":"http:\/\/montreux-vieux.net\/?page_id=4732"},"modified":"2020-06-15T16:44:33","modified_gmt":"2020-06-15T15:44:33","slug":"jacques-schickele-ne-a-montreux-vieux-professeur-de-gynecologie","status":"publish","type":"page","link":"https:\/\/montreux-vieux.net\/?page_id=4732","title":{"rendered":"Jacques Schickel\u00e9 n\u00e9 \u00e0 Montreux-Vieux professeur de gyn\u00e9cologie"},"content":{"rendered":"\n<figure class=\"wp-block-image size-large\"><img loading=\"lazy\" decoding=\"async\" width=\"960\" height=\"669\" src=\"http:\/\/montreux-vieux.net\/montreux-vieux.net\/wp-content\/uploads\/2020\/06\/94394228_4251149141626517_6433384396887162880_o.jpg\" alt=\"\" class=\"wp-image-19706\" srcset=\"https:\/\/montreux-vieux.net\/montreux-vieux.net\/wp-content\/uploads\/2020\/06\/94394228_4251149141626517_6433384396887162880_o.jpg 960w, https:\/\/montreux-vieux.net\/montreux-vieux.net\/wp-content\/uploads\/2020\/06\/94394228_4251149141626517_6433384396887162880_o-300x209.jpg 300w, https:\/\/montreux-vieux.net\/montreux-vieux.net\/wp-content\/uploads\/2020\/06\/94394228_4251149141626517_6433384396887162880_o-768x535.jpg 768w, https:\/\/montreux-vieux.net\/montreux-vieux.net\/wp-content\/uploads\/2020\/06\/94394228_4251149141626517_6433384396887162880_o-600x418.jpg 600w\" sizes=\"auto, (max-width: 960px) 100vw, 960px\" \/><\/figure>\n\n\n<h3 style=\"text-align: center;\">Jacques Marie-Gustave SCHICKELE n\u00e9 \u00e0 Montreux-Vieux<\/h3>\n<p>\u00a0<\/p>\n<p><span style=\"color: #000000; font-size: 1.2em; text-align: justify;\">Le 11 mai 1875 naissait \u00e0 Montreux-Vieux Jacques Marie Gustave SCHICKELE. Nomm\u00e9 professeur de gyn\u00e9cologie et d\u2019accouchements de 1919 \u00e0 1926 fonction, il cumula cette fonction avec celle de directeur de l\u2019\u00e9cole de sages-femmes . Il a mis au point avec l\u2019Ecole de Strasbourg et avec son assistant J.Krei l\u2019accouchement m\u00e9dical ou \u00ab dirig\u00e9 \u00bb. Il a \u00e9t\u00e9 le propagateur en France de la c\u00e9sarienne basse permettant de mettre l\u2019enfant au monde sans l\u2019ouverture du p\u00e9ritoine. Il est d\u00e9c\u00e9d\u00e9 \u00e0 B\u00e2le le 22 avril 1927.<\/span><\/p>\n<div class=\"entry-content\">\n<p><a href=\"http:\/\/montreux-vieux.net\/montreux-vieux.net\/wp-content\/uploads\/2015\/02\/ScreenShot356.jpg\" target=\"_blank\" rel=\"noopener noreferrer\"><img loading=\"lazy\" decoding=\"async\" class=\"aligncenter wp-image-5101 size-full\" src=\"http:\/\/montreux-vieux.net\/montreux-vieux.net\/wp-content\/uploads\/2015\/02\/ScreenShot356.jpg\" alt=\"ScreenShot356\" width=\"342\" height=\"429\" srcset=\"https:\/\/montreux-vieux.net\/montreux-vieux.net\/wp-content\/uploads\/2015\/02\/ScreenShot356.jpg 342w, https:\/\/montreux-vieux.net\/montreux-vieux.net\/wp-content\/uploads\/2015\/02\/ScreenShot356-239x300.jpg 239w\" sizes=\"auto, (max-width: 342px) 100vw, 342px\" \/><\/a><a href=\"http:\/\/montreux-vieux.net\/montreux-vieux.net\/wp-content\/uploads\/2015\/02\/ScreenShot357.jpg\" target=\"_blank\" rel=\"noopener noreferrer\"><img loading=\"lazy\" decoding=\"async\" class=\"aligncenter wp-image-5100 size-full\" src=\"http:\/\/montreux-vieux.net\/montreux-vieux.net\/wp-content\/uploads\/2015\/02\/ScreenShot357.jpg\" alt=\"ScreenShot357\" width=\"333\" height=\"689\" srcset=\"https:\/\/montreux-vieux.net\/montreux-vieux.net\/wp-content\/uploads\/2015\/02\/ScreenShot357.jpg 333w, https:\/\/montreux-vieux.net\/montreux-vieux.net\/wp-content\/uploads\/2015\/02\/ScreenShot357-145x300.jpg 145w\" sizes=\"auto, (max-width: 333px) 100vw, 333px\" \/><\/a><\/p>\n<p>\u2014 A l\u2019\u00e2ge de 52 ans, mais surmen\u00e9 par ses travaux, un des ma\u00eetres les plus \u00e9minents de la Facult\u00e9 de m\u00e9decine de Strasbourg, M. le professeur Schickel\u00e9, vient de mourir \u00e0 B\u00e0le, dans une clinique o\u00f9 il avait \u00e9t\u00e9 transport\u00e9 pour y subir une intervention chirurgicale N\u00e9 le 13 mai 1875 dans le village-fronti\u00e8re de Montreux-Vieux, il avait fait toutes ses \u00e9tudes \u00e0 Strasbourg et \u00e0 Paris, et depuis 1902, avait pris la direction de la maternit\u00e9, \u00e0 l\u2019h\u00f4pital civil de Strasbourg, o\u00f9 il organisa une Ecole d\u00e9partementale de maternit\u00e9. C\u2019est un grand savant qui dispara\u00eet aussi d\u00e9vou\u00e9 \u00e0 la science que consciencieux.<\/p>\n<p>Sources\u00a0Revue du Rhin et de la Moselle 5 mai 1927<\/p>\n<p><a href=\"http:\/\/montreux-vieux.net\/?attachment_id=3197\" target=\"_blank\" rel=\"attachment noopener wp-att-3197 noreferrer\"><img loading=\"lazy\" decoding=\"async\" class=\"aligncenter wp-image-3197 size-medium\" title=\"ScreenShot109\" src=\"http:\/\/montreux-vieux.net\/montreux-vieux.net\/wp-content\/uploads\/2011\/11\/ScreenShot109-300x205.jpg\" alt=\"Jacques Schickel\u00e9 n\u00e9 \u00e0 Montreux-Vieux professeur de gyn\u00e9cologie\" width=\"300\" height=\"205\" srcset=\"https:\/\/montreux-vieux.net\/montreux-vieux.net\/wp-content\/uploads\/2011\/11\/ScreenShot109-300x205.jpg 300w, https:\/\/montreux-vieux.net\/montreux-vieux.net\/wp-content\/uploads\/2011\/11\/ScreenShot109.jpg 776w\" sizes=\"auto, (max-width: 300px) 100vw, 300px\" \/><\/a><\/p>\n<\/div>","protected":false},"excerpt":{"rendered":"<p>Jacques Marie-Gustave SCHICKELE n\u00e9 \u00e0 Montreux-Vieux \u00a0 Le 11 mai 1875 naissait \u00e0 Montreux-Vieux Jacques Marie Gustave SCHICKELE. Nomm\u00e9 professeur de gyn\u00e9cologie et d\u2019accouchements de 1919 \u00e0 1926 fonction, il cumula cette fonction avec celle de directeur de l\u2019\u00e9cole de &hellip; <a href=\"https:\/\/montreux-vieux.net\/?page_id=4732\">Continuer la lecture <span class=\"meta-nav\">&rarr;<\/span><\/a><\/p>\n","protected":false},"author":1,"featured_media":0,"parent":4091,"menu_order":4,"comment_status":"open","ping_status":"open","template":"","meta":{"footnotes":""},"class_list":["post-4732","page","type-page","status-publish","hentry"],"_links":{"self":[{"href":"https:\/\/montreux-vieux.net\/index.php?rest_route=\/wp\/v2\/pages\/4732","targetHints":{"allow":["GET"]}}],"collection":[{"href":"https:\/\/montreux-vieux.net\/index.php?rest_route=\/wp\/v2\/pages"}],"about":[{"href":"https:\/\/montreux-vieux.net\/index.php?rest_route=\/wp\/v2\/types\/page"}],"author":[{"embeddable":true,"href":"https:\/\/montreux-vieux.net\/index.php?rest_route=\/wp\/v2\/users\/1"}],"replies":[{"embeddable":true,"href":"https:\/\/montreux-vieux.net\/index.php?rest_route=%2Fwp%2Fv2%2Fcomments&post=4732"}],"version-history":[{"count":10,"href":"https:\/\/montreux-vieux.net\/index.php?rest_route=\/wp\/v2\/pages\/4732\/revisions"}],"predecessor-version":[{"id":19712,"href":"https:\/\/montreux-vieux.net\/index.php?rest_route=\/wp\/v2\/pages\/4732\/revisions\/19712"}],"up":[{"embeddable":true,"href":"https:\/\/montreux-vieux.net\/index.php?rest_route=\/wp\/v2\/pages\/4091"}],"wp:attachment":[{"href":"https:\/\/montreux-vieux.net\/index.php?rest_route=%2Fwp%2Fv2%2Fmedia&parent=4732"}],"curies":[{"name":"wp","href":"https:\/\/api.w.org\/{rel}","templated":true}]}}