{"id":4735,"date":"2015-02-17T12:08:38","date_gmt":"2015-02-17T11:08:38","guid":{"rendered":"http:\/\/montreux-vieux.net\/?page_id=4735"},"modified":"2016-11-02T16:19:26","modified_gmt":"2016-11-02T15:19:26","slug":"4735-2","status":"publish","type":"page","link":"https:\/\/montreux-vieux.net\/?page_id=4735","title":{"rendered":"L\u00e9on H\u00e9g\u00e9l\u00e9 n\u00e9 \u00e0 Montreux-Vieux, \u00e9v\u00eaque"},"content":{"rendered":"<div class=\"entry-content\">\n<h3 style=\"text-align: center;\">Monseigneur L\u00e9on H\u00c9GEL\u00c9 n\u00e9 \u00e0 Montreux-Vieux<\/h3>\n<h2>\u00a0<a href=\"http:\/\/montreux-vieux.net\/?attachment_id=3231\" target=\"_blank\" rel=\"attachment wp-att-3231\"><img loading=\"lazy\" decoding=\"async\" class=\"aligncenter wp-image-3231 size-full\" title=\"Photo.Mgr Hegele\" src=\"http:\/\/montreux-vieux.net\/montreux-vieux.net\/wp-content\/uploads\/2011\/11\/Photo.Mgr-Hegele.jpg\" alt=\"Monseigneur L\u00e9on H\u00c9GEL\u00c9 n\u00e9 \u00e0 Montreux-Vieux\" width=\"213\" height=\"237\" \/><\/a><\/h2>\n<p style=\"text-align: center;\">\u00c9v\u00eaque \u00e9m\u00e9rite<\/p>\n<p>\u00a0<a href=\"http:\/\/montreux-vieux.net\/?attachment_id=3233\" target=\"_blank\" rel=\"attachment wp-att-3233\"><img loading=\"lazy\" decoding=\"async\" class=\"aligncenter size-full wp-image-3233\" title=\"Hegele-Embl\" src=\"http:\/\/montreux-vieux.net\/montreux-vieux.net\/wp-content\/uploads\/2011\/11\/Hegele-Embl.gif\" alt=\"\" width=\"95\" height=\"103\" \/><\/a><\/p>\n<h4 style=\"text-align: justify;\">N\u00e9 \u00e0 Montreux-Vieux le 30.1.1925; ordonn\u00e9 pr\u00eatre le 8 avril 1950 \u00e0 Strasbourg. Vicaire \u00e0 Staffelfelden-Rossalmend en 1950; vicaire \u00e0 Mulhouse Sainte-Jeanne-d\u2019Arc en 1953; vicaire \u00e0 Riedisheim en 1955; aum\u00f4nier du Lyc\u00e9e Lambert \u00e0 Mulhouse en 1961; cur\u00e9 de Geispitzen en 1965. Vicaire \u00e9piscopal de l\u2019Alsace Sud depuis le 19 septembre 1972.<\/h4>\n<h4 style=\"text-align: justify;\">Ev\u00eaque titulaire d\u2019Utique et auxiliaire de Strasbourg le 16 septembre 1985; ordonn\u00e9 \u00e9v\u00eaque en la cath\u00e9drale de Strasbourg le 10 novembre 1985.<\/h4>\n<div>\n<h3 style=\"text-align: center;\"><iframe loading=\"lazy\" src=\"http:\/\/www.dailymotion.com\/embed\/video\/x9qym9\" width=\"480\" height=\"360\" frameborder=\"0\"><\/iframe><br \/>\n<a href=\"http:\/\/www.dailymotion.com\/video\/x9qym9_magazine-paraboles-n-394_news\" target=\"_blank\">magazine Paraboles n\u00b0394<\/a>\u00a0par\u00a0<a href=\"http:\/\/www.dailymotion.com\/Alsace_Media\" target=\"_blank\">Alsace_Media<\/a><\/h3>\n<h4 style=\"text-align: center;\">T\u00e9moignage vid\u00e9o de\u00a0Monseigneur H\u00e9g\u00e9l\u00e9<\/h4>\n<\/div>\n<\/div>\n<h4 style=\"text-align: justify;\"><span style=\"color: #000000;\">Mgr L\u00e9on H\u00e9g\u00e9l\u00e9, \u00e9v\u00eaque auxiliaire \u00e9m\u00e9rite de Strasbourg, est d\u00e9c\u00e9d\u00e9 ce mardi matin, 11 f\u00e9vrier 2014, \u00e0 l\u2019h\u00f4pital de Sierentz, \u00e0 l\u2019\u00e2ge de 89 ans. Il avait \u00e9t\u00e9 victime d\u2019un accident vasculaire c\u00e9r\u00e9bral dimanche dernier, suivi d\u2019une h\u00e9morragie.<\/span><br \/>\n<span style=\"color: #000000;\">Mgr L\u00e9on H\u00e9g\u00e9l\u00e9 \u00e9tait n\u00e9 \u00e0 Montreux-Vieux le 30 janvier 1925, mais il avait grandi \u00e0 Pfetterhouse. Il avait m\u00eame v\u00e9cu dans ce village jusqu\u2019\u00e0 son ordination, en 1950. Entre temps, il avait <span class=\"text_exposed_show\">subi le sort des Malgr\u00e9-nous, et s\u2019\u00e9tait retrouv\u00e9 sur le front est, dans la Wehrmacht.<br \/>\nIl avait \u00e9t\u00e9 ordonn\u00e9 \u00e9v\u00eaque auxiliaire de Strasbourg le 16 septembre 1985. S\u2019il \u00e9tait alors \u00e9v\u00eaque pour tout le dioc\u00e8se, il \u00e9tait alors plus particuli\u00e8rement mandat\u00e9 pour le Haut-Rhin. Il avait pris sa retraite en d\u00e9cembre 2000, \u00e0 l\u2019\u00e2ge de 75 ans. Fid\u00e8le au sud de l\u2019Alsace, il s\u2019\u00e9tait retir\u00e9 depuis dans le presbyt\u00e8re de Geispitzen, o\u00f9 il avait \u00e9t\u00e9 cur\u00e9.<br \/>\n\u00ab C\u2019\u00e9tait un homme tr\u00e8s simple et tr\u00e8s profond, d\u2019une grande spiritualit\u00e9, se souvient le chanoine Vigneron, d\u00e9l\u00e9gu\u00e9 r\u00e9gional pour la pastorale des relations culturelles. Un homme ouvert, proche des gens \u00bb.<\/span><\/span><\/h4>\n<h3 style=\"text-align: center;\">Le parrain de Mgr L\u00e9on H\u00e9g\u00e9l\u00e9, n\u00e9 \u00e0 Montreux-Vieux, a \u00e9t\u00e9 retrouv\u00e9.<\/h3>\n<div id=\"attachment_8039\" style=\"width: 954px\" class=\"wp-caption aligncenter\"><a href=\"http:\/\/montreux-vieux.net\/montreux-vieux.net\/wp-content\/uploads\/2016\/10\/i-just-wanna-go-to-the.jpg\" target=\"_blank\"><img loading=\"lazy\" decoding=\"async\" aria-describedby=\"caption-attachment-8039\" class=\"wp-image-8039 size-full\" src=\"http:\/\/montreux-vieux.net\/montreux-vieux.net\/wp-content\/uploads\/2016\/10\/i-just-wanna-go-to-the.jpg\" alt=\"le cimeti\u00e8re militaire allemand de Potelitsch\" width=\"944\" height=\"755\" srcset=\"https:\/\/montreux-vieux.net\/montreux-vieux.net\/wp-content\/uploads\/2016\/10\/i-just-wanna-go-to-the.jpg 944w, https:\/\/montreux-vieux.net\/montreux-vieux.net\/wp-content\/uploads\/2016\/10\/i-just-wanna-go-to-the-300x240.jpg 300w, https:\/\/montreux-vieux.net\/montreux-vieux.net\/wp-content\/uploads\/2016\/10\/i-just-wanna-go-to-the-768x614.jpg 768w, https:\/\/montreux-vieux.net\/montreux-vieux.net\/wp-content\/uploads\/2016\/10\/i-just-wanna-go-to-the-600x480.jpg 600w\" sizes=\"auto, (max-width: 944px) 100vw, 944px\" \/><\/a><p id=\"caption-attachment-8039\" class=\"wp-caption-text\">Le cimeti\u00e8re militaire allemand de Potelitsch<\/p><\/div>\n<h4 style=\"text-align: justify;\">C\u2019est en recherchant la s\u00e9pulture de son oncle Henri Libman\u00a0 que sa ni\u00e8ce Elisabeth Heinis\u00a0 avec Jean Rodolphe Frisch, apr\u00e8s un p\u00e9riple de plus de 2\u00a0000 kilom\u00e8tres ont trouv\u00e9, cet \u00e9t\u00e9, \u00a0son nom inscrit sur une st\u00e8le en pierre dans le cimeti\u00e8re militaire allemand de Potelitsch en Ukraine.\u00a0 C\u2019est un parc avec des st\u00e8les dress\u00e9es o\u00f9 figurent les noms de quelques 9\u00a0500 soldats tu\u00e9s durant la derni\u00e8re guerre.<\/h4>\n<div id=\"attachment_8040\" style=\"width: 954px\" class=\"wp-caption aligncenter\"><a href=\"http:\/\/montreux-vieux.net\/montreux-vieux.net\/wp-content\/uploads\/2016\/10\/mgr-leon-hegele-1.jpg\" target=\"_blank\"><img loading=\"lazy\" decoding=\"async\" aria-describedby=\"caption-attachment-8040\" class=\"wp-image-8040 size-full\" src=\"http:\/\/montreux-vieux.net\/montreux-vieux.net\/wp-content\/uploads\/2016\/10\/mgr-leon-hegele-1.jpg\" alt=\"mgr leon hegele \" width=\"944\" height=\"755\" srcset=\"https:\/\/montreux-vieux.net\/montreux-vieux.net\/wp-content\/uploads\/2016\/10\/mgr-leon-hegele-1.jpg 944w, https:\/\/montreux-vieux.net\/montreux-vieux.net\/wp-content\/uploads\/2016\/10\/mgr-leon-hegele-1-300x240.jpg 300w, https:\/\/montreux-vieux.net\/montreux-vieux.net\/wp-content\/uploads\/2016\/10\/mgr-leon-hegele-1-768x614.jpg 768w, https:\/\/montreux-vieux.net\/montreux-vieux.net\/wp-content\/uploads\/2016\/10\/mgr-leon-hegele-1-600x480.jpg 600w\" sizes=\"auto, (max-width: 944px) 100vw, 944px\" \/><\/a><p id=\"caption-attachment-8040\" class=\"wp-caption-text\">A Gauche Heinrich Libman le parrain de Mgr L\u00e9on H\u00e9g\u00e9l\u00e9 \u00e0 droitede la photo.<\/p><\/div>\n<h4 style=\"text-align: justify;\">C\u2019est sur recommandation du Volksbund Deutsche Kriegsgr\u00e4berf\u00fcrsorge (VDK), le service pour l\u2019entretien des s\u00e9pultures militaires allemandes qu\u2019ils ont pu effectuer la recherche de Heinrich Libman\u00a0 n\u00e9 le 9 juin 1915 et d\u00e9c\u00e9d\u00e9 le 13 mars 1944, victime de l\u2019incorporation de force. Pour l\u2019anecdote, c\u2019\u00e9tait le parrain de L\u00e9on H\u00e9g\u00e9l\u00e9, qui avait dix ans de moins que lui (1925-2014), qui sera lui aussi Malgr\u00e9-Nous en Russie et qui deviendra \u00e9v\u00eaque auxiliaire de Strasbourg en 1985. Il est \u00e0 noter que Mgr H\u00e9g\u00e9l\u00e9 est n\u00e9 \u00e0 Montreux-Vieux \u00e0 l\u2019\u00e9poque au 29 de la rue de Dannemarie, aujourd\u2019hui devenue\u00a0 la rue d\u2019Alsace. C\u2019est au n\u00b05 qu\u2019il est n\u00e9.<\/h4>\n","protected":false},"excerpt":{"rendered":"<p>Monseigneur L\u00e9on H\u00c9GEL\u00c9 n\u00e9 \u00e0 Montreux-Vieux \u00a0 \u00c9v\u00eaque \u00e9m\u00e9rite \u00a0 N\u00e9 \u00e0 Montreux-Vieux le 30.1.1925; ordonn\u00e9 pr\u00eatre le 8 avril 1950 \u00e0 Strasbourg. Vicaire \u00e0 Staffelfelden-Rossalmend en 1950; vicaire \u00e0 Mulhouse Sainte-Jeanne-d\u2019Arc en 1953; vicaire \u00e0 Riedisheim en 1955; aum\u00f4nier &hellip; <a href=\"https:\/\/montreux-vieux.net\/?page_id=4735\">Continuer la lecture <span class=\"meta-nav\">&rarr;<\/span><\/a><\/p>\n","protected":false},"author":1,"featured_media":0,"parent":4091,"menu_order":5,"comment_status":"open","ping_status":"open","template":"","meta":{"footnotes":""},"class_list":["post-4735","page","type-page","status-publish","hentry"],"_links":{"self":[{"href":"https:\/\/montreux-vieux.net\/index.php?rest_route=\/wp\/v2\/pages\/4735","targetHints":{"allow":["GET"]}}],"collection":[{"href":"https:\/\/montreux-vieux.net\/index.php?rest_route=\/wp\/v2\/pages"}],"about":[{"href":"https:\/\/montreux-vieux.net\/index.php?rest_route=\/wp\/v2\/types\/page"}],"author":[{"embeddable":true,"href":"https:\/\/montreux-vieux.net\/index.php?rest_route=\/wp\/v2\/users\/1"}],"replies":[{"embeddable":true,"href":"https:\/\/montreux-vieux.net\/index.php?rest_route=%2Fwp%2Fv2%2Fcomments&post=4735"}],"version-history":[{"count":7,"href":"https:\/\/montreux-vieux.net\/index.php?rest_route=\/wp\/v2\/pages\/4735\/revisions"}],"predecessor-version":[{"id":8375,"href":"https:\/\/montreux-vieux.net\/index.php?rest_route=\/wp\/v2\/pages\/4735\/revisions\/8375"}],"up":[{"embeddable":true,"href":"https:\/\/montreux-vieux.net\/index.php?rest_route=\/wp\/v2\/pages\/4091"}],"wp:attachment":[{"href":"https:\/\/montreux-vieux.net\/index.php?rest_route=%2Fwp%2Fv2%2Fmedia&parent=4735"}],"curies":[{"name":"wp","href":"https:\/\/api.w.org\/{rel}","templated":true}]}}