{"id":4740,"date":"2015-02-17T12:23:25","date_gmt":"2015-02-17T11:23:25","guid":{"rendered":"http:\/\/montreux-vieux.net\/?page_id=4740"},"modified":"2015-02-17T12:30:15","modified_gmt":"2015-02-17T11:30:15","slug":"hans-paetsch-ne-a-montreux-vieux-metteur-en-scene-et-grand-orateur","status":"publish","type":"page","link":"https:\/\/montreux-vieux.net\/?page_id=4740","title":{"rendered":"Hans Paetsch n\u00e9 \u00e0 Montreux-Vieux metteur en sc\u00e8ne et grand orateur"},"content":{"rendered":"<h3 style=\"text-align: center;\">Hans Paetsch acteur, metteur en sc\u00e8ne et grand orateur montreusien<\/h3>\n<h3 style=\"text-align: center;\"><iframe loading=\"lazy\" title=\"Hans Paetsch\" width=\"640\" height=\"480\" src=\"https:\/\/www.youtube.com\/embed\/M36AQI01_iw?feature=oembed\" frameborder=\"0\" allow=\"accelerometer; autoplay; clipboard-write; encrypted-media; gyroscope; picture-in-picture; web-share\" referrerpolicy=\"strict-origin-when-cross-origin\" allowfullscreen><\/iframe><\/h3>\n<p>&nbsp;<\/p>\n<h4 style=\"text-align: justify;\">Hans Paetsch est n\u00e9 le 7 d\u00e9cembre 1909 \u00e0 Montreux-Vieux, il est d\u00e9c\u00e9d\u00e9 le 3 f\u00e9vrier 2002 \u00e0 Hambourg, ou il a \u00e9t\u00e9 enterr\u00e9. Il \u00e9tait acteur, metteur en sc\u00e8ne, com\u00e9dien, directeur de th\u00e9\u00e2tre. Il a eu la voix la plus populaire d\u2019Allemagne. Il a jou\u00e9 dans de nombreux films. mais aussi dans des s\u00e9ries t\u00e9l\u00e9vis\u00e9es. Il \u00e9tait particuli\u00e8rement appr\u00e9ci\u00e9 pour ses comtes destin\u00e9s aux enfants.<\/h4>\n","protected":false},"excerpt":{"rendered":"<p>Hans Paetsch acteur, metteur en sc\u00e8ne et grand orateur montreusien &nbsp; Hans Paetsch est n\u00e9 le 7 d\u00e9cembre 1909 \u00e0 Montreux-Vieux, il est d\u00e9c\u00e9d\u00e9 le 3 f\u00e9vrier 2002 \u00e0 Hambourg, ou il a \u00e9t\u00e9 enterr\u00e9. Il \u00e9tait acteur, metteur en &hellip; <a href=\"https:\/\/montreux-vieux.net\/?page_id=4740\">Continuer la lecture <span class=\"meta-nav\">&rarr;<\/span><\/a><\/p>\n","protected":false},"author":1,"featured_media":0,"parent":4091,"menu_order":6,"comment_status":"open","ping_status":"open","template":"","meta":{"footnotes":""},"class_list":["post-4740","page","type-page","status-publish","hentry"],"_links":{"self":[{"href":"https:\/\/montreux-vieux.net\/index.php?rest_route=\/wp\/v2\/pages\/4740","targetHints":{"allow":["GET"]}}],"collection":[{"href":"https:\/\/montreux-vieux.net\/index.php?rest_route=\/wp\/v2\/pages"}],"about":[{"href":"https:\/\/montreux-vieux.net\/index.php?rest_route=\/wp\/v2\/types\/page"}],"author":[{"embeddable":true,"href":"https:\/\/montreux-vieux.net\/index.php?rest_route=\/wp\/v2\/users\/1"}],"replies":[{"embeddable":true,"href":"https:\/\/montreux-vieux.net\/index.php?rest_route=%2Fwp%2Fv2%2Fcomments&post=4740"}],"version-history":[{"count":5,"href":"https:\/\/montreux-vieux.net\/index.php?rest_route=\/wp\/v2\/pages\/4740\/revisions"}],"predecessor-version":[{"id":28584,"href":"https:\/\/montreux-vieux.net\/index.php?rest_route=\/wp\/v2\/pages\/4740\/revisions\/28584"}],"up":[{"embeddable":true,"href":"https:\/\/montreux-vieux.net\/index.php?rest_route=\/wp\/v2\/pages\/4091"}],"wp:attachment":[{"href":"https:\/\/montreux-vieux.net\/index.php?rest_route=%2Fwp%2Fv2%2Fmedia&parent=4740"}],"curies":[{"name":"wp","href":"https:\/\/api.w.org\/{rel}","templated":true}]}}