{"id":4756,"date":"2015-02-18T08:03:06","date_gmt":"2015-02-18T07:03:06","guid":{"rendered":"http:\/\/montreux-vieux.net\/?page_id=4756"},"modified":"2016-11-01T08:51:46","modified_gmt":"2016-11-01T07:51:46","slug":"sabonner","status":"publish","type":"page","link":"https:\/\/montreux-vieux.net\/?page_id=4756","title":{"rendered":"S&rsquo;abonner au blog"},"content":{"rendered":"<h3 style=\"text-align: center;\"><strong>Pourquoi s\u2019abonner ?<\/strong><\/h3>\n<p><a href=\"http:\/\/montreux-vieux.net\/montreux-vieux.net\/wp-content\/uploads\/2015\/01\/ScreenShot341.jpg\" target=\"_blank\"><img loading=\"lazy\" decoding=\"async\" class=\"aligncenter wp-image-4597 size-full\" src=\"http:\/\/montreux-vieux.net\/montreux-vieux.net\/wp-content\/uploads\/2015\/01\/ScreenShot341.jpg\" alt=\"ScreenShot341\" width=\"227\" height=\"184\" \/><\/a><\/p>\n<h4 style=\"text-align: justify;\">En s\u2019abonnant au blog \u00ab\u00a0montreux-vieux.net\u00a0\u00bb vous montrez aux auteurs et aux lecteurs du blog l\u2019int\u00e9r\u00eat que vous portez \u00e0 celui-ci mais \u00e9galement \u00e0 la vie du village.<\/h4>\n<h4 style=\"text-align: justify;\">Cela vous permet d\u2019avoir automatiquement un message d\u00e8s qu\u2019une nouvelle information para\u00eet qu\u2019un nouvel article est publi\u00e9 , b\u00e9n\u00e9ficier \u00a0d\u2019autres services comme par exemple \u00a0la newsletter etc.. et par la suite recevoir une s.m.s d\u2019alerte dans le cas ou une nouvelle est tr\u00e8s importante etc.<\/h4>\n<h4 style=\"text-align: justify;\">N\u2019h\u00e9sitez pas \u00e0 vous abonner et \u00e0 en parler \u00e0 vos proches, amis etc. Bien entendu vous avez la possibilit\u00e9 de vous d\u00e9sabonner comme bon vous semble.<\/h4>\n<h4 style=\"text-align: justify;\">Merci \u00a0d\u2019indiquer tout simplement une adresse mail valide dans le formulaire pr\u00e9vu \u00e0 cet effet sur la page d\u2019accueil, sous la rubrique \u00ab\u00a0Agenda des \u00e9v\u00e9nements 20..\u2033. Un message vous sera alors adress\u00e9 afin de valider votre inscription.<\/h4>\n<h3 style=\"text-align: center;\"><\/h3>\n<p>&nbsp;<\/p>\n","protected":false},"excerpt":{"rendered":"<p>Pourquoi s\u2019abonner ? En s\u2019abonnant au blog \u00ab\u00a0montreux-vieux.net\u00a0\u00bb vous montrez aux auteurs et aux lecteurs du blog l\u2019int\u00e9r\u00eat que vous portez \u00e0 celui-ci mais \u00e9galement \u00e0 la vie du village. Cela vous permet d\u2019avoir automatiquement un message d\u00e8s qu\u2019une nouvelle &hellip; <a href=\"https:\/\/montreux-vieux.net\/?page_id=4756\">Continuer la lecture <span class=\"meta-nav\">&rarr;<\/span><\/a><\/p>\n","protected":false},"author":1,"featured_media":0,"parent":4109,"menu_order":1,"comment_status":"open","ping_status":"open","template":"","meta":{"footnotes":""},"class_list":["post-4756","page","type-page","status-publish","hentry"],"_links":{"self":[{"href":"https:\/\/montreux-vieux.net\/index.php?rest_route=\/wp\/v2\/pages\/4756","targetHints":{"allow":["GET"]}}],"collection":[{"href":"https:\/\/montreux-vieux.net\/index.php?rest_route=\/wp\/v2\/pages"}],"about":[{"href":"https:\/\/montreux-vieux.net\/index.php?rest_route=\/wp\/v2\/types\/page"}],"author":[{"embeddable":true,"href":"https:\/\/montreux-vieux.net\/index.php?rest_route=\/wp\/v2\/users\/1"}],"replies":[{"embeddable":true,"href":"https:\/\/montreux-vieux.net\/index.php?rest_route=%2Fwp%2Fv2%2Fcomments&post=4756"}],"version-history":[{"count":4,"href":"https:\/\/montreux-vieux.net\/index.php?rest_route=\/wp\/v2\/pages\/4756\/revisions"}],"predecessor-version":[{"id":8312,"href":"https:\/\/montreux-vieux.net\/index.php?rest_route=\/wp\/v2\/pages\/4756\/revisions\/8312"}],"up":[{"embeddable":true,"href":"https:\/\/montreux-vieux.net\/index.php?rest_route=\/wp\/v2\/pages\/4109"}],"wp:attachment":[{"href":"https:\/\/montreux-vieux.net\/index.php?rest_route=%2Fwp%2Fv2%2Fmedia&parent=4756"}],"curies":[{"name":"wp","href":"https:\/\/api.w.org\/{rel}","templated":true}]}}