{"id":4776,"date":"2015-02-18T08:56:25","date_gmt":"2015-02-18T07:56:25","guid":{"rendered":"http:\/\/montreux-vieux.net\/?page_id=4776"},"modified":"2017-06-26T16:15:41","modified_gmt":"2017-06-26T15:15:41","slug":"le-sport-apres-guerre","status":"publish","type":"page","link":"https:\/\/montreux-vieux.net\/?page_id=4776","title":{"rendered":"Le sport apr\u00e8s guerre"},"content":{"rendered":"<h3 style=\"text-align: center;\"><strong>Le sport apr\u00e8s guerre<\/strong><\/h3>\n<div id=\"attachment_9405\" style=\"width: 1269px\" class=\"wp-caption aligncenter\"><a href=\"http:\/\/montreux-vieux.net\/montreux-vieux.net\/wp-content\/uploads\/2015\/02\/ScreenShot601.jpg\" target=\"_blank\" rel=\"noopener\"><img loading=\"lazy\" decoding=\"async\" aria-describedby=\"caption-attachment-9405\" class=\"wp-image-9405 size-full\" src=\"http:\/\/montreux-vieux.net\/montreux-vieux.net\/wp-content\/uploads\/2015\/02\/ScreenShot601.jpg\" alt=\"\" width=\"1259\" height=\"614\" srcset=\"https:\/\/montreux-vieux.net\/montreux-vieux.net\/wp-content\/uploads\/2015\/02\/ScreenShot601.jpg 1259w, https:\/\/montreux-vieux.net\/montreux-vieux.net\/wp-content\/uploads\/2015\/02\/ScreenShot601-300x146.jpg 300w, https:\/\/montreux-vieux.net\/montreux-vieux.net\/wp-content\/uploads\/2015\/02\/ScreenShot601-768x375.jpg 768w, https:\/\/montreux-vieux.net\/montreux-vieux.net\/wp-content\/uploads\/2015\/02\/ScreenShot601-1024x499.jpg 1024w, https:\/\/montreux-vieux.net\/montreux-vieux.net\/wp-content\/uploads\/2015\/02\/ScreenShot601-600x293.jpg 600w\" sizes=\"auto, (max-width: 1259px) 100vw, 1259px\" \/><\/a><p id=\"caption-attachment-9405\" class=\"wp-caption-text\">Les anciens joueurs de Montreux-Sports Photo juin 2017<\/p><\/div>\n<p>&nbsp;<\/p>\n<h4 style=\"text-align: justify;\">Apr\u00e8s les hostilit\u00e9s, Montreux-Vieux perdit beaucoup de son importance par suite du d\u00e9part de nombreux fonctionnaires &#8211; douanes, chemin de fer &#8211; et employ\u00e9s des maisons de transport. La soci\u00e9t\u00e9 connue alors sous le nom de Football-Club Montreux-Vieux tomba dans une p\u00e9riode de sommeil. On note la fondation d\u2019un club chez nos voisins \u00e0 Montreux-Jeune qui fonctionna de 1922 \u00e0 1924, et des jeunes vont pratiquer sous les couleurs du F.C. Montreux-Ch\u00e2teau. Cette p\u00e9riode trouble prit fin vers 1929. Sous l\u2019impulsion d\u2019un noyau de fervents qui avaient l\u2019amour du sport, la pr\u00e9sente soci\u00e9t\u00e9 a pris naissance. D\u2019abord connue sous le nom d\u2019Union Sportive, l\u2019association adopta la d\u00e9nomination Montreux-Sports; les couleurs noir et blanc, qui \u00e9taient celles de leurs a\u00een\u00e9s \u00e9taient d\u00e9fendues pendant de longues saisons par MM. Schacherer Eug\u00e8ne, Kah Fran\u00e7ois, Zimmermann Albert et Antoine, Sutter Marcel, Schott Gustave et Fran\u00e7ois Daller, Quiquerez Ren\u00e9, Grosjean Marcel et Ernest, M\u00e9n\u00e9tr\u00e9 Paul et Joseph, Schultz Georges, Haebig Louis et Henri, Wamster J., Wiest Charles, Hastatt Georges, Schnoebelen F., Kleiber, Neyer Marcel, Scherrer louis, Barbier Marcel, Holbein Albert et Lucien, Calmelet Virgile, Widemann Andr\u00e9, Hertel Charles, Harrer Arthur, Schlienger Eug\u00e8ne, Peuget, Ambiehl, B\u00e9ha, Bordes, Liebert Charles, Wilhelm Marcel, etc, etc&#8230;<\/h4>\n<h4 style=\"text-align: justify;\">\u00a0Gr\u00e2ce \u00e0 la bonne pers\u00e9v\u00e9rance et \u00e0 l\u2019esprit de bonne camaraderie l\u2019\u00e9quipe remporta d\u00e8s 1934 le championnat du Haut-Rhin de la 4\u00b0 division et en 1937 celui de la 3\u00b0 division. Au cours de la p\u00e9riode 1940-1944, continuant son activit\u00e9, elle s\u2019\u00e9tait class\u00e9e premi\u00e8re de l\u2019arrondissement. L\u2019\u00e9quipe R\u00e9serves remporta le championnat du Haut-Rhin en 1949; celle des jeunes, \u00e0 l\u2019issue de sa cr\u00e9ation, 1955, le championnat des juniors du groupe Sundgau.<\/h4>\n<h4 style=\"text-align: justify;\">\u00a0Apr\u00e8s la guerre, une section d\u2019athl\u00e9tisme comprenant des \u00e9l\u00e9ments masculins et f\u00e9minins a vu le jour. Apr\u00e8s 4 saisons de vitalit\u00e9, cette section a du \u00eatre mise en sommeil faute d\u2019un moniteur comp\u00e9tent et surtout d\u2019installations sans lesquelles aucune performance valable n\u2019\u00e9tait possible. Pourtant relevons les noms de quelques performers: MM. Moser Joseph, Coquerille Pierre, Sutter G\u00e9rard, Buttet Pierre, Braunstedter Richard et Melles Storrer Huguette, Braunstedter Germaine.<\/h4>\n<p style=\"text-align: center;\"><a href=\"http:\/\/montreux-vieux.net\/montreux-vieux.net\/wp-content\/uploads\/2015\/01\/ScreenShot316.jpg\" target=\"_blank\" rel=\"noopener\"><img loading=\"lazy\" decoding=\"async\" class=\"aligncenter wp-image-4171 size-full\" src=\"http:\/\/montreux-vieux.net\/montreux-vieux.net\/wp-content\/uploads\/2015\/01\/ScreenShot316.jpg\" alt=\"Une des \u00e9quipe de foot de Montreux-Sports\" width=\"470\" height=\"343\" srcset=\"https:\/\/montreux-vieux.net\/montreux-vieux.net\/wp-content\/uploads\/2015\/01\/ScreenShot316.jpg 470w, https:\/\/montreux-vieux.net\/montreux-vieux.net\/wp-content\/uploads\/2015\/01\/ScreenShot316-300x219.jpg 300w\" sizes=\"auto, (max-width: 470px) 100vw, 470px\" \/><\/a><\/p>\n<h4 style=\"text-align: justify;\">\u00a0Montreux-sports est \u00e9galement une p\u00e9pini\u00e8re d\u2019arbitres. En effet gr\u00e2ce au recrutement et aux cours prodigu\u00e9s par M. V. Calmelet, arbitre de Ligue, onze arbitres ont \u00e9t\u00e9 form\u00e9s depuis 1950 et mis \u00e0 la disposition de la CRA.<\/h4>\n<h4 style=\"text-align: justify;\">\u00a0Apr\u00e8s avoir dispos\u00e9 longtemps de terrains de fortune, la soci\u00e9t\u00e9 a am\u00e9nag\u00e9 a ses propres frais un terrain vague situ\u00e9 entre le canal du Rh\u00f4ne au Rhin et l\u2019ancien canal. Ce terrain a \u00e9t\u00e9 inaugur\u00e9 en 1934 au cours d\u2019une manifestation plac\u00e9e sous la pr\u00e9sidence de M. le Sous-Pr\u00e9fet Neff d\u2019Altkirch. Ce terrain s\u2019av\u00e9rant trop petit, la soci\u00e9t\u00e9 a investi des fonds importants en 1959 pour son aplanissement et son agrandissement. Ces travaux d\u2019am\u00e9nagement seront poursuivis par l\u2019implantation d\u2019une piste et d\u2019un vestiaire-douches ainsi que d\u2019un \u00e9clairage pour l\u2019entra\u00eenement. Signalons que le stade est utilis\u00e9 par les enfants des \u00e9coles communales pour lesquels il sert de plateau \u00e9ducatif.<\/h4>\n<h4 style=\"text-align: justify;\">\u00a0Le but des dirigeants, donner \u00e0 chacun la possibilit\u00e9 de pratiquer le sport, a \u00e9t\u00e9 atteint.<\/h4>\n<h4 style=\"text-align: justify;\">\u00a0En lisant ces souvenirs, les anciens se rem\u00e9moreront leurs ann\u00e9es de jeunesse alors qu\u2019ils pratiquaient le football, les jeunes apprendront bien des d\u00e9tails qu\u2019ils ignorent et y tireront d\u2019utiles exemples. Ainsi donc on pourra manifester une reconnaissance pour le pass\u00e9, marquer un enthousiasme pour le pr\u00e9sent et faire enti\u00e8re confiance en l\u2019avenir.<\/h4>\n<h4 style=\"text-align: justify;\">\u00a0Montreux-Sports a \u00e9t\u00e9 de 1930 \u00e0 1973 sous la pr\u00e9sidence de M. Schott Emile de 1974 \u00e0 1995 sous la pr\u00e9sidence de Barthoneuf Jean et depuis sous la pr\u00e9sidence de M. Stemmelin Christian avec comme Pr\u00e9sident d&rsquo;Honneur M. Grosjean Ernest.<\/h4>\n<p style=\"text-align: center;\"><a href=\"http:\/\/montreux-vieux.net\/montreux-vieux.net\/wp-content\/uploads\/2015\/01\/ScreenShot317.jpg\" target=\"_blank\" rel=\"noopener\"><img loading=\"lazy\" decoding=\"async\" class=\"aligncenter wp-image-4173 size-full\" src=\"http:\/\/montreux-vieux.net\/montreux-vieux.net\/wp-content\/uploads\/2015\/01\/ScreenShot317.jpg\" alt=\"Une autre \u00e9quipe de foot de Montreux-Vieux\" width=\"458\" height=\"296\" srcset=\"https:\/\/montreux-vieux.net\/montreux-vieux.net\/wp-content\/uploads\/2015\/01\/ScreenShot317.jpg 458w, https:\/\/montreux-vieux.net\/montreux-vieux.net\/wp-content\/uploads\/2015\/01\/ScreenShot317-300x194.jpg 300w\" sizes=\"auto, (max-width: 458px) 100vw, 458px\" \/><\/a><\/p>\n<h4 style=\"text-align: justify;\">Puis, le Comit\u00e9 \u00e9tait\u00a0le suivant: -Pr\u00e9sident: Stemmelin Christian et entra\u00eeneur des jeunes -Vice-Pr\u00e9sident: Conedera Orlando -Vice-Pr\u00e9sident: Wilhelm Patrick &#8211; Secr\u00e9taire: Dietrich Francine -Tr\u00e9sorier: Roth Patrick -Autres membres: Thi\u00e9baut Marc Baerr Serge Garessus Jean-Paul entra\u00eeneur Sutter Guy Rodriguez Manuel Ouddane M\u00e9lik Bazaud Guillaume entra\u00eeneur des jeunes Ferry Fr\u00e9d\u00e9ric entra\u00eeneur des jeunes -Responsable \u00e9quipe 2: Corsini Marc &#8211; de 17 ans Labrell Raymond &#8211; de17 ans Conedera Orlando -Responsables \u00e9quipes Jeunes: Antoine Patrick Stemmelin Christian &#8211; de 13 ans Gassmann Bernadette parents accompagnateurs -Responsable Buvette: Lardellier Michel -Arbitre du Club: Rinner Bertrand -Entretien du terrain: Guichard Dominique Bischoff R\u00e9my<\/h4>\n<h4 style=\"text-align: justify;\">C&rsquo;est maintenant Michel David qui pr\u00e9side l&rsquo;association<\/h4>\n","protected":false},"excerpt":{"rendered":"<p>Le sport apr\u00e8s guerre &nbsp; Apr\u00e8s les hostilit\u00e9s, Montreux-Vieux perdit beaucoup de son importance par suite du d\u00e9part de nombreux fonctionnaires &#8211; douanes, chemin de fer &#8211; et employ\u00e9s des maisons de transport. La soci\u00e9t\u00e9 connue alors sous le nom &hellip; <a href=\"https:\/\/montreux-vieux.net\/?page_id=4776\">Continuer la lecture <span class=\"meta-nav\">&rarr;<\/span><\/a><\/p>\n","protected":false},"author":1,"featured_media":0,"parent":4105,"menu_order":2,"comment_status":"open","ping_status":"open","template":"","meta":{"footnotes":""},"class_list":["post-4776","page","type-page","status-publish","hentry"],"_links":{"self":[{"href":"https:\/\/montreux-vieux.net\/index.php?rest_route=\/wp\/v2\/pages\/4776","targetHints":{"allow":["GET"]}}],"collection":[{"href":"https:\/\/montreux-vieux.net\/index.php?rest_route=\/wp\/v2\/pages"}],"about":[{"href":"https:\/\/montreux-vieux.net\/index.php?rest_route=\/wp\/v2\/types\/page"}],"author":[{"embeddable":true,"href":"https:\/\/montreux-vieux.net\/index.php?rest_route=\/wp\/v2\/users\/1"}],"replies":[{"embeddable":true,"href":"https:\/\/montreux-vieux.net\/index.php?rest_route=%2Fwp%2Fv2%2Fcomments&post=4776"}],"version-history":[{"count":5,"href":"https:\/\/montreux-vieux.net\/index.php?rest_route=\/wp\/v2\/pages\/4776\/revisions"}],"predecessor-version":[{"id":9406,"href":"https:\/\/montreux-vieux.net\/index.php?rest_route=\/wp\/v2\/pages\/4776\/revisions\/9406"}],"up":[{"embeddable":true,"href":"https:\/\/montreux-vieux.net\/index.php?rest_route=\/wp\/v2\/pages\/4105"}],"wp:attachment":[{"href":"https:\/\/montreux-vieux.net\/index.php?rest_route=%2Fwp%2Fv2%2Fmedia&parent=4776"}],"curies":[{"name":"wp","href":"https:\/\/api.w.org\/{rel}","templated":true}]}}