{"id":4786,"date":"2015-02-18T10:33:32","date_gmt":"2015-02-18T09:33:32","guid":{"rendered":"http:\/\/montreux-vieux.net\/?page_id=4786"},"modified":"2015-02-18T10:33:32","modified_gmt":"2015-02-18T09:33:32","slug":"creation-du-corps-de-sapeurs-pompiers","status":"publish","type":"page","link":"https:\/\/montreux-vieux.net\/?page_id=4786","title":{"rendered":"Cr\u00e9ation du Corps de sapeurs-pompiers"},"content":{"rendered":"<h3 style=\"text-align: center;\"><strong>Cr\u00e9ation du corps de sapeurs-pompiers<\/strong><\/h3>\n<p><a href=\"http:\/\/montreux-vieux.net\/montreux-vieux.net\/wp-content\/uploads\/2014\/12\/image003.jpg\" target=\"_blank\"><img loading=\"lazy\" decoding=\"async\" class=\"aligncenter size-thumbnail wp-image-3990\" src=\"http:\/\/montreux-vieux.net\/montreux-vieux.net\/wp-content\/uploads\/2014\/12\/image003-150x150.jpg\" alt=\"image003\" width=\"150\" height=\"150\" \/><\/a><\/p>\n<h4 style=\"text-align: justify;\">C\u2019est le 30 Avril 1930 que le Corps de Sapeurs Pompiers de Montreux-Vieux a vu le jour.<\/h4>\n<h4 style=\"text-align: justify;\">Enti\u00e8rement constitu\u00e9 de volontaires, ceux-ci y apportant leur enthousiasme et leur exp\u00e9rience, s\u2019\u00e9taient spontan\u00e9ment mis au service de la collectivit\u00e9 pour lutter contre les incendies et tous autres sinistres.<\/h4>\n<h4 style=\"text-align: justify;\">En r\u00e9alit\u00e9 on peut dire que des pompiers exist\u00e8rent de tout temps \u00e0 Montreux-Vieux puisqu\u2019une d\u00e9lib\u00e9ration du Conseil Municipal datant du 25 Mars 1859 relate d\u00e9j\u00e0 des d\u00e9marches effectu\u00e9es par la commune et des conditions du march\u00e9 pass\u00e9 avec la maison Simon Fils, constructeur de pompes d\u2019incendies \u00e0 St-Di\u00e9 (Vosges) pour la livraison d\u2019une pompe \u00e0 bras n\u00b03 ( il n\u2019\u00e9tait pas question de notre pompe \u00e0 l\u2019\u00e9poque\u2026) pour le prix de 2000 Frs \u00ab payable dans un intervalle de 5 ans \u00bb apr\u00e8s r\u00e9ception le 17 Juin 1859. Une curieuse coutume ne voulait-elle pas d\u2019ailleurs \u00e0 cette \u00e9poque que chaque nouvel habitant de la commune , avant de pouvoir pr\u00e9tendre \u00e0 sa part de bois d\u2019affouage, ne fournisse auparavant un seau en cuivre pour la pompe \u00e0 incendie?<\/h4>\n<h4 style=\"text-align: justify;\">Mais si, il y a plus d\u2019un si\u00e8cle, les pompiers ne comprenaient que des volontaires acceptant de se d\u00e9vouer b\u00e9n\u00e9volement pour la cause publique, depuis le 30 Avril 1930, gr\u00e2ce \u00e0 l\u2019ancien maire C\u00e9lestin Catt\u00e9 dont le souvenir reste li\u00e9 \u00e0 cette cr\u00e9ation, Montreux-Vieux \u00e9tait dot\u00e9 d\u2019un corps de Sapeurs-Pompiers organis\u00e9.<\/h4>\n<h4 style=\"text-align: justify;\">Pour la petite histoire le 8 juillet 1930, le prix de la vareuse \u00e9tait de 212 F, le pantalon \u00e0 97 F, le casque \u00e0 65 F et le k\u00e9pi \u00e0 23 F.<\/h4>\n<p style=\"text-align: center;\"><strong>NOTRE CORPS DE SAPEURS-POMPIERS<\/strong><\/p>\n<h4 style=\"text-align: justify;\">A son origine, il ne comprenait que trente hommes plac\u00e9s sous le commandement du lieutenant Th\u00e9ophile Huggenberger que son occupation s\u00e9dentaire de forgeron mar\u00e9chal-ferrant avait fait choisir comme chef de corps, puisqu\u2019elle lui permettait d\u2019intervenir \u00e0 tous moments en cas d\u2019alerte.<\/h4>\n<h4 style=\"text-align: justify;\">Gr\u00e2ce \u00e0 l\u2019aide de la commune, la pompe \u00e0 bras \u00e9tait remplac\u00e9e par une motopompe \u00ab Guinard \u00bb munie de tous ses accessoires: d\u00e9vidoir, etc\u2026<\/h4>\n<h4 style=\"text-align: justify;\">Par la suite il fut demand\u00e9 \u00e0 chaque sapeur et grad\u00e9 de signer un engagement de 5 ans au service du corps ; et si quelques uns h\u00e9sit\u00e8rent \u00e0 se \u00ab lier \u00bb , la grande majorit\u00e9 accepta d\u2019apporter son entier d\u00e9vouement au corps.<\/h4>\n<h4 style=\"text-align: justify;\">La section locale ne cessant de se perfectionner, se distinguait dans plusieurs comp\u00e9titions intercommunales remportant avec la place de premier la plaquette d\u2019or au concours de Carspach en 1936 puis \u00e0 Oltingue en 1938.<\/h4>\n<p>&nbsp;<\/p>\n","protected":false},"excerpt":{"rendered":"<p>Cr\u00e9ation du corps de sapeurs-pompiers C\u2019est le 30 Avril 1930 que le Corps de Sapeurs Pompiers de Montreux-Vieux a vu le jour. Enti\u00e8rement constitu\u00e9 de volontaires, ceux-ci y apportant leur enthousiasme et leur exp\u00e9rience, s\u2019\u00e9taient spontan\u00e9ment mis au service de &hellip; <a href=\"https:\/\/montreux-vieux.net\/?page_id=4786\">Continuer la lecture <span class=\"meta-nav\">&rarr;<\/span><\/a><\/p>\n","protected":false},"author":1,"featured_media":0,"parent":4107,"menu_order":1,"comment_status":"open","ping_status":"open","template":"","meta":{"footnotes":""},"class_list":["post-4786","page","type-page","status-publish","hentry"],"_links":{"self":[{"href":"https:\/\/montreux-vieux.net\/index.php?rest_route=\/wp\/v2\/pages\/4786","targetHints":{"allow":["GET"]}}],"collection":[{"href":"https:\/\/montreux-vieux.net\/index.php?rest_route=\/wp\/v2\/pages"}],"about":[{"href":"https:\/\/montreux-vieux.net\/index.php?rest_route=\/wp\/v2\/types\/page"}],"author":[{"embeddable":true,"href":"https:\/\/montreux-vieux.net\/index.php?rest_route=\/wp\/v2\/users\/1"}],"replies":[{"embeddable":true,"href":"https:\/\/montreux-vieux.net\/index.php?rest_route=%2Fwp%2Fv2%2Fcomments&post=4786"}],"version-history":[{"count":1,"href":"https:\/\/montreux-vieux.net\/index.php?rest_route=\/wp\/v2\/pages\/4786\/revisions"}],"predecessor-version":[{"id":4787,"href":"https:\/\/montreux-vieux.net\/index.php?rest_route=\/wp\/v2\/pages\/4786\/revisions\/4787"}],"up":[{"embeddable":true,"href":"https:\/\/montreux-vieux.net\/index.php?rest_route=\/wp\/v2\/pages\/4107"}],"wp:attachment":[{"href":"https:\/\/montreux-vieux.net\/index.php?rest_route=%2Fwp%2Fv2%2Fmedia&parent=4786"}],"curies":[{"name":"wp","href":"https:\/\/api.w.org\/{rel}","templated":true}]}}