{"id":4790,"date":"2015-02-18T10:41:29","date_gmt":"2015-02-18T09:41:29","guid":{"rendered":"http:\/\/montreux-vieux.net\/?page_id=4790"},"modified":"2016-01-28T12:06:20","modified_gmt":"2016-01-28T11:06:20","slug":"le-centre-de-secours","status":"publish","type":"page","link":"https:\/\/montreux-vieux.net\/?page_id=4790","title":{"rendered":"Le Centre de Secours"},"content":{"rendered":"<h3 style=\"text-align: center;\">Le Centre de Secours<\/h3>\n<p><a href=\"http:\/\/montreux-vieux.net\/montreux-vieux.net\/wp-content\/uploads\/2015\/01\/sp1.jpg\" target=\"_blank\"><img loading=\"lazy\" decoding=\"async\" class=\"aligncenter wp-image-4217 size-full\" src=\"http:\/\/montreux-vieux.net\/montreux-vieux.net\/wp-content\/uploads\/2015\/01\/sp1.jpg\" alt=\"Daniel Bouchonnet \u2013 Rein Joseph \u2013 Cuenin Daniel\" width=\"300\" height=\"206\" \/><\/a><\/p>\n<h4 style=\"text-align: center;\">Daniel Bouchonnet \u2013 Rein Joseph \u2013 Cuenin Daniel<\/h4>\n<h4 style=\"text-align: justify;\">Aussi en 1945, lors de la d\u00e9signation des centres de Secours Incendie et de leur rayon d\u2019action, Montreux-Vieux fut-il retenu par arr\u00eat\u00e9 pr\u00e9fectoral du 18 Juin avec un rayon d\u2019action de 12 communes \u00e0 desservir, \u00e0 savoir : Bellemagny, Br\u00e9chaumont, Bretten, Chavannes\/L\u2019Etang, Eteimbes, Lutran, Magny, Montreux-Jeune, Romagny, St Cosnes, Valdieu, et naturellement Montreux-Vieux.<\/h4>\n<h4 style=\"text-align: justify;\">Ces communes \u00e9taient situ\u00e9es dans un rayon d\u2019une dizaine de kilom\u00e8tres et si le Corps des Sapeurs-Pompiers disposait bien d\u2019une motopompe, le v\u00e9hicule pour en assurer le transport faisait d\u00e9faut. Il fallait en cas de sinistre, faire appel au camion d\u2019un particulier pour le transfert du mat\u00e9riel et des pompiers. Il en r\u00e9sultait naturellement une perte de temps pr\u00e9judiciable \u00e0 la bonne conduite des op\u00e9rations.<\/h4>\n<h4 style=\"text-align: justify;\">Aussi la Direction D\u00e9partementale des Services Incendie \u00e0 Colmar allouait-elle en 1949 \u00e0 notre Centre de Secours, un fourgon normalis\u00e9 nouveau mod\u00e8le de grande maniabilit\u00e9 de m\u00eame qu\u2019une puissante motopompe remorquable, mont\u00e9e sur pneus, d\u2019un d\u00e9bit de 60 m.<\/h4>\n<p>&#8211;<\/p>\n","protected":false},"excerpt":{"rendered":"<p>Le Centre de Secours Daniel Bouchonnet \u2013 Rein Joseph \u2013 Cuenin Daniel Aussi en 1945, lors de la d\u00e9signation des centres de Secours Incendie et de leur rayon d\u2019action, Montreux-Vieux fut-il retenu par arr\u00eat\u00e9 pr\u00e9fectoral du 18 Juin avec un &hellip; <a href=\"https:\/\/montreux-vieux.net\/?page_id=4790\">Continuer la lecture <span class=\"meta-nav\">&rarr;<\/span><\/a><\/p>\n","protected":false},"author":1,"featured_media":0,"parent":4107,"menu_order":3,"comment_status":"open","ping_status":"open","template":"","meta":{"footnotes":""},"class_list":["post-4790","page","type-page","status-publish","hentry"],"_links":{"self":[{"href":"https:\/\/montreux-vieux.net\/index.php?rest_route=\/wp\/v2\/pages\/4790","targetHints":{"allow":["GET"]}}],"collection":[{"href":"https:\/\/montreux-vieux.net\/index.php?rest_route=\/wp\/v2\/pages"}],"about":[{"href":"https:\/\/montreux-vieux.net\/index.php?rest_route=\/wp\/v2\/types\/page"}],"author":[{"embeddable":true,"href":"https:\/\/montreux-vieux.net\/index.php?rest_route=\/wp\/v2\/users\/1"}],"replies":[{"embeddable":true,"href":"https:\/\/montreux-vieux.net\/index.php?rest_route=%2Fwp%2Fv2%2Fcomments&post=4790"}],"version-history":[{"count":2,"href":"https:\/\/montreux-vieux.net\/index.php?rest_route=\/wp\/v2\/pages\/4790\/revisions"}],"predecessor-version":[{"id":6860,"href":"https:\/\/montreux-vieux.net\/index.php?rest_route=\/wp\/v2\/pages\/4790\/revisions\/6860"}],"up":[{"embeddable":true,"href":"https:\/\/montreux-vieux.net\/index.php?rest_route=\/wp\/v2\/pages\/4107"}],"wp:attachment":[{"href":"https:\/\/montreux-vieux.net\/index.php?rest_route=%2Fwp%2Fv2%2Fmedia&parent=4790"}],"curies":[{"name":"wp","href":"https:\/\/api.w.org\/{rel}","templated":true}]}}