{"id":4792,"date":"2015-02-18T10:42:24","date_gmt":"2015-02-18T09:42:24","guid":{"rendered":"http:\/\/montreux-vieux.net\/?page_id=4792"},"modified":"2015-02-18T10:42:24","modified_gmt":"2015-02-18T09:42:24","slug":"le-poste-incendie","status":"publish","type":"page","link":"https:\/\/montreux-vieux.net\/?page_id=4792","title":{"rendered":"Le Poste Incendie"},"content":{"rendered":"<h3 style=\"text-align: center;\"><strong>LE POSTE-INCENDIE<\/strong><\/h3>\n<h4 style=\"text-align: justify;\">Les diff\u00e9rentes dotations de 1949 allaient pour le probl\u00e8me de l\u2019Am\u00e9nagement et de l\u2019Agrandissement du Poste Incendie. Celui-ci existait bien puisque le 10 mai 1959, l\u2019assembl\u00e9e municipale avait d\u00e9cid\u00e9 de construire le hangar de la pompe \u00e0 incendie existante et de pr\u00e9voir un cr\u00e9dit de 280,45 Frs (!) \u00e0 cet effet.<\/h4>\n<h4 style=\"text-align: justify;\">Le 1er D\u00e9cembre 1950, les plans de M.Baur, architecte \u00e0 Mulhouse, \u00e9taient approuv\u00e9s et un cr\u00e9dit de 1 170 000 F vot\u00e9, le Minist\u00e8re de l\u2019Int\u00e9rieur \u00e0 Paris ayant fait conna\u00eetre que le concours financier de l\u2019Etat ne pourrait \u00eatre accord\u00e9.<\/h4>\n<h4 style=\"text-align: justify;\">Il s\u2019av\u00e9ra rapidement au cours des travaux qu\u2019une tour de s\u00e9chage devenait un compl\u00e9ment indispensable au nouveau poste incendie.<\/h4>\n<h4 style=\"text-align: justify;\">Sa construction n\u00e9cessita un nouvel investissement de 1 070 000 Frs et cela toujours sans subvention aucune.<\/h4>\n<h4 style=\"text-align: justify;\">Au cours d\u2019une s\u00e9ance houleuse qui eut lieu le 29 mars 1951, le Conseil s\u2019insurgea contre le proc\u00e9d\u00e9 consistant \u00e0 d\u00e9signer une Commune comme Centre de Secours, lui allouant un fourgon et des motopompes dont le d\u00e9partement reste propri\u00e9taire.<\/h4>\n<h4 style=\"text-align: justify;\">Contraignant ensuite la municipalit\u00e9 \u00e0 des d\u00e9penses exorbitantes pour loger le mat\u00e9riel, ceci d\u2019autant plus que la d\u00e9pense engag\u00e9e s\u2019\u00e9levant \u00e0 pr\u00e8s de 2 millions et demi profitait en fait aux 12 communes rattach\u00e9es au Centre de Secours.<\/h4>\n<h4 style=\"text-align: justify;\">Mais toutes les d\u00e9marches entreprises rest\u00e8rent vaines et l\u2019ann\u00e9e d\u2019apr\u00e8s, le poste incendie flambant neuf, flanqu\u00e9 de sa tour s\u2019\u00e9levant \u00e0 12 m60, \u00e9tait inaugur\u00e9.<\/h4>\n<p>&nbsp;<\/p>\n","protected":false},"excerpt":{"rendered":"<p>LE POSTE-INCENDIE Les diff\u00e9rentes dotations de 1949 allaient pour le probl\u00e8me de l\u2019Am\u00e9nagement et de l\u2019Agrandissement du Poste Incendie. Celui-ci existait bien puisque le 10 mai 1959, l\u2019assembl\u00e9e municipale avait d\u00e9cid\u00e9 de construire le hangar de la pompe \u00e0 incendie &hellip; <a href=\"https:\/\/montreux-vieux.net\/?page_id=4792\">Continuer la lecture <span class=\"meta-nav\">&rarr;<\/span><\/a><\/p>\n","protected":false},"author":1,"featured_media":0,"parent":4107,"menu_order":4,"comment_status":"open","ping_status":"open","template":"","meta":{"footnotes":""},"class_list":["post-4792","page","type-page","status-publish","hentry"],"_links":{"self":[{"href":"https:\/\/montreux-vieux.net\/index.php?rest_route=\/wp\/v2\/pages\/4792","targetHints":{"allow":["GET"]}}],"collection":[{"href":"https:\/\/montreux-vieux.net\/index.php?rest_route=\/wp\/v2\/pages"}],"about":[{"href":"https:\/\/montreux-vieux.net\/index.php?rest_route=\/wp\/v2\/types\/page"}],"author":[{"embeddable":true,"href":"https:\/\/montreux-vieux.net\/index.php?rest_route=\/wp\/v2\/users\/1"}],"replies":[{"embeddable":true,"href":"https:\/\/montreux-vieux.net\/index.php?rest_route=%2Fwp%2Fv2%2Fcomments&post=4792"}],"version-history":[{"count":1,"href":"https:\/\/montreux-vieux.net\/index.php?rest_route=\/wp\/v2\/pages\/4792\/revisions"}],"predecessor-version":[{"id":4793,"href":"https:\/\/montreux-vieux.net\/index.php?rest_route=\/wp\/v2\/pages\/4792\/revisions\/4793"}],"up":[{"embeddable":true,"href":"https:\/\/montreux-vieux.net\/index.php?rest_route=\/wp\/v2\/pages\/4107"}],"wp:attachment":[{"href":"https:\/\/montreux-vieux.net\/index.php?rest_route=%2Fwp%2Fv2%2Fmedia&parent=4792"}],"curies":[{"name":"wp","href":"https:\/\/api.w.org\/{rel}","templated":true}]}}