{"id":4796,"date":"2015-02-18T10:44:39","date_gmt":"2015-02-18T09:44:39","guid":{"rendered":"http:\/\/montreux-vieux.net\/?page_id=4796"},"modified":"2015-02-18T10:44:39","modified_gmt":"2015-02-18T09:44:39","slug":"un-tableau-de-route-synoptique","status":"publish","type":"page","link":"https:\/\/montreux-vieux.net\/?page_id=4796","title":{"rendered":"Un tableau de route synoptique"},"content":{"rendered":"<h3 style=\"text-align: center;\"><strong>UN TABLEAU DE ROUTE SYNOPTIQUE<\/strong><\/h3>\n<h4 style=\"text-align: justify;\">Autre innovation apport\u00e9e par la nouvelle caserne : un tableau lumineux synoptique repr\u00e9sentant le r\u00e9seau routier du secteur desservi par le centre d\u2019intervention. Chaque village peut \u00eatre affich\u00e9 s\u00e9par\u00e9ment sur simple pression d\u2019un commutateur \u00e9lectrique permettant aux hommes du feu de conna\u00eetre instantan\u00e9ment la route \u00e0 suivre. R\u00e9alis\u00e9 par deux sapeurs du centre, ce gadget \u00e9lectronique a n\u00e9cessit\u00e9 30 h de travail. Avantage de ce nouvel outil de travail : permettre aux retardataires ou aux renforts de d\u00e9signer le lieu de l\u2019intervention, lorsque l\u2019\u00e9quipe de permanence a d\u00e9j\u00e0 pris la route. Des syst\u00e8mes similaires, perfectionn\u00e9s avec de v\u00e9ritables feuilles de route sont d\u00e9j\u00e0 en vigueur dans les centres d\u2019Altkirch ou Mulhouse.<\/h4>\n<p>&nbsp;<\/p>\n","protected":false},"excerpt":{"rendered":"<p>UN TABLEAU DE ROUTE SYNOPTIQUE Autre innovation apport\u00e9e par la nouvelle caserne : un tableau lumineux synoptique repr\u00e9sentant le r\u00e9seau routier du secteur desservi par le centre d\u2019intervention. Chaque village peut \u00eatre affich\u00e9 s\u00e9par\u00e9ment sur simple pression d\u2019un commutateur \u00e9lectrique &hellip; <a href=\"https:\/\/montreux-vieux.net\/?page_id=4796\">Continuer la lecture <span class=\"meta-nav\">&rarr;<\/span><\/a><\/p>\n","protected":false},"author":1,"featured_media":0,"parent":4107,"menu_order":6,"comment_status":"open","ping_status":"open","template":"","meta":{"footnotes":""},"class_list":["post-4796","page","type-page","status-publish","hentry"],"_links":{"self":[{"href":"https:\/\/montreux-vieux.net\/index.php?rest_route=\/wp\/v2\/pages\/4796","targetHints":{"allow":["GET"]}}],"collection":[{"href":"https:\/\/montreux-vieux.net\/index.php?rest_route=\/wp\/v2\/pages"}],"about":[{"href":"https:\/\/montreux-vieux.net\/index.php?rest_route=\/wp\/v2\/types\/page"}],"author":[{"embeddable":true,"href":"https:\/\/montreux-vieux.net\/index.php?rest_route=\/wp\/v2\/users\/1"}],"replies":[{"embeddable":true,"href":"https:\/\/montreux-vieux.net\/index.php?rest_route=%2Fwp%2Fv2%2Fcomments&post=4796"}],"version-history":[{"count":1,"href":"https:\/\/montreux-vieux.net\/index.php?rest_route=\/wp\/v2\/pages\/4796\/revisions"}],"predecessor-version":[{"id":4797,"href":"https:\/\/montreux-vieux.net\/index.php?rest_route=\/wp\/v2\/pages\/4796\/revisions\/4797"}],"up":[{"embeddable":true,"href":"https:\/\/montreux-vieux.net\/index.php?rest_route=\/wp\/v2\/pages\/4107"}],"wp:attachment":[{"href":"https:\/\/montreux-vieux.net\/index.php?rest_route=%2Fwp%2Fv2%2Fmedia&parent=4796"}],"curies":[{"name":"wp","href":"https:\/\/api.w.org\/{rel}","templated":true}]}}