{"id":4800,"date":"2015-02-18T10:46:22","date_gmt":"2015-02-18T09:46:22","guid":{"rendered":"http:\/\/montreux-vieux.net\/?page_id=4800"},"modified":"2015-02-18T10:46:22","modified_gmt":"2015-02-18T09:46:22","slug":"le-j-9","status":"publish","type":"page","link":"https:\/\/montreux-vieux.net\/?page_id=4800","title":{"rendered":"Le J 9"},"content":{"rendered":"<h3 style=\"text-align: center;\"><strong>UN J9 AMENAGE EN VSR : L\u2019ATELIER ROULANT<\/strong><\/h3>\n<h4 style=\"text-align: justify;\">Offert en 1982 par la commune au service d\u2019incendie, pay\u00e9 pour moiti\u00e9 par la commune et pour l\u2019autre moiti\u00e9 par l\u2019amicale des sapeurs pompiers qui a r\u00e9alis\u00e9 un pr\u00eat \u00e0 cet effet et qui en a assur\u00e9 l\u2019am\u00e9nagement int\u00e9rieur (co\u00fbt 20 000 Frs) le nouveau J9 VSR de Montreux-Vieux sert de v\u00e9ritable atelier roulant. Repr\u00e9sentant une d\u00e9pense globale de 70 000 Frs, ce nouveau VSR intervient en toute circonstance lorsqu\u2019il faut un apport technique. Pour le centre de Montreux-Vieux il constitue ind\u00e9niablement un atout.<\/h4>\n<p>&nbsp;<\/p>\n","protected":false},"excerpt":{"rendered":"<p>UN J9 AMENAGE EN VSR : L\u2019ATELIER ROULANT Offert en 1982 par la commune au service d\u2019incendie, pay\u00e9 pour moiti\u00e9 par la commune et pour l\u2019autre moiti\u00e9 par l\u2019amicale des sapeurs pompiers qui a r\u00e9alis\u00e9 un pr\u00eat \u00e0 cet effet &hellip; <a href=\"https:\/\/montreux-vieux.net\/?page_id=4800\">Continuer la lecture <span class=\"meta-nav\">&rarr;<\/span><\/a><\/p>\n","protected":false},"author":1,"featured_media":0,"parent":4107,"menu_order":8,"comment_status":"open","ping_status":"open","template":"","meta":{"footnotes":""},"class_list":["post-4800","page","type-page","status-publish","hentry"],"_links":{"self":[{"href":"https:\/\/montreux-vieux.net\/index.php?rest_route=\/wp\/v2\/pages\/4800","targetHints":{"allow":["GET"]}}],"collection":[{"href":"https:\/\/montreux-vieux.net\/index.php?rest_route=\/wp\/v2\/pages"}],"about":[{"href":"https:\/\/montreux-vieux.net\/index.php?rest_route=\/wp\/v2\/types\/page"}],"author":[{"embeddable":true,"href":"https:\/\/montreux-vieux.net\/index.php?rest_route=\/wp\/v2\/users\/1"}],"replies":[{"embeddable":true,"href":"https:\/\/montreux-vieux.net\/index.php?rest_route=%2Fwp%2Fv2%2Fcomments&post=4800"}],"version-history":[{"count":1,"href":"https:\/\/montreux-vieux.net\/index.php?rest_route=\/wp\/v2\/pages\/4800\/revisions"}],"predecessor-version":[{"id":4801,"href":"https:\/\/montreux-vieux.net\/index.php?rest_route=\/wp\/v2\/pages\/4800\/revisions\/4801"}],"up":[{"embeddable":true,"href":"https:\/\/montreux-vieux.net\/index.php?rest_route=\/wp\/v2\/pages\/4107"}],"wp:attachment":[{"href":"https:\/\/montreux-vieux.net\/index.php?rest_route=%2Fwp%2Fv2%2Fmedia&parent=4800"}],"curies":[{"name":"wp","href":"https:\/\/api.w.org\/{rel}","templated":true}]}}