{"id":4802,"date":"2015-02-18T10:47:33","date_gmt":"2015-02-18T09:47:33","guid":{"rendered":"http:\/\/montreux-vieux.net\/?page_id=4802"},"modified":"2015-02-18T10:47:33","modified_gmt":"2015-02-18T09:47:33","slug":"le-nouveau-fourgon","status":"publish","type":"page","link":"https:\/\/montreux-vieux.net\/?page_id=4802","title":{"rendered":"Le nouveau fourgon"},"content":{"rendered":"<h3 style=\"text-align: center;\">NOUVEAU FOURGON<\/h3>\n<p><a href=\"http:\/\/montreux-vieux.net\/montreux-vieux.net\/wp-content\/uploads\/2011\/11\/Camion.jpg\" target=\"_blank\"><img loading=\"lazy\" decoding=\"async\" class=\"aligncenter wp-image-3276 size-full\" src=\"http:\/\/montreux-vieux.net\/montreux-vieux.net\/wp-content\/uploads\/2011\/11\/Camion.jpg\" alt=\"Camion\" width=\"400\" height=\"265\" \/><\/a><\/p>\n<h4 style=\"text-align: justify;\">Attendu depuis quelques ann\u00e9es par le centre de secours de Montreux-Vieux qui rayonne sur une quinzaine de communes (d\u2019Eteimbes \u00e0 Magny), le nouveau fourgon-tonne-pompe estarriv\u00e9 \u00e0 bon port en septembre 1994.<\/h4>\n<h4 style=\"text-align: justify;\">Un \u00e9v\u00e9nement qui a \u00e9t\u00e9 marqu\u00e9, samedi apr\u00e8s-midi, par une manifestation officielle rehauss\u00e9e par la musique municipale de Ballersdorf dirig\u00e9e par Justin Walter, en pr\u00e9sence de personnalit\u00e9s dont le sous-pr\u00e9fet Daniel Bax, le 1er vice-pr\u00e9sident du Conseil G\u00e9n\u00e9ral Charles Haby, le d\u00e9put\u00e9-maire d\u2019Altkirch Jean-Luc Reitzer, vice-pr\u00e9sident du Conseil G\u00e9n\u00e9ral, Denis De Vittori, maire de Montreux-Vieux et le commandant Alphonse Hartmann, directeur d\u00e9partemental adjoint des services de secours et d\u2019incendie du Haut-Rhin.<\/h4>\n<h4 style=\"text-align: justify;\">Une c\u00e9r\u00e9monie parfaitement orchestr\u00e9e avec, dans un premier temps, la revue des troupes et du mat\u00e9riel par les personnalit\u00e9s, suivie de la remise de m\u00e9dailles, dipl\u00f4mes et promotions pour une dizaine d\u2019hommes dont le lieutenant Daniel Bouchonnet, chef du centre de secours de Montreux-Vieux, honor\u00e9 de la m\u00e9daille de vermeil par le sous pr\u00e9fet Daniel Bax. Daniel Bouchonnet est entr\u00e9 en 1967 au centre de secours pour gravir tous les \u00e9chelons avant de prendre la succession du capitaine honoraire Joseph Rein en octobre 1988. Second temps, la b\u00e9n\u00e9diction du nouveau v\u00e9hicule par le cur\u00e9 Joseph Geopfert et la remise des cl\u00e9s. Si le nouveau fourgon \u00e9tait attendu depuis quelques ann\u00e9es, c\u2019est en raison de l\u2019\u00e9quipement souhait\u00e9 par le chef de corps. En effet, ce fourgon-pompe-tonne, dont l\u2019investissement a \u00e9t\u00e9 totalement assur\u00e9 par le D\u00e9partement (900 000 Frs), devait r\u00e9pondre aux nombreuses sollicitations du centre de secours, a rappel\u00e9 R\u00e9my With. C\u2019est Charles Haby qui a remis les cl\u00e9s au conseiller g\u00e9n\u00e9ral du canton de Dannemarie.<\/h4>\n<h4 style=\"text-align: justify;\">La c\u00e9r\u00e9monie s\u2019est achev\u00e9e par un d\u00e9fil\u00e9 dans les rues de Montreux-Vieux et les discours traditionnels \u00e0 la salle des f\u00eates o\u00f9 un vin d\u2019honneur a \u00e9t\u00e9 offert par la commune.<\/h4>\n<h4 style=\"text-align: justify;\">Tour \u00e0 tour, le maire de Montreux-Vieux, Denis De Vittori, le conseiller g\u00e9n\u00e9ral R\u00e9my With, le d\u00e9put\u00e9 Jean-Luc Reitzer, le 1er vice-pr\u00e9sident du conseil g\u00e9n\u00e9ral Charles Haby et, enfin le sous pr\u00e9fet Daniel Bax ont mis en exergue le r\u00f4le des pompiers volontaires dans le dispositif de la s\u00e9curit\u00e9 civile.<\/h4>\n<h4 style=\"text-align: justify;\">Les r\u00e9cipiendaires M\u00e9daille de vermeil : lieutenant Daniel Bouchonnet<\/h4>\n<h4 style=\"text-align: justify;\">M\u00e9daille d\u2019argent : adjudant-chef Fran\u00e7ois Notter et sergent-chef Fabrice Mieschberger<\/h4>\n<h4 style=\"text-align: justify;\">1\u00e8re classe : les sapeurs Guy Lalev\u00e9e, Sandro Soppelsa, Claude Sturm, Rudy Riedel Caporal : sapeur Denis Thurlingue<\/h4>\n<h4 style=\"text-align: justify;\">Sergent-Chef : Fabrice Mieschberger, Gilles Sinniger, Pascal Sinniger<\/h4>\n<h4 style=\"text-align: justify;\">Dipl\u00f4mes : Formation conducteur engin pompe : Lieutenant Daniel Bouchonnet sous-lieutenant Daniel Cuenin, adjudant-chef Fran\u00e7ois Notter<\/h4>\n<h4 style=\"text-align: justify;\">Initiation conducteur engin-pompe : sapeurs Huertas, Lalev\u00e9e, Thurlingue<\/h4>\n<h4 style=\"text-align: justify;\">BNS : sapeurs Soppelsa, Riedel, Sturm<\/h4>\n<h4 style=\"text-align: justify;\">Ranimation secours routier : sapeurs Riedel et Thurlingue. ( l\u2019Alsace du 21-9-94).<\/h4>\n<p>&nbsp;<\/p>\n","protected":false},"excerpt":{"rendered":"<p>NOUVEAU FOURGON Attendu depuis quelques ann\u00e9es par le centre de secours de Montreux-Vieux qui rayonne sur une quinzaine de communes (d\u2019Eteimbes \u00e0 Magny), le nouveau fourgon-tonne-pompe estarriv\u00e9 \u00e0 bon port en septembre 1994. Un \u00e9v\u00e9nement qui a \u00e9t\u00e9 marqu\u00e9, samedi &hellip; <a href=\"https:\/\/montreux-vieux.net\/?page_id=4802\">Continuer la lecture <span class=\"meta-nav\">&rarr;<\/span><\/a><\/p>\n","protected":false},"author":1,"featured_media":0,"parent":4107,"menu_order":9,"comment_status":"open","ping_status":"open","template":"","meta":{"footnotes":""},"class_list":["post-4802","page","type-page","status-publish","hentry"],"_links":{"self":[{"href":"https:\/\/montreux-vieux.net\/index.php?rest_route=\/wp\/v2\/pages\/4802","targetHints":{"allow":["GET"]}}],"collection":[{"href":"https:\/\/montreux-vieux.net\/index.php?rest_route=\/wp\/v2\/pages"}],"about":[{"href":"https:\/\/montreux-vieux.net\/index.php?rest_route=\/wp\/v2\/types\/page"}],"author":[{"embeddable":true,"href":"https:\/\/montreux-vieux.net\/index.php?rest_route=\/wp\/v2\/users\/1"}],"replies":[{"embeddable":true,"href":"https:\/\/montreux-vieux.net\/index.php?rest_route=%2Fwp%2Fv2%2Fcomments&post=4802"}],"version-history":[{"count":1,"href":"https:\/\/montreux-vieux.net\/index.php?rest_route=\/wp\/v2\/pages\/4802\/revisions"}],"predecessor-version":[{"id":4803,"href":"https:\/\/montreux-vieux.net\/index.php?rest_route=\/wp\/v2\/pages\/4802\/revisions\/4803"}],"up":[{"embeddable":true,"href":"https:\/\/montreux-vieux.net\/index.php?rest_route=\/wp\/v2\/pages\/4107"}],"wp:attachment":[{"href":"https:\/\/montreux-vieux.net\/index.php?rest_route=%2Fwp%2Fv2%2Fmedia&parent=4802"}],"curies":[{"name":"wp","href":"https:\/\/api.w.org\/{rel}","templated":true}]}}