{"id":4804,"date":"2015-02-18T10:48:34","date_gmt":"2015-02-18T09:48:34","guid":{"rendered":"http:\/\/montreux-vieux.net\/?page_id=4804"},"modified":"2015-02-18T10:48:34","modified_gmt":"2015-02-18T09:48:34","slug":"activites-du-corps","status":"publish","type":"page","link":"https:\/\/montreux-vieux.net\/?page_id=4804","title":{"rendered":"Activit\u00e9s du Corps"},"content":{"rendered":"<h3 style=\"text-align: center;\"><strong>ACTIVITES DU CORPS<\/strong><\/h3>\n<h4 style=\"text-align: justify;\">Si depuis sa naissance notre Corps s\u2019est distingu\u00e9 dans plusieurs comp\u00e9titions intercommunales, son activit\u00e9 ne s\u2019est pas born\u00e9e l\u00e0. Et au cours des ann\u00e9es pass\u00e9es, nos braves soldats du feu ont eu \u00e0 combattre de nombreux incendies.<\/h4>\n<h4 style=\"text-align: justify;\">Le plus important fut, sans conteste, l\u2019incendie du d\u00e9p\u00f4t de carburants de la Jeanne d\u2019Arc en 1949, o\u00f9 les pompiers d\u2019Altkirch, de Mulhouse et de Belfort durent venir \u00e0 la rescousse.<\/h4>\n<h4 style=\"text-align: justify;\">Plus pr\u00e8s de nous il y eut aussi le 12 mai 1953, l\u2019incendie qui d\u00e9truisit 50 tonnes de mati\u00e8res premi\u00e8res \u00e0 la Filature et Tissage de Montreux-Vieux. Mais c\u2019est surtout durant l\u2019occupation et au moment des combats pr\u00e9c\u00e9dant la Lib\u00e9ration que notre Corps de sapeurs-pompiers fut mis \u00e0 contribution.<\/h4>\n<h4 style=\"text-align: justify;\">C\u2019est ainsi que le 8 octobre 1944, la gare fronti\u00e8re de Montreux-Vieux \u00e9tait l\u2019objet d\u2019un bombardement a\u00e9rien au moment o\u00f9 de nombreux trains de marchandises et de wagons d\u2019essence y \u00e9taient gar\u00e9s. Il fallut non seulement \u00e9teindre les foyers d\u2019incendie mais \u00e9galement retirer des d\u00e9combres fumants, les cadavres des soldats allemands.<\/h4>\n<h4 style=\"text-align: justify;\">Le 30 novembre 1944 enfin, les sapeurs pompiers \u00e9taient alert\u00e9s afin de porter secours \u00e0 trois personnes du village, bless\u00e9es par des mines sur la route de Montreux-Ch\u00e2teau C\u2019est au cours de cette op\u00e9ration de sauvetage que le chef de Corps lui-m\u00eame fut victime de l\u2019explosion d\u2019une mine ce qui n\u00e9cessita l\u2019amputation de sa jambe droite.<\/h4>\n<h4 style=\"text-align: justify;\">Apr\u00e8s la Lib\u00e9ration, notre Corps de sapeurs-pompiers \u00e9prouva quelques difficult\u00e9s de recrutement, mais peu \u00e0 peu, gr\u00e2ce \u00e0 la t\u00e9nacit\u00e9 des anciens et au dynamisme des jeunes, l\u2019\u00e9quipe se reconstitua.<\/h4>\n<h4 style=\"text-align: justify;\">Tous les ans, diff\u00e9rentes manoeuvres sont programm\u00e9es. Voici le d\u00e9tail de celles d\u2019octobre 1980 :<\/h4>\n<h4 style=\"text-align: justify;\">Fin Octobre, tr\u00e8s pr\u00e9cis\u00e9ment le dimanche 26, se sont d\u00e9roul\u00e9es \u00e0 Br\u00e9chaumont, les manoeuvres du centre de secours de Montreux-Vieux, manoeuvres qui constituent l\u2019exercice le plus important de l\u2019ann\u00e9e. Etaient donc r\u00e9unis pour cet examen de synth\u00e8se, les corps de premi\u00e8re intervention de Chavannes-sur-l\u2019Etang, Br\u00e9chaumont, Montreux-Jeune, Valdieu-Lutran et bien entendu le centre de secours de Montreux-Vieux.<\/h4>\n<h4 style=\"text-align: justify;\">Les th\u00e8mes ? Pour les corps de premi\u00e8re intervention, il s\u2019agissait d\u2019effectuer un \u00e9tablissement de deux petites lances sur un poteau d\u2019incendie. Pour Montreux-Vieux, le \u00ab devoir \u00bb impos\u00e9 \u00e9tait un peu plus complexe : Etablissement d\u2019une grande lance sur motopompe portative aliment\u00e9e par poteau d\u2019incendie. Et transformation en deux petites sur une motopompe portative . Les cadets de Montreux-Vieux, quant \u00e0 eux, eurent \u00e0 \u00ab plancher \u00bb sur deux th\u00e8mes : \u00e9tablissement de deux petites lances et \u00e9vacuation d\u2019un bless\u00e9 incommod\u00e9 par la fum\u00e9e. Le tout sous l\u2019oeil attentif des diff\u00e9rents chefs de corps dont le lieutenant rein, commandant le centre de secours de Montreux-Vieux et des \u00e9lus parmi lesquels on pouvait reconna\u00eetre MM. Quiquerez, maire de Chavannes-sur-l\u2019Etang, Thiebaut, maire de Valdieu Lutran, Schorr et Buttet Pierre, adjoints de Montreux-Vieux.<\/h4>\n<h4 style=\"text-align: justify;\">Dans l\u2019ensemble, ces manoeuvres ont permis d\u2019appr\u00e9cier la capacit\u00e9 d\u2019intervention des hommes du centre. Conclusions positives donc.Cet exercice nous donne l\u2019occasion d\u2019un rapide coup d\u2019oeil sur le centre de Montreux-Vieux. Un certain nombre de coordonn\u00e9es pour situer son importance.<\/h4>\n<p>&nbsp;<\/p>\n","protected":false},"excerpt":{"rendered":"<p>ACTIVITES DU CORPS Si depuis sa naissance notre Corps s\u2019est distingu\u00e9 dans plusieurs comp\u00e9titions intercommunales, son activit\u00e9 ne s\u2019est pas born\u00e9e l\u00e0. Et au cours des ann\u00e9es pass\u00e9es, nos braves soldats du feu ont eu \u00e0 combattre de nombreux incendies. &hellip; <a href=\"https:\/\/montreux-vieux.net\/?page_id=4804\">Continuer la lecture <span class=\"meta-nav\">&rarr;<\/span><\/a><\/p>\n","protected":false},"author":1,"featured_media":0,"parent":4107,"menu_order":10,"comment_status":"open","ping_status":"open","template":"","meta":{"footnotes":""},"class_list":["post-4804","page","type-page","status-publish","hentry"],"_links":{"self":[{"href":"https:\/\/montreux-vieux.net\/index.php?rest_route=\/wp\/v2\/pages\/4804","targetHints":{"allow":["GET"]}}],"collection":[{"href":"https:\/\/montreux-vieux.net\/index.php?rest_route=\/wp\/v2\/pages"}],"about":[{"href":"https:\/\/montreux-vieux.net\/index.php?rest_route=\/wp\/v2\/types\/page"}],"author":[{"embeddable":true,"href":"https:\/\/montreux-vieux.net\/index.php?rest_route=\/wp\/v2\/users\/1"}],"replies":[{"embeddable":true,"href":"https:\/\/montreux-vieux.net\/index.php?rest_route=%2Fwp%2Fv2%2Fcomments&post=4804"}],"version-history":[{"count":1,"href":"https:\/\/montreux-vieux.net\/index.php?rest_route=\/wp\/v2\/pages\/4804\/revisions"}],"predecessor-version":[{"id":4805,"href":"https:\/\/montreux-vieux.net\/index.php?rest_route=\/wp\/v2\/pages\/4804\/revisions\/4805"}],"up":[{"embeddable":true,"href":"https:\/\/montreux-vieux.net\/index.php?rest_route=\/wp\/v2\/pages\/4107"}],"wp:attachment":[{"href":"https:\/\/montreux-vieux.net\/index.php?rest_route=%2Fwp%2Fv2%2Fmedia&parent=4804"}],"curies":[{"name":"wp","href":"https:\/\/api.w.org\/{rel}","templated":true}]}}