{"id":4806,"date":"2015-02-18T10:50:02","date_gmt":"2015-02-18T09:50:02","guid":{"rendered":"http:\/\/montreux-vieux.net\/?page_id=4806"},"modified":"2015-02-18T10:50:02","modified_gmt":"2015-02-18T09:50:02","slug":"quelques-chiffres","status":"publish","type":"page","link":"https:\/\/montreux-vieux.net\/?page_id=4806","title":{"rendered":"Quelques chiffres"},"content":{"rendered":"<h3 style=\"text-align: center;\"><strong>QUELQUES CHIFFRES REPERES<\/strong><\/h3>\n<h4>* 11 communes pour 3 500 habitants<\/h4>\n<h4 style=\"text-align: justify;\">Le centre de secours de Montreux-Vieux comprend un effectif de 22 hommes command\u00e9 par le lieutenant Bouchonnet Daniel. Le service de sant\u00e9 se compose du m\u00e9decin-capitaine G\u00e9rard Trabold et du pharmacien-capitaine Guy Lambert. Le centre couvre 11 communes, ce qui repr\u00e9sente 3 500 habitants.<\/h4>\n<h4>* Cr\u00e9dits et finances<\/h4>\n<h4 style=\"text-align: justify;\">En mat\u00e9riel il dispose d\u2019un fourgon pompe-tonne (dotation du d\u00e9partement), un fourgon d\u2019incendie (d\u00e9partement) et un v\u00e9hicule de premi\u00e8re intervention (fourni par la commune). Annuellement la commune affecte au centre des cr\u00e9dits de fonctionnement s\u2019\u00e9levant \u00e0 12 000 F. Pour l\u2019achat de mat\u00e9riel : tuyaux, lances, groupe \u00e9lectrog\u00e8ne\u2026 sans oublier les effets vestimentaires. A quoi s\u2019ajoute une dotation de l\u2019amicale destin\u00e9e \u00e9galement \u00e0 l\u2019acquisition d\u2019effets vestimentaires.<\/h4>\n<h4>* Un nouveau d\u00e9p\u00f4t<\/h4>\n<h4 style=\"text-align: justify;\">L\u2019ann\u00e9e 80, qui est aussi l\u2019ann\u00e9e du cinquantenaire du corps, sera marqu\u00e9e par l\u2019inauguration du nouveau d\u00e9p\u00f4t en cours de construction, dont l\u2019agencement int\u00e9rieur \u2013 il convient de le souligner \u2013 est \u00e0 la charge de l\u2019amicale.<\/h4>\n<h4>* En 79 :Une centaine d\u2019interventions<\/h4>\n<h4 style=\"text-align: justify;\">En 79, le centre de Montreux-Vieux a effectu\u00e9 une centaine d\u2019interventions qui se r\u00e9partissent comme suit :<\/h4>\n<h4 style=\"text-align: justify;\">&#8211; 10 incendies : le 1-1-79 : incendie d\u00e9pendances agricoles \u00e0 Magny ; le 15-1-79 : incendie maison d\u2019habitation \u00e0 Eteimbes ; 4-2-79 : incendie d\u2019un atelier de la scierie Munch \u00e0 Magny : 27-12-79 : incendie d\u2019une d\u00e9pendance agricole \u00e0 Romagny.<\/h4>\n<h4>&#8211; Huit feux de chemin\u00e9e.<\/h4>\n<h4>&#8211; Deux interventions pour assistance \u00e0 des bless\u00e9s de la route.<\/h4>\n<h4>&#8211; Et plus de 10 interventions diverses.<\/h4>\n<h4 style=\"text-align: justify;\">Rappelons le camion citerne de fuel (30 000 l) renvers\u00e9 \u00e0 Valdieu, le 16-2-79. Les besoins en financement des 10 derni\u00e8res ann\u00e9es du Centre de Secours se sont \u00e9lev\u00e9s \u00e0 1750000 Frs hors v\u00e9hicule comprenant la part de la commune et celle de l\u2019amicale.<\/h4>\n<p>&nbsp;<\/p>\n","protected":false},"excerpt":{"rendered":"<p>QUELQUES CHIFFRES REPERES * 11 communes pour 3 500 habitants Le centre de secours de Montreux-Vieux comprend un effectif de 22 hommes command\u00e9 par le lieutenant Bouchonnet Daniel. Le service de sant\u00e9 se compose du m\u00e9decin-capitaine G\u00e9rard Trabold et du &hellip; <a href=\"https:\/\/montreux-vieux.net\/?page_id=4806\">Continuer la lecture <span class=\"meta-nav\">&rarr;<\/span><\/a><\/p>\n","protected":false},"author":1,"featured_media":0,"parent":4107,"menu_order":11,"comment_status":"open","ping_status":"open","template":"","meta":{"footnotes":""},"class_list":["post-4806","page","type-page","status-publish","hentry"],"_links":{"self":[{"href":"https:\/\/montreux-vieux.net\/index.php?rest_route=\/wp\/v2\/pages\/4806","targetHints":{"allow":["GET"]}}],"collection":[{"href":"https:\/\/montreux-vieux.net\/index.php?rest_route=\/wp\/v2\/pages"}],"about":[{"href":"https:\/\/montreux-vieux.net\/index.php?rest_route=\/wp\/v2\/types\/page"}],"author":[{"embeddable":true,"href":"https:\/\/montreux-vieux.net\/index.php?rest_route=\/wp\/v2\/users\/1"}],"replies":[{"embeddable":true,"href":"https:\/\/montreux-vieux.net\/index.php?rest_route=%2Fwp%2Fv2%2Fcomments&post=4806"}],"version-history":[{"count":1,"href":"https:\/\/montreux-vieux.net\/index.php?rest_route=\/wp\/v2\/pages\/4806\/revisions"}],"predecessor-version":[{"id":4807,"href":"https:\/\/montreux-vieux.net\/index.php?rest_route=\/wp\/v2\/pages\/4806\/revisions\/4807"}],"up":[{"embeddable":true,"href":"https:\/\/montreux-vieux.net\/index.php?rest_route=\/wp\/v2\/pages\/4107"}],"wp:attachment":[{"href":"https:\/\/montreux-vieux.net\/index.php?rest_route=%2Fwp%2Fv2%2Fmedia&parent=4806"}],"curies":[{"name":"wp","href":"https:\/\/api.w.org\/{rel}","templated":true}]}}