{"id":4810,"date":"2015-02-18T10:51:52","date_gmt":"2015-02-18T09:51:52","guid":{"rendered":"http:\/\/montreux-vieux.net\/?page_id=4810"},"modified":"2015-02-18T10:55:16","modified_gmt":"2015-02-18T09:55:16","slug":"materiel-en-1997","status":"publish","type":"page","link":"https:\/\/montreux-vieux.net\/?page_id=4810","title":{"rendered":"Mat\u00e9riel en 1997"},"content":{"rendered":"<h3 style=\"text-align: center;\"><strong>MATERIEL EN 1997<\/strong><\/h3>\n<h4 style=\"text-align: justify;\">Dot\u00e9 jusque dans les ann\u00e9es 70 d\u2019un F.I.N et de deux motopompes (1 000 et 500 l\/mm) le corps dispose \u00e0 l\u2019heure actuelle de :<\/h4>\n<h4>\u00a01 F.P.T G 270 Renault de 1994<\/h4>\n<h4>\u00a01 F.P.T. Citro\u00ebn de 1971<\/h4>\n<h4>\u00a01 V.S.R. J9 Peugeot de 1982<\/h4>\n<h4>\u00a01 V.T.U. Trafic 4 x 4 Renault de 1989<\/h4>\n<h4>\u00a01 M.P.R. 1000\/15<\/h4>\n<h4>\u00a01 M.P.R. 1000\/10<\/h4>\n<h4>\u00a01 M.P.P 500\/10<\/h4>\n<h4>\u00a01 M.P.F<\/h4>\n<h4>\u00a01 Groupe vide cave<\/h4>\n<h4>\u00a03 Groupes \u00e9lectrog\u00e8nes<\/h4>\n<h4>\u00a014 A.R.I<\/h4>\n<h4 style=\"text-align: justify;\">\u00a0Le centre est \u00e9quip\u00e9 de mat\u00e9riel radio et d\u2019une station de veille automatique, chaque sapeur \u00e9tant dot\u00e9 d\u2019un BIP.<\/h4>\n<h4 style=\"text-align: justify;\">Les interventions, variables selon les ann\u00e9es, se situent \u00e0 une moyenne de 80 par an. La plus importante, fut l\u2019incendie de la garderie et de la filature de Montreux-Vieux en 1993, le 13 Mai.<\/h4>\n<h4><\/h4>\n<h4><a href=\"http:\/\/montreux-vieux.net\/montreux-vieux.net\/wp-content\/uploads\/2015\/01\/image002.jpg\" target=\"_blank\"><img loading=\"lazy\" decoding=\"async\" class=\"aligncenter wp-image-4221 size-full\" src=\"http:\/\/montreux-vieux.net\/montreux-vieux.net\/wp-content\/uploads\/2015\/01\/image002.jpg\" alt=\"image002\" width=\"183\" height=\"209\" \/><\/a><\/h4>\n<p>&nbsp;<\/p>\n","protected":false},"excerpt":{"rendered":"<p>MATERIEL EN 1997 Dot\u00e9 jusque dans les ann\u00e9es 70 d\u2019un F.I.N et de deux motopompes (1 000 et 500 l\/mm) le corps dispose \u00e0 l\u2019heure actuelle de : \u00a01 F.P.T G 270 Renault de 1994 \u00a01 F.P.T. Citro\u00ebn de 1971 &hellip; <a href=\"https:\/\/montreux-vieux.net\/?page_id=4810\">Continuer la lecture <span class=\"meta-nav\">&rarr;<\/span><\/a><\/p>\n","protected":false},"author":1,"featured_media":0,"parent":4107,"menu_order":12,"comment_status":"open","ping_status":"open","template":"","meta":{"footnotes":""},"class_list":["post-4810","page","type-page","status-publish","hentry"],"_links":{"self":[{"href":"https:\/\/montreux-vieux.net\/index.php?rest_route=\/wp\/v2\/pages\/4810","targetHints":{"allow":["GET"]}}],"collection":[{"href":"https:\/\/montreux-vieux.net\/index.php?rest_route=\/wp\/v2\/pages"}],"about":[{"href":"https:\/\/montreux-vieux.net\/index.php?rest_route=\/wp\/v2\/types\/page"}],"author":[{"embeddable":true,"href":"https:\/\/montreux-vieux.net\/index.php?rest_route=\/wp\/v2\/users\/1"}],"replies":[{"embeddable":true,"href":"https:\/\/montreux-vieux.net\/index.php?rest_route=%2Fwp%2Fv2%2Fcomments&post=4810"}],"version-history":[{"count":1,"href":"https:\/\/montreux-vieux.net\/index.php?rest_route=\/wp\/v2\/pages\/4810\/revisions"}],"predecessor-version":[{"id":4811,"href":"https:\/\/montreux-vieux.net\/index.php?rest_route=\/wp\/v2\/pages\/4810\/revisions\/4811"}],"up":[{"embeddable":true,"href":"https:\/\/montreux-vieux.net\/index.php?rest_route=\/wp\/v2\/pages\/4107"}],"wp:attachment":[{"href":"https:\/\/montreux-vieux.net\/index.php?rest_route=%2Fwp%2Fv2%2Fmedia&parent=4810"}],"curies":[{"name":"wp","href":"https:\/\/api.w.org\/{rel}","templated":true}]}}