{"id":4833,"date":"2015-02-18T14:28:16","date_gmt":"2015-02-18T13:28:16","guid":{"rendered":"http:\/\/montreux-vieux.net\/?page_id=4833"},"modified":"2018-12-25T17:35:33","modified_gmt":"2018-12-25T16:35:33","slug":"la-gare-et-son-buffet","status":"publish","type":"page","link":"https:\/\/montreux-vieux.net\/?page_id=4833","title":{"rendered":"L&rsquo;importante gare fronti\u00e8re"},"content":{"rendered":"<h3 style=\"text-align: center;\"><\/h3>\n<h3 style=\"text-align: center;\"><\/h3>\n<h3 style=\"text-align: center;\">La Gare<\/h3>\n<div id='gallery-1' class='gallery galleryid-4833 gallery-columns-3 gallery-size-thumbnail'><dl class='gallery-item'>\n\t\t\t<dt class='gallery-icon landscape'>\n\t\t\t\t<a href='https:\/\/montreux-vieux.net\/?attachment_id=4834'><img loading=\"lazy\" decoding=\"async\" width=\"150\" height=\"150\" src=\"https:\/\/montreux-vieux.net\/montreux-vieux.net\/wp-content\/uploads\/2015\/02\/montr6-150x150.jpg\" class=\"attachment-thumbnail size-thumbnail\" alt=\"\" aria-describedby=\"gallery-1-4834\" \/><\/a>\n\t\t\t<\/dt>\n\t\t\t\t<dd class='wp-caption-text gallery-caption' id='gallery-1-4834'>\n\t\t\t\tL&rsquo;ancienne Gare\n\t\t\t\t<\/dd><\/dl><dl class='gallery-item'>\n\t\t\t<dt class='gallery-icon landscape'>\n\t\t\t\t<a href='https:\/\/montreux-vieux.net\/?attachment_id=4841'><img loading=\"lazy\" decoding=\"async\" width=\"150\" height=\"150\" src=\"https:\/\/montreux-vieux.net\/montreux-vieux.net\/wp-content\/uploads\/2015\/02\/ScreenShot348-150x150.jpg\" class=\"attachment-thumbnail size-thumbnail\" alt=\"\" aria-describedby=\"gallery-1-4841\" \/><\/a>\n\t\t\t<\/dt>\n\t\t\t\t<dd class='wp-caption-text gallery-caption' id='gallery-1-4841'>\n\t\t\t\tL&rsquo;ancienne gare\n\t\t\t\t<\/dd><\/dl><dl class='gallery-item'>\n\t\t\t<dt class='gallery-icon landscape'>\n\t\t\t\t<a href='https:\/\/montreux-vieux.net\/?attachment_id=4836'><img loading=\"lazy\" decoding=\"async\" width=\"150\" height=\"150\" src=\"https:\/\/montreux-vieux.net\/montreux-vieux.net\/wp-content\/uploads\/2015\/02\/ScreenShot347-150x150.jpg\" class=\"attachment-thumbnail size-thumbnail\" alt=\"\" aria-describedby=\"gallery-1-4836\" \/><\/a>\n\t\t\t<\/dt>\n\t\t\t\t<dd class='wp-caption-text gallery-caption' id='gallery-1-4836'>\n\t\t\t\tL&rsquo;ancienne Gare\n\t\t\t\t<\/dd><\/dl><br style=\"clear: both\" \/>\n\t\t<\/div>\n\n<h4 style=\"text-align: justify;\">Apr\u00e8s le Trait\u00e9 de Francfort en 1871, Montreux-Vieux, annex\u00e9 \u00e0 l\u2019Allemagne avec l\u2019Alsace-Lorraine, devint une gare fronti\u00e8re de premier ordre avec tout ce qui s\u2019y rattachait: gare de triage, arr\u00eat de tous les trains voyageurs y compris les rapides (ligne Paris-Vienne), implantation de fonctionnaires des chemins de fer, des douanes et de police, ainsi que de plusieurs maisons de transport et d\u2019exp\u00e9ditions ainsi que des \u00e9tablissements industriels et commerciaux.<\/h4>\n<h3 style=\"text-align: center;\"><\/h3>\n<div><\/div>\n<div style=\"text-align: center;\">\n<div><iframe loading=\"lazy\" src=\"http:\/\/www.youtube.com\/embed\/wo-F9g_O9Js\" width=\"420\" height=\"315\" frameborder=\"0\" allowfullscreen=\"allowfullscreen\"><\/iframe><\/div>\n<div style=\"text-align: center;\">Altmunsterol Montreux-Vieux &#8211; La gare en 1914<\/div>\n<div style=\"text-align: center;\">\n<h3 style=\"text-align: center;\"><\/h3>\n<h3 style=\"text-align: center;\"><span style=\"color: #000000;\">La gare de Montreux-Vieux autrefois et aujourd&rsquo;hui<\/span><\/h3>\n<h2 style=\"text-align: center;\"><span style=\"color: #993300;\">&nbsp;<a href=\"http:\/\/montreux-vieux.net\/montreux-vieux.net\/wp-content\/uploads\/2015\/02\/ScreenShot373.jpg\" target=\"_blank\"><img loading=\"lazy\" decoding=\"async\" class=\"aligncenter wp-image-5149 size-full\" src=\"http:\/\/montreux-vieux.net\/montreux-vieux.net\/wp-content\/uploads\/2015\/02\/ScreenShot373.jpg\" alt=\"ScreenShot373\" width=\"871\" height=\"574\" srcset=\"https:\/\/montreux-vieux.net\/montreux-vieux.net\/wp-content\/uploads\/2015\/02\/ScreenShot373.jpg 871w, https:\/\/montreux-vieux.net\/montreux-vieux.net\/wp-content\/uploads\/2015\/02\/ScreenShot373-300x198.jpg 300w, https:\/\/montreux-vieux.net\/montreux-vieux.net\/wp-content\/uploads\/2015\/02\/ScreenShot373-600x395.jpg 600w\" sizes=\"auto, (max-width: 871px) 100vw, 871px\" \/><\/a><\/span>&nbsp;<a href=\"http:\/\/montreux-vieux.net\/?attachment_id=3226\" target=\"_blank\" rel=\"attachment wp-att-3226\"><img loading=\"lazy\" decoding=\"async\" class=\"aligncenter size-medium wp-image-3226\" title=\"collage_2011-11-22_15-28-19\" src=\"http:\/\/montreux-vieux.net\/montreux-vieux.net\/wp-content\/uploads\/2011\/11\/collage_2011-11-22_15-28-19-300x225.jpg\" alt=\"\" width=\"300\" height=\"225\"><\/a><\/h2>\n<p style=\"text-align: center;\"><span style=\"color: #993300;\">Cliquez sur la photo pour l&rsquo;agrandir<\/span><\/p>\n<\/div>\n<\/div>\n","protected":false},"excerpt":{"rendered":"<p>La Gare Apr\u00e8s le Trait\u00e9 de Francfort en 1871, Montreux-Vieux, annex\u00e9 \u00e0 l\u2019Allemagne avec l\u2019Alsace-Lorraine, devint une gare fronti\u00e8re de premier ordre avec tout ce qui s\u2019y rattachait: gare de triage, arr\u00eat de tous les trains voyageurs y compris les &hellip; <a href=\"https:\/\/montreux-vieux.net\/?page_id=4833\">Continuer la lecture <span class=\"meta-nav\">&rarr;<\/span><\/a><\/p>\n","protected":false},"author":1,"featured_media":0,"parent":12998,"menu_order":2,"comment_status":"open","ping_status":"open","template":"","meta":{"footnotes":""},"class_list":["post-4833","page","type-page","status-publish","hentry"],"_links":{"self":[{"href":"https:\/\/montreux-vieux.net\/index.php?rest_route=\/wp\/v2\/pages\/4833","targetHints":{"allow":["GET"]}}],"collection":[{"href":"https:\/\/montreux-vieux.net\/index.php?rest_route=\/wp\/v2\/pages"}],"about":[{"href":"https:\/\/montreux-vieux.net\/index.php?rest_route=\/wp\/v2\/types\/page"}],"author":[{"embeddable":true,"href":"https:\/\/montreux-vieux.net\/index.php?rest_route=\/wp\/v2\/users\/1"}],"replies":[{"embeddable":true,"href":"https:\/\/montreux-vieux.net\/index.php?rest_route=%2Fwp%2Fv2%2Fcomments&post=4833"}],"version-history":[{"count":18,"href":"https:\/\/montreux-vieux.net\/index.php?rest_route=\/wp\/v2\/pages\/4833\/revisions"}],"predecessor-version":[{"id":12759,"href":"https:\/\/montreux-vieux.net\/index.php?rest_route=\/wp\/v2\/pages\/4833\/revisions\/12759"}],"up":[{"embeddable":true,"href":"https:\/\/montreux-vieux.net\/index.php?rest_route=\/wp\/v2\/pages\/12998"}],"wp:attachment":[{"href":"https:\/\/montreux-vieux.net\/index.php?rest_route=%2Fwp%2Fv2%2Fmedia&parent=4833"}],"curies":[{"name":"wp","href":"https:\/\/api.w.org\/{rel}","templated":true}]}}