{"id":4856,"date":"2015-02-18T17:44:20","date_gmt":"2015-02-18T16:44:20","guid":{"rendered":"http:\/\/montreux-vieux.net\/?page_id=4856"},"modified":"2025-09-26T16:18:10","modified_gmt":"2025-09-26T15:18:10","slug":"la-glaciere","status":"publish","type":"page","link":"https:\/\/montreux-vieux.net\/?page_id=4856","title":{"rendered":"La glaci\u00e8re"},"content":{"rendered":"<h3 class=\"titrepage\" style=\"text-align: center;\">La glaci\u00e8re<\/h3>\n<div id=\"attachment_5162\" style=\"width: 986px\" class=\"wp-caption aligncenter\"><a href=\"http:\/\/montreux-vieux.net\/montreux-vieux.net\/wp-content\/uploads\/2015\/02\/ScreenShot382.jpg\" target=\"_blank\" rel=\"noopener noreferrer\"><img loading=\"lazy\" decoding=\"async\" aria-describedby=\"caption-attachment-5162\" class=\"wp-image-5162 size-full\" src=\"http:\/\/montreux-vieux.net\/montreux-vieux.net\/wp-content\/uploads\/2015\/02\/ScreenShot382.jpg\" alt=\"ScreenShot382\" width=\"976\" height=\"742\" srcset=\"https:\/\/montreux-vieux.net\/montreux-vieux.net\/wp-content\/uploads\/2015\/02\/ScreenShot382.jpg 976w, https:\/\/montreux-vieux.net\/montreux-vieux.net\/wp-content\/uploads\/2015\/02\/ScreenShot382-300x228.jpg 300w, https:\/\/montreux-vieux.net\/montreux-vieux.net\/wp-content\/uploads\/2015\/02\/ScreenShot382-600x456.jpg 600w\" sizes=\"auto, (max-width: 976px) 100vw, 976px\" \/><\/a><p id=\"caption-attachment-5162\" class=\"wp-caption-text\">La glaci\u00e8re<\/p><\/div>\n<h4 class=\"titrepage\" style=\"text-align: justify;\">Cette glaci\u00e8re situ\u00e9e au commencement de l\u2019actuelle rue des Tilleuls \u00e9tait donc \u00e0 proximit\u00e9 imm\u00e9diate de la gare, et date des ann\u00e9es ayant suivi le trait\u00e9 de Francfort probablement de 1873 ou 1875.<\/h4>\n<h4 class=\"textePagePlus\" style=\"text-align: justify;\">Elle se pr\u00e9sente sous l\u2019aspect d\u2019une tour ronde d\u2019une douzaine de m\u00e8tres, aux \u00be enterr\u00e9e et \u00e0 double paroi. L\u2019entr\u00e9e, de la largeur d\u2019une porte ordinaire se trouvait au niveau du sol. L\u2019int\u00e9rieur rev\u00eatait la forme d\u2019un puits de 3,5 m de diam\u00e8tre de 8 m de profondeur depuis le sol. Tout au fond, une canalisation permettait l\u2019\u00e9coulement des eaux dans un ruisselet qui coulait en contre-bas. Entre les deux parois constitu\u00e9es de murs de 45 cm d\u2019\u00e9paisseur, presque exclusivement en blocs de gr\u00e8s des Vosges, l\u2019on acc\u00e9dait par la porte \u00e0 un \u00ab chemin de ronde \u00bb qui comportait une ouverture d\u2019un m\u00e8tre de largeur, donnant directement sur le haut de la fosse. Cet orifice avait double fonction: d\u2019abord le d\u00e9versement de la glace et sa r\u00e9cup\u00e9ration au fur et \u00e0 mesure des besoins, et ensuite, le refroidissement du \u00ab chemin de ronde \u00bb. Le haut de la tour, en somme une sorte de chapeau du puits, \u00e9tait aussi \u00e0 double paroi avec une circulation ind\u00e9pendante d\u2019air, le tout recouvert de terre et entour\u00e9 d\u2019arbre dont l\u2019ombre en accentuait encore la fra\u00eecheur.<\/h4>\n<div id=\"attachment_9285\" style=\"width: 840px\" class=\"wp-caption aligncenter\"><a href=\"http:\/\/montreux-vieux.net\/montreux-vieux.net\/wp-content\/uploads\/2015\/02\/La-glaci\u00e8re.jpg\" target=\"_blank\" rel=\"noopener noreferrer\"><img loading=\"lazy\" decoding=\"async\" aria-describedby=\"caption-attachment-9285\" class=\"wp-image-9285 size-full\" src=\"http:\/\/montreux-vieux.net\/montreux-vieux.net\/wp-content\/uploads\/2015\/02\/La-glaci\u00e8re.jpg\" alt=\"\" width=\"830\" height=\"547\" srcset=\"https:\/\/montreux-vieux.net\/montreux-vieux.net\/wp-content\/uploads\/2015\/02\/La-glaci\u00e8re.jpg 830w, https:\/\/montreux-vieux.net\/montreux-vieux.net\/wp-content\/uploads\/2015\/02\/La-glaci\u00e8re-300x198.jpg 300w, https:\/\/montreux-vieux.net\/montreux-vieux.net\/wp-content\/uploads\/2015\/02\/La-glaci\u00e8re-768x506.jpg 768w, https:\/\/montreux-vieux.net\/montreux-vieux.net\/wp-content\/uploads\/2015\/02\/La-glaci\u00e8re-600x395.jpg 600w\" sizes=\"auto, (max-width: 830px) 100vw, 830px\" \/><\/a><p id=\"caption-attachment-9285\" class=\"wp-caption-text\">La glaci\u00e8re<\/p><\/div>\n<h4 class=\"titrepage\" style=\"text-align: justify;\">En hiver, par les grands froids (car de l\u2019avis unanime des personnes \u00e2g\u00e9es, les hivers \u00e9taient plus rigoureux que de nos jours) les cultivateurs parmi lesquels citons entre autres les familles Cuenin, Besan\u00e7on, Gevrier, Mangold, se rendaient avec leurs chariots \u00e0 chevaux \u00e0 la rivi\u00e8re, ou surtout au Canal du Rh\u00f4ne au Rhin. L\u2019on brisait la glace de la surface gel\u00e9e de ces plans d\u2019eau et les morceaux en \u00e9taient charg\u00e9s sur ces voitures, transport\u00e9s puis d\u00e9vers\u00e9s au coeur de la glaci\u00e8re jusqu\u2019\u00e0 son remplissage.<\/h4>\n<h4 style=\"text-align: justify;\"><span class=\"textePagePlus\" style=\"color: #000000;\">L\u2019op\u00e9ration n\u2019\u00e9tait pas si simple car il \u00e9tait indispensable que la glace soit d\u2019une \u00e9paisseur cons\u00e9quente donc en g\u00e9n\u00e9ral qu\u2019on intervienne par une temp\u00e9rature tr\u00e8s basse. Ainsi la provision \u00e9tait assur\u00e9e pour l\u2019\u00e9t\u00e9 car la conservation de cette masse gel\u00e9e se maintenait sans probl\u00e8me pendant de nombreux mois. D\u00e8s que les journ\u00e9es chaudes apparaissaient, l\u2019on allait retirer la glace au moyen de crochets sp\u00e9ciaux, car il fallait d\u2019abord fractionner cette masse qui s\u2019\u00e9tait agglom\u00e9r\u00e9e.<br \/>\nEn principe, seul le buffet de la gare pouvait en disposer, mais un accord permettait \u00e0 la commune d\u2019en pr\u00e9lever si besoin \u00e9tait. De m\u00eame, les m\u00e9decins qui au XIX\u00b0 et au d\u00e9but du XX\u00b0 si\u00e8cle, soignaient beaucoup \u00e0 la glace, pouvaient en cas d\u2019urgence, s\u2019en faire d\u00e9livrer. Seuls quelques particuliers privil\u00e9gi\u00e9s, comme la boucherie Braunstetter, par exemple, pouvaient de temps en temps b\u00e9n\u00e9ficier d\u2019une attribution. De fa\u00e7on \u00e0 utiliser au maximum les possibilit\u00e9s de ce r\u00e9frig\u00e9rateur g\u00e9ant, l\u2019on entreposait aussi les f\u00fbts de bi\u00e8re dans le couloir int\u00e9rieur (entre les doubles parois).<\/span><\/h4>\n<h4 style=\"text-align: justify;\">Avec le rattachement de l\u2019Alsace \u00e0 la France apr\u00e8s la guerre 1914-1918, la gare de Montreux-Vieux perdit son importance. Le magnifique buffet tomba en d\u00e9su\u00e9tude, la glaci\u00e8re n\u2019avait plus de raison d\u2019\u00eatre; elle fut encore lou\u00e9e un certain temps \u00e0 un boucher et un restaurateur de la place puis tomba dans l\u2019oubli. L\u2019un des derniers \u00e0 l\u2019approvisionner fut M. Edmond Besan\u00e7on, garde-champ\u00eatre et paysan \u00e0 ses heures, qui la convoyait du canal avec son tombereau et son cheval. Dans le m\u00eame temps d\u2019ailleurs la fabrication industrielle de la glace, distribu\u00e9e r\u00e9guli\u00e8rement par les brasseries, s\u2019\u00e9tait vulgaris\u00e9e, et avait rendu inutile cette installation.Pendant des ann\u00e9es, elle devint un lieu de pr\u00e9dilection pour les enfants de la localit\u00e9.<br \/>\nElle fut d\u00e9molie en ao\u00fbt 1985 par la SNCF.<\/h4>\n\n\n<figure class=\"wp-block-image size-large\"><img loading=\"lazy\" decoding=\"async\" width=\"768\" height=\"1024\" src=\"https:\/\/montreux-vieux.net\/montreux-vieux.net\/wp-content\/uploads\/2025\/09\/Photos-Diverses-tout-1216-1-768x1024.jpg\" alt=\"\" class=\"wp-image-28324\" srcset=\"https:\/\/montreux-vieux.net\/montreux-vieux.net\/wp-content\/uploads\/2025\/09\/Photos-Diverses-tout-1216-1-768x1024.jpg 768w, https:\/\/montreux-vieux.net\/montreux-vieux.net\/wp-content\/uploads\/2025\/09\/Photos-Diverses-tout-1216-1-225x300.jpg 225w, https:\/\/montreux-vieux.net\/montreux-vieux.net\/wp-content\/uploads\/2025\/09\/Photos-Diverses-tout-1216-1-1152x1536.jpg 1152w, https:\/\/montreux-vieux.net\/montreux-vieux.net\/wp-content\/uploads\/2025\/09\/Photos-Diverses-tout-1216-1-rotated.jpg 1536w\" sizes=\"auto, (max-width: 768px) 100vw, 768px\" \/><\/figure>\n","protected":false},"excerpt":{"rendered":"<p>La glaci\u00e8re Cette glaci\u00e8re situ\u00e9e au commencement de l\u2019actuelle rue des Tilleuls \u00e9tait donc \u00e0 proximit\u00e9 imm\u00e9diate de la gare, et date des ann\u00e9es ayant suivi le trait\u00e9 de Francfort probablement de 1873 ou 1875. Elle se pr\u00e9sente sous l\u2019aspect &hellip; <a href=\"https:\/\/montreux-vieux.net\/?page_id=4856\">Continuer la lecture <span class=\"meta-nav\">&rarr;<\/span><\/a><\/p>\n","protected":false},"author":1,"featured_media":0,"parent":13034,"menu_order":2,"comment_status":"open","ping_status":"open","template":"","meta":{"footnotes":""},"class_list":["post-4856","page","type-page","status-publish","hentry"],"_links":{"self":[{"href":"https:\/\/montreux-vieux.net\/index.php?rest_route=\/wp\/v2\/pages\/4856","targetHints":{"allow":["GET"]}}],"collection":[{"href":"https:\/\/montreux-vieux.net\/index.php?rest_route=\/wp\/v2\/pages"}],"about":[{"href":"https:\/\/montreux-vieux.net\/index.php?rest_route=\/wp\/v2\/types\/page"}],"author":[{"embeddable":true,"href":"https:\/\/montreux-vieux.net\/index.php?rest_route=\/wp\/v2\/users\/1"}],"replies":[{"embeddable":true,"href":"https:\/\/montreux-vieux.net\/index.php?rest_route=%2Fwp%2Fv2%2Fcomments&post=4856"}],"version-history":[{"count":7,"href":"https:\/\/montreux-vieux.net\/index.php?rest_route=\/wp\/v2\/pages\/4856\/revisions"}],"predecessor-version":[{"id":28325,"href":"https:\/\/montreux-vieux.net\/index.php?rest_route=\/wp\/v2\/pages\/4856\/revisions\/28325"}],"up":[{"embeddable":true,"href":"https:\/\/montreux-vieux.net\/index.php?rest_route=\/wp\/v2\/pages\/13034"}],"wp:attachment":[{"href":"https:\/\/montreux-vieux.net\/index.php?rest_route=%2Fwp%2Fv2%2Fmedia&parent=4856"}],"curies":[{"name":"wp","href":"https:\/\/api.w.org\/{rel}","templated":true}]}}