{"id":4858,"date":"2015-02-18T17:45:52","date_gmt":"2015-02-18T16:45:52","guid":{"rendered":"http:\/\/montreux-vieux.net\/?page_id=4858"},"modified":"2020-09-01T10:10:54","modified_gmt":"2020-09-01T09:10:54","slug":"le-riviera-express","status":"publish","type":"page","link":"https:\/\/montreux-vieux.net\/?page_id=4858","title":{"rendered":"Le Riviera Express"},"content":{"rendered":"<h3 style=\"text-align: center;\">Le Riviera-Express<\/h3>\n<div id=\"attachment_4847\" style=\"width: 310px\" class=\"wp-caption aligncenter\"><a href=\"http:\/\/montreux-vieux.net\/montreux-vieux.net\/wp-content\/uploads\/2015\/02\/ScreenShot261.jpg\" target=\"_blank\" rel=\"noopener noreferrer\"><img loading=\"lazy\" decoding=\"async\" aria-describedby=\"caption-attachment-4847\" class=\"wp-image-4847 size-medium\" src=\"http:\/\/montreux-vieux.net\/montreux-vieux.net\/wp-content\/uploads\/2015\/02\/ScreenShot261-300x222.jpg\" alt=\"Le Riviera-Express\" width=\"300\" height=\"222\" srcset=\"https:\/\/montreux-vieux.net\/montreux-vieux.net\/wp-content\/uploads\/2015\/02\/ScreenShot261-300x222.jpg 300w, https:\/\/montreux-vieux.net\/montreux-vieux.net\/wp-content\/uploads\/2015\/02\/ScreenShot261-600x445.jpg 600w, https:\/\/montreux-vieux.net\/montreux-vieux.net\/wp-content\/uploads\/2015\/02\/ScreenShot261.jpg 630w\" sizes=\"auto, (max-width: 300px) 100vw, 300px\" \/><\/a><p id=\"caption-attachment-4847\" class=\"wp-caption-text\">Le 25 janvier 1902 le \u00a0\u00a0train de luxe reliant la C\u00f4te d\u2019Azur \u00e0 l\u2019Allemagne s\u2019arr\u00eata pour la premi\u00e8re fois \u00e0 la Gare de Montreux-Vieux. Le Riviera Express \u00e9tait le nom d&rsquo;une relation ferroviaire institu\u00e9e en 1900 par la Compagnie internationale des wagons-lits entre les villes d&rsquo;Hambourg, Amsterdam, Berlin avec correspondance de et vers la Pologne et la Russie\u00a0et Nice.<\/p><\/div>\n\n\n<p>Le premier train de luxe pour la Riviera a pass\u00e9 ici hier matin \u00e0 5 h. 13.il se composait de 4 wagons-lits et salons de 1\u201d classe. Il n\u2019avait que six voyageurs. Apr\u00e8s un court arr\u00eat, le train est reparti dans la direction de Montreux-Vieux.<\/p>\n\n\n\n<p>Sources&nbsp;: Express 5 d\u00e9cembre 1900<\/p>\n","protected":false},"excerpt":{"rendered":"<p>Le Riviera-Express Le premier train de luxe pour la Riviera a pass\u00e9 ici hier matin \u00e0 5 h. 13.il se composait de 4 wagons-lits et salons de 1\u201d classe. Il n\u2019avait que six voyageurs. Apr\u00e8s un court arr\u00eat, le train &hellip; <a href=\"https:\/\/montreux-vieux.net\/?page_id=4858\">Continuer la lecture <span class=\"meta-nav\">&rarr;<\/span><\/a><\/p>\n","protected":false},"author":1,"featured_media":0,"parent":13011,"menu_order":7,"comment_status":"open","ping_status":"open","template":"","meta":{"footnotes":""},"class_list":["post-4858","page","type-page","status-publish","hentry"],"_links":{"self":[{"href":"https:\/\/montreux-vieux.net\/index.php?rest_route=\/wp\/v2\/pages\/4858","targetHints":{"allow":["GET"]}}],"collection":[{"href":"https:\/\/montreux-vieux.net\/index.php?rest_route=\/wp\/v2\/pages"}],"about":[{"href":"https:\/\/montreux-vieux.net\/index.php?rest_route=\/wp\/v2\/types\/page"}],"author":[{"embeddable":true,"href":"https:\/\/montreux-vieux.net\/index.php?rest_route=\/wp\/v2\/users\/1"}],"replies":[{"embeddable":true,"href":"https:\/\/montreux-vieux.net\/index.php?rest_route=%2Fwp%2Fv2%2Fcomments&post=4858"}],"version-history":[{"count":5,"href":"https:\/\/montreux-vieux.net\/index.php?rest_route=\/wp\/v2\/pages\/4858\/revisions"}],"predecessor-version":[{"id":20802,"href":"https:\/\/montreux-vieux.net\/index.php?rest_route=\/wp\/v2\/pages\/4858\/revisions\/20802"}],"up":[{"embeddable":true,"href":"https:\/\/montreux-vieux.net\/index.php?rest_route=\/wp\/v2\/pages\/13011"}],"wp:attachment":[{"href":"https:\/\/montreux-vieux.net\/index.php?rest_route=%2Fwp%2Fv2%2Fmedia&parent=4858"}],"curies":[{"name":"wp","href":"https:\/\/api.w.org\/{rel}","templated":true}]}}