{"id":4860,"date":"2015-02-18T17:47:09","date_gmt":"2015-02-18T16:47:09","guid":{"rendered":"http:\/\/montreux-vieux.net\/?page_id=4860"},"modified":"2020-07-12T10:36:07","modified_gmt":"2020-07-12T09:36:07","slug":"la-passage-du-tsar-de-russie","status":"publish","type":"page","link":"https:\/\/montreux-vieux.net\/?page_id=4860","title":{"rendered":"La passage du Tsar de Russie"},"content":{"rendered":"<h3 style=\"text-align: center;\">Le passage du Tsar de Russie<\/h3>\n<h4 style=\"text-align: justify;\">Le 27 Octobre 1909 le train imp\u00e9rial russe achevant, sans incident,\u00a0 son voyage de retour de voyage officiel en France est arriv\u00e9 ce matin l\u00e0 \u00e0 5 H 56 en gare de Belfort en avance de 4 minutes sur l\u2019horaire. Le tsar Nicolas II dormait.<\/h4>\n<div id=\"attachment_4673\" style=\"width: 170px\" class=\"wp-caption aligncenter\"><a href=\"http:\/\/montreux-vieux.net\/montreux-vieux.net\/wp-content\/uploads\/2011\/11\/Tsar.jpg\" target=\"_blank\" rel=\"noopener noreferrer\"><img loading=\"lazy\" decoding=\"async\" aria-describedby=\"caption-attachment-4673\" class=\"wp-image-4673 size-full\" src=\"http:\/\/montreux-vieux.net\/montreux-vieux.net\/wp-content\/uploads\/2011\/11\/Tsar.jpg\" alt=\"Le Tsar de Russie Nicolas II\" width=\"160\" height=\"240\" \/><\/a><p id=\"caption-attachment-4673\" class=\"wp-caption-text\">Le Tsar de Russie Nicolas II<\/p><\/div>\n<h4 style=\"text-align: justify;\">\u00a0Ce train est imm\u00e9diatement aiguill\u00e9 sur la voie d\u2019Alsace et a quitt\u00e9 Belfort \u00e0 6 H10 \u2013 Il n\u2019y eu, sur la demande du Tsar, aucune r\u00e9union en gare de Petit-Croix et lorsque le train est pass\u00e9 en gare fronti\u00e8re de Montreux \u2013 Vieux, Mr Nekludoff, Conseiller de l\u2019 Ambassade Russe de Paris descend du train en quittant son souverain qui ne manque pas de demander a cet homme de transmettre ses plus vifs remerciements aux autorit\u00e9s fran\u00e7aises \u2013\u00a0 Il n\u2019y a personne sur le quai et Mrs Margot et Ruelle, ing\u00e9nieurs en chef du PLM, accompagnent le train jusqu\u2019\u00e0 la fronti\u00e8re.<\/h4>\n<h4 style=\"text-align: justify;\">Ce matin l\u00e0, Nicolas II ne sait probablement pas qu\u2019il n\u2019aura plus jamais l\u2019occasion de revoir la France, s\u2019en allant vers son horrible destin\u00e9e.<\/h4>\n<p>Nouvel article<\/p>\n<p style=\"text-align: justify; line-height: 18.0pt; background: white; margin: 6.0pt 0cm 6.0pt 0cm;\"><span style=\"font-family: 'Arial','sans-serif'; color: #4d4d4d; background: white;\">Le voyage du Tsar Belfort, 26 octobre. Le train imp\u00e9rial devait s\u2019arr\u00eater \u00e0 Petit Croix, la mission fran\u00e7aise et les troupes ont \u00e9t\u00e9 avis\u00e9es au dernier moment que le train ne s\u2019arr\u00eaterait pas. Des mesures tr\u00e8s s\u00e9v\u00e8res ont \u00e9t\u00e9 prises \u00e0 la gare fronti\u00e8re allemande de Montreux-Vieux. L\u2019acc\u00e8s des quais a \u00e9t\u00e9 interdit au public<\/span><\/p>\n<p style=\"text-align: justify; line-height: 18.0pt; background: white; margin: 6.0pt 0cm 6.0pt 0cm;\"><span style=\"font-family: 'Arial','sans-serif'; color: #4d4d4d; background: white;\">Sources\u00a0: Le Guetteur de St Quentin et de l\u2019Aisne 27 octobre 1909 <\/span><\/p>\n","protected":false},"excerpt":{"rendered":"<p>Le passage du Tsar de Russie Le 27 Octobre 1909 le train imp\u00e9rial russe achevant, sans incident,\u00a0 son voyage de retour de voyage officiel en France est arriv\u00e9 ce matin l\u00e0 \u00e0 5 H 56 en gare de Belfort en &hellip; <a href=\"https:\/\/montreux-vieux.net\/?page_id=4860\">Continuer la lecture <span class=\"meta-nav\">&rarr;<\/span><\/a><\/p>\n","protected":false},"author":1,"featured_media":0,"parent":13011,"menu_order":10,"comment_status":"open","ping_status":"open","template":"","meta":{"footnotes":""},"class_list":["post-4860","page","type-page","status-publish","hentry"],"_links":{"self":[{"href":"https:\/\/montreux-vieux.net\/index.php?rest_route=\/wp\/v2\/pages\/4860","targetHints":{"allow":["GET"]}}],"collection":[{"href":"https:\/\/montreux-vieux.net\/index.php?rest_route=\/wp\/v2\/pages"}],"about":[{"href":"https:\/\/montreux-vieux.net\/index.php?rest_route=\/wp\/v2\/types\/page"}],"author":[{"embeddable":true,"href":"https:\/\/montreux-vieux.net\/index.php?rest_route=\/wp\/v2\/users\/1"}],"replies":[{"embeddable":true,"href":"https:\/\/montreux-vieux.net\/index.php?rest_route=%2Fwp%2Fv2%2Fcomments&post=4860"}],"version-history":[{"count":6,"href":"https:\/\/montreux-vieux.net\/index.php?rest_route=\/wp\/v2\/pages\/4860\/revisions"}],"predecessor-version":[{"id":20060,"href":"https:\/\/montreux-vieux.net\/index.php?rest_route=\/wp\/v2\/pages\/4860\/revisions\/20060"}],"up":[{"embeddable":true,"href":"https:\/\/montreux-vieux.net\/index.php?rest_route=\/wp\/v2\/pages\/13011"}],"wp:attachment":[{"href":"https:\/\/montreux-vieux.net\/index.php?rest_route=%2Fwp%2Fv2%2Fmedia&parent=4860"}],"curies":[{"name":"wp","href":"https:\/\/api.w.org\/{rel}","templated":true}]}}