{"id":4869,"date":"2015-02-19T15:13:54","date_gmt":"2015-02-19T14:13:54","guid":{"rendered":"http:\/\/montreux-vieux.net\/?page_id=4869"},"modified":"2020-06-10T13:36:13","modified_gmt":"2020-06-10T12:36:13","slug":"grave-accident-de-chemin-de-fer","status":"publish","type":"page","link":"https:\/\/montreux-vieux.net\/?page_id=4869","title":{"rendered":"Grave accident de chemin de fer"},"content":{"rendered":"<h3 style=\"text-align: center;\">Grave accident de chemin de fer \u00e0 Montreux-Vieux le&nbsp; 11 d\u00e9cembre 1946<\/h3>\n<p style=\"text-align: center;\"><a href=\"http:\/\/montreux-vieux.net\/montreux-vieux.net\/wp-content\/uploads\/2015\/02\/ScreenShot370.jpg\" target=\"_blank\" rel=\"noopener noreferrer\"><img loading=\"lazy\" decoding=\"async\" class=\"aligncenter wp-image-5136 size-full\" src=\"http:\/\/montreux-vieux.net\/montreux-vieux.net\/wp-content\/uploads\/2015\/02\/ScreenShot370.jpg\" alt=\"accident de chemin de fer \u00e0 Montreux-Vieux le 11 d\u00e9cembre 1946 -\" width=\"560\" height=\"386\" srcset=\"https:\/\/montreux-vieux.net\/montreux-vieux.net\/wp-content\/uploads\/2015\/02\/ScreenShot370.jpg 560w, https:\/\/montreux-vieux.net\/montreux-vieux.net\/wp-content\/uploads\/2015\/02\/ScreenShot370-300x207.jpg 300w\" sizes=\"auto, (max-width: 560px) 100vw, 560px\" \/><\/a><\/p>\n<h4 style=\"text-align: justify;\">Un tr\u00e8s grave accident de chemin de fer a eu lieu&nbsp; \u00e0 la gare de Montreux-Vieux \u00e0 10h 25. Le train 1528 charg\u00e9 de sel provenant des mines de potasse, &nbsp;parti de Mulhouse pour Belfort s\u2019est arr\u00eat\u00e9 en gare afin de remplir le r\u00e9servoir d\u2019eau de la locomotive.<\/h4>\n<h4 style=\"text-align: justify;\">Ce jour l\u00e0, il y avait du brouillard, la visibilit\u00e9 \u00e9tait de 50m environ<\/h4>\n<h4 style=\"text-align: justify;\">Un train venant de la direction de Mulhouse charg\u00e9 de 700 tonnes et roulant \u00e0 50km\/heure n\u2019a pas vu le signal sur le viaduc de Dannemarie pr\u00e9venant qu\u2019un train \u00e9tait arr\u00eat\u00e9 en gare de Montreux-Vieux.<\/h4>\n<p style=\"text-align: center;\"><a href=\"http:\/\/montreux-vieux.net\/montreux-vieux.net\/wp-content\/uploads\/2015\/02\/ScreenShot371.jpg\" target=\"_blank\" rel=\"noopener noreferrer\"><img loading=\"lazy\" decoding=\"async\" class=\"aligncenter wp-image-5138 size-full\" src=\"http:\/\/montreux-vieux.net\/montreux-vieux.net\/wp-content\/uploads\/2015\/02\/ScreenShot371.jpg\" alt=\"Un accident de chemin de fer \u00e0 Montreux-Vieux le 11 d\u00e9cembre 1946 -\" width=\"623\" height=\"424\" srcset=\"https:\/\/montreux-vieux.net\/montreux-vieux.net\/wp-content\/uploads\/2015\/02\/ScreenShot371.jpg 623w, https:\/\/montreux-vieux.net\/montreux-vieux.net\/wp-content\/uploads\/2015\/02\/ScreenShot371-300x204.jpg 300w, https:\/\/montreux-vieux.net\/montreux-vieux.net\/wp-content\/uploads\/2015\/02\/ScreenShot371-600x408.jpg 600w\" sizes=\"auto, (max-width: 623px) 100vw, 623px\" \/><\/a><\/p>\n<h4 style=\"text-align: justify;\">Dans un terrible fracas ce train a heurt\u00e9 l\u2019arri\u00e8re de celui en arr\u00eat, d\u00e9chirant les wagons de fin de convoi et renversant la locomotive en arr\u00eat d\u00e9versant eau et feu.<\/h4>\n<h4 style=\"text-align: justify;\">Il y eu trois morts et cinq bless\u00e9s dont deux ont \u00e9t\u00e9 \u00e9ject\u00e9s et retrouv\u00e9s dans la cave \u00e0 charbon de la gare<\/h4>\n<p style=\"text-align: center;\"><a href=\"http:\/\/montreux-vieux.net\/montreux-vieux.net\/wp-content\/uploads\/2015\/02\/ScreenShot372.jpg\" target=\"_blank\" rel=\"noopener noreferrer\"><img loading=\"lazy\" decoding=\"async\" class=\"aligncenter wp-image-5140 size-full\" src=\"http:\/\/montreux-vieux.net\/montreux-vieux.net\/wp-content\/uploads\/2015\/02\/ScreenShot372.jpg\" alt=\"Un tr\u00e8s grave accident de chemin de fer \u00e0 Montreux-Vieux le  11 d\u00e9cembre 1946 \" width=\"578\" height=\"880\" srcset=\"https:\/\/montreux-vieux.net\/montreux-vieux.net\/wp-content\/uploads\/2015\/02\/ScreenShot372.jpg 578w, https:\/\/montreux-vieux.net\/montreux-vieux.net\/wp-content\/uploads\/2015\/02\/ScreenShot372-197x300.jpg 197w\" sizes=\"auto, (max-width: 578px) 100vw, 578px\" \/><\/a><\/p>\n\n\n<p>L\u2019un des premiers accidents de chemin de fer \u00e0 Montreux-Vieux a eu lieu samedi matin <strong>30 mai 1885,<\/strong> une machine de manoeuvres a d\u00e9raill\u00e9 si malheureusement dans l\u2019int\u00e9rieur de la gare de Montreux-Vieux que plusieurs voies ont \u00e9t\u00e9 intercept\u00e9es et que des rails ont \u00e9t\u00e9 endommag\u00e9s. On a d\u00fb requ\u00e9rir une machine de secours de Mulhouse, qui est arriv\u00e9e avec une \u00e9quipe d\u2019ouvriers, qui ont bient\u00f4t r\u00e9par\u00e9 le mal caus\u00e9 par cet accident<\/p>\n\n\n\n<p>Sources&nbsp;: Express 1 juin 1885<\/p>\n","protected":false},"excerpt":{"rendered":"<p>Grave accident de chemin de fer \u00e0 Montreux-Vieux le&nbsp; 11 d\u00e9cembre 1946 Un tr\u00e8s grave accident de chemin de fer a eu lieu&nbsp; \u00e0 la gare de Montreux-Vieux \u00e0 10h 25. Le train 1528 charg\u00e9 de sel provenant des mines &hellip; <a href=\"https:\/\/montreux-vieux.net\/?page_id=4869\">Continuer la lecture <span class=\"meta-nav\">&rarr;<\/span><\/a><\/p>\n","protected":false},"author":1,"featured_media":0,"parent":13009,"menu_order":2,"comment_status":"open","ping_status":"open","template":"","meta":{"footnotes":""},"class_list":["post-4869","page","type-page","status-publish","hentry"],"_links":{"self":[{"href":"https:\/\/montreux-vieux.net\/index.php?rest_route=\/wp\/v2\/pages\/4869","targetHints":{"allow":["GET"]}}],"collection":[{"href":"https:\/\/montreux-vieux.net\/index.php?rest_route=\/wp\/v2\/pages"}],"about":[{"href":"https:\/\/montreux-vieux.net\/index.php?rest_route=\/wp\/v2\/types\/page"}],"author":[{"embeddable":true,"href":"https:\/\/montreux-vieux.net\/index.php?rest_route=\/wp\/v2\/users\/1"}],"replies":[{"embeddable":true,"href":"https:\/\/montreux-vieux.net\/index.php?rest_route=%2Fwp%2Fv2%2Fcomments&post=4869"}],"version-history":[{"count":9,"href":"https:\/\/montreux-vieux.net\/index.php?rest_route=\/wp\/v2\/pages\/4869\/revisions"}],"predecessor-version":[{"id":19619,"href":"https:\/\/montreux-vieux.net\/index.php?rest_route=\/wp\/v2\/pages\/4869\/revisions\/19619"}],"up":[{"embeddable":true,"href":"https:\/\/montreux-vieux.net\/index.php?rest_route=\/wp\/v2\/pages\/13009"}],"wp:attachment":[{"href":"https:\/\/montreux-vieux.net\/index.php?rest_route=%2Fwp%2Fv2%2Fmedia&parent=4869"}],"curies":[{"name":"wp","href":"https:\/\/api.w.org\/{rel}","templated":true}]}}