{"id":4878,"date":"2015-02-19T15:35:41","date_gmt":"2015-02-19T14:35:41","guid":{"rendered":"http:\/\/montreux-vieux.net\/?page_id=4878"},"modified":"2018-12-26T11:18:35","modified_gmt":"2018-12-26T10:18:35","slug":"la-distillerie-durr-delamarre","status":"publish","type":"page","link":"https:\/\/montreux-vieux.net\/?page_id=4878","title":{"rendered":"La distillerie D\u00fcrr Delamarre"},"content":{"rendered":"<h3 style=\"text-align: center;\">La Distillerie D\u00fcrr Delamarre,&nbsp;Cognac Brandy<\/h3>\n<h4 style=\"text-align: justify;\">Pour diverses raisons mais surtout pour profiter des taxes moins \u00e9lev\u00e9es en Allemagne que Monsieur D\u00fcrr-Delamarre&nbsp; a profit\u00e9 de s\u2019\u00e9tablir en dehors de la fronti\u00e8re fran\u00e7aise.<\/h4>\n<h4 style=\"text-align: justify;\">C\u2019est ainsi qu\u2019il a cr\u00e9\u00e9 \u00e0 1,500 m de la fronti\u00e8re en face de la gare de Montreux-Vieux vers 1890&nbsp; un vaste \u00e9tablissement, une, &nbsp;filiale des usines Cognac Brandy comprenant 3 corps de b\u00e2timents en quadrilat\u00e8re.<\/h4>\n<h4 style=\"text-align: justify;\">Il y avait au milieu une cour de 400 m2 donnant acc\u00e8s \u00e0 tous les services de l\u2019usine. Dans l\u2019aile droite il y avait les \u00e9curies, les remises avec en \u00e9tages les logements destin\u00e9s aux employ\u00e9s. La distillerie \u00e9tait munie de tous les appareils les plus performants de l\u2019\u00e9poque&nbsp;: alambics, machines \u00e0 vapeurs, chaufferie, dynamos, pompes etc.<\/h4>\n<h4 style=\"text-align: justify;\">Dans le b\u00e2timent du fond d\u2019une longueur de 45 m il y avait des foudres de 30 \u00e0 200 hl de contenance.<\/h4>\n<h4 style=\"text-align: justify;\">Dans l\u2019aile gauche il y avait une salle d\u2019\u00e9chantillonnage, de mise en bouteilles et d\u2019exp\u00e9ditions, les bureaux et la comptabilit\u00e9. L\u2019ensemble des b\u00e2timents couvrait une surface d\u2019environ 1500 M2. De vastes jardins, vergers entour\u00e8rent&nbsp; le pied-\u00e0-terre du Directeur.<\/h4>\n<h4 style=\"text-align: justify;\">En dessous courraient de vastes caves ou dans d\u2019excellentes conditions d\u2019a\u00e9ration \u00e9taient &nbsp;log\u00e9es les futailles, caisses, bonbonnes etc.<\/h4>\n<h4 style=\"text-align: justify;\">En cr\u00e9ant cet \u00e9tablissement en Allemagne M. D\u00fcrr-Delamarre soutenait la d\u00e9fense d\u2019un produit fran\u00e7ais. Pour ce qui \u00e9tait de la qualit\u00e9 de la&nbsp; marque sp\u00e9ciale \u00ab&nbsp;Cognac Brandy&nbsp;\u00bb &nbsp;fabriqu\u00e9e \u00e0 Montreux-Vieux elle \u00e9tait parfaite, les mati\u00e8res premi\u00e8res employ\u00e9es de provenance &nbsp;fran\u00e7aises &nbsp;faisaient l\u2019objet d\u2019un&nbsp; choix m\u00e9ticuleux. Il y avait \u00e9galement les connaissances du Directeur de \u00ab&nbsp;Cognac Brandy Distillery&nbsp;\u00bb ramen\u00e9es de Bordeaux ou il a exerc\u00e9 durant de longues ann\u00e9es&nbsp; de travail. Monsieur D\u00fbrr Delamarre avait l\u2019intention d\u2019\u00e9tendre son commerce en liant son usine alors en pleine prosp\u00e9rit\u00e9 \u00e0 une bonne Maison des Charentes afin de tirer partie de la loide l&rsquo;\u00e9poque qui permettait l\u2019importation de vins destin\u00e9s \u00e0 l\u2019alambic jusqu\u2019\u00e0 22\u00b0 avec des droits d\u2019entr\u00e9e de 10 marks par 100kg.<\/h4>\n<h4 style=\"text-align: justify;\">Cet \u00e9tablissement fit faillite avant la grande guerre de 1914-1918. Elle fut par la suite transform\u00e9e en filature et tissage.<\/h4>\n<p><a href=\"http:\/\/montreux-vieux.net\/montreux-vieux.net\/wp-content\/uploads\/2016\/10\/la-distillerie-cognac-brandy-vers-1890.jpg\" target=\"_blank\"><img loading=\"lazy\" decoding=\"async\" class=\"aligncenter wp-image-8028 size-full\" src=\"http:\/\/montreux-vieux.net\/montreux-vieux.net\/wp-content\/uploads\/2016\/10\/la-distillerie-cognac-brandy-vers-1890.jpg\" alt=\"la distillerie cognac-brandy vers1890\" width=\"944\" height=\"755\" srcset=\"https:\/\/montreux-vieux.net\/montreux-vieux.net\/wp-content\/uploads\/2016\/10\/la-distillerie-cognac-brandy-vers-1890.jpg 944w, https:\/\/montreux-vieux.net\/montreux-vieux.net\/wp-content\/uploads\/2016\/10\/la-distillerie-cognac-brandy-vers-1890-300x240.jpg 300w, https:\/\/montreux-vieux.net\/montreux-vieux.net\/wp-content\/uploads\/2016\/10\/la-distillerie-cognac-brandy-vers-1890-768x614.jpg 768w, https:\/\/montreux-vieux.net\/montreux-vieux.net\/wp-content\/uploads\/2016\/10\/la-distillerie-cognac-brandy-vers-1890-600x480.jpg 600w\" sizes=\"auto, (max-width: 944px) 100vw, 944px\" \/><\/a><\/p>\n<h4 style=\"text-align: center;\">Premier article<\/h4>\n<h4 style=\"text-align: justify;\">La premi\u00e8re usine qui s\u2019est install\u00e9e \u00e0 Montreux-Vieux \u00e9tait une filiale des usines Cognac-Brandy. Elle fonctionnait apr\u00e8s 1890, sous le nom de &nbsp;distillerie (D\u00fcr-Delamarre). Elle &nbsp;fabriquait &nbsp;1 500 hl de cognac annuellement. Elle fit faillite avant la Grande Guerre de 1914\/18. Elle fut transform\u00e9e par la suite en filature et tissage.<\/h4>\n<p style=\"text-align: center;\"><a href=\"http:\/\/montreux-vieux.net\/montreux-vieux.net\/wp-content\/uploads\/2015\/02\/ScreenShot266.jpg\" target=\"_blank\"><img loading=\"lazy\" decoding=\"async\" class=\"aligncenter wp-image-4879 size-full\" src=\"http:\/\/montreux-vieux.net\/montreux-vieux.net\/wp-content\/uploads\/2015\/02\/ScreenShot266.jpg\" alt=\"ScreenShot266\" width=\"524\" height=\"264\" srcset=\"https:\/\/montreux-vieux.net\/montreux-vieux.net\/wp-content\/uploads\/2015\/02\/ScreenShot266.jpg 524w, https:\/\/montreux-vieux.net\/montreux-vieux.net\/wp-content\/uploads\/2015\/02\/ScreenShot266-300x151.jpg 300w\" sizes=\"auto, (max-width: 524px) 100vw, 524px\" \/><\/a><\/p>\n<h4 style=\"text-align: center;\">La distillerie D\u00fcrr Delamarre<\/h4>\n<p style=\"text-align: center;\"><a href=\"http:\/\/montreux-vieux.net\/montreux-vieux.net\/wp-content\/uploads\/2015\/02\/ScreenShot403.jpg\" target=\"_blank\"><img loading=\"lazy\" decoding=\"async\" class=\"aligncenter wp-image-5213 size-full\" src=\"http:\/\/montreux-vieux.net\/montreux-vieux.net\/wp-content\/uploads\/2015\/02\/ScreenShot403.jpg\" alt=\"ScreenShot403\" width=\"972\" height=\"689\" srcset=\"https:\/\/montreux-vieux.net\/montreux-vieux.net\/wp-content\/uploads\/2015\/02\/ScreenShot403.jpg 972w, https:\/\/montreux-vieux.net\/montreux-vieux.net\/wp-content\/uploads\/2015\/02\/ScreenShot403-300x213.jpg 300w, https:\/\/montreux-vieux.net\/montreux-vieux.net\/wp-content\/uploads\/2015\/02\/ScreenShot403-600x425.jpg 600w\" sizes=\"auto, (max-width: 972px) 100vw, 972px\" \/><\/a>Une quittance d&rsquo;assurance incendie du 20 ao\u00fbt 1904 couvrant la distillerie<\/p>\n<p style=\"text-align: center;\">\n","protected":false},"excerpt":{"rendered":"<p>La Distillerie D\u00fcrr Delamarre,&nbsp;Cognac Brandy Pour diverses raisons mais surtout pour profiter des taxes moins \u00e9lev\u00e9es en Allemagne que Monsieur D\u00fcrr-Delamarre&nbsp; a profit\u00e9 de s\u2019\u00e9tablir en dehors de la fronti\u00e8re fran\u00e7aise. C\u2019est ainsi qu\u2019il a cr\u00e9\u00e9 \u00e0 1,500 m de &hellip; <a href=\"https:\/\/montreux-vieux.net\/?page_id=4878\">Continuer la lecture <span class=\"meta-nav\">&rarr;<\/span><\/a><\/p>\n","protected":false},"author":1,"featured_media":0,"parent":13040,"menu_order":6,"comment_status":"open","ping_status":"open","template":"","meta":{"footnotes":""},"class_list":["post-4878","page","type-page","status-publish","hentry"],"_links":{"self":[{"href":"https:\/\/montreux-vieux.net\/index.php?rest_route=\/wp\/v2\/pages\/4878","targetHints":{"allow":["GET"]}}],"collection":[{"href":"https:\/\/montreux-vieux.net\/index.php?rest_route=\/wp\/v2\/pages"}],"about":[{"href":"https:\/\/montreux-vieux.net\/index.php?rest_route=\/wp\/v2\/types\/page"}],"author":[{"embeddable":true,"href":"https:\/\/montreux-vieux.net\/index.php?rest_route=\/wp\/v2\/users\/1"}],"replies":[{"embeddable":true,"href":"https:\/\/montreux-vieux.net\/index.php?rest_route=%2Fwp%2Fv2%2Fcomments&post=4878"}],"version-history":[{"count":6,"href":"https:\/\/montreux-vieux.net\/index.php?rest_route=\/wp\/v2\/pages\/4878\/revisions"}],"predecessor-version":[{"id":13053,"href":"https:\/\/montreux-vieux.net\/index.php?rest_route=\/wp\/v2\/pages\/4878\/revisions\/13053"}],"up":[{"embeddable":true,"href":"https:\/\/montreux-vieux.net\/index.php?rest_route=\/wp\/v2\/pages\/13040"}],"wp:attachment":[{"href":"https:\/\/montreux-vieux.net\/index.php?rest_route=%2Fwp%2Fv2%2Fmedia&parent=4878"}],"curies":[{"name":"wp","href":"https:\/\/api.w.org\/{rel}","templated":true}]}}